{"id":5982,"date":"2024-06-18T13:03:27","date_gmt":"2024-06-18T11:03:27","guid":{"rendered":"https:\/\/www.fortischem.sk\/?page_id=5982"},"modified":"2024-06-18T15:30:32","modified_gmt":"2024-06-18T13:30:32","slug":"udrzatelny-rozvoj-2","status":"publish","type":"page","link":"https:\/\/www.fortischem.sk\/sk\/udrzatelny-rozvoj-2\/","title":{"rendered":"Udr\u017eate\u013en\u00fd rozvoj"},"content":{"rendered":"\t\t<div data-elementor-type=\"wp-page\" data-elementor-id=\"5982\" class=\"elementor elementor-5982\" data-elementor-post-type=\"page\">\n\t\t\t\t\t\t\t<div data-dce-background-image-url=\"https:\/\/www.fortischem.sk\/wp-content\/uploads\/2024\/06\/web-stranka-19-scaled.jpg\" class=\"elementor-element elementor-element-16d7d0d0 e-con-full e-flex e-con e-parent\" data-id=\"16d7d0d0\" data-element_type=\"container\" data-settings=\"{&quot;content_width&quot;:&quot;full&quot;,&quot;background_background&quot;:&quot;classic&quot;,&quot;container_type&quot;:&quot;flex&quot;}\" data-e-bg-lazyload=\"\" data-core-v316-plus=\"true\">\n\t\t\t\t<\/div>\n\t\t<div class=\"elementor-element elementor-element-4fa7ba82 e-flex e-con-boxed e-con e-parent\" data-id=\"4fa7ba82\" data-element_type=\"container\" data-settings=\"{&quot;background_background&quot;:&quot;classic&quot;,&quot;container_type&quot;:&quot;flex&quot;,&quot;content_width&quot;:&quot;boxed&quot;}\" data-core-v316-plus=\"true\">\n\t\t\t\t\t<div class=\"e-con-inner\">\n\t\t<div class=\"elementor-element elementor-element-1b8cebdb e-flex e-con-boxed e-con e-child\" data-id=\"1b8cebdb\" data-element_type=\"container\" data-settings=\"{&quot;container_type&quot;:&quot;flex&quot;,&quot;content_width&quot;:&quot;boxed&quot;}\">\n\t\t\t\t\t<div class=\"e-con-inner\">\n\t\t\t\t<div class=\"elementor-element elementor-element-627e4394 elementor-widget elementor-widget-sp-breadcrumbs\" data-id=\"627e4394\" data-element_type=\"widget\" data-widget_type=\"sp-breadcrumbs.default\">\n\t\t\t\t<div class=\"elementor-widget-container\">\n\t\t\t<nav  aria-label=\"breadcrumb\"><ol class=\"breadcrumb\" itemscope itemtype=\"https:\/\/schema.org\/BreadcrumbList\"><li class=\"breadcrumb-item active\" aria-current=\"page\" itemprop=\"itemListElement\" itemscope itemtype=\"https:\/\/schema.org\/ListItem\"><span itemprop=\"name\">\u00davodn\u00e9<\/span><meta itemprop=\"position\" content=\"1\"><\/li><\/ol><\/nav>\t\t<\/div>\n\t\t\t\t<\/div>\n\t\t\t\t<div class=\"elementor-element elementor-element-1cac82e3 elementor-widget elementor-widget-heading\" data-id=\"1cac82e3\" data-element_type=\"widget\" data-widget_type=\"heading.default\">\n\t\t\t\t<div class=\"elementor-widget-container\">\n\t\t\t<style>\/*! elementor - v3.18.0 - 08-12-2023 *\/\n.elementor-heading-title{padding:0;margin:0;line-height:1}.elementor-widget-heading .elementor-heading-title[class*=elementor-size-]>a{color:inherit;font-size:inherit;line-height:inherit}.elementor-widget-heading .elementor-heading-title.elementor-size-small{font-size:15px}.elementor-widget-heading .elementor-heading-title.elementor-size-medium{font-size:19px}.elementor-widget-heading .elementor-heading-title.elementor-size-large{font-size:29px}.elementor-widget-heading .elementor-heading-title.elementor-size-xl{font-size:39px}.elementor-widget-heading .elementor-heading-title.elementor-size-xxl{font-size:59px}<\/style><h1 class=\"elementor-heading-title elementor-size-default\">Udr\u017eate\u013en\u00fd rozvoj<\/h1>\t\t<\/div>\n\t\t\t\t<\/div>\n\t\t\t\t\t<\/div>\n\t\t\t\t<\/div>\n\t\t\t\t\t<\/div>\n\t\t\t\t<\/div>\n\t\t<div class=\"elementor-element elementor-element-7dbb4441 e-flex e-con-boxed e-con e-parent\" data-id=\"7dbb4441\" data-element_type=\"container\" data-settings=\"{&quot;background_background&quot;:&quot;gradient&quot;,&quot;container_type&quot;:&quot;flex&quot;,&quot;content_width&quot;:&quot;boxed&quot;}\" data-core-v316-plus=\"true\">\n\t\t\t\t\t<div class=\"e-con-inner\">\n\t\t<div class=\"elementor-element elementor-element-24a373ca e-flex e-con-boxed e-con e-child\" data-id=\"24a373ca\" data-element_type=\"container\" data-settings=\"{&quot;container_type&quot;:&quot;flex&quot;,&quot;content_width&quot;:&quot;boxed&quot;}\">\n\t\t\t\t\t<div class=\"e-con-inner\">\n\t\t\t\t<div class=\"elementor-element elementor-element-61a969fc elementor-widget elementor-widget-heading\" data-id=\"61a969fc\" data-element_type=\"widget\" data-widget_type=\"heading.default\">\n\t\t\t\t<div class=\"elementor-widget-container\">\n\t\t\t<h2 class=\"elementor-heading-title elementor-size-default\">Koncept udr\u017eate\u013en\u00e9ho rozvoja<\/h2>\t\t<\/div>\n\t\t\t\t<\/div>\n\t\t\t\t<div class=\"elementor-element elementor-element-188c148a elementor-widget elementor-widget-text-editor\" data-id=\"188c148a\" data-element_type=\"widget\" data-widget_type=\"text-editor.default\">\n\t\t\t\t<div class=\"elementor-widget-container\">\n\t\t\t<style>\/*! elementor - v3.18.0 - 08-12-2023 *\/\n.elementor-widget-text-editor.elementor-drop-cap-view-stacked .elementor-drop-cap{background-color:#69727d;color:#fff}.elementor-widget-text-editor.elementor-drop-cap-view-framed .elementor-drop-cap{color:#69727d;border:3px solid;background-color:transparent}.elementor-widget-text-editor:not(.elementor-drop-cap-view-default) .elementor-drop-cap{margin-top:8px}.elementor-widget-text-editor:not(.elementor-drop-cap-view-default) .elementor-drop-cap-letter{width:1em;height:1em}.elementor-widget-text-editor .elementor-drop-cap{float:left;text-align:center;line-height:1;font-size:50px}.elementor-widget-text-editor .elementor-drop-cap-letter{display:inline-block}<\/style>\t\t\t\t<p>N\u00e1\u0161 koncept udr\u017eate\u013enosti zah\u0155\u0148a \u00fazku spolupr\u00e1cu so zamestnancami, dod\u00e1vate\u013emi a ostatn\u00fdmi obchodn\u00fdmi partnermi, ktor\u00fdch povzbudzujeme a motivujeme k dodr\u017eiavaniu podobn\u00fdch princ\u00edpov udr\u017eate\u013en\u00e9ho rozvoja. Nemenej d\u00f4le\u017eitou prioritou je pre n\u00e1s bezpe\u010dnos\u0165 a ochrana zdravia.<\/p>\t\t\t\t\t\t<\/div>\n\t\t\t\t<\/div>\n\t\t\t\t\t<\/div>\n\t\t\t\t<\/div>\n\t\t<div class=\"elementor-element elementor-element-495c16cd e-flex e-con-boxed e-con e-child\" data-id=\"495c16cd\" data-element_type=\"container\" id=\"add-mask\" data-settings=\"{&quot;container_type&quot;:&quot;flex&quot;,&quot;content_width&quot;:&quot;boxed&quot;}\">\n\t\t\t\t\t<div class=\"e-con-inner\">\n\t\t\t\t<div class=\"elementor-element elementor-element-29918a50 elementor-widget elementor-widget-image\" data-id=\"29918a50\" data-element_type=\"widget\" data-widget_type=\"image.default\">\n\t\t\t\t<div class=\"elementor-widget-container\">\n\t\t\t<style>\/*! elementor - v3.18.0 - 08-12-2023 *\/\n.elementor-widget-image{text-align:center}.elementor-widget-image a{display:inline-block}.elementor-widget-image a img[src$=\".svg\"]{width:48px}.elementor-widget-image img{vertical-align:middle;display:inline-block}<\/style>\t\t\t\t\t\t\t\t\t\t\t\t<img fetchpriority=\"high\" decoding=\"async\" width=\"800\" height=\"566\" src=\"https:\/\/www.fortischem.sk\/wp-content\/uploads\/2024\/06\/Udrzatelny-rozvoj-1024x724.png\" class=\"attachment-large size-large wp-image-5983\" alt=\"\" srcset=\"https:\/\/www.fortischem.sk\/wp-content\/uploads\/2024\/06\/Udrzatelny-rozvoj-1024x724.png 1024w, https:\/\/www.fortischem.sk\/wp-content\/uploads\/2024\/06\/Udrzatelny-rozvoj-300x212.png 300w, https:\/\/www.fortischem.sk\/wp-content\/uploads\/2024\/06\/Udrzatelny-rozvoj-768x543.png 768w, https:\/\/www.fortischem.sk\/wp-content\/uploads\/2024\/06\/Udrzatelny-rozvoj-1536x1086.png 1536w, https:\/\/www.fortischem.sk\/wp-content\/uploads\/2024\/06\/Udrzatelny-rozvoj-2048x1448.png 2048w\" sizes=\"(max-width: 800px) 100vw, 800px\" \/>\t\t\t\t\t\t\t\t\t\t\t\t\t\t\t<\/div>\n\t\t\t\t<\/div>\n\t\t\t\t\t<\/div>\n\t\t\t\t<\/div>\n\t\t\t\t\t<\/div>\n\t\t\t\t<\/div>\n\t\t<div class=\"elementor-element elementor-element-2148c93 e-flex e-con-boxed e-con e-parent\" data-id=\"2148c93\" data-element_type=\"container\" data-settings=\"{&quot;container_type&quot;:&quot;flex&quot;,&quot;content_width&quot;:&quot;boxed&quot;}\" data-core-v316-plus=\"true\">\n\t\t\t\t\t<div class=\"e-con-inner\">\n\t\t<div class=\"elementor-element elementor-element-5435cc16 e-flex e-con-boxed e-con e-child\" data-id=\"5435cc16\" data-element_type=\"container\" data-settings=\"{&quot;container_type&quot;:&quot;flex&quot;,&quot;content_width&quot;:&quot;boxed&quot;}\">\n\t\t\t\t\t<div class=\"e-con-inner\">\n\t\t\t\t<div class=\"elementor-element elementor-element-3eb4eda elementor-widget elementor-widget-image\" data-id=\"3eb4eda\" data-element_type=\"widget\" data-widget_type=\"image.default\">\n\t\t\t\t<div class=\"elementor-widget-container\">\n\t\t\t\t\t\t\t\t\t\t\t\t\t\t\t\t<a href=\"https:\/\/www.fortischem.sk\/sk\/odpovedna-firma\/eticky-kodex\/\">\n\t\t\t\t\t\t\t<img decoding=\"async\" width=\"300\" height=\"300\" src=\"https:\/\/www.fortischem.sk\/wp-content\/uploads\/2024\/06\/4-300x300.jpg\" class=\"attachment-medium size-medium wp-image-5993\" alt=\"\" srcset=\"https:\/\/www.fortischem.sk\/wp-content\/uploads\/2024\/06\/4-300x300.jpg 300w, https:\/\/www.fortischem.sk\/wp-content\/uploads\/2024\/06\/4-150x150.jpg 150w, https:\/\/www.fortischem.sk\/wp-content\/uploads\/2024\/06\/4-768x768.jpg 768w, https:\/\/www.fortischem.sk\/wp-content\/uploads\/2024\/06\/4.jpg 1024w\" sizes=\"(max-width: 300px) 100vw, 300px\" \/>\t\t\t\t\t\t\t\t<\/a>\n\t\t\t\t\t\t\t\t\t\t\t\t\t\t\t<\/div>\n\t\t\t\t<\/div>\n\t\t\t\t<div class=\"elementor-element elementor-element-44bdc55f elementor-widget elementor-widget-heading\" data-id=\"44bdc55f\" data-element_type=\"widget\" data-widget_type=\"heading.default\">\n\t\t\t\t<div class=\"elementor-widget-container\">\n\t\t\t<h2 class=\"elementor-heading-title elementor-size-default\">Na\u0161e hodnoty<\/h2>\t\t<\/div>\n\t\t\t\t<\/div>\n\t\t\t\t\t<\/div>\n\t\t\t\t<\/div>\n\t\t<div class=\"elementor-element elementor-element-137388e9 e-flex e-con-boxed e-con e-child\" data-id=\"137388e9\" data-element_type=\"container\" data-settings=\"{&quot;container_type&quot;:&quot;flex&quot;,&quot;content_width&quot;:&quot;boxed&quot;}\">\n\t\t\t\t\t<div class=\"e-con-inner\">\n\t\t\t\t<div class=\"elementor-element elementor-element-fdc06 elementor-widget elementor-widget-image\" data-id=\"fdc06\" data-element_type=\"widget\" data-widget_type=\"image.default\">\n\t\t\t\t<div class=\"elementor-widget-container\">\n\t\t\t\t\t\t\t\t\t\t\t\t\t\t\t\t<a href=\"https:\/\/www.fortischem.sk\/sk\/kodex-obchodneho-spravania\/\">\n\t\t\t\t\t\t\t<img decoding=\"async\" width=\"800\" height=\"800\" src=\"https:\/\/www.fortischem.sk\/wp-content\/uploads\/2024\/06\/2.jpg\" class=\"attachment-large size-large wp-image-5989\" alt=\"\" srcset=\"https:\/\/www.fortischem.sk\/wp-content\/uploads\/2024\/06\/2.jpg 1024w, https:\/\/www.fortischem.sk\/wp-content\/uploads\/2024\/06\/2-300x300.jpg 300w, https:\/\/www.fortischem.sk\/wp-content\/uploads\/2024\/06\/2-150x150.jpg 150w, https:\/\/www.fortischem.sk\/wp-content\/uploads\/2024\/06\/2-768x768.jpg 768w\" sizes=\"(max-width: 800px) 100vw, 800px\" \/>\t\t\t\t\t\t\t\t<\/a>\n\t\t\t\t\t\t\t\t\t\t\t\t\t\t\t<\/div>\n\t\t\t\t<\/div>\n\t\t\t\t<div class=\"elementor-element elementor-element-109dbd92 elementor-widget elementor-widget-heading\" data-id=\"109dbd92\" data-element_type=\"widget\" data-widget_type=\"heading.default\">\n\t\t\t\t<div class=\"elementor-widget-container\">\n\t\t\t<h2 class=\"elementor-heading-title elementor-size-default\">Udr\u017eate\u013en\u00fd dod\u00e1vate\u013esk\u00fd re\u0165azec<\/h2>\t\t<\/div>\n\t\t\t\t<\/div>\n\t\t\t\t\t<\/div>\n\t\t\t\t<\/div>\n\t\t<div class=\"elementor-element elementor-element-54154a50 e-flex e-con-boxed e-con e-child\" data-id=\"54154a50\" data-element_type=\"container\" data-settings=\"{&quot;container_type&quot;:&quot;flex&quot;,&quot;content_width&quot;:&quot;boxed&quot;}\">\n\t\t\t\t\t<div class=\"e-con-inner\">\n\t\t\t\t<div class=\"elementor-element elementor-element-31e23c35 elementor-widget elementor-widget-image\" data-id=\"31e23c35\" data-element_type=\"widget\" data-widget_type=\"image.default\">\n\t\t\t\t<div class=\"elementor-widget-container\">\n\t\t\t\t\t\t\t\t\t\t\t\t\t\t\t\t<a href=\"https:\/\/www.fortischem.sk\/sk\/ecovadis\/\">\n\t\t\t\t\t\t\t<img loading=\"lazy\" decoding=\"async\" width=\"800\" height=\"800\" src=\"https:\/\/www.fortischem.sk\/wp-content\/uploads\/2024\/06\/udrzatelny-rozvoj-2.png\" class=\"attachment-large size-large wp-image-6022\" alt=\"\" srcset=\"https:\/\/www.fortischem.sk\/wp-content\/uploads\/2024\/06\/udrzatelny-rozvoj-2.png 1024w, https:\/\/www.fortischem.sk\/wp-content\/uploads\/2024\/06\/udrzatelny-rozvoj-2-300x300.png 300w, https:\/\/www.fortischem.sk\/wp-content\/uploads\/2024\/06\/udrzatelny-rozvoj-2-150x150.png 150w, https:\/\/www.fortischem.sk\/wp-content\/uploads\/2024\/06\/udrzatelny-rozvoj-2-768x768.png 768w\" sizes=\"(max-width: 800px) 100vw, 800px\" \/>\t\t\t\t\t\t\t\t<\/a>\n\t\t\t\t\t\t\t\t\t\t\t\t\t\t\t<\/div>\n\t\t\t\t<\/div>\n\t\t\t\t<div class=\"elementor-element elementor-element-23dab662 elementor-widget elementor-widget-heading\" data-id=\"23dab662\" data-element_type=\"widget\" data-widget_type=\"heading.default\">\n\t\t\t\t<div class=\"elementor-widget-container\">\n\t\t\t<h2 class=\"elementor-heading-title elementor-size-default\">Eco Vadis<\/h2>\t\t<\/div>\n\t\t\t\t<\/div>\n\t\t\t\t\t<\/div>\n\t\t\t\t<\/div>\n\t\t<div class=\"elementor-element elementor-element-41a6504a e-flex e-con-boxed e-con e-child\" data-id=\"41a6504a\" data-element_type=\"container\" data-settings=\"{&quot;container_type&quot;:&quot;flex&quot;,&quot;content_width&quot;:&quot;boxed&quot;}\">\n\t\t\t\t\t<div class=\"e-con-inner\">\n\t\t\t\t<div class=\"elementor-element elementor-element-14eb61de elementor-widget elementor-widget-image\" data-id=\"14eb61de\" data-element_type=\"widget\" data-widget_type=\"image.default\">\n\t\t\t\t<div class=\"elementor-widget-container\">\n\t\t\t\t\t\t\t\t\t\t\t\t\t\t\t\t<a href=\"https:\/\/www.fortischem.sk\/sk\/odpovedna-firma\/zodpovedna-starostlivost\/\">\n\t\t\t\t\t\t\t<img loading=\"lazy\" decoding=\"async\" width=\"800\" height=\"800\" src=\"https:\/\/www.fortischem.sk\/wp-content\/uploads\/2024\/06\/1.jpg\" class=\"attachment-large size-large wp-image-5987\" alt=\"\" srcset=\"https:\/\/www.fortischem.sk\/wp-content\/uploads\/2024\/06\/1.jpg 1024w, https:\/\/www.fortischem.sk\/wp-content\/uploads\/2024\/06\/1-300x300.jpg 300w, https:\/\/www.fortischem.sk\/wp-content\/uploads\/2024\/06\/1-150x150.jpg 150w, https:\/\/www.fortischem.sk\/wp-content\/uploads\/2024\/06\/1-768x768.jpg 768w\" sizes=\"(max-width: 800px) 100vw, 800px\" \/>\t\t\t\t\t\t\t\t<\/a>\n\t\t\t\t\t\t\t\t\t\t\t\t\t\t\t<\/div>\n\t\t\t\t<\/div>\n\t\t\t\t<div class=\"elementor-element elementor-element-286f756b elementor-widget elementor-widget-heading\" data-id=\"286f756b\" data-element_type=\"widget\" data-widget_type=\"heading.default\">\n\t\t\t\t<div class=\"elementor-widget-container\">\n\t\t\t<h2 class=\"elementor-heading-title elementor-size-default\">Zodpovedn\u00e1 starostlivos\u0165<\/h2>\t\t<\/div>\n\t\t\t\t<\/div>\n\t\t\t\t\t<\/div>\n\t\t\t\t<\/div>\n\t\t<div class=\"elementor-element elementor-element-751e26e2 e-flex e-con-boxed e-con e-child\" data-id=\"751e26e2\" data-element_type=\"container\" data-settings=\"{&quot;container_type&quot;:&quot;flex&quot;,&quot;content_width&quot;:&quot;boxed&quot;}\">\n\t\t\t\t\t<div class=\"e-con-inner\">\n\t\t\t\t<div class=\"elementor-element elementor-element-10348f08 elementor-widget elementor-widget-image\" data-id=\"10348f08\" data-element_type=\"widget\" data-widget_type=\"image.default\">\n\t\t\t\t<div class=\"elementor-widget-container\">\n\t\t\t\t\t\t\t\t\t\t\t\t\t\t\t\t<a href=\"https:\/\/www.fortischem.sk\/sk\/odpovedna-firma\/sponsoring-minigrant\/\">\n\t\t\t\t\t\t\t<img loading=\"lazy\" decoding=\"async\" width=\"800\" height=\"800\" src=\"https:\/\/www.fortischem.sk\/wp-content\/uploads\/2024\/06\/5.jpg\" class=\"attachment-large size-large wp-image-5995\" alt=\"\" srcset=\"https:\/\/www.fortischem.sk\/wp-content\/uploads\/2024\/06\/5.jpg 1024w, https:\/\/www.fortischem.sk\/wp-content\/uploads\/2024\/06\/5-300x300.jpg 300w, https:\/\/www.fortischem.sk\/wp-content\/uploads\/2024\/06\/5-150x150.jpg 150w, https:\/\/www.fortischem.sk\/wp-content\/uploads\/2024\/06\/5-768x768.jpg 768w\" sizes=\"(max-width: 800px) 100vw, 800px\" \/>\t\t\t\t\t\t\t\t<\/a>\n\t\t\t\t\t\t\t\t\t\t\t\t\t\t\t<\/div>\n\t\t\t\t<\/div>\n\t\t\t\t<div class=\"elementor-element elementor-element-7b3d145c elementor-widget elementor-widget-heading\" data-id=\"7b3d145c\" data-element_type=\"widget\" data-widget_type=\"heading.default\">\n\t\t\t\t<div class=\"elementor-widget-container\">\n\t\t\t<h2 class=\"elementor-heading-title elementor-size-default\"><span style=\"color: var( --e-global-color-primary ); font-family: var( --e-global-typography-6fe94a8-font-family ), Sans-serif; font-size: var( --e-global-typography-6fe94a8-font-size ); font-weight: var( --e-global-typography-6fe94a8-font-weight ); text-align: var(--text-align);\">Podpora okolia a regi\u00f3nu<\/span><\/h2>\t\t<\/div>\n\t\t\t\t<\/div>\n\t\t\t\t\t<\/div>\n\t\t\t\t<\/div>\n\t\t\t\t\t<\/div>\n\t\t\t\t<\/div>\n\t\t<div class=\"elementor-element elementor-element-1cfa3b12 e-flex e-con-boxed e-con e-parent\" data-id=\"1cfa3b12\" data-element_type=\"container\" data-settings=\"{&quot;background_background&quot;:&quot;classic&quot;,&quot;container_type&quot;:&quot;flex&quot;,&quot;content_width&quot;:&quot;boxed&quot;}\" data-core-v316-plus=\"true\">\n\t\t\t\t\t<div class=\"e-con-inner\">\n\t\t<div class=\"elementor-element elementor-element-3dd99434 e-flex e-con-boxed e-con e-child\" data-id=\"3dd99434\" data-element_type=\"container\" data-settings=\"{&quot;container_type&quot;:&quot;flex&quot;,&quot;content_width&quot;:&quot;boxed&quot;}\">\n\t\t\t\t\t<div class=\"e-con-inner\">\n\t\t\t\t<div class=\"elementor-element elementor-element-659babe8 elementor-widget elementor-widget-text-editor\" data-id=\"659babe8\" data-element_type=\"widget\" data-widget_type=\"text-editor.default\">\n\t\t\t\t<div class=\"elementor-widget-container\">\n\t\t\t\t\t\t\t<p><strong>V\u00edziou spolo\u010dnosti FORTISCHEM a. s. je sta\u0165 sa jednou z popredn\u00fdch energeticko-chemick\u00fdch spolo\u010dnost\u00ed v oblastiach efektivity, udr\u017eate\u013en\u00e9ho rozvoja a ekologickej rovnov\u00e1hy. Preto bolo potrebn\u00e9 definova\u0165 koncepciu troch pilierov udr\u017eate\u013enosti.<\/strong><\/p><p><strong>Environment\u00e1lny pilier<\/strong><\/p><p>Spolo\u010dnos\u0165 ka\u017edoro\u010dne modernizuje svoje technol\u00f3gie, zni\u017euje spotrebu elektrickej energie, zap\u00e1ja vyu\u017e\u00edvanie obnovite\u013en\u00fdch zdrojov a obehov\u00e9 hospod\u00e1rstvo.<\/p><p>Nov\u00e9 v\u00fdrobn\u00e9 jednotky sp\u013a\u0148aj\u00fa pr\u00edsne \u0161tandardy bezpe\u010dnosti a ochrany \u017eivotn\u00e9ho prostredia a s\u00fa projektovan\u00e9 ako BAT (Best Available Technology).\u00a0 Zav\u00e1dzan\u00e9 s\u00fa aj opatrenia na efekt\u00edvnej\u0161ie vyu\u017e\u00edvanie vstupn\u00fdch surov\u00edn a v\u00fdrobkov.<\/p><p>Spolo\u010dnos\u0165 investuje do viacer\u00fdch projektov, ktor\u00e9 zni\u017euj\u00fa emisie zne\u010dis\u0165uj\u00facich l\u00e1tok, zni\u017euj\u00fa spotrebu elektrickej energie a umo\u017e\u0148uj\u00fa efekt\u00edvnej\u0161ie vyu\u017e\u00edva\u0165 zdroje.<\/p><p><strong>Soci\u00e1lny pilier<\/strong><\/p><p>Cie\u013eom spolo\u010dnosti je, aby aj napriek bl\u00edzkosti are\u00e1lu k obytnej z\u00f3ne bola prij\u00edman\u00e1 kladne \u2013 ako dobr\u00fd, pr\u00ednosn\u00fd, d\u00f4veryhodn\u00fd a bezpe\u010dn\u00fd sused.<\/p><p>Spolo\u010dnos\u0165 patr\u00ed k v\u00fdznamn\u00fdm zamestn\u00e1vate\u013eom v regi\u00f3ne. Okrem bezpe\u010dnosti a ochrany zdravia db\u00e1 na pravideln\u00e9 a cielen\u00e9 vzdel\u00e1vanie zamestnancov a dlhodobo sa venuje ich osobn\u00e9mu a profesn\u00e9mu rastu a zvy\u0161ovaniu kvalifik\u00e1cie.<\/p><p>Spolo\u010dnos\u0165 akt\u00edvne prispieva k fungovaniu mesta Nov\u00e1ky, najm\u00e4 \u010disten\u00edm komun\u00e1lnych odpadov\u00fdch v\u00f4d a dod\u00e1van\u00edm tepla. Z\u00e1rove\u0148 podporuje verejne prospe\u0161n\u00e9 projekty v r\u00e1mci programu Minigranty, ktor\u00e9 s\u00fa zameran\u00e9 na \u017eivotn\u00e9 prostredie, kult\u00faru a \u0161port.<\/p><p><strong>Ekonomick\u00fd pilier<\/strong><\/p><p>Spolo\u010dnos\u0165 sa na\u010falej zameriava na udr\u017eanie svojej poz\u00edcie ako v\u00fdznamn\u00e9ho zamestn\u00e1vate\u013ea a investora v regi\u00f3ne aj ako siln\u00e9ho hr\u00e1\u010da na trhoch, na ktor\u00fdch p\u00f4sob\u00ed. K udr\u017eaniu tejto poz\u00edcie vedie plnenie dlhodob\u00fdch cie\u013eov rastu obratu a udr\u017eanie ziskovosti. Siln\u00fdmi str\u00e1nkami s\u00fa predov\u0161etk\u00fdm vysok\u00e1 kvalita produktov a vysok\u00fd \u0161tandard slu\u017eieb pre z\u00e1kazn\u00edka.<\/p><p>K smerovaniu spolo\u010dnosti FORTISCHEM, a. s. k udr\u017eate\u013en\u00e9mu rozvoju prispievaj\u00fa aj zaveden\u00e9 syst\u00e9my kvality, environmentu, bezpe\u010dnosti a energetiky, zapojenie sa do celosvetovej iniciat\u00edvy Zodpovedn\u00e1 starostlivos\u0165 \u2013 RESPONSIBLE CARE, ako aj do celosvetovej platformy EcoVadis, ktor\u00e1 zah\u0155\u0148a hodnotenie udr\u017eate\u013en\u00e9ho podnikania spolo\u010dnosti.<\/p>\t\t\t\t\t\t<\/div>\n\t\t\t\t<\/div>\n\t\t\t\t\t<\/div>\n\t\t\t\t<\/div>\n\t\t\t\t\t<\/div>\n\t\t\t\t<\/div>\n\t\t\t\t\t\t\t<\/div>\n\t\t","protected":false},"excerpt":{"rendered":"<p>\u00davodn\u00e9 Koncept udr\u017eate\u013en\u00e9ho rozvoja N\u00e1\u0161 koncept udr\u017eate\u013enosti zah\u0155\u0148a \u00fazku spolupr\u00e1cu so zamestnancami, dod\u00e1vate\u013emi a ostatn\u00fdmi obchodn\u00fdmi partnermi, ktor\u00fdch povzbudzujeme a motivujeme k dodr\u017eiavaniu podobn\u00fdch princ\u00edpov udr\u017eate\u013en\u00e9ho rozvoja. Nemenej d\u00f4le\u017eitou prioritou je pre n\u00e1s bezpe\u010dnos\u0165 a ochrana zdravia. Na\u0161e hodnoty Udr\u017eate\u013en\u00fd dod\u00e1vate\u013esk\u00fd re\u0165azec Eco Vadis Zodpovedn\u00e1 starostlivos\u0165 Podpora okolia a regi\u00f3nu V\u00edziou spolo\u010dnosti FORTISCHEM a. s. [&hellip;]<\/p>\n","protected":false},"author":1,"featured_media":0,"parent":0,"menu_order":0,"comment_status":"closed","ping_status":"closed","template":"","meta":{"_seopress_robots_primary_cat":"","footnotes":""},"class_list":["post-5982","page","type-page","status-publish","hentry"],"acf":[],"_links":{"self":[{"href":"https:\/\/www.fortischem.sk\/sk\/wp-json\/wp\/v2\/pages\/5982","targetHints":{"allow":["GET"]}}],"collection":[{"href":"https:\/\/www.fortischem.sk\/sk\/wp-json\/wp\/v2\/pages"}],"about":[{"href":"https:\/\/www.fortischem.sk\/sk\/wp-json\/wp\/v2\/types\/page"}],"author":[{"embeddable":true,"href":"https:\/\/www.fortischem.sk\/sk\/wp-json\/wp\/v2\/users\/1"}],"replies":[{"embeddable":true,"href":"https:\/\/www.fortischem.sk\/sk\/wp-json\/wp\/v2\/comments?post=5982"}],"version-history":[{"count":12,"href":"https:\/\/www.fortischem.sk\/sk\/wp-json\/wp\/v2\/pages\/5982\/revisions"}],"predecessor-version":[{"id":6031,"href":"https:\/\/www.fortischem.sk\/sk\/wp-json\/wp\/v2\/pages\/5982\/revisions\/6031"}],"wp:attachment":[{"href":"https:\/\/www.fortischem.sk\/sk\/wp-json\/wp\/v2\/media?parent=5982"}],"curies":[{"name":"wp","href":"https:\/\/api.w.org\/{rel}","templated":true}]}}