{"id":5882,"date":"2024-06-05T08:19:21","date_gmt":"2024-06-05T06:19:21","guid":{"rendered":"https:\/\/www.fortischem.sk\/?page_id=5882"},"modified":"2024-06-05T08:19:45","modified_gmt":"2024-06-05T06:19:45","slug":"kodex-obchodneho-spravania","status":"publish","type":"page","link":"https:\/\/www.fortischem.sk\/sk\/kodex-obchodneho-spravania\/","title":{"rendered":"K\u00f3dex obchodn\u00e9ho spr\u00e1vania"},"content":{"rendered":"\t\t<div data-elementor-type=\"wp-page\" data-elementor-id=\"5882\" class=\"elementor elementor-5882\" data-elementor-post-type=\"page\">\n\t\t\t\t\t\t\t<div data-dce-background-image-url=\"https:\/\/www.fortischem.sk\/wp-content\/uploads\/2024\/06\/web-stranka-17-scaled.jpg\" class=\"elementor-element elementor-element-619f76c3 e-con-full e-flex e-con e-parent\" data-id=\"619f76c3\" data-element_type=\"container\" data-settings=\"{&quot;content_width&quot;:&quot;full&quot;,&quot;background_background&quot;:&quot;classic&quot;,&quot;container_type&quot;:&quot;flex&quot;}\" data-e-bg-lazyload=\"\" data-core-v316-plus=\"true\">\n\t\t\t\t<\/div>\n\t\t<div class=\"elementor-element elementor-element-4db0b1e9 e-flex e-con-boxed e-con e-parent\" data-id=\"4db0b1e9\" data-element_type=\"container\" data-settings=\"{&quot;background_background&quot;:&quot;classic&quot;,&quot;container_type&quot;:&quot;flex&quot;,&quot;content_width&quot;:&quot;boxed&quot;}\" data-core-v316-plus=\"true\">\n\t\t\t\t\t<div class=\"e-con-inner\">\n\t\t<div class=\"elementor-element elementor-element-28a9d2b7 e-flex e-con-boxed e-con e-child\" data-id=\"28a9d2b7\" data-element_type=\"container\" data-settings=\"{&quot;container_type&quot;:&quot;flex&quot;,&quot;content_width&quot;:&quot;boxed&quot;}\">\n\t\t\t\t\t<div class=\"e-con-inner\">\n\t\t\t\t<div class=\"elementor-element elementor-element-1e9986c0 elementor-widget elementor-widget-sp-breadcrumbs\" data-id=\"1e9986c0\" data-element_type=\"widget\" data-widget_type=\"sp-breadcrumbs.default\">\n\t\t\t\t<div class=\"elementor-widget-container\">\n\t\t\t<nav  aria-label=\"breadcrumb\"><ol class=\"breadcrumb\" itemscope itemtype=\"https:\/\/schema.org\/BreadcrumbList\"><li class=\"breadcrumb-item active\" aria-current=\"page\" itemprop=\"itemListElement\" itemscope itemtype=\"https:\/\/schema.org\/ListItem\"><span itemprop=\"name\">\u00davodn\u00e9<\/span><meta itemprop=\"position\" content=\"1\"><\/li><\/ol><\/nav>\t\t<\/div>\n\t\t\t\t<\/div>\n\t\t\t\t<div class=\"elementor-element elementor-element-2e389e2f elementor-widget elementor-widget-heading\" data-id=\"2e389e2f\" data-element_type=\"widget\" data-widget_type=\"heading.default\">\n\t\t\t\t<div class=\"elementor-widget-container\">\n\t\t\t<style>\/*! elementor - v3.18.0 - 08-12-2023 *\/\n.elementor-heading-title{padding:0;margin:0;line-height:1}.elementor-widget-heading .elementor-heading-title[class*=elementor-size-]>a{color:inherit;font-size:inherit;line-height:inherit}.elementor-widget-heading .elementor-heading-title.elementor-size-small{font-size:15px}.elementor-widget-heading .elementor-heading-title.elementor-size-medium{font-size:19px}.elementor-widget-heading .elementor-heading-title.elementor-size-large{font-size:29px}.elementor-widget-heading .elementor-heading-title.elementor-size-xl{font-size:39px}.elementor-widget-heading .elementor-heading-title.elementor-size-xxl{font-size:59px}<\/style><h1 class=\"elementor-heading-title elementor-size-default\">K\u00f3dex obchodn\u00e9ho spr\u00e1vania<\/h1>\t\t<\/div>\n\t\t\t\t<\/div>\n\t\t\t\t\t<\/div>\n\t\t\t\t<\/div>\n\t\t\t\t\t<\/div>\n\t\t\t\t<\/div>\n\t\t<div class=\"elementor-element elementor-element-2217a15c e-flex e-con-boxed e-con e-parent\" data-id=\"2217a15c\" data-element_type=\"container\" data-settings=\"{&quot;background_background&quot;:&quot;classic&quot;,&quot;container_type&quot;:&quot;flex&quot;,&quot;content_width&quot;:&quot;boxed&quot;}\" data-core-v316-plus=\"true\">\n\t\t\t\t\t<div class=\"e-con-inner\">\n\t\t<div class=\"elementor-element elementor-element-2ce127d0 e-flex e-con-boxed e-con e-child\" data-id=\"2ce127d0\" data-element_type=\"container\" data-settings=\"{&quot;container_type&quot;:&quot;flex&quot;,&quot;content_width&quot;:&quot;boxed&quot;}\">\n\t\t\t\t\t<div class=\"e-con-inner\">\n\t\t\t\t<div class=\"elementor-element elementor-element-583b433d elementor-widget elementor-widget-text-editor\" data-id=\"583b433d\" data-element_type=\"widget\" data-widget_type=\"text-editor.default\">\n\t\t\t\t<div class=\"elementor-widget-container\">\n\t\t\t<style>\/*! elementor - v3.18.0 - 08-12-2023 *\/\n.elementor-widget-text-editor.elementor-drop-cap-view-stacked .elementor-drop-cap{background-color:#69727d;color:#fff}.elementor-widget-text-editor.elementor-drop-cap-view-framed .elementor-drop-cap{color:#69727d;border:3px solid;background-color:transparent}.elementor-widget-text-editor:not(.elementor-drop-cap-view-default) .elementor-drop-cap{margin-top:8px}.elementor-widget-text-editor:not(.elementor-drop-cap-view-default) .elementor-drop-cap-letter{width:1em;height:1em}.elementor-widget-text-editor .elementor-drop-cap{float:left;text-align:center;line-height:1;font-size:50px}.elementor-widget-text-editor .elementor-drop-cap-letter{display:inline-block}<\/style>\t\t\t\t<p>K\u00f3dex obchodn\u00e9ho spr\u00e1vania spolo\u010dnosti FORTISCHEM a. s. je z\u00e1kladn\u00fdm dokumentom, ktor\u00fd definuje etick\u00e9 a z\u00e1konn\u00e9 normy pre obchodn\u00e9 aktivity. Jeho \u00fa\u010delom je zabezpe\u010di\u0165, \u017ee v\u0161etky oper\u00e1cie spolo\u010dnosti a ich obchodn\u00fdch partnerov boli vykon\u00e1van\u00e9 transparentne, poctivo a v s\u00falade s vysok\u00fdmi mor\u00e1lnymi \u0161tandardmi. K\u00f3dex stanovuje jasn\u00e9 o\u010dak\u00e1vania v oblastiach ako udr\u017eate\u013enos\u0165, \u013eudsk\u00e9 pr\u00e1va, ochrana \u017eivotn\u00e9ho prostredia a etick\u00e9 spr\u00e1vanie. Jeho dodr\u017eiavanie pom\u00e1ha predch\u00e1dza\u0165 korupcii, neleg\u00e1lnej \u010dinnosti a konfliktom z\u00e1ujmov, \u010d\u00edm chr\u00e1ni reput\u00e1ciu spolo\u010dnosti a podporuje dobr\u00e9 vz\u0165ahy s obchodn\u00fdmi partnermi a verejnos\u0165ou. V neposlednom rade, k\u00f3dex napom\u00e1ha dodr\u017eiavaniu medzin\u00e1rodn\u00fdch a miestnych z\u00e1konov a predpisov, \u010do je k\u013e\u00fa\u010dov\u00e9 pre leg\u00e1lnu a efekt\u00edvnu \u010dinnos\u0165 v glob\u00e1lnom obchodnom prostred\u00ed.<\/p><p><a href=\"https:\/\/www.fortischem.sk\/wp-content\/uploads\/2024\/06\/Kodex-obchodneho-spravania.pdf\">K\u00f3dex obchodn\u00e9ho spr\u00e1vania<\/a><\/p>\t\t\t\t\t\t<\/div>\n\t\t\t\t<\/div>\n\t\t\t\t\t<\/div>\n\t\t\t\t<\/div>\n\t\t\t\t\t<\/div>\n\t\t\t\t<\/div>\n\t\t\t\t\t\t\t<\/div>\n\t\t","protected":false},"excerpt":{"rendered":"<p>\u00davodn\u00e9 K\u00f3dex obchodn\u00e9ho spr\u00e1vania spolo\u010dnosti FORTISCHEM a. s. je z\u00e1kladn\u00fdm dokumentom, ktor\u00fd definuje etick\u00e9 a z\u00e1konn\u00e9 normy pre obchodn\u00e9 aktivity. Jeho \u00fa\u010delom je zabezpe\u010di\u0165, \u017ee v\u0161etky oper\u00e1cie spolo\u010dnosti a ich obchodn\u00fdch partnerov boli vykon\u00e1van\u00e9 transparentne, poctivo a v s\u00falade s vysok\u00fdmi mor\u00e1lnymi \u0161tandardmi. K\u00f3dex stanovuje jasn\u00e9 o\u010dak\u00e1vania v oblastiach ako udr\u017eate\u013enos\u0165, \u013eudsk\u00e9 pr\u00e1va, ochrana \u017eivotn\u00e9ho [&hellip;]<\/p>\n","protected":false},"author":1,"featured_media":0,"parent":0,"menu_order":0,"comment_status":"closed","ping_status":"closed","template":"","meta":{"_seopress_robots_primary_cat":"","footnotes":""},"class_list":["post-5882","page","type-page","status-publish","hentry"],"acf":[],"_links":{"self":[{"href":"https:\/\/www.fortischem.sk\/sk\/wp-json\/wp\/v2\/pages\/5882","targetHints":{"allow":["GET"]}}],"collection":[{"href":"https:\/\/www.fortischem.sk\/sk\/wp-json\/wp\/v2\/pages"}],"about":[{"href":"https:\/\/www.fortischem.sk\/sk\/wp-json\/wp\/v2\/types\/page"}],"author":[{"embeddable":true,"href":"https:\/\/www.fortischem.sk\/sk\/wp-json\/wp\/v2\/users\/1"}],"replies":[{"embeddable":true,"href":"https:\/\/www.fortischem.sk\/sk\/wp-json\/wp\/v2\/comments?post=5882"}],"version-history":[{"count":3,"href":"https:\/\/www.fortischem.sk\/sk\/wp-json\/wp\/v2\/pages\/5882\/revisions"}],"predecessor-version":[{"id":5887,"href":"https:\/\/www.fortischem.sk\/sk\/wp-json\/wp\/v2\/pages\/5882\/revisions\/5887"}],"wp:attachment":[{"href":"https:\/\/www.fortischem.sk\/sk\/wp-json\/wp\/v2\/media?parent=5882"}],"curies":[{"name":"wp","href":"https:\/\/api.w.org\/{rel}","templated":true}]}}