{"id":4862,"date":"2024-01-26T14:35:38","date_gmt":"2024-01-26T13:35:38","guid":{"rendered":"https:\/\/www.fortischem.sk\/?page_id=4862"},"modified":"2026-03-06T13:52:30","modified_gmt":"2026-03-06T12:52:30","slug":"ecovadis","status":"publish","type":"page","link":"https:\/\/www.fortischem.sk\/sk\/ecovadis\/","title":{"rendered":"EcoVadis"},"content":{"rendered":"\t\t<div data-elementor-type=\"wp-page\" data-elementor-id=\"4862\" class=\"elementor elementor-4862\" data-elementor-post-type=\"page\">\n\t\t\t\t\t\t\t<div data-dce-background-image-url=\"https:\/\/www.fortischem.sk\/wp-content\/uploads\/2024\/02\/environment-earth-day-hands-trees-growing-seedlings-scaled.jpg\" class=\"elementor-element elementor-element-528df395 e-con-full e-flex e-con e-parent\" data-id=\"528df395\" data-element_type=\"container\" data-settings=\"{&quot;content_width&quot;:&quot;full&quot;,&quot;background_background&quot;:&quot;classic&quot;,&quot;container_type&quot;:&quot;flex&quot;}\" data-e-bg-lazyload=\"\" data-core-v316-plus=\"true\">\n\t\t\t\t<\/div>\n\t\t<div class=\"elementor-element elementor-element-73e267df e-flex e-con-boxed e-con e-parent\" data-id=\"73e267df\" data-element_type=\"container\" data-settings=\"{&quot;background_background&quot;:&quot;classic&quot;,&quot;container_type&quot;:&quot;flex&quot;,&quot;content_width&quot;:&quot;boxed&quot;}\" data-core-v316-plus=\"true\">\n\t\t\t\t\t<div class=\"e-con-inner\">\n\t\t<div class=\"elementor-element elementor-element-1815b3aa e-flex e-con-boxed e-con e-child\" data-id=\"1815b3aa\" data-element_type=\"container\" data-settings=\"{&quot;container_type&quot;:&quot;flex&quot;,&quot;content_width&quot;:&quot;boxed&quot;}\">\n\t\t\t\t\t<div class=\"e-con-inner\">\n\t\t\t\t<div class=\"elementor-element elementor-element-5357b48f elementor-widget elementor-widget-sp-breadcrumbs\" data-id=\"5357b48f\" data-element_type=\"widget\" data-widget_type=\"sp-breadcrumbs.default\">\n\t\t\t\t<div class=\"elementor-widget-container\">\n\t\t\t<nav  aria-label=\"breadcrumb\"><ol class=\"breadcrumb\" itemscope itemtype=\"https:\/\/schema.org\/BreadcrumbList\"><li class=\"breadcrumb-item active\" aria-current=\"page\" itemprop=\"itemListElement\" itemscope itemtype=\"https:\/\/schema.org\/ListItem\"><span itemprop=\"name\">\u00davodn\u00e9<\/span><meta itemprop=\"position\" content=\"1\"><\/li><\/ol><\/nav>\t\t<\/div>\n\t\t\t\t<\/div>\n\t\t\t\t<div class=\"elementor-element elementor-element-a8f9ea0 elementor-widget elementor-widget-heading\" data-id=\"a8f9ea0\" data-element_type=\"widget\" data-widget_type=\"heading.default\">\n\t\t\t\t<div class=\"elementor-widget-container\">\n\t\t\t<style>\/*! elementor - v3.18.0 - 08-12-2023 *\/\n.elementor-heading-title{padding:0;margin:0;line-height:1}.elementor-widget-heading .elementor-heading-title[class*=elementor-size-]>a{color:inherit;font-size:inherit;line-height:inherit}.elementor-widget-heading .elementor-heading-title.elementor-size-small{font-size:15px}.elementor-widget-heading .elementor-heading-title.elementor-size-medium{font-size:19px}.elementor-widget-heading .elementor-heading-title.elementor-size-large{font-size:29px}.elementor-widget-heading .elementor-heading-title.elementor-size-xl{font-size:39px}.elementor-widget-heading .elementor-heading-title.elementor-size-xxl{font-size:59px}<\/style><h1 class=\"elementor-heading-title elementor-size-default\">EcoVadis<\/h1>\t\t<\/div>\n\t\t\t\t<\/div>\n\t\t\t\t\t<\/div>\n\t\t\t\t<\/div>\n\t\t\t\t\t<\/div>\n\t\t\t\t<\/div>\n\t\t<div class=\"elementor-element elementor-element-62939250 e-flex e-con-boxed e-con e-parent\" data-id=\"62939250\" data-element_type=\"container\" data-settings=\"{&quot;background_background&quot;:&quot;classic&quot;,&quot;container_type&quot;:&quot;flex&quot;,&quot;content_width&quot;:&quot;boxed&quot;}\" data-core-v316-plus=\"true\">\n\t\t\t\t\t<div class=\"e-con-inner\">\n\t\t<div class=\"elementor-element elementor-element-335d64af e-flex e-con-boxed e-con e-child\" data-id=\"335d64af\" data-element_type=\"container\" data-settings=\"{&quot;container_type&quot;:&quot;flex&quot;,&quot;content_width&quot;:&quot;boxed&quot;}\">\n\t\t\t\t\t<div class=\"e-con-inner\">\n\t\t\t\t<div class=\"elementor-element elementor-element-ad9a656 elementor-widget elementor-widget-image\" data-id=\"ad9a656\" data-element_type=\"widget\" data-widget_type=\"image.default\">\n\t\t\t\t<div class=\"elementor-widget-container\">\n\t\t\t<style>\/*! elementor - v3.18.0 - 08-12-2023 *\/\n.elementor-widget-image{text-align:center}.elementor-widget-image a{display:inline-block}.elementor-widget-image a img[src$=\".svg\"]{width:48px}.elementor-widget-image img{vertical-align:middle;display:inline-block}<\/style>\t\t\t\t\t\t\t\t\t\t\t\t<img fetchpriority=\"high\" decoding=\"async\" width=\"768\" height=\"768\" src=\"https:\/\/www.fortischem.sk\/wp-content\/uploads\/2026\/03\/CertifikC3A1t_medaila-1-768x768.png\" class=\"attachment-medium_large size-medium_large wp-image-6389\" alt=\"\" srcset=\"https:\/\/www.fortischem.sk\/wp-content\/uploads\/2026\/03\/CertifikC3A1t_medaila-1-768x768.png 768w, https:\/\/www.fortischem.sk\/wp-content\/uploads\/2026\/03\/CertifikC3A1t_medaila-1-300x300.png 300w, https:\/\/www.fortischem.sk\/wp-content\/uploads\/2026\/03\/CertifikC3A1t_medaila-1-1024x1024.png 1024w, https:\/\/www.fortischem.sk\/wp-content\/uploads\/2026\/03\/CertifikC3A1t_medaila-1-150x150.png 150w, https:\/\/www.fortischem.sk\/wp-content\/uploads\/2026\/03\/CertifikC3A1t_medaila-1-1536x1536.png 1536w, https:\/\/www.fortischem.sk\/wp-content\/uploads\/2026\/03\/CertifikC3A1t_medaila-1.png 1667w\" sizes=\"(max-width: 768px) 100vw, 768px\" \/>\t\t\t\t\t\t\t\t\t\t\t\t\t\t\t<\/div>\n\t\t\t\t<\/div>\n\t\t\t\t<div class=\"elementor-element elementor-element-5a1e7d8 elementor-widget elementor-widget-text-editor\" data-id=\"5a1e7d8\" data-element_type=\"widget\" data-widget_type=\"text-editor.default\">\n\t\t\t\t<div class=\"elementor-widget-container\">\n\t\t\t<style>\/*! elementor - v3.18.0 - 08-12-2023 *\/\n.elementor-widget-text-editor.elementor-drop-cap-view-stacked .elementor-drop-cap{background-color:#69727d;color:#fff}.elementor-widget-text-editor.elementor-drop-cap-view-framed .elementor-drop-cap{color:#69727d;border:3px solid;background-color:transparent}.elementor-widget-text-editor:not(.elementor-drop-cap-view-default) .elementor-drop-cap{margin-top:8px}.elementor-widget-text-editor:not(.elementor-drop-cap-view-default) .elementor-drop-cap-letter{width:1em;height:1em}.elementor-widget-text-editor .elementor-drop-cap{float:left;text-align:center;line-height:1;font-size:50px}.elementor-widget-text-editor .elementor-drop-cap-letter{display:inline-block}<\/style>\t\t\t\t<p>V roku 2025 bola na\u0161a spolo\u010dnos\u0165 FORTISCHEM a. s. ocenen\u00e1 bronzovou medailou od medzin\u00e1rodne uzn\u00e1vanej platformy EcoVadis za udr\u017eate\u013enos\u0165 a spolo\u010densk\u00fa zodpovednos\u0165 podnikov. V hodnoten\u00ed sme dosiahli sk\u00f3re 63 %. Tento v\u00fdsledok n\u00e1s zaradil medzi top 35 % spolo\u010dnost\u00ed hodnoten\u00fdch platformou EcoVadis v posledn\u00fdch 12 mesiacoch.<\/p><p>EcoVadis hodnot\u00ed viac ako 85 000 spolo\u010dnost\u00ed na celom svete a zah\u0155\u0148a 21 krit\u00e9ri\u00ed udr\u017eate\u013enosti v \u0161tyroch oblastiach: \u017eivotn\u00e9 prostredie, pr\u00e1ca a \u013eudsk\u00e9 pr\u00e1va, etika a udr\u017eate\u013en\u00e9 obstar\u00e1vanie a verejn\u00e9 obstar\u00e1vanie. Po\u017eiadavky sa neust\u00e1le aktualizuj\u00fa a st\u00e1vaj\u00fa sa pr\u00edsnej\u0161\u00edmi pre hodnoten\u00e9 organiz\u00e1cie.<\/p><p>FORTISCHEM a. s. je v hodnoten\u00ed EcoVadis zaraden\u00fd do kateg\u00f3rie v\u00fdroby z\u00e1kladn\u00fdch chemik\u00e1li\u00ed, hnoj\u00edv a dus\u00edkat\u00fdch zl\u00fa\u010den\u00edn, plastov a syntetick\u00e9ho kau\u010duku. Certifik\u00e1t EcoVadis sme z\u00edskali na z\u00e1klade hodnotenia udr\u017eate\u013en\u00fdch obchodn\u00fdch prakt\u00edk EcoVadis, n\u00e1stroja zalo\u017een\u00e9ho na medzin\u00e1rodn\u00fdch norm\u00e1ch, z\u00e1kladn\u00fdch princ\u00edpoch Glob\u00e1lneho paktu OSN, po\u017eiadavk\u00e1ch Medzin\u00e1rodnej organiz\u00e1cie pr\u00e1ce (ILO), \u0161tandardoch Iniciat\u00edvy pre glob\u00e1lne spravodajstvo (GRI) a norme ISO 26000. Ide o neust\u00e1ly proces hodnotenia a zlep\u0161ovania v s\u00falade s na\u0161imi bud\u00facimi pl\u00e1nmi.<\/p>\t\t\t\t\t\t<\/div>\n\t\t\t\t<\/div>\n\t\t\t\t\t<\/div>\n\t\t\t\t<\/div>\n\t\t\t\t\t<\/div>\n\t\t\t\t<\/div>\n\t\t\t\t\t\t\t<\/div>\n\t\t","protected":false},"excerpt":{"rendered":"<p>\u00davodn\u00e9 V roku 2025 bola na\u0161a spolo\u010dnos\u0165 FORTISCHEM a. s. ocenen\u00e1 bronzovou medailou od medzin\u00e1rodne uzn\u00e1vanej platformy EcoVadis za udr\u017eate\u013enos\u0165 a spolo\u010densk\u00fa zodpovednos\u0165 podnikov. V hodnoten\u00ed sme dosiahli sk\u00f3re 63 %. Tento v\u00fdsledok n\u00e1s zaradil medzi top 35 % spolo\u010dnost\u00ed hodnoten\u00fdch platformou EcoVadis v posledn\u00fdch 12 mesiacoch. EcoVadis hodnot\u00ed viac ako 85 000 spolo\u010dnost\u00ed na [&hellip;]<\/p>\n","protected":false},"author":1,"featured_media":0,"parent":0,"menu_order":0,"comment_status":"closed","ping_status":"closed","template":"","meta":{"_seopress_robots_primary_cat":"","footnotes":""},"class_list":["post-4862","page","type-page","status-publish","hentry"],"acf":[],"_links":{"self":[{"href":"https:\/\/www.fortischem.sk\/sk\/wp-json\/wp\/v2\/pages\/4862","targetHints":{"allow":["GET"]}}],"collection":[{"href":"https:\/\/www.fortischem.sk\/sk\/wp-json\/wp\/v2\/pages"}],"about":[{"href":"https:\/\/www.fortischem.sk\/sk\/wp-json\/wp\/v2\/types\/page"}],"author":[{"embeddable":true,"href":"https:\/\/www.fortischem.sk\/sk\/wp-json\/wp\/v2\/users\/1"}],"replies":[{"embeddable":true,"href":"https:\/\/www.fortischem.sk\/sk\/wp-json\/wp\/v2\/comments?post=4862"}],"version-history":[{"count":45,"href":"https:\/\/www.fortischem.sk\/sk\/wp-json\/wp\/v2\/pages\/4862\/revisions"}],"predecessor-version":[{"id":6399,"href":"https:\/\/www.fortischem.sk\/sk\/wp-json\/wp\/v2\/pages\/4862\/revisions\/6399"}],"wp:attachment":[{"href":"https:\/\/www.fortischem.sk\/sk\/wp-json\/wp\/v2\/media?parent=4862"}],"curies":[{"name":"wp","href":"https:\/\/api.w.org\/{rel}","templated":true}]}}