{"id":454,"date":"2023-03-30T11:54:48","date_gmt":"2023-03-30T09:54:48","guid":{"rendered":"http:\/\/www.fortischem.sk\/?page_id=454"},"modified":"2024-06-03T10:03:21","modified_gmt":"2024-06-03T08:03:21","slug":"nabidka-pozic","status":"publish","type":"page","link":"https:\/\/www.fortischem.sk\/sk\/kariera\/nabidka-pozic\/","title":{"rendered":"Ponuka pr\u00e1ce"},"content":{"rendered":"\t\t<div data-elementor-type=\"wp-page\" data-elementor-id=\"454\" class=\"elementor elementor-454\" data-elementor-post-type=\"page\">\n\t\t\t\t\t\t\t<div data-dce-background-image-url=\"https:\/\/www.fortischem.sk\/wp-content\/uploads\/2024\/02\/web-stranka-1-scaled.jpg\" class=\"elementor-element elementor-element-4d2411a5 e-con-full e-flex e-con e-parent\" data-id=\"4d2411a5\" data-element_type=\"container\" data-settings=\"{&quot;content_width&quot;:&quot;full&quot;,&quot;background_background&quot;:&quot;classic&quot;,&quot;container_type&quot;:&quot;flex&quot;}\" data-e-bg-lazyload=\"\" data-core-v316-plus=\"true\">\n\t\t\t\t<\/div>\n\t\t<div class=\"elementor-element elementor-element-429a778f e-flex e-con-boxed e-con e-parent\" data-id=\"429a778f\" data-element_type=\"container\" data-settings=\"{&quot;background_background&quot;:&quot;classic&quot;,&quot;container_type&quot;:&quot;flex&quot;,&quot;content_width&quot;:&quot;boxed&quot;}\" data-core-v316-plus=\"true\">\n\t\t\t\t\t<div class=\"e-con-inner\">\n\t\t<div class=\"elementor-element elementor-element-4466b81a e-flex e-con-boxed e-con e-child\" data-id=\"4466b81a\" data-element_type=\"container\" data-settings=\"{&quot;container_type&quot;:&quot;flex&quot;,&quot;content_width&quot;:&quot;boxed&quot;}\">\n\t\t\t\t\t<div class=\"e-con-inner\">\n\t\t\t\t<div class=\"elementor-element elementor-element-70162cc3 elementor-widget elementor-widget-sp-breadcrumbs\" data-id=\"70162cc3\" data-element_type=\"widget\" data-widget_type=\"sp-breadcrumbs.default\">\n\t\t\t\t<div class=\"elementor-widget-container\">\n\t\t\t<nav  aria-label=\"breadcrumb\"><ol class=\"breadcrumb\" itemscope itemtype=\"https:\/\/schema.org\/BreadcrumbList\"><li class=\"breadcrumb-item active\" aria-current=\"page\" itemprop=\"itemListElement\" itemscope itemtype=\"https:\/\/schema.org\/ListItem\"><span itemprop=\"name\">\u00davodn\u00e9<\/span><meta itemprop=\"position\" content=\"1\"><\/li><\/ol><\/nav>\t\t<\/div>\n\t\t\t\t<\/div>\n\t\t\t\t<div class=\"elementor-element elementor-element-26742f59 elementor-widget elementor-widget-heading\" data-id=\"26742f59\" data-element_type=\"widget\" data-widget_type=\"heading.default\">\n\t\t\t\t<div class=\"elementor-widget-container\">\n\t\t\t<style>\/*! elementor - v3.18.0 - 08-12-2023 *\/\n.elementor-heading-title{padding:0;margin:0;line-height:1}.elementor-widget-heading .elementor-heading-title[class*=elementor-size-]>a{color:inherit;font-size:inherit;line-height:inherit}.elementor-widget-heading .elementor-heading-title.elementor-size-small{font-size:15px}.elementor-widget-heading .elementor-heading-title.elementor-size-medium{font-size:19px}.elementor-widget-heading .elementor-heading-title.elementor-size-large{font-size:29px}.elementor-widget-heading .elementor-heading-title.elementor-size-xl{font-size:39px}.elementor-widget-heading .elementor-heading-title.elementor-size-xxl{font-size:59px}<\/style><h1 class=\"elementor-heading-title elementor-size-default\">Ponuka pr\u00e1ce<\/h1>\t\t<\/div>\n\t\t\t\t<\/div>\n\t\t\t\t\t<\/div>\n\t\t\t\t<\/div>\n\t\t\t\t\t<\/div>\n\t\t\t\t<\/div>\n\t\t<div class=\"elementor-element elementor-element-00e5d17 e-flex e-con-boxed e-con e-parent\" data-id=\"00e5d17\" data-element_type=\"container\" data-settings=\"{&quot;container_type&quot;:&quot;flex&quot;,&quot;content_width&quot;:&quot;boxed&quot;}\" data-core-v316-plus=\"true\">\n\t\t\t\t\t<div class=\"e-con-inner\">\n\t\t\t\t<div class=\"elementor-element elementor-element-ba2af77 elementor-widget elementor-widget-heading\" data-id=\"ba2af77\" data-element_type=\"widget\" data-widget_type=\"heading.default\">\n\t\t\t\t<div class=\"elementor-widget-container\">\n\t\t\t<h2 class=\"elementor-heading-title elementor-size-default\">Sta\u0148 sa na\u0161im kolegom<\/h2>\t\t<\/div>\n\t\t\t\t<\/div>\n\t\t\t\t\t<\/div>\n\t\t\t\t<\/div>\n\t\t<div class=\"elementor-element elementor-element-134f5b5 e-flex e-con-boxed e-con e-parent\" data-id=\"134f5b5\" data-element_type=\"container\" data-settings=\"{&quot;container_type&quot;:&quot;flex&quot;,&quot;content_width&quot;:&quot;boxed&quot;}\" data-core-v316-plus=\"true\">\n\t\t\t\t\t<div class=\"e-con-inner\">\n\t\t\t\t<div class=\"elementor-element elementor-element-ea7e468 elementor-widget elementor-widget-text-editor\" data-id=\"ea7e468\" data-element_type=\"widget\" data-widget_type=\"text-editor.default\">\n\t\t\t\t<div class=\"elementor-widget-container\">\n\t\t\t<style>\/*! elementor - v3.18.0 - 08-12-2023 *\/\n.elementor-widget-text-editor.elementor-drop-cap-view-stacked .elementor-drop-cap{background-color:#69727d;color:#fff}.elementor-widget-text-editor.elementor-drop-cap-view-framed .elementor-drop-cap{color:#69727d;border:3px solid;background-color:transparent}.elementor-widget-text-editor:not(.elementor-drop-cap-view-default) .elementor-drop-cap{margin-top:8px}.elementor-widget-text-editor:not(.elementor-drop-cap-view-default) .elementor-drop-cap-letter{width:1em;height:1em}.elementor-widget-text-editor .elementor-drop-cap{float:left;text-align:center;line-height:1;font-size:50px}.elementor-widget-text-editor .elementor-drop-cap-letter{display:inline-block}<\/style>\t\t\t\t<p>Ako spolo\u010dnos\u0165\u00a0 <strong>FORTISCHEM a. s.<\/strong> p\u00ed\u0161eme svoju hist\u00f3riu od roku 2012 (b\u00fdval\u00e9 Nov\u00e1cke chemick\u00e9 z\u00e1vody, a. s.), av\u0161ak svoju hist\u00f3riu sme za\u010dali ove\u013ea sk\u00f4r. Profilovali sme sa ako <b>v\u00fdrobca produktov<\/b> pre \u010fal\u0161ie spracovanie <strong>v r\u00f4znych priemyseln\u00fdch odvetviach.<\/strong><\/p><p>Sta\u0148 sa \u010dlenom t\u00edmu zamestnancov, ktor\u00fdm pon\u00fakame zauj\u00edmav\u00fa, zodpovedn\u00fa a stabiln\u00fa pr\u00e1cu.<\/p>\t\t\t\t\t\t<\/div>\n\t\t\t\t<\/div>\n\t\t\t\t\t<\/div>\n\t\t\t\t<\/div>\n\t\t<div class=\"elementor-element elementor-element-1915dd2e e-flex e-con-boxed e-con e-parent\" data-id=\"1915dd2e\" data-element_type=\"container\" data-settings=\"{&quot;container_type&quot;:&quot;flex&quot;,&quot;content_width&quot;:&quot;boxed&quot;}\" data-core-v316-plus=\"true\">\n\t\t\t\t\t<div class=\"e-con-inner\">\n\t\t<div class=\"elementor-element elementor-element-38412842 e-flex e-con-boxed e-con e-child\" data-id=\"38412842\" data-element_type=\"container\" data-settings=\"{&quot;container_type&quot;:&quot;flex&quot;,&quot;content_width&quot;:&quot;boxed&quot;}\">\n\t\t\t\t\t<div class=\"e-con-inner\">\n\t\t\t\t<div class=\"elementor-element elementor-element-12803d32 elementor-widget elementor-widget-image\" data-id=\"12803d32\" data-element_type=\"widget\" data-widget_type=\"image.default\">\n\t\t\t\t<div class=\"elementor-widget-container\">\n\t\t\t<style>\/*! elementor - v3.18.0 - 08-12-2023 *\/\n.elementor-widget-image{text-align:center}.elementor-widget-image a{display:inline-block}.elementor-widget-image a img[src$=\".svg\"]{width:48px}.elementor-widget-image img{vertical-align:middle;display:inline-block}<\/style>\t\t\t\t\t\t\t\t\t\t\t\t\t<a href=\"\/profese\/delnicke-pozice\/\">\n\t\t\t\t\t\t\t<img fetchpriority=\"high\" decoding=\"async\" width=\"300\" height=\"300\" src=\"https:\/\/www.fortischem.sk\/wp-content\/uploads\/2024\/02\/4-300x300.png\" class=\"attachment-medium size-medium wp-image-5065\" alt=\"\" srcset=\"https:\/\/www.fortischem.sk\/wp-content\/uploads\/2024\/02\/4-300x300.png 300w, https:\/\/www.fortischem.sk\/wp-content\/uploads\/2024\/02\/4-150x150.png 150w, https:\/\/www.fortischem.sk\/wp-content\/uploads\/2024\/02\/4.png 525w\" sizes=\"(max-width: 300px) 100vw, 300px\" \/>\t\t\t\t\t\t\t\t<\/a>\n\t\t\t\t\t\t\t\t\t\t\t\t\t\t\t<\/div>\n\t\t\t\t<\/div>\n\t\t\t\t<div class=\"elementor-element elementor-element-2caf1da1 elementor-widget elementor-widget-heading\" data-id=\"2caf1da1\" data-element_type=\"widget\" data-widget_type=\"heading.default\">\n\t\t\t\t<div class=\"elementor-widget-container\">\n\t\t\t<h2 class=\"elementor-heading-title elementor-size-default\"><a href=\"\/profese\/delnicke-pozice\/\">Robotn\u00edcke poz\u00edcie<\/a><\/h2>\t\t<\/div>\n\t\t\t\t<\/div>\n\t\t\t\t\t<\/div>\n\t\t\t\t<\/div>\n\t\t<div class=\"elementor-element elementor-element-73e6df75 e-flex e-con-boxed e-con e-child\" data-id=\"73e6df75\" data-element_type=\"container\" data-settings=\"{&quot;container_type&quot;:&quot;flex&quot;,&quot;content_width&quot;:&quot;boxed&quot;}\">\n\t\t\t\t\t<div class=\"e-con-inner\">\n\t\t\t\t<div class=\"elementor-element elementor-element-3f7c81ca elementor-widget elementor-widget-image\" data-id=\"3f7c81ca\" data-element_type=\"widget\" data-widget_type=\"image.default\">\n\t\t\t\t<div class=\"elementor-widget-container\">\n\t\t\t\t\t\t\t\t\t\t\t\t\t\t\t\t<a href=\"\/profese\/technicke-a-vyzkumne-profese\/\">\n\t\t\t\t\t\t\t<img decoding=\"async\" width=\"300\" height=\"300\" src=\"https:\/\/www.fortischem.sk\/wp-content\/uploads\/2023\/05\/VHA7756-300x300.jpg\" class=\"attachment-medium size-medium wp-image-2432\" alt=\"\" srcset=\"https:\/\/www.fortischem.sk\/wp-content\/uploads\/2023\/05\/VHA7756-300x300.jpg 300w, https:\/\/www.fortischem.sk\/wp-content\/uploads\/2023\/05\/VHA7756-1024x1024.jpg 1024w, https:\/\/www.fortischem.sk\/wp-content\/uploads\/2023\/05\/VHA7756-150x150.jpg 150w, https:\/\/www.fortischem.sk\/wp-content\/uploads\/2023\/05\/VHA7756-768x769.jpg 768w, https:\/\/www.fortischem.sk\/wp-content\/uploads\/2023\/05\/VHA7756.jpg 1368w\" sizes=\"(max-width: 300px) 100vw, 300px\" \/>\t\t\t\t\t\t\t\t<\/a>\n\t\t\t\t\t\t\t\t\t\t\t\t\t\t\t<\/div>\n\t\t\t\t<\/div>\n\t\t\t\t<div class=\"elementor-element elementor-element-12129ff3 elementor-widget elementor-widget-heading\" data-id=\"12129ff3\" data-element_type=\"widget\" data-widget_type=\"heading.default\">\n\t\t\t\t<div class=\"elementor-widget-container\">\n\t\t\t<h2 class=\"elementor-heading-title elementor-size-default\"><a href=\"\/profese\/technicke-a-vyzkumne-profese\/\">Technick\u00e9 poz\u00edcie\n<\/a><\/h2>\t\t<\/div>\n\t\t\t\t<\/div>\n\t\t\t\t\t<\/div>\n\t\t\t\t<\/div>\n\t\t<div class=\"elementor-element elementor-element-d385375 e-flex e-con-boxed e-con e-child\" data-id=\"d385375\" data-element_type=\"container\" data-settings=\"{&quot;container_type&quot;:&quot;flex&quot;,&quot;content_width&quot;:&quot;boxed&quot;}\">\n\t\t\t\t\t<div class=\"e-con-inner\">\n\t\t\t\t<div class=\"elementor-element elementor-element-24b9bd17 elementor-widget elementor-widget-image\" data-id=\"24b9bd17\" data-element_type=\"widget\" data-widget_type=\"image.default\">\n\t\t\t\t<div class=\"elementor-widget-container\">\n\t\t\t\t\t\t\t\t\t\t\t\t\t\t\t\t<a href=\"\/profese\/administrativa-a-managment\/\">\n\t\t\t\t\t\t\t<img decoding=\"async\" width=\"300\" height=\"300\" src=\"https:\/\/www.fortischem.sk\/wp-content\/uploads\/2023\/05\/shutterstock_1080612293-300x300.jpg\" class=\"attachment-medium size-medium wp-image-2433\" alt=\"\" srcset=\"https:\/\/www.fortischem.sk\/wp-content\/uploads\/2023\/05\/shutterstock_1080612293-300x300.jpg 300w, https:\/\/www.fortischem.sk\/wp-content\/uploads\/2023\/05\/shutterstock_1080612293-1024x1024.jpg 1024w, https:\/\/www.fortischem.sk\/wp-content\/uploads\/2023\/05\/shutterstock_1080612293-150x150.jpg 150w, https:\/\/www.fortischem.sk\/wp-content\/uploads\/2023\/05\/shutterstock_1080612293-768x768.jpg 768w, https:\/\/www.fortischem.sk\/wp-content\/uploads\/2023\/05\/shutterstock_1080612293-1536x1536.jpg 1536w, https:\/\/www.fortischem.sk\/wp-content\/uploads\/2023\/05\/shutterstock_1080612293-2048x2048.jpg 2048w\" sizes=\"(max-width: 300px) 100vw, 300px\" \/>\t\t\t\t\t\t\t\t<\/a>\n\t\t\t\t\t\t\t\t\t\t\t\t\t\t\t<\/div>\n\t\t\t\t<\/div>\n\t\t\t\t<div class=\"elementor-element elementor-element-76c47bb9 elementor-widget elementor-widget-heading\" data-id=\"76c47bb9\" data-element_type=\"widget\" data-widget_type=\"heading.default\">\n\t\t\t\t<div class=\"elementor-widget-container\">\n\t\t\t<h2 class=\"elementor-heading-title elementor-size-default\"><a href=\"\/profese\/administrativa-a-managment\/\">Riadiace poz\u00edcie \/ Mana\u017ement\n<\/a><\/h2>\t\t<\/div>\n\t\t\t\t<\/div>\n\t\t\t\t\t<\/div>\n\t\t\t\t<\/div>\n\t\t<div class=\"elementor-element elementor-element-c19e84c e-flex e-con-boxed e-con e-child\" data-id=\"c19e84c\" data-element_type=\"container\" data-settings=\"{&quot;container_type&quot;:&quot;flex&quot;,&quot;content_width&quot;:&quot;boxed&quot;}\">\n\t\t\t\t\t<div class=\"e-con-inner\">\n\t\t\t\t<div class=\"elementor-element elementor-element-d6e6b30 elementor-widget elementor-widget-image\" data-id=\"d6e6b30\" data-element_type=\"widget\" data-widget_type=\"image.default\">\n\t\t\t\t<div class=\"elementor-widget-container\">\n\t\t\t\t\t\t\t\t\t\t\t\t\t\t\t\t<a href=\"https:\/\/www.fortischem.sk\/sk\/absolventi\/\">\n\t\t\t\t\t\t\t<img loading=\"lazy\" decoding=\"async\" width=\"300\" height=\"300\" src=\"https:\/\/www.fortischem.sk\/wp-content\/uploads\/2023\/06\/student-1-300x300.jpeg\" class=\"attachment-medium size-medium wp-image-2889\" alt=\"\" srcset=\"https:\/\/www.fortischem.sk\/wp-content\/uploads\/2023\/06\/student-1-300x300.jpeg 300w, https:\/\/www.fortischem.sk\/wp-content\/uploads\/2023\/06\/student-1-1024x1024.jpeg 1024w, https:\/\/www.fortischem.sk\/wp-content\/uploads\/2023\/06\/student-1-150x150.jpeg 150w, https:\/\/www.fortischem.sk\/wp-content\/uploads\/2023\/06\/student-1-768x768.jpeg 768w, https:\/\/www.fortischem.sk\/wp-content\/uploads\/2023\/06\/student-1.jpeg 1536w\" sizes=\"(max-width: 300px) 100vw, 300px\" \/>\t\t\t\t\t\t\t\t<\/a>\n\t\t\t\t\t\t\t\t\t\t\t\t\t\t\t<\/div>\n\t\t\t\t<\/div>\n\t\t\t\t<div class=\"elementor-element elementor-element-b9335f5 elementor-widget elementor-widget-heading\" data-id=\"b9335f5\" data-element_type=\"widget\" data-widget_type=\"heading.default\">\n\t\t\t\t<div class=\"elementor-widget-container\">\n\t\t\t<h2 class=\"elementor-heading-title elementor-size-default\"><a href=\"\/profese\/ostatne\/\">Absolventi<\/a><\/h2>\t\t<\/div>\n\t\t\t\t<\/div>\n\t\t\t\t\t<\/div>\n\t\t\t\t<\/div>\n\t\t\t\t\t<\/div>\n\t\t\t\t<\/div>\n\t\t<div class=\"elementor-element elementor-element-a61db3a e-flex e-con-boxed e-con e-parent\" data-id=\"a61db3a\" data-element_type=\"container\" data-settings=\"{&quot;container_type&quot;:&quot;flex&quot;,&quot;content_width&quot;:&quot;boxed&quot;}\" data-core-v316-plus=\"true\">\n\t\t\t\t\t<div class=\"e-con-inner\">\n\t\t\t\t<div class=\"elementor-element elementor-element-3b8e002 elementor-widget elementor-widget-text-editor\" data-id=\"3b8e002\" data-element_type=\"widget\" data-widget_type=\"text-editor.default\">\n\t\t\t\t<div class=\"elementor-widget-container\">\n\t\t\t\t\t\t\t<p><strong>Z poz\u00edcie stabiln\u00e9ho zamestn\u00e1vate\u013ea pon\u00fakame svojim zamestnancom:<\/strong><\/p>\n<ul>\n<li>perspekt\u00edvnu a zauj\u00edmav\u00fa pr\u00e1cu<\/li>\n<li>adapta\u010dn\u00fd program<\/li>\n<li>\u0161irok\u00fd priestor pre vlastn\u00fa sebarealiz\u00e1ciu<\/li>\n<li>trval\u00fd rozvoj<\/li>\n<li>mo\u017enos\u0165 pracova\u0165 na svojom \u00faspechu a odbornom aj kari\u00e9rnom raste<\/li>\n<li>pr\u00e1cu na dobu neur\u010dit\u00fa<\/li>\n<li>program zamestnaneck\u00fdch benefitov<\/li>\n<\/ul>\n<p>Ak sa chcete sta\u0165 \u010dlenom n\u00e1\u0161ho t\u00edmu, m\u00f4\u017eete n\u00e1s kontaktova\u0165<\/p>\n<ul>\n<li><strong>telefonicky: 046\/5683265 alebo 046\/5683266<\/strong><\/li>\n<li><strong>p\u00edsomne: <\/strong>zaslan\u00edm \u017eivotopisu a vyplnen\u00e9ho formul\u00e1ra&nbsp;<a href=\"https:\/\/www.fortischem.sk\/sites\/fortischem.sk\/files\/dotaznik_uchadzaca_o_zamestnanie_0.pdf\" target=\"_blank\" rel=\"noopener\">Dotazn\u00edk uch\u00e1dza\u010da o zamestnanie pre zaradenie do datab\u00e1zy<\/a>\n<ul>\n<li><strong>po\u0161tou na adresu:<\/strong>&nbsp;FORTISCHEM a. s., \u00dasek riadenia \u013eudsk\u00fdch zdrojov, M. R. \u0160tef\u00e1nika 1, 972 71 Nov\u00e1ky<\/li>\n<li><strong>mailom:<\/strong>&nbsp;<a href=\"mailto:personalne@fortischem.sk\">personalne@fortischem.sk<\/a><\/li>\n<\/ul>\n<\/li>\n<\/ul>\n<p>V\u00e1\u0161 \u017eivotopis a dotazn\u00edk uch\u00e1dza\u010da o zamestnanie bud\u00fa veden\u00e9 v datab\u00e1ze uch\u00e1dza\u010dov na odd. \u00dasek riadenia \u013eudsk\u00fdch zdrojov po dobu 1 roka od ich podania. V pr\u00edpade, \u017ee svojim profilom zaujmete a budete sp\u013a\u0148a\u0165 po\u017eiadavky na niektor\u00e9 obsadzovan\u00e9 pracovn\u00e9 miesto, budete prizvan\u00ed k v\u00fdberov\u00e9mu pohovoru. Vyhradzujeme si pr\u00e1vo v\u00fdberu.<\/p>\n<div>Spolo\u010dnos\u0165 FORTISCHEM a. s. automaticky priz\u00fdva do v\u00fdberov\u00fdch konan\u00ed na obsadzovan\u00e9 pracovn\u00e9 poz\u00edcie uch\u00e1dza\u010dov sp\u013a\u0148aj\u00facich po\u017eiadavky, ktor\u00ed s\u00fa veden\u00fdch v Datab\u00e1ze uch\u00e1dza\u010dov. Na zaradenie do Datab\u00e1zy uch\u00e1dza\u010dov je potrebn\u00fd V\u00e1\u0161 s\u00fahlas so spracovan\u00edm osobn\u00fdch \u00fadajov. S\u00fahlas udel\u00edte prostredn\u00edctvom tla\u010diva S\u00fahlas so spracovan\u00edm osobn\u00fdch \u00fadajov (\u010falej len &#8222;S\u00fahlas&#8220;).S\u00fahlas n\u00e1jdete ni\u017e\u0161ie na web str\u00e1nke.&nbsp;<\/div>\n<div>&nbsp;<\/div>\n<div>Ak m\u00e1te z\u00e1ujem by\u0165 zaraden\u00fd do Datab\u00e1zy uch\u00e1dza\u010dov, pripojte pros\u00edm k V\u00e1\u0161mu \u017eivotopisu Vami vyplnen\u00fd a podp\u00edsan\u00fd S\u00fahlas.&nbsp;<\/div>\n<div>&nbsp;<\/div>\n<div>S\u00fahlas nemus\u00edte ude\u013eova\u0165 (a teda ani vyp\u013a\u0148a\u0165, podpisova\u0165 a zasiela\u0165), ak sa chcete z\u00fa\u010dastni\u0165 v\u00fdberov\u00e9ho konania iba na aktu\u00e1lne obsadzovan\u00fa pracovn\u00fa poz\u00edciu. Osobn\u00e9 \u00fadaje ne\u00faspe\u0161n\u00fdch uch\u00e1dza\u010dov, ktor\u00ed neudelili s\u00fahlas, bud\u00fa zlikvidovan\u00e9 v s\u00falade so z\u00e1konom \u010d. 18\/2018 Z.z. o ochrane osobn\u00fdch \u00fadajov a o zmene a doplnen\u00ed niektor\u00fdch z\u00e1konov.<\/div>\n<div>&nbsp;<\/div>\n<div>V\u0161etky zaslan\u00e9 \u017eivotopisy a dotazn\u00edky bud\u00fa starostlivo pos\u00faden\u00e9. Vyhradzujeme si pr\u00e1vo odpoveda\u0165 iba uch\u00e1dza\u010dom sp\u013a\u0148aj\u00facim na\u0161e po\u017eiadavky.<\/div>\n<div>&nbsp;<\/div>\n<p><strong>S\u00fahlas so spracovan\u00edm osobn\u00fdch \u00fadajov:<\/strong><\/p>\n<p>Pod\u013ea \u010dl.6 ods. 1 p\u00edsm. a.) nariadenia Eur\u00f3pskeho Parlamentu a Rady 2016\/679 o ochrane fyzick\u00fdch os\u00f4b pri sprac\u00favan\u00ed osobn\u00fdch \u00fadajov a o vo\u013enom pohybe tak\u00fdchto \u00fadajov (\u010falej len &#8222;S\u00fahlas&#8220;) ude\u013eujem s\u00fahlas spolo\u010dnosti FORTISCHEM a. s. (\u010falej len &#8222;Prev\u00e1dzkovate\u013e&#8220;) so spracovan\u00edm mojich osobn\u00fdch \u00fadajov obsiahnut\u00fdch v \u017eiadosti o zamestnanie, \u017eivotopise a in\u00fdch dokladoch a prilo\u017een\u00fdch listin\u00e1ch za \u00fa\u010delom evidencie uch\u00e1dza\u010dov o zamestnanie a to na obdobie 1 roku odo d\u0148a poskytnutia s\u00fahlasu. Prehlasujem, \u017ee mnou poskytnut\u00e9 osobn\u00e9 \u00fadaje s\u00fa pravdiv\u00e9. Z\u00e1rove\u0148 vyhlasujem, \u017ee som si vedom\u00fd\/\u00e1, \u017ee poskytnut\u00fd s\u00fahlas je mo\u017en\u00e9 kedyko\u013evek p\u00edsomne odvola\u0165. Ak tento S\u00fahlas odvol\u00e1m, takto poskytnut\u00e9 moje osobn\u00e9 \u00fadaje mus\u00ed Prev\u00e1dzkovate\u013e bez zbyto\u010dn\u00e9ho odkladu vymaza\u0165.<\/p>\t\t\t\t\t\t<\/div>\n\t\t\t\t<\/div>\n\t\t\t\t\t<\/div>\n\t\t\t\t<\/div>\n\t\t<div class=\"elementor-element elementor-element-56821897 e-flex e-con-boxed e-con e-parent\" data-id=\"56821897\" data-element_type=\"container\" data-settings=\"{&quot;background_background&quot;:&quot;classic&quot;,&quot;container_type&quot;:&quot;flex&quot;,&quot;content_width&quot;:&quot;boxed&quot;}\" data-core-v316-plus=\"true\">\n\t\t\t\t\t<div class=\"e-con-inner\">\n\t\t<div class=\"elementor-element elementor-element-265d8f38 e-con-full e-flex e-con e-child\" data-id=\"265d8f38\" data-element_type=\"container\" data-settings=\"{&quot;content_width&quot;:&quot;full&quot;,&quot;container_type&quot;:&quot;flex&quot;}\">\n\t\t\t\t<div class=\"elementor-element elementor-element-541fa9a elementor-align-center elementor-widget elementor-widget-button\" data-id=\"541fa9a\" data-element_type=\"widget\" data-widget_type=\"button.default\">\n\t\t\t\t<div class=\"elementor-widget-container\">\n\t\t\t\t\t<div class=\"elementor-button-wrapper\">\n\t\t\t<a class=\"elementor-button elementor-button-link elementor-size-sm\" href=\"\/wp-content\/uploads\/2023\/06\/Dotaznik-uchadzaca.doc\" target=\"_blank\">\n\t\t\t\t\t\t<span class=\"elementor-button-content-wrapper\">\n\t\t\t\t\t\t<span class=\"elementor-button-text\">Kontaktn\u00fd formul\u00e1r<\/span>\n\t\t<\/span>\n\t\t\t\t\t<\/a>\n\t\t<\/div>\n\t\t\t\t<\/div>\n\t\t\t\t<\/div>\n\t\t\t\t<\/div>\n\t\t<div class=\"elementor-element elementor-element-22258b1 e-con-full e-flex e-con e-child\" data-id=\"22258b1\" data-element_type=\"container\" data-settings=\"{&quot;content_width&quot;:&quot;full&quot;,&quot;container_type&quot;:&quot;flex&quot;}\">\n\t\t\t\t<div class=\"elementor-element elementor-element-e9fab15 elementor-widget elementor-widget-heading\" data-id=\"e9fab15\" data-element_type=\"widget\" data-widget_type=\"heading.default\">\n\t\t\t\t<div class=\"elementor-widget-container\">\n\t\t\t<h4 class=\"elementor-heading-title elementor-size-default\">V pr\u00edpade V\u00e1\u0161ho z\u00e1ujmu o zamestnanie v na\u0161ej spolo\u010dnosti n\u00e1s pros\u00edm kontaktujte.<\/h4>\t\t<\/div>\n\t\t\t\t<\/div>\n\t\t\t\t<\/div>\n\t\t\t\t\t<\/div>\n\t\t\t\t<\/div>\n\t\t\t\t\t\t\t<\/div>\n\t\t","protected":false},"excerpt":{"rendered":"<p>\u00davodn\u00e9 Sta\u0148 sa na\u0161im kolegom Ako spolo\u010dnos\u0165\u00a0 FORTISCHEM a. s. p\u00ed\u0161eme svoju hist\u00f3riu od roku 2012 (b\u00fdval\u00e9 Nov\u00e1cke chemick\u00e9 z\u00e1vody, a. s.), av\u0161ak svoju hist\u00f3riu sme za\u010dali ove\u013ea sk\u00f4r. Profilovali sme sa ako v\u00fdrobca produktov pre \u010fal\u0161ie spracovanie v r\u00f4znych priemyseln\u00fdch odvetviach. Sta\u0148 sa \u010dlenom t\u00edmu zamestnancov, ktor\u00fdm pon\u00fakame zauj\u00edmav\u00fa, zodpovedn\u00fa a stabiln\u00fa pr\u00e1cu. Robotn\u00edcke [&hellip;]<\/p>\n","protected":false},"author":1,"featured_media":0,"parent":438,"menu_order":0,"comment_status":"closed","ping_status":"closed","template":"","meta":{"_seopress_robots_primary_cat":"","footnotes":""},"class_list":["post-454","page","type-page","status-publish","hentry"],"acf":[],"_links":{"self":[{"href":"https:\/\/www.fortischem.sk\/sk\/wp-json\/wp\/v2\/pages\/454","targetHints":{"allow":["GET"]}}],"collection":[{"href":"https:\/\/www.fortischem.sk\/sk\/wp-json\/wp\/v2\/pages"}],"about":[{"href":"https:\/\/www.fortischem.sk\/sk\/wp-json\/wp\/v2\/types\/page"}],"author":[{"embeddable":true,"href":"https:\/\/www.fortischem.sk\/sk\/wp-json\/wp\/v2\/users\/1"}],"replies":[{"embeddable":true,"href":"https:\/\/www.fortischem.sk\/sk\/wp-json\/wp\/v2\/comments?post=454"}],"version-history":[{"count":24,"href":"https:\/\/www.fortischem.sk\/sk\/wp-json\/wp\/v2\/pages\/454\/revisions"}],"predecessor-version":[{"id":5812,"href":"https:\/\/www.fortischem.sk\/sk\/wp-json\/wp\/v2\/pages\/454\/revisions\/5812"}],"up":[{"embeddable":true,"href":"https:\/\/www.fortischem.sk\/sk\/wp-json\/wp\/v2\/pages\/438"}],"wp:attachment":[{"href":"https:\/\/www.fortischem.sk\/sk\/wp-json\/wp\/v2\/media?parent=454"}],"curies":[{"name":"wp","href":"https:\/\/api.w.org\/{rel}","templated":true}]}}