{"id":4489,"date":"2023-11-22T11:22:45","date_gmt":"2023-11-22T10:22:45","guid":{"rendered":"https:\/\/www.fortischem.sk\/?page_id=4489"},"modified":"2024-04-17T13:46:14","modified_gmt":"2024-04-17T11:46:14","slug":"eticky-kodex","status":"publish","type":"page","link":"https:\/\/www.fortischem.sk\/sk\/odpovedna-firma\/eticky-kodex\/","title":{"rendered":"ETICK\u00dd KODEX"},"content":{"rendered":"\t\t<div data-elementor-type=\"wp-page\" data-elementor-id=\"4489\" class=\"elementor elementor-4489\" data-elementor-post-type=\"page\">\n\t\t\t\t\t\t\t<div data-dce-background-image-url=\"https:\/\/www.fortischem.sk\/wp-content\/uploads\/2024\/03\/eticky-kodex-2-scaled.jpg\" class=\"elementor-element elementor-element-4aa23aa3 e-con-full e-flex e-con e-parent\" data-id=\"4aa23aa3\" data-element_type=\"container\" data-settings=\"{&quot;content_width&quot;:&quot;full&quot;,&quot;background_background&quot;:&quot;classic&quot;,&quot;container_type&quot;:&quot;flex&quot;}\" data-e-bg-lazyload=\"\" data-core-v316-plus=\"true\">\n\t\t\t\t<\/div>\n\t\t<div class=\"elementor-element elementor-element-57cada25 e-flex e-con-boxed e-con e-parent\" data-id=\"57cada25\" data-element_type=\"container\" data-settings=\"{&quot;background_background&quot;:&quot;classic&quot;,&quot;container_type&quot;:&quot;flex&quot;,&quot;content_width&quot;:&quot;boxed&quot;}\" data-core-v316-plus=\"true\">\n\t\t\t\t\t<div class=\"e-con-inner\">\n\t\t<div class=\"elementor-element elementor-element-14f5d8da e-flex e-con-boxed e-con e-child\" data-id=\"14f5d8da\" data-element_type=\"container\" data-settings=\"{&quot;container_type&quot;:&quot;flex&quot;,&quot;content_width&quot;:&quot;boxed&quot;}\">\n\t\t\t\t\t<div class=\"e-con-inner\">\n\t\t\t\t<div class=\"elementor-element elementor-element-19106c2b elementor-widget elementor-widget-sp-breadcrumbs\" data-id=\"19106c2b\" data-element_type=\"widget\" data-widget_type=\"sp-breadcrumbs.default\">\n\t\t\t\t<div class=\"elementor-widget-container\">\n\t\t\t<nav  aria-label=\"breadcrumb\"><ol class=\"breadcrumb\" itemscope itemtype=\"https:\/\/schema.org\/BreadcrumbList\"><li class=\"breadcrumb-item active\" aria-current=\"page\" itemprop=\"itemListElement\" itemscope itemtype=\"https:\/\/schema.org\/ListItem\"><span itemprop=\"name\">\u00davodn\u00e9<\/span><meta itemprop=\"position\" content=\"1\"><\/li><\/ol><\/nav>\t\t<\/div>\n\t\t\t\t<\/div>\n\t\t\t\t<div class=\"elementor-element elementor-element-3c258ad8 elementor-widget elementor-widget-heading\" data-id=\"3c258ad8\" data-element_type=\"widget\" data-widget_type=\"heading.default\">\n\t\t\t\t<div class=\"elementor-widget-container\">\n\t\t\t<style>\/*! elementor - v3.18.0 - 08-12-2023 *\/\n.elementor-heading-title{padding:0;margin:0;line-height:1}.elementor-widget-heading .elementor-heading-title[class*=elementor-size-]>a{color:inherit;font-size:inherit;line-height:inherit}.elementor-widget-heading .elementor-heading-title.elementor-size-small{font-size:15px}.elementor-widget-heading .elementor-heading-title.elementor-size-medium{font-size:19px}.elementor-widget-heading .elementor-heading-title.elementor-size-large{font-size:29px}.elementor-widget-heading .elementor-heading-title.elementor-size-xl{font-size:39px}.elementor-widget-heading .elementor-heading-title.elementor-size-xxl{font-size:59px}<\/style><h1 class=\"elementor-heading-title elementor-size-default\">ETICK\u00dd KODEX<\/h1>\t\t<\/div>\n\t\t\t\t<\/div>\n\t\t\t\t\t<\/div>\n\t\t\t\t<\/div>\n\t\t\t\t\t<\/div>\n\t\t\t\t<\/div>\n\t\t<div class=\"elementor-element elementor-element-24d0c4f1 e-flex e-con-boxed e-con e-parent\" data-id=\"24d0c4f1\" data-element_type=\"container\" data-settings=\"{&quot;background_background&quot;:&quot;classic&quot;,&quot;container_type&quot;:&quot;flex&quot;,&quot;content_width&quot;:&quot;boxed&quot;}\" data-core-v316-plus=\"true\">\n\t\t\t\t\t<div class=\"e-con-inner\">\n\t\t<div class=\"elementor-element elementor-element-79ca5139 e-flex e-con-boxed e-con e-child\" data-id=\"79ca5139\" data-element_type=\"container\" data-settings=\"{&quot;container_type&quot;:&quot;flex&quot;,&quot;content_width&quot;:&quot;boxed&quot;}\">\n\t\t\t\t\t<div class=\"e-con-inner\">\n\t\t\t\t<div class=\"elementor-element elementor-element-7e4566db elementor-widget elementor-widget-text-editor\" data-id=\"7e4566db\" data-element_type=\"widget\" data-widget_type=\"text-editor.default\">\n\t\t\t\t<div class=\"elementor-widget-container\">\n\t\t\t<style>\/*! elementor - v3.18.0 - 08-12-2023 *\/\n.elementor-widget-text-editor.elementor-drop-cap-view-stacked .elementor-drop-cap{background-color:#69727d;color:#fff}.elementor-widget-text-editor.elementor-drop-cap-view-framed .elementor-drop-cap{color:#69727d;border:3px solid;background-color:transparent}.elementor-widget-text-editor:not(.elementor-drop-cap-view-default) .elementor-drop-cap{margin-top:8px}.elementor-widget-text-editor:not(.elementor-drop-cap-view-default) .elementor-drop-cap-letter{width:1em;height:1em}.elementor-widget-text-editor .elementor-drop-cap{float:left;text-align:center;line-height:1;font-size:50px}.elementor-widget-text-editor .elementor-drop-cap-letter{display:inline-block}<\/style>\t\t\t\t<p>Vo FORTISCHEME db\u00e1me na \u010destn\u00fd a poctiv\u00fd pr\u00edstup<\/p><p>V\u00a0spolo\u010dnosti sme vytvorili <a href=\"https:\/\/www.fortischem.sk\/wp-content\/uploads\/2024\/04\/eticky-kodex-dlhy-SK.pdf\">ETICK\u00dd K\u00d3DEX<\/a>, ktor\u00e9ho cie\u013eom je zahrn\u00fa\u0165 cel\u00fa na\u0161u firemn\u00fa identitu do ucelen\u00e9ho dokumentu. Po\u017eiadavka vytvorenia tohto dokumentu vznikla najm\u00e4 z\u00a0d\u00f4vodu neust\u00e1leho zlep\u0161ovania firemnej kult\u00fary, ale aj z\u00a0d\u00f4vodu zhrnutia v\u0161etk\u00fdch d\u00f4le\u017eit\u00fdch firemn\u00fdch z\u00e1sad a\u00a0inform\u00e1cii, ktor\u00e9 tvoria z\u00e1klad hodn\u00f4t spolo\u010dnosti.<\/p><p>V\u010faka etick\u00e9mu k\u00f3dexu sa zamestnanci m\u00f4\u017eu lep\u0161ie zorientova\u0165 v\u00a0rozli\u010dn\u00fdch situ\u00e1ci\u00e1ch, ktor\u00e9 v\u00a0pracovnom procese m\u00f4\u017eu nasta\u0165 a\u00a0tak im m\u00f4\u017ee by\u0165 aj ve\u013emi n\u00e1pomocn\u00fd. Na na\u0161ej str\u00e1nke preto ka\u017ed\u00fd n\u00e1jde <a href=\"https:\/\/www.fortischem.sk\/wp-content\/uploads\/2024\/04\/eticky-kodex-dlhy-SK.pdf\">ETICK\u00dd K\u00d3DEX<\/a>, obsahuj\u00faci mor\u00e1lne a etick\u00e9 z\u00e1sady, ktor\u00e9 s\u00fa pre n\u00e1s z\u00e1v\u00e4zn\u00e9.<\/p><p>\u010eakujeme v\u0161etk\u00fdm kolegom, ktor\u00ed sa podie\u013eali na jeho tvorbe. Sme radi, \u017ee ho m\u00e1me.<\/p>\t\t\t\t\t\t<\/div>\n\t\t\t\t<\/div>\n\t\t\t\t\t<\/div>\n\t\t\t\t<\/div>\n\t\t\t\t\t<\/div>\n\t\t\t\t<\/div>\n\t\t<div class=\"elementor-element elementor-element-d7dfc78 e-grid e-con-boxed e-con e-parent\" data-id=\"d7dfc78\" data-element_type=\"container\" data-settings=\"{&quot;container_type&quot;:&quot;grid&quot;,&quot;grid_columns_grid&quot;:{&quot;unit&quot;:&quot;fr&quot;,&quot;size&quot;:&quot;2&quot;,&quot;sizes&quot;:[]},&quot;grid_rows_grid&quot;:{&quot;unit&quot;:&quot;fr&quot;,&quot;size&quot;:&quot;1&quot;,&quot;sizes&quot;:[]},&quot;grid_rows_grid_mobile&quot;:{&quot;unit&quot;:&quot;fr&quot;,&quot;size&quot;:&quot;1&quot;,&quot;sizes&quot;:[]},&quot;content_width&quot;:&quot;boxed&quot;,&quot;grid_outline&quot;:&quot;yes&quot;,&quot;grid_columns_grid_tablet&quot;:{&quot;unit&quot;:&quot;fr&quot;,&quot;size&quot;:&quot;&quot;,&quot;sizes&quot;:[]},&quot;grid_columns_grid_mobile&quot;:{&quot;unit&quot;:&quot;fr&quot;,&quot;size&quot;:1,&quot;sizes&quot;:[]},&quot;grid_rows_grid_tablet&quot;:{&quot;unit&quot;:&quot;fr&quot;,&quot;size&quot;:&quot;&quot;,&quot;sizes&quot;:[]},&quot;grid_auto_flow&quot;:&quot;row&quot;,&quot;grid_auto_flow_tablet&quot;:&quot;row&quot;,&quot;grid_auto_flow_mobile&quot;:&quot;row&quot;}\" data-core-v316-plus=\"true\">\n\t\t\t\t\t<div class=\"e-con-inner\">\n\t\t\t\t<div class=\"elementor-element elementor-element-bda444d elementor-widget elementor-widget-button\" data-id=\"bda444d\" data-element_type=\"widget\" data-widget_type=\"button.default\">\n\t\t\t\t<div class=\"elementor-widget-container\">\n\t\t\t\t\t<div class=\"elementor-button-wrapper\">\n\t\t\t<a class=\"elementor-button elementor-button-link elementor-size-sm\" href=\"https:\/\/www.fortischem.sk\/wp-content\/uploads\/2024\/04\/eticky-kodex-dlhy-SK.pdf\">\n\t\t\t\t\t\t<span class=\"elementor-button-content-wrapper\">\n\t\t\t\t\t\t<span class=\"elementor-button-text\">ETICK\u00dd KODEX (sk)<\/span>\n\t\t<\/span>\n\t\t\t\t\t<\/a>\n\t\t<\/div>\n\t\t\t\t<\/div>\n\t\t\t\t<\/div>\n\t\t\t\t<div class=\"elementor-element elementor-element-3fb9faa elementor-widget elementor-widget-button\" data-id=\"3fb9faa\" data-element_type=\"widget\" data-widget_type=\"button.default\">\n\t\t\t\t<div class=\"elementor-widget-container\">\n\t\t\t\t\t<div class=\"elementor-button-wrapper\">\n\t\t\t<a class=\"elementor-button elementor-button-link elementor-size-sm\" href=\"https:\/\/www.fortischem.sk\/wp-content\/uploads\/2024\/04\/eticky-kodex-dlhy-EN.pdf\">\n\t\t\t\t\t\t<span class=\"elementor-button-content-wrapper\">\n\t\t\t\t\t\t<span class=\"elementor-button-text\">CODE OF ETHICS (en)<\/span>\n\t\t<\/span>\n\t\t\t\t\t<\/a>\n\t\t<\/div>\n\t\t\t\t<\/div>\n\t\t\t\t<\/div>\n\t\t\t\t<div class=\"elementor-element elementor-element-14018d3 elementor-widget elementor-widget-button\" data-id=\"14018d3\" data-element_type=\"widget\" data-widget_type=\"button.default\">\n\t\t\t\t<div class=\"elementor-widget-container\">\n\t\t\t\t\t<div class=\"elementor-button-wrapper\">\n\t\t\t<a class=\"elementor-button elementor-button-link elementor-size-sm\" href=\"https:\/\/www.fortischem.sk\/wp-content\/uploads\/2024\/04\/eticky-kodex-kratky-SK.pdf\">\n\t\t\t\t\t\t<span class=\"elementor-button-content-wrapper\">\n\t\t\t\t\t\t<span class=\"elementor-button-text\">ETICK\u00dd KODEX - kr\u00e1tk\u00e1 verzia (sk)<\/span>\n\t\t<\/span>\n\t\t\t\t\t<\/a>\n\t\t<\/div>\n\t\t\t\t<\/div>\n\t\t\t\t<\/div>\n\t\t\t\t<div class=\"elementor-element elementor-element-7396752 elementor-widget elementor-widget-button\" data-id=\"7396752\" data-element_type=\"widget\" data-widget_type=\"button.default\">\n\t\t\t\t<div class=\"elementor-widget-container\">\n\t\t\t\t\t<div class=\"elementor-button-wrapper\">\n\t\t\t<a class=\"elementor-button elementor-button-link elementor-size-sm\" href=\"https:\/\/www.fortischem.sk\/wp-content\/uploads\/2024\/04\/eticky-kodex-kratky-EN.pdf\">\n\t\t\t\t\t\t<span class=\"elementor-button-content-wrapper\">\n\t\t\t\t\t\t<span class=\"elementor-button-text\">CODE OF ETHICS - short version (en)<\/span>\n\t\t<\/span>\n\t\t\t\t\t<\/a>\n\t\t<\/div>\n\t\t\t\t<\/div>\n\t\t\t\t<\/div>\n\t\t\t\t\t<\/div>\n\t\t\t\t<\/div>\n\t\t<div class=\"elementor-element elementor-element-9111a96 e-flex e-con-boxed e-con e-parent\" data-id=\"9111a96\" data-element_type=\"container\" data-settings=\"{&quot;container_type&quot;:&quot;flex&quot;,&quot;content_width&quot;:&quot;boxed&quot;}\" data-core-v316-plus=\"true\">\n\t\t\t\t\t<div class=\"e-con-inner\">\n\t\t\t\t\t<\/div>\n\t\t\t\t<\/div>\n\t\t\t\t\t\t\t<\/div>\n\t\t","protected":false},"excerpt":{"rendered":"<p>\u00davodn\u00e9 Vo FORTISCHEME db\u00e1me na \u010destn\u00fd a poctiv\u00fd pr\u00edstup V\u00a0spolo\u010dnosti sme vytvorili ETICK\u00dd K\u00d3DEX, ktor\u00e9ho cie\u013eom je zahrn\u00fa\u0165 cel\u00fa na\u0161u firemn\u00fa identitu do ucelen\u00e9ho dokumentu. Po\u017eiadavka vytvorenia tohto dokumentu vznikla najm\u00e4 z\u00a0d\u00f4vodu neust\u00e1leho zlep\u0161ovania firemnej kult\u00fary, ale aj z\u00a0d\u00f4vodu zhrnutia v\u0161etk\u00fdch d\u00f4le\u017eit\u00fdch firemn\u00fdch z\u00e1sad a\u00a0inform\u00e1cii, ktor\u00e9 tvoria z\u00e1klad hodn\u00f4t spolo\u010dnosti. V\u010faka etick\u00e9mu k\u00f3dexu sa zamestnanci [&hellip;]<\/p>\n","protected":false},"author":1,"featured_media":4481,"parent":404,"menu_order":0,"comment_status":"closed","ping_status":"closed","template":"","meta":{"_seopress_robots_primary_cat":"","footnotes":""},"class_list":["post-4489","page","type-page","status-publish","has-post-thumbnail","hentry"],"acf":[],"_links":{"self":[{"href":"https:\/\/www.fortischem.sk\/sk\/wp-json\/wp\/v2\/pages\/4489","targetHints":{"allow":["GET"]}}],"collection":[{"href":"https:\/\/www.fortischem.sk\/sk\/wp-json\/wp\/v2\/pages"}],"about":[{"href":"https:\/\/www.fortischem.sk\/sk\/wp-json\/wp\/v2\/types\/page"}],"author":[{"embeddable":true,"href":"https:\/\/www.fortischem.sk\/sk\/wp-json\/wp\/v2\/users\/1"}],"replies":[{"embeddable":true,"href":"https:\/\/www.fortischem.sk\/sk\/wp-json\/wp\/v2\/comments?post=4489"}],"version-history":[{"count":67,"href":"https:\/\/www.fortischem.sk\/sk\/wp-json\/wp\/v2\/pages\/4489\/revisions"}],"predecessor-version":[{"id":5513,"href":"https:\/\/www.fortischem.sk\/sk\/wp-json\/wp\/v2\/pages\/4489\/revisions\/5513"}],"up":[{"embeddable":true,"href":"https:\/\/www.fortischem.sk\/sk\/wp-json\/wp\/v2\/pages\/404"}],"wp:featuredmedia":[{"embeddable":true,"href":"https:\/\/www.fortischem.sk\/sk\/wp-json\/wp\/v2\/media\/4481"}],"wp:attachment":[{"href":"https:\/\/www.fortischem.sk\/sk\/wp-json\/wp\/v2\/media?parent=4489"}],"curies":[{"name":"wp","href":"https:\/\/api.w.org\/{rel}","templated":true}]}}