{"id":438,"date":"2023-03-30T11:38:30","date_gmt":"2023-03-30T09:38:30","guid":{"rendered":"http:\/\/www.fortischem.sk\/?page_id=438"},"modified":"2024-06-03T10:01:16","modified_gmt":"2024-06-03T08:01:16","slug":"kariera","status":"publish","type":"page","link":"https:\/\/www.fortischem.sk\/sk\/kariera\/","title":{"rendered":"Kari\u00e9ra"},"content":{"rendered":"\t\t<div data-elementor-type=\"wp-page\" data-elementor-id=\"438\" class=\"elementor elementor-438\" data-elementor-post-type=\"page\">\n\t\t\t\t\t\t\t<div class=\"elementor-element elementor-element-10b67419 e-con-full e-flex e-con e-parent\" data-id=\"10b67419\" data-element_type=\"container\" data-settings=\"{&quot;content_width&quot;:&quot;full&quot;,&quot;background_background&quot;:&quot;video&quot;,&quot;background_play_on_mobile&quot;:&quot;yes&quot;,&quot;container_type&quot;:&quot;flex&quot;}\" data-core-v316-plus=\"true\">\n\t\t\t\t<\/div>\n\t\t<div class=\"elementor-element elementor-element-22d90bfd e-flex e-con-boxed e-con e-parent\" data-id=\"22d90bfd\" data-element_type=\"container\" data-settings=\"{&quot;background_background&quot;:&quot;classic&quot;,&quot;container_type&quot;:&quot;flex&quot;,&quot;content_width&quot;:&quot;boxed&quot;}\" data-core-v316-plus=\"true\">\n\t\t\t\t\t<div class=\"e-con-inner\">\n\t\t<div class=\"elementor-element elementor-element-10972f7 e-flex e-con-boxed e-con e-child\" data-id=\"10972f7\" data-element_type=\"container\" data-settings=\"{&quot;container_type&quot;:&quot;flex&quot;,&quot;content_width&quot;:&quot;boxed&quot;}\">\n\t\t\t\t\t<div class=\"e-con-inner\">\n\t\t\t\t<div class=\"elementor-element elementor-element-6360946 elementor-widget elementor-widget-sp-breadcrumbs\" data-id=\"6360946\" data-element_type=\"widget\" data-widget_type=\"sp-breadcrumbs.default\">\n\t\t\t\t<div class=\"elementor-widget-container\">\n\t\t\t<nav  aria-label=\"breadcrumb\"><ol class=\"breadcrumb\" itemscope itemtype=\"https:\/\/schema.org\/BreadcrumbList\"><li class=\"breadcrumb-item active\" aria-current=\"page\" itemprop=\"itemListElement\" itemscope itemtype=\"https:\/\/schema.org\/ListItem\"><span itemprop=\"name\">\u00davodn\u00e9<\/span><meta itemprop=\"position\" content=\"1\"><\/li><\/ol><\/nav>\t\t<\/div>\n\t\t\t\t<\/div>\n\t\t\t\t\t<\/div>\n\t\t\t\t<\/div>\n\t\t\t\t\t<\/div>\n\t\t\t\t<\/div>\n\t\t<div class=\"elementor-element elementor-element-7fd19a16 e-flex e-con-boxed e-con e-parent\" data-id=\"7fd19a16\" data-element_type=\"container\" data-settings=\"{&quot;background_background&quot;:&quot;gradient&quot;,&quot;container_type&quot;:&quot;flex&quot;,&quot;content_width&quot;:&quot;boxed&quot;}\" data-core-v316-plus=\"true\">\n\t\t\t\t\t<div class=\"e-con-inner\">\n\t\t<div class=\"elementor-element elementor-element-14ee1017 e-flex e-con-boxed e-con e-child\" data-id=\"14ee1017\" data-element_type=\"container\" data-settings=\"{&quot;container_type&quot;:&quot;flex&quot;,&quot;content_width&quot;:&quot;boxed&quot;}\">\n\t\t\t\t\t<div class=\"e-con-inner\">\n\t\t\t\t<div class=\"elementor-element elementor-element-166cd46c elementor-widget elementor-widget-heading\" data-id=\"166cd46c\" data-element_type=\"widget\" data-widget_type=\"heading.default\">\n\t\t\t\t<div class=\"elementor-widget-container\">\n\t\t\t<style>\/*! elementor - v3.18.0 - 08-12-2023 *\/\n.elementor-heading-title{padding:0;margin:0;line-height:1}.elementor-widget-heading .elementor-heading-title[class*=elementor-size-]>a{color:inherit;font-size:inherit;line-height:inherit}.elementor-widget-heading .elementor-heading-title.elementor-size-small{font-size:15px}.elementor-widget-heading .elementor-heading-title.elementor-size-medium{font-size:19px}.elementor-widget-heading .elementor-heading-title.elementor-size-large{font-size:29px}.elementor-widget-heading .elementor-heading-title.elementor-size-xl{font-size:39px}.elementor-widget-heading .elementor-heading-title.elementor-size-xxl{font-size:59px}<\/style><h2 class=\"elementor-heading-title elementor-size-default\">Bu\u010fte i vy s\u00fa\u010das\u0165ou spolo\u010dnosti FORTISCHEM a. s.\n<\/h2>\t\t<\/div>\n\t\t\t\t<\/div>\n\t\t\t\t<div class=\"elementor-element elementor-element-6f1271eb elementor-widget elementor-widget-text-editor\" data-id=\"6f1271eb\" data-element_type=\"widget\" data-widget_type=\"text-editor.default\">\n\t\t\t\t<div class=\"elementor-widget-container\">\n\t\t\t<style>\/*! elementor - v3.18.0 - 08-12-2023 *\/\n.elementor-widget-text-editor.elementor-drop-cap-view-stacked .elementor-drop-cap{background-color:#69727d;color:#fff}.elementor-widget-text-editor.elementor-drop-cap-view-framed .elementor-drop-cap{color:#69727d;border:3px solid;background-color:transparent}.elementor-widget-text-editor:not(.elementor-drop-cap-view-default) .elementor-drop-cap{margin-top:8px}.elementor-widget-text-editor:not(.elementor-drop-cap-view-default) .elementor-drop-cap-letter{width:1em;height:1em}.elementor-widget-text-editor .elementor-drop-cap{float:left;text-align:center;line-height:1;font-size:50px}.elementor-widget-text-editor .elementor-drop-cap-letter{display:inline-block}<\/style>\t\t\t\t<p>Na\u0161ou k\u013e\u00fa\u010dovou hodnotou je T\u00cdMOV\u00c1 SPOLUPR\u00c1CA, ktor\u00e1 sp\u00e1ja ostatn\u00e9 hodnoty\u00a0 ako s\u00fa orient\u00e1ciu na z\u00e1kazn\u00edka, odbornos\u0165, spoluzodpovednos\u0165.<\/p><p>M\u00e1me z\u00e1ujem o zamestnancov, ktor\u00ed tieto hodnoty vedia a chc\u00fa podporova\u0165.<\/p>\t\t\t\t\t\t<\/div>\n\t\t\t\t<\/div>\n\t\t\t\t\t<\/div>\n\t\t\t\t<\/div>\n\t\t<div class=\"elementor-element elementor-element-5f363f1b e-flex e-con-boxed e-con e-child\" data-id=\"5f363f1b\" data-element_type=\"container\" data-settings=\"{&quot;container_type&quot;:&quot;flex&quot;,&quot;content_width&quot;:&quot;boxed&quot;}\">\n\t\t\t\t\t<div class=\"e-con-inner\">\n\t\t\t\t<div class=\"elementor-element elementor-element-47188906 elementor-widget elementor-widget-image\" data-id=\"47188906\" data-element_type=\"widget\" id=\"add-mask-left\" data-widget_type=\"image.default\">\n\t\t\t\t<div class=\"elementor-widget-container\">\n\t\t\t<style>\/*! elementor - v3.18.0 - 08-12-2023 *\/\n.elementor-widget-image{text-align:center}.elementor-widget-image a{display:inline-block}.elementor-widget-image a img[src$=\".svg\"]{width:48px}.elementor-widget-image img{vertical-align:middle;display:inline-block}<\/style>\t\t\t\t\t\t\t\t\t\t\t\t<img fetchpriority=\"high\" decoding=\"async\" width=\"300\" height=\"300\" src=\"https:\/\/www.fortischem.sk\/wp-content\/uploads\/2023\/06\/VHA7756-300x300.jpg\" class=\"attachment-medium size-medium wp-image-2884\" alt=\"\" srcset=\"https:\/\/www.fortischem.sk\/wp-content\/uploads\/2023\/06\/VHA7756-300x300.jpg 300w, https:\/\/www.fortischem.sk\/wp-content\/uploads\/2023\/06\/VHA7756-1024x1024.jpg 1024w, https:\/\/www.fortischem.sk\/wp-content\/uploads\/2023\/06\/VHA7756-150x150.jpg 150w, https:\/\/www.fortischem.sk\/wp-content\/uploads\/2023\/06\/VHA7756-768x769.jpg 768w, https:\/\/www.fortischem.sk\/wp-content\/uploads\/2023\/06\/VHA7756.jpg 1368w\" sizes=\"(max-width: 300px) 100vw, 300px\" \/>\t\t\t\t\t\t\t\t\t\t\t\t\t\t\t<\/div>\n\t\t\t\t<\/div>\n\t\t\t\t\t<\/div>\n\t\t\t\t<\/div>\n\t\t\t\t\t<\/div>\n\t\t\t\t<\/div>\n\t\t<div class=\"elementor-element elementor-element-3507d33 e-flex e-con-boxed e-con e-parent\" data-id=\"3507d33\" data-element_type=\"container\" data-settings=\"{&quot;container_type&quot;:&quot;flex&quot;,&quot;content_width&quot;:&quot;boxed&quot;}\" data-core-v316-plus=\"true\">\n\t\t\t\t\t<div class=\"e-con-inner\">\n\t\t<div class=\"elementor-element elementor-element-18c81309 e-flex e-con-boxed e-con e-child\" data-id=\"18c81309\" data-element_type=\"container\" data-settings=\"{&quot;container_type&quot;:&quot;flex&quot;,&quot;content_width&quot;:&quot;boxed&quot;}\">\n\t\t\t\t\t<div class=\"e-con-inner\">\n\t\t\t\t<div class=\"elementor-element elementor-element-1f413455 elementor-widget elementor-widget-image\" data-id=\"1f413455\" data-element_type=\"widget\" data-widget_type=\"image.default\">\n\t\t\t\t<div class=\"elementor-widget-container\">\n\t\t\t\t\t\t\t\t\t\t\t\t\t\t\t\t<a href=\"\/kariera\/nabidka-pozic\/\">\n\t\t\t\t\t\t\t<img decoding=\"async\" width=\"800\" height=\"800\" src=\"https:\/\/www.fortischem.sk\/wp-content\/uploads\/2023\/05\/shutterstock_1080612293-1024x1024.jpg\" class=\"attachment-large size-large wp-image-2433\" alt=\"\" srcset=\"https:\/\/www.fortischem.sk\/wp-content\/uploads\/2023\/05\/shutterstock_1080612293-1024x1024.jpg 1024w, https:\/\/www.fortischem.sk\/wp-content\/uploads\/2023\/05\/shutterstock_1080612293-300x300.jpg 300w, https:\/\/www.fortischem.sk\/wp-content\/uploads\/2023\/05\/shutterstock_1080612293-150x150.jpg 150w, https:\/\/www.fortischem.sk\/wp-content\/uploads\/2023\/05\/shutterstock_1080612293-768x768.jpg 768w, https:\/\/www.fortischem.sk\/wp-content\/uploads\/2023\/05\/shutterstock_1080612293-1536x1536.jpg 1536w, https:\/\/www.fortischem.sk\/wp-content\/uploads\/2023\/05\/shutterstock_1080612293-2048x2048.jpg 2048w\" sizes=\"(max-width: 800px) 100vw, 800px\" \/>\t\t\t\t\t\t\t\t<\/a>\n\t\t\t\t\t\t\t\t\t\t\t\t\t\t\t<\/div>\n\t\t\t\t<\/div>\n\t\t\t\t<div class=\"elementor-element elementor-element-60f62ad elementor-widget elementor-widget-heading\" data-id=\"60f62ad\" data-element_type=\"widget\" data-widget_type=\"heading.default\">\n\t\t\t\t<div class=\"elementor-widget-container\">\n\t\t\t<h2 class=\"elementor-heading-title elementor-size-default\"><a href=\"\/kariera\/nabidka-pozic\/\">Ponuka poz\u00edci\u00ed<\/a><\/h2>\t\t<\/div>\n\t\t\t\t<\/div>\n\t\t\t\t\t<\/div>\n\t\t\t\t<\/div>\n\t\t<!-- dce invisible element 62ce67ba --><div class=\"elementor-element elementor-element-7436b0e e-flex e-con-boxed e-con e-child\" data-id=\"7436b0e\" data-element_type=\"container\" data-settings=\"{&quot;container_type&quot;:&quot;flex&quot;,&quot;content_width&quot;:&quot;boxed&quot;}\">\n\t\t\t\t\t<div class=\"e-con-inner\">\n\t\t\t\t<div class=\"elementor-element elementor-element-4f945de1 elementor-widget elementor-widget-image\" data-id=\"4f945de1\" data-element_type=\"widget\" data-widget_type=\"image.default\">\n\t\t\t\t<div class=\"elementor-widget-container\">\n\t\t\t\t\t\t\t\t\t\t\t\t\t\t\t\t<a href=\"\/kariera\/studenti\/\">\n\t\t\t\t\t\t\t<img decoding=\"async\" width=\"800\" height=\"800\" src=\"https:\/\/www.fortischem.sk\/wp-content\/uploads\/2023\/06\/student-1-1024x1024.jpeg\" class=\"attachment-large size-large wp-image-2889\" alt=\"\" srcset=\"https:\/\/www.fortischem.sk\/wp-content\/uploads\/2023\/06\/student-1-1024x1024.jpeg 1024w, https:\/\/www.fortischem.sk\/wp-content\/uploads\/2023\/06\/student-1-300x300.jpeg 300w, https:\/\/www.fortischem.sk\/wp-content\/uploads\/2023\/06\/student-1-150x150.jpeg 150w, https:\/\/www.fortischem.sk\/wp-content\/uploads\/2023\/06\/student-1-768x768.jpeg 768w, https:\/\/www.fortischem.sk\/wp-content\/uploads\/2023\/06\/student-1.jpeg 1536w\" sizes=\"(max-width: 800px) 100vw, 800px\" \/>\t\t\t\t\t\t\t\t<\/a>\n\t\t\t\t\t\t\t\t\t\t\t\t\t\t\t<\/div>\n\t\t\t\t<\/div>\n\t\t\t\t<div class=\"elementor-element elementor-element-18ebb9b elementor-widget elementor-widget-heading\" data-id=\"18ebb9b\" data-element_type=\"widget\" data-widget_type=\"heading.default\">\n\t\t\t\t<div class=\"elementor-widget-container\">\n\t\t\t<h2 class=\"elementor-heading-title elementor-size-default\"><a href=\"\/kariera\/studenti\/\">Spolupr\u00e1ca so \u0161kolami<\/a><\/h2>\t\t<\/div>\n\t\t\t\t<\/div>\n\t\t\t\t\t<\/div>\n\t\t\t\t<\/div>\n\t\t<!-- dce invisible element 8838c82 -->\t\t\t<\/div>\n\t\t\t\t<\/div>\n\t\t<div class=\"elementor-element elementor-element-bfc1e72 e-flex e-con-boxed e-con e-parent\" data-id=\"bfc1e72\" data-element_type=\"container\" data-settings=\"{&quot;container_type&quot;:&quot;flex&quot;,&quot;content_width&quot;:&quot;boxed&quot;}\" data-core-v316-plus=\"true\">\n\t\t\t\t\t<div class=\"e-con-inner\">\n\t\t\t\t\t<\/div>\n\t\t\t\t<\/div>\n\t\t<div class=\"elementor-element elementor-element-c04a475 e-flex e-con-boxed e-con e-parent\" data-id=\"c04a475\" data-element_type=\"container\" data-settings=\"{&quot;container_type&quot;:&quot;flex&quot;,&quot;content_width&quot;:&quot;boxed&quot;}\" data-core-v316-plus=\"true\">\n\t\t\t\t\t<div class=\"e-con-inner\">\n\t\t\t\t<div class=\"elementor-element elementor-element-ed8ad9e elementor-widget elementor-widget-heading\" data-id=\"ed8ad9e\" data-element_type=\"widget\" data-widget_type=\"heading.default\">\n\t\t\t\t<div class=\"elementor-widget-container\">\n\t\t\t<h2 class=\"elementor-heading-title elementor-size-default\">Pre\u010do si vybra\u0165 FORTISCHEM a. s. ?<\/h2>\t\t<\/div>\n\t\t\t\t<\/div>\n\t\t\t\t\t<\/div>\n\t\t\t\t<\/div>\n\t\t<div class=\"elementor-element elementor-element-2150560 e-flex e-con-boxed e-con e-parent\" data-id=\"2150560\" data-element_type=\"container\" data-settings=\"{&quot;container_type&quot;:&quot;flex&quot;,&quot;content_width&quot;:&quot;boxed&quot;}\" data-core-v316-plus=\"true\">\n\t\t\t\t\t<div class=\"e-con-inner\">\n\t\t\t\t<div class=\"elementor-element elementor-element-5c685ae elementor-widget elementor-widget-text-editor\" data-id=\"5c685ae\" data-element_type=\"widget\" data-widget_type=\"text-editor.default\">\n\t\t\t\t<div class=\"elementor-widget-container\">\n\t\t\t\t\t\t\t<ul><li><p>Sme spolo\u010dnos\u0165 s hist\u00f3riou (p\u00f4sob\u00edme v Nov\u00e1koch od roku 1940)<\/p><\/li><li><p>Na\u0161i zamestnanci tvoria nieko\u013ekogenera\u010dn\u00e9 rodinn\u00e9 prepojenia<\/p><\/li><li><p>Stabilne pon\u00fakame pr\u00e1cu pre okolo 1 000 \u013eud\u00ed a na viac ako 500 pracovn\u00fdch postov<\/p><\/li><li><p>Spolupracujeme so vzdel\u00e1vac\u00edmi in\u0161tit\u00faciami a t\u00fdm garantujeme odbornos\u0165 v z\u00edskavan\u00fdch inform\u00e1ci\u00e1ch, v zau\u010dovan\u00ed a t\u00fdm aj v kari\u00e9rnom raste<\/p><\/li><\/ul>\t\t\t\t\t\t<\/div>\n\t\t\t\t<\/div>\n\t\t\t\t\t<\/div>\n\t\t\t\t<\/div>\n\t\t\t\t\t\t\t<\/div>\n\t\t","protected":false},"excerpt":{"rendered":"<p>\u00davodn\u00e9 Bu\u010fte i vy s\u00fa\u010das\u0165ou spolo\u010dnosti FORTISCHEM a. s. Na\u0161ou k\u013e\u00fa\u010dovou hodnotou je T\u00cdMOV\u00c1 SPOLUPR\u00c1CA, ktor\u00e1 sp\u00e1ja ostatn\u00e9 hodnoty\u00a0 ako s\u00fa orient\u00e1ciu na z\u00e1kazn\u00edka, odbornos\u0165, spoluzodpovednos\u0165. M\u00e1me z\u00e1ujem o zamestnancov, ktor\u00ed tieto hodnoty vedia a chc\u00fa podporova\u0165. Ponuka poz\u00edci\u00ed Benefity Spolupr\u00e1ca so \u0161kolami Stipendium Pre\u010do si vybra\u0165 FORTISCHEM a. s. ? Sme spolo\u010dnos\u0165 s hist\u00f3riou [&hellip;]<\/p>\n","protected":false},"author":1,"featured_media":0,"parent":0,"menu_order":0,"comment_status":"closed","ping_status":"closed","template":"","meta":{"_seopress_robots_primary_cat":"","footnotes":""},"class_list":["post-438","page","type-page","status-publish","hentry"],"acf":[],"_links":{"self":[{"href":"https:\/\/www.fortischem.sk\/sk\/wp-json\/wp\/v2\/pages\/438","targetHints":{"allow":["GET"]}}],"collection":[{"href":"https:\/\/www.fortischem.sk\/sk\/wp-json\/wp\/v2\/pages"}],"about":[{"href":"https:\/\/www.fortischem.sk\/sk\/wp-json\/wp\/v2\/types\/page"}],"author":[{"embeddable":true,"href":"https:\/\/www.fortischem.sk\/sk\/wp-json\/wp\/v2\/users\/1"}],"replies":[{"embeddable":true,"href":"https:\/\/www.fortischem.sk\/sk\/wp-json\/wp\/v2\/comments?post=438"}],"version-history":[{"count":18,"href":"https:\/\/www.fortischem.sk\/sk\/wp-json\/wp\/v2\/pages\/438\/revisions"}],"predecessor-version":[{"id":5808,"href":"https:\/\/www.fortischem.sk\/sk\/wp-json\/wp\/v2\/pages\/438\/revisions\/5808"}],"wp:attachment":[{"href":"https:\/\/www.fortischem.sk\/sk\/wp-json\/wp\/v2\/media?parent=438"}],"curies":[{"name":"wp","href":"https:\/\/api.w.org\/{rel}","templated":true}]}}