{"id":4377,"date":"2023-08-01T13:47:20","date_gmt":"2023-08-01T11:47:20","guid":{"rendered":"http:\/\/www.fortischem.sk\/?page_id=4377"},"modified":"2024-08-22T13:22:24","modified_gmt":"2024-08-22T11:22:24","slug":"prehlad-ziadosti","status":"publish","type":"page","link":"https:\/\/www.fortischem.sk\/sk\/odpovedna-firma\/sponsoring-minigrant\/prehlad-ziadosti\/","title":{"rendered":"Preh\u013ead \u017eiadost\u00ed"},"content":{"rendered":"\t\t<div data-elementor-type=\"wp-page\" data-elementor-id=\"4377\" class=\"elementor elementor-4377\" data-elementor-post-type=\"page\">\n\t\t\t\t\t\t\t<div class=\"elementor-element elementor-element-af26f2d e-con-full e-flex e-con e-parent\" data-id=\"af26f2d\" data-element_type=\"container\" data-settings=\"{&quot;content_width&quot;:&quot;full&quot;,&quot;container_type&quot;:&quot;flex&quot;}\" data-core-v316-plus=\"true\">\n\t\t\t\t<div class=\"elementor-element elementor-element-db3a832 elementor-widget elementor-widget-text-editor\" data-id=\"db3a832\" data-element_type=\"widget\" data-widget_type=\"text-editor.default\">\n\t\t\t\t<div class=\"elementor-widget-container\">\n\t\t\t<style>\/*! elementor - v3.18.0 - 08-12-2023 *\/\n.elementor-widget-text-editor.elementor-drop-cap-view-stacked .elementor-drop-cap{background-color:#69727d;color:#fff}.elementor-widget-text-editor.elementor-drop-cap-view-framed .elementor-drop-cap{color:#69727d;border:3px solid;background-color:transparent}.elementor-widget-text-editor:not(.elementor-drop-cap-view-default) .elementor-drop-cap{margin-top:8px}.elementor-widget-text-editor:not(.elementor-drop-cap-view-default) .elementor-drop-cap-letter{width:1em;height:1em}.elementor-widget-text-editor .elementor-drop-cap{float:left;text-align:center;line-height:1;font-size:50px}.elementor-widget-text-editor .elementor-drop-cap-letter{display:inline-block}<\/style>\t\t\t\t<table border=\"1\">\n<tbody>\n<tr>\n<td>\n<h2><strong>2024<\/strong><\/h2>\n<\/td>\n<td>&nbsp;<\/td>\n<td>&nbsp;<\/td>\n<\/tr>\n<tr>\n<td><strong>PR\u00cdJEMCA MINIGRANTU<\/strong><\/td>\n<td><strong>PODUJATIE \/ N\u00c1ZOV AKCIE<\/strong><\/td>\n<td><strong>SCHV\u00c1LEN\u00c1 \u010cIASTKA<\/strong><\/td>\n<\/tr>\n<tr>\n<td width=\"433\">BOWLING<\/td>\n<td width=\"493\">Turnaj medzi \u00fatvarmi spolo\u010dnosti FORTISCHEM<\/td>\n<td width=\"76\">400 \u20ac<\/td>\n<\/tr>\n<tr>\n<td width=\"433\">DO\u017dINKOV\u00dd BEH<\/td>\n<td width=\"493\">Do\u017einkov\u00fd beh v Diviakoch nad Nitricou v de\u0148 Do\u017einkov\u00fdch sl\u00e1vnost\u00ed d\u0148a 3.8.2024<\/td>\n<td width=\"76\">400 \u20ac<\/td>\n<\/tr>\n<tr>\n<td width=\"433\">&nbsp;#VybehajTo! III. Bull show<\/td>\n<td width=\"493\">&nbsp;Psie \u0161porty, konkr\u00e9tne Bull \u0161porty. S\u00fa\u0165a\u017eilo sa v nieko\u013ek\u00fdch discipl\u00ednach.<\/td>\n<td width=\"76\">&nbsp;300\u20ac<\/td>\n<\/tr>\n<tr>\n<td width=\"433\">&nbsp;Dynasport beh na ROKO\u0160 2024<\/td>\n<td width=\"493\">&nbsp;Akcia m\u00e1 pr\u00ednos najm\u00e4 v prezent\u00e1cii zdrav\u00e9ho \u0161portov\u00e9ho ducha medzi obyvate\u013emi regi\u00f3nu a taktie\u017e v \u0161portovej osvete medzi mlad\u00fdmi a de\u0165mi.&nbsp;<\/td>\n<td width=\"76\">&nbsp;400\u20ac<\/td>\n<\/tr>\n<tr>\n<td width=\"433\">&nbsp;Slovakia cup 2024 &#8211; vodn\u00e9 p\u00f3lo<\/td>\n<td width=\"493\">&nbsp;<span style=\"font-size: 11.0pt; line-height: 107%; font-family: 'Calibri',sans-serif; mso-ascii-theme-font: minor-latin; mso-fareast-font-family: Calibri; mso-fareast-theme-font: minor-latin; mso-hansi-theme-font: minor-latin; mso-bidi-font-family: 'Times New Roman'; mso-bidi-theme-font: minor-bidi; mso-ansi-language: SK; mso-fareast-language: EN-US; mso-bidi-language: AR-SA;\">Medzin\u00e1rodn\u00fd vodnop\u00f3lov\u00fd turnaj.<\/span><\/td>\n<td width=\"76\">&nbsp;200\u20ac<\/td>\n<\/tr>\n<tr>\n<td width=\"433\">&nbsp;De\u0148 rodiny<\/td>\n<td width=\"493\"><span style=\"font-family: Calibri, sans-serif; font-size: 14.6667px;\">Spolupr\u00e1ca medzi rodinami a \u0161kolou. Podporenie vz\u00e1jomne dobr\u00fdch vz\u0165ahov.<\/span><br><\/td>\n<td width=\"76\">&nbsp;300\u20ac<\/td>\n<\/tr>\n<tr>\n<td width=\"433\">&nbsp;47. ro\u010dn\u00edk Letnej \u0161koly ch\u00e9mie<\/td>\n<td width=\"493\">&nbsp;<span style=\"font-size:11.0pt;line-height:107%; font-family:&quot;Calibri&quot;,sans-serif;mso-ascii-theme-font:minor-latin;mso-fareast-font-family: Calibri;mso-fareast-theme-font:minor-latin;mso-hansi-theme-font:minor-latin; mso-bidi-font-family:&quot;Times New Roman&quot;;mso-bidi-theme-font:minor-bidi; mso-ansi-language:SK;mso-fareast-language:EN-US;mso-bidi-language:AR-SA\">L\u0160CH je tradi\u010dn\u00e9 podujatie, organizovan\u00e9 Slovenskou komisiou Chemickej olympi\u00e1dy a pr\u00edslu\u0161nou \u0161kolou.&nbsp;<\/span><\/td>\n<td width=\"76\">&nbsp;400\u20ac<\/td>\n<\/tr>\n<\/tbody>\n<\/table>\n<table border=\"1\">\n<tbody>\n<tr>\n<td>\n<h2><strong>2023<\/strong><\/h2>\n<\/td>\n<td>&nbsp;<\/td>\n<td>&nbsp;<\/td>\n<\/tr>\n<tr>\n<td><strong>PR\u00cdJEMCA MINIGRANTU<\/strong><\/td>\n<td><strong>PODUJATIE \/ N\u00c1ZOV AKCIE<\/strong><\/td>\n<td><strong>SCHV\u00c1LEN\u00c1 \u010cIASTKA<\/strong><\/td>\n<\/tr>\n<tr>\n<td width=\"433\">Mesto Nov\u00e1ky<\/td>\n<td width=\"493\">Letn\u00fd de\u0148 2023<\/td>\n<td width=\"76\">400 \u20ac<\/td>\n<\/tr>\n<tr>\n<td width=\"433\">TJ Ban\u00edk Lehota pod Vt\u00e1\u010dnikom<\/td>\n<td width=\"493\">Cvi\u010denie ku zdraviu<\/td>\n<td width=\"76\">200 \u20ac<\/td>\n<\/tr>\n<tr>\n<td width=\"433\">Klub vodn\u00e9ho p\u00f3la Nov\u00e1ky o.z.<\/td>\n<td width=\"493\">Medzin\u00e1rodn\u00fd ml\u00e1de\u017en\u00edcky vodnop\u00f3lov\u00fd turnaj v Chorv\u00e1tsku<\/td>\n<td width=\"76\">400 \u20ac<\/td>\n<\/tr>\n<tr>\n<td width=\"433\">Klub vodn\u00e9ho p\u00f3la Nov\u00e1ky o.z.<\/td>\n<td width=\"493\">\u00da\u010das\u0165 na \u0161tvr\u0165fin\u00e1le eur\u00f3pskeho poh\u00e1ra CHALLENGER CUP<\/td>\n<td width=\"76\">400 \u20ac<\/td>\n<\/tr>\n<tr>\n<td width=\"433\">Powerjoga<\/td>\n<td width=\"493\">Cvi\u010denie powerjogy pre zamestnancov spol. FORTISCHEM a.s.<\/td>\n<td width=\"76\">500 \u20ac<\/td>\n<\/tr>\n<tr>\n<td width=\"433\">TJ Ban\u00edk Lehota pod Vt\u00e1\u010dnikom<\/td>\n<td width=\"493\">Turnajov\u00e9 s\u00fa\u0165a\u017ee 6-12 ro\u010dn\u00fdch diev\u010dat<\/td>\n<td width=\"76\">400 \u20ac<\/td>\n<\/tr>\n<tr>\n<td width=\"433\">Atletico Novejsa Diviack\u00e1 Nov\u00e1 Ves<\/td>\n<td width=\"493\">Benefi\u010dn\u00fd turnaj a koncert<\/td>\n<td width=\"76\">400 \u20ac<\/td>\n<\/tr>\n<\/tbody>\n<\/table>\t\t\t\t\t\t<\/div>\n\t\t\t\t<\/div>\n\t\t\t\t<\/div>\n\t\t\t\t\t\t\t<\/div>\n\t\t","protected":false},"excerpt":{"rendered":"<p>2024 &nbsp; &nbsp; PR\u00cdJEMCA MINIGRANTU PODUJATIE \/ N\u00c1ZOV AKCIE SCHV\u00c1LEN\u00c1 \u010cIASTKA BOWLING Turnaj medzi \u00fatvarmi spolo\u010dnosti FORTISCHEM 400 \u20ac DO\u017dINKOV\u00dd BEH Do\u017einkov\u00fd beh v Diviakoch nad Nitricou v de\u0148 Do\u017einkov\u00fdch sl\u00e1vnost\u00ed d\u0148a 3.8.2024 400 \u20ac &nbsp;#VybehajTo! III. Bull show &nbsp;Psie \u0161porty, konkr\u00e9tne Bull \u0161porty. S\u00fa\u0165a\u017eilo sa v nieko\u013ek\u00fdch discipl\u00ednach. &nbsp;300\u20ac &nbsp;Dynasport beh na ROKO\u0160 2024 [&hellip;]<\/p>\n","protected":false},"author":1,"featured_media":0,"parent":4167,"menu_order":0,"comment_status":"closed","ping_status":"closed","template":"","meta":{"_seopress_robots_primary_cat":"","footnotes":""},"class_list":["post-4377","page","type-page","status-publish","hentry"],"acf":[],"_links":{"self":[{"href":"https:\/\/www.fortischem.sk\/sk\/wp-json\/wp\/v2\/pages\/4377","targetHints":{"allow":["GET"]}}],"collection":[{"href":"https:\/\/www.fortischem.sk\/sk\/wp-json\/wp\/v2\/pages"}],"about":[{"href":"https:\/\/www.fortischem.sk\/sk\/wp-json\/wp\/v2\/types\/page"}],"author":[{"embeddable":true,"href":"https:\/\/www.fortischem.sk\/sk\/wp-json\/wp\/v2\/users\/1"}],"replies":[{"embeddable":true,"href":"https:\/\/www.fortischem.sk\/sk\/wp-json\/wp\/v2\/comments?post=4377"}],"version-history":[{"count":37,"href":"https:\/\/www.fortischem.sk\/sk\/wp-json\/wp\/v2\/pages\/4377\/revisions"}],"predecessor-version":[{"id":6233,"href":"https:\/\/www.fortischem.sk\/sk\/wp-json\/wp\/v2\/pages\/4377\/revisions\/6233"}],"up":[{"embeddable":true,"href":"https:\/\/www.fortischem.sk\/sk\/wp-json\/wp\/v2\/pages\/4167"}],"wp:attachment":[{"href":"https:\/\/www.fortischem.sk\/sk\/wp-json\/wp\/v2\/media?parent=4377"}],"curies":[{"name":"wp","href":"https:\/\/api.w.org\/{rel}","templated":true}]}}