{"id":4225,"date":"2023-07-10T16:39:04","date_gmt":"2023-07-10T14:39:04","guid":{"rendered":"http:\/\/www.fortischem.sk\/?page_id=4225"},"modified":"2024-06-17T10:45:39","modified_gmt":"2024-06-17T08:45:39","slug":"pravidla-akcie","status":"publish","type":"page","link":"https:\/\/www.fortischem.sk\/sk\/odpovedna-firma\/sponsoring-minigrant\/pravidla-akcie\/","title":{"rendered":"Pravidl\u00e1 akcie"},"content":{"rendered":"\t\t<div data-elementor-type=\"wp-page\" data-elementor-id=\"4225\" class=\"elementor elementor-4225\" data-elementor-post-type=\"page\">\n\t\t\t\t\t\t\t<div data-dce-background-image-url=\"https:\/\/www.fortischem.sk\/wp-content\/uploads\/2024\/06\/Web-stranka-20-x-10-cm.png\" class=\"elementor-element elementor-element-14580f08 e-con-full e-flex e-con e-parent\" data-id=\"14580f08\" data-element_type=\"container\" data-settings=\"{&quot;content_width&quot;:&quot;full&quot;,&quot;background_background&quot;:&quot;classic&quot;,&quot;container_type&quot;:&quot;flex&quot;}\" data-e-bg-lazyload=\"\" data-core-v316-plus=\"true\">\n\t\t\t\t<\/div>\n\t\t<div class=\"elementor-element elementor-element-3317cb75 e-flex e-con-boxed e-con e-parent\" data-id=\"3317cb75\" data-element_type=\"container\" data-settings=\"{&quot;background_background&quot;:&quot;classic&quot;,&quot;container_type&quot;:&quot;flex&quot;,&quot;content_width&quot;:&quot;boxed&quot;}\" data-core-v316-plus=\"true\">\n\t\t\t\t\t<div class=\"e-con-inner\">\n\t\t<div class=\"elementor-element elementor-element-37e80eb3 e-flex e-con-boxed e-con e-child\" data-id=\"37e80eb3\" data-element_type=\"container\" data-settings=\"{&quot;container_type&quot;:&quot;flex&quot;,&quot;content_width&quot;:&quot;boxed&quot;}\">\n\t\t\t\t\t<div class=\"e-con-inner\">\n\t\t\t\t<div class=\"elementor-element elementor-element-2e0c62a elementor-widget elementor-widget-sp-breadcrumbs\" data-id=\"2e0c62a\" data-element_type=\"widget\" data-widget_type=\"sp-breadcrumbs.default\">\n\t\t\t\t<div class=\"elementor-widget-container\">\n\t\t\t<nav  aria-label=\"breadcrumb\"><ol class=\"breadcrumb\" itemscope itemtype=\"https:\/\/schema.org\/BreadcrumbList\"><li class=\"breadcrumb-item active\" aria-current=\"page\" itemprop=\"itemListElement\" itemscope itemtype=\"https:\/\/schema.org\/ListItem\"><span itemprop=\"name\">\u00davodn\u00e9<\/span><meta itemprop=\"position\" content=\"1\"><\/li><\/ol><\/nav>\t\t<\/div>\n\t\t\t\t<\/div>\n\t\t\t\t<div class=\"elementor-element elementor-element-21743d43 elementor-widget elementor-widget-heading\" data-id=\"21743d43\" data-element_type=\"widget\" data-widget_type=\"heading.default\">\n\t\t\t\t<div class=\"elementor-widget-container\">\n\t\t\t<style>\/*! elementor - v3.18.0 - 08-12-2023 *\/\n.elementor-heading-title{padding:0;margin:0;line-height:1}.elementor-widget-heading .elementor-heading-title[class*=elementor-size-]>a{color:inherit;font-size:inherit;line-height:inherit}.elementor-widget-heading .elementor-heading-title.elementor-size-small{font-size:15px}.elementor-widget-heading .elementor-heading-title.elementor-size-medium{font-size:19px}.elementor-widget-heading .elementor-heading-title.elementor-size-large{font-size:29px}.elementor-widget-heading .elementor-heading-title.elementor-size-xl{font-size:39px}.elementor-widget-heading .elementor-heading-title.elementor-size-xxl{font-size:59px}<\/style><h1 class=\"elementor-heading-title elementor-size-default\">Pravidl\u00e1 akcie<\/h1>\t\t<\/div>\n\t\t\t\t<\/div>\n\t\t\t\t\t<\/div>\n\t\t\t\t<\/div>\n\t\t\t\t\t<\/div>\n\t\t\t\t<\/div>\n\t\t<div class=\"elementor-element elementor-element-e04288d e-flex e-con-boxed e-con e-parent\" data-id=\"e04288d\" data-element_type=\"container\" data-settings=\"{&quot;container_type&quot;:&quot;flex&quot;,&quot;content_width&quot;:&quot;boxed&quot;}\" data-core-v316-plus=\"true\">\n\t\t\t\t\t<div class=\"e-con-inner\">\n\t\t\t\t<div class=\"elementor-element elementor-element-74fc59e elementor-widget elementor-widget-text-editor\" data-id=\"74fc59e\" data-element_type=\"widget\" data-widget_type=\"text-editor.default\">\n\t\t\t\t<div class=\"elementor-widget-container\">\n\t\t\t<style>\/*! elementor - v3.18.0 - 08-12-2023 *\/\n.elementor-widget-text-editor.elementor-drop-cap-view-stacked .elementor-drop-cap{background-color:#69727d;color:#fff}.elementor-widget-text-editor.elementor-drop-cap-view-framed .elementor-drop-cap{color:#69727d;border:3px solid;background-color:transparent}.elementor-widget-text-editor:not(.elementor-drop-cap-view-default) .elementor-drop-cap{margin-top:8px}.elementor-widget-text-editor:not(.elementor-drop-cap-view-default) .elementor-drop-cap-letter{width:1em;height:1em}.elementor-widget-text-editor .elementor-drop-cap{float:left;text-align:center;line-height:1;font-size:50px}.elementor-widget-text-editor .elementor-drop-cap-letter{display:inline-block}<\/style>\t\t\t\t<p><b>Kto sa m\u00f4\u017ee z\u00fa\u010dastni\u0165<\/b><\/p>\n<p>\u00da\u010dastn\u00edkom Projektu m\u00f4\u017ee by\u0165 plne svojpr\u00e1vna fyzick\u00e1 osoba alebo pr\u00e1vnick\u00e1 osoba.<\/p>\n<p><b>Preplatenie <\/b><b>minigrantov<\/b><\/p>\n<p>Suma bude preplaten\u00e1 po akcii, a to po dolo\u017een\u00ed, \u017ee akcia prebehla (ozn\u00e1menie a fotodokument\u00e1cia). Nevy\u017eadujeme sp\u00e4tn\u00e9 vy\u00fa\u010dtovanie ani dolo\u017eenie vy\u010derpania v\u00fd\u0161ky minigrantu.<\/p>\n<p><b>Ak\u00e9 akcie je mo\u017en\u00e9 prihl\u00e1si\u0165<\/b><\/p>\n<p>\u017diadate\u013e m\u00f4\u017ee prihl\u00e1si\u0165 akcie podporuj\u00face komunity v oblastiach:<\/p>\n<ul>\n<li><b>\u017divotn\u00e9 prostredie <\/b>(- akcia prispievaj\u00faca k ochrane \u017eivotn\u00e9ho prostredia, edukat\u00edvna \u010dinnos\u0165 na t\u00fato t\u00e9mu at\u010f.<\/li>\n<li><b>Kult\u00fara <\/b>(akcie rozv\u00edjaj\u00face du\u0161evn\u00e9 zdravie a vzdelanie obyvate\u013eov, vzdel\u00e1vacie akcie, n\u00e1u\u010dn\u00e9 akcie, vybudovanie n\u00e1u\u010dn\u00fdch chodn\u00edkov, detsk\u00e9 kr\u00fa\u017eky, seniorsk\u00e9 predn\u00e1\u0161ky, kult\u00farne akcie a predstavenia, pom\u00f4cky pre z\u00e1ujmov\u00e9 kr\u00fa\u017eky det\u00ed \u010di seniorov at\u010f.<\/li>\n<li><b>\u0160port<\/b> (akcie podporuj\u00face zdrav\u00fd fyzick\u00fd rozvoj dospel\u00fdch \u010di det\u00ed, amat\u00e9rsky \u0161port, detsk\u00e9 \u0161portov\u00e9 kluby, turistick\u00e9 akcie, \u0161portov\u00e9 aktivity seniorov at\u010f.<\/li>\n<\/ul>\n<p>Jeden Prihlasovate\u013e m\u00f4\u017ee v ka\u017edom kole S\u00fa\u0165a\u017ee poda\u0165 \u017eiados\u0165 o finan\u010dn\u00fd pr\u00edspevok iba na jeden Projekt.<\/p>\n<p>Akcie musia by\u0165 v\u017edy ur\u010den\u00e9 a pr\u00edstupn\u00e9 pre verejnos\u0165, nie pre jednotlivcov.<\/p>\n<p><b>Ako sa z\u00fa\u010dastni\u0165<\/b><\/p>\n<p>Pre\u010d\u00edtajte si Pravidl\u00e1 n\u00e1\u0161ho Projektu. Prejdite na formul\u00e1r \u201ePrihl\u00e1\u0161ka\u201c, \u017eiados\u0165 vlo\u017ete do n\u00e1\u0161ho syst\u00e9mu. Pokia\u013e \u017eiados\u0165 spln\u00ed v\u0161etky n\u00e1le\u017eitosti, bude zverejnen\u00e1 do 7 dn\u00ed od vlo\u017eenia. V opa\u010dnom pr\u00edpade s Vami budeme komunikova\u0165 a vyhradzujeme si pr\u00e1vo nevyhovuj\u00face akcie do Projektu nezaradi\u0165.<\/p>\n<p>Vkladanie akci\u00ed je ukon\u010den\u00e9 v\u017edy 12 dn\u00ed pred stretnut\u00edm komisie. Najdlh\u0161ie 15 pracovn\u00fdch dn\u00ed po hlasovan\u00ed komisie ozn\u00e1mime v\u00fdsledok zverejnen\u00edm na na\u0161om webe.<\/p>\n<p><strong>Dopl\u0148uj\u00face body<\/strong><\/p>\n<p>FORTISCHEM a. s. je kedyko\u013evek opr\u00e1vnen\u00e1 zmeni\u0165 Pravidl\u00e1 Projektu.<\/p>\n<p>V pr\u00edpade sporov \u010di nejasnost\u00ed m\u00e1 kone\u010dn\u00e9 slovo v ich rie\u0161en\u00ed person\u00e1lny riadite\u013e FORTISCHEM a. s.<\/p>\n<p>Kompletn\u00e9 pravidl\u00e1 (<a href=\"https:\/\/www.fortischem.sk\/wp-content\/uploads\/2024\/02\/20240201_PRAVIDLA_MINIGRANTY.pdf\">tu<\/a>)<\/p>\t\t\t\t\t\t<\/div>\n\t\t\t\t<\/div>\n\t\t\t\t\t<\/div>\n\t\t\t\t<\/div>\n\t\t\t\t\t\t\t<\/div>\n\t\t","protected":false},"excerpt":{"rendered":"<p>\u00davodn\u00e9 Kto sa m\u00f4\u017ee z\u00fa\u010dastni\u0165 \u00da\u010dastn\u00edkom Projektu m\u00f4\u017ee by\u0165 plne svojpr\u00e1vna fyzick\u00e1 osoba alebo pr\u00e1vnick\u00e1 osoba. Preplatenie minigrantov Suma bude preplaten\u00e1 po akcii, a to po dolo\u017een\u00ed, \u017ee akcia prebehla (ozn\u00e1menie a fotodokument\u00e1cia). Nevy\u017eadujeme sp\u00e4tn\u00e9 vy\u00fa\u010dtovanie ani dolo\u017eenie vy\u010derpania v\u00fd\u0161ky minigrantu. Ak\u00e9 akcie je mo\u017en\u00e9 prihl\u00e1si\u0165 \u017diadate\u013e m\u00f4\u017ee prihl\u00e1si\u0165 akcie podporuj\u00face komunity v oblastiach: \u017divotn\u00e9 [&hellip;]<\/p>\n","protected":false},"author":1,"featured_media":0,"parent":4167,"menu_order":0,"comment_status":"closed","ping_status":"closed","template":"","meta":{"_seopress_robots_primary_cat":"","footnotes":""},"class_list":["post-4225","page","type-page","status-publish","hentry"],"acf":[],"_links":{"self":[{"href":"https:\/\/www.fortischem.sk\/sk\/wp-json\/wp\/v2\/pages\/4225","targetHints":{"allow":["GET"]}}],"collection":[{"href":"https:\/\/www.fortischem.sk\/sk\/wp-json\/wp\/v2\/pages"}],"about":[{"href":"https:\/\/www.fortischem.sk\/sk\/wp-json\/wp\/v2\/types\/page"}],"author":[{"embeddable":true,"href":"https:\/\/www.fortischem.sk\/sk\/wp-json\/wp\/v2\/users\/1"}],"replies":[{"embeddable":true,"href":"https:\/\/www.fortischem.sk\/sk\/wp-json\/wp\/v2\/comments?post=4225"}],"version-history":[{"count":12,"href":"https:\/\/www.fortischem.sk\/sk\/wp-json\/wp\/v2\/pages\/4225\/revisions"}],"predecessor-version":[{"id":5958,"href":"https:\/\/www.fortischem.sk\/sk\/wp-json\/wp\/v2\/pages\/4225\/revisions\/5958"}],"up":[{"embeddable":true,"href":"https:\/\/www.fortischem.sk\/sk\/wp-json\/wp\/v2\/pages\/4167"}],"wp:attachment":[{"href":"https:\/\/www.fortischem.sk\/sk\/wp-json\/wp\/v2\/media?parent=4225"}],"curies":[{"name":"wp","href":"https:\/\/api.w.org\/{rel}","templated":true}]}}