{"id":421,"date":"2023-03-30T10:47:58","date_gmt":"2023-03-30T08:47:58","guid":{"rendered":"http:\/\/www.fortischem.sk\/?page_id=421"},"modified":"2024-07-29T09:37:20","modified_gmt":"2024-07-29T07:37:20","slug":"udrzitelny-rozvoj","status":"publish","type":"page","link":"https:\/\/www.fortischem.sk\/sk\/odpovedna-firma\/udrzitelny-rozvoj\/","title":{"rendered":"Udr\u017eate\u013en\u00fd rozvoj"},"content":{"rendered":"\t\t<div data-elementor-type=\"wp-page\" data-elementor-id=\"421\" class=\"elementor elementor-421\" data-elementor-post-type=\"page\">\n\t\t\t\t\t\t\t<div data-dce-background-image-url=\"https:\/\/www.fortischem.sk\/wp-content\/uploads\/2024\/02\/beautiful-landscape-bamboo-grove-forest-arashiyama-kyoto-scaled.jpg\" class=\"elementor-element elementor-element-57f6e3cc e-con-full e-flex e-con e-parent\" data-id=\"57f6e3cc\" data-element_type=\"container\" data-settings=\"{&quot;content_width&quot;:&quot;full&quot;,&quot;background_background&quot;:&quot;classic&quot;,&quot;container_type&quot;:&quot;flex&quot;}\" data-e-bg-lazyload=\"\" data-core-v316-plus=\"true\">\n\t\t\t\t<\/div>\n\t\t<div class=\"elementor-element elementor-element-687da22e e-flex e-con-boxed e-con e-parent\" data-id=\"687da22e\" data-element_type=\"container\" data-settings=\"{&quot;background_background&quot;:&quot;classic&quot;,&quot;container_type&quot;:&quot;flex&quot;,&quot;content_width&quot;:&quot;boxed&quot;}\" data-core-v316-plus=\"true\">\n\t\t\t\t\t<div class=\"e-con-inner\">\n\t\t<div class=\"elementor-element elementor-element-6629193 e-flex e-con-boxed e-con e-child\" data-id=\"6629193\" data-element_type=\"container\" data-settings=\"{&quot;container_type&quot;:&quot;flex&quot;,&quot;content_width&quot;:&quot;boxed&quot;}\">\n\t\t\t\t\t<div class=\"e-con-inner\">\n\t\t\t\t<div class=\"elementor-element elementor-element-27c301db elementor-widget elementor-widget-sp-breadcrumbs\" data-id=\"27c301db\" data-element_type=\"widget\" data-widget_type=\"sp-breadcrumbs.default\">\n\t\t\t\t<div class=\"elementor-widget-container\">\n\t\t\t<nav  aria-label=\"breadcrumb\"><ol class=\"breadcrumb\" itemscope itemtype=\"https:\/\/schema.org\/BreadcrumbList\"><li class=\"breadcrumb-item active\" aria-current=\"page\" itemprop=\"itemListElement\" itemscope itemtype=\"https:\/\/schema.org\/ListItem\"><span itemprop=\"name\">\u00davodn\u00e9<\/span><meta itemprop=\"position\" content=\"1\"><\/li><\/ol><\/nav>\t\t<\/div>\n\t\t\t\t<\/div>\n\t\t\t\t<div class=\"elementor-element elementor-element-339bcf1a elementor-widget elementor-widget-heading\" data-id=\"339bcf1a\" data-element_type=\"widget\" data-widget_type=\"heading.default\">\n\t\t\t\t<div class=\"elementor-widget-container\">\n\t\t\t<style>\/*! elementor - v3.18.0 - 08-12-2023 *\/\n.elementor-heading-title{padding:0;margin:0;line-height:1}.elementor-widget-heading .elementor-heading-title[class*=elementor-size-]>a{color:inherit;font-size:inherit;line-height:inherit}.elementor-widget-heading .elementor-heading-title.elementor-size-small{font-size:15px}.elementor-widget-heading .elementor-heading-title.elementor-size-medium{font-size:19px}.elementor-widget-heading .elementor-heading-title.elementor-size-large{font-size:29px}.elementor-widget-heading .elementor-heading-title.elementor-size-xl{font-size:39px}.elementor-widget-heading .elementor-heading-title.elementor-size-xxl{font-size:59px}<\/style><h1 class=\"elementor-heading-title elementor-size-default\">Udr\u017eate\u013en\u00fd rozvoj<\/h1>\t\t<\/div>\n\t\t\t\t<\/div>\n\t\t\t\t\t<\/div>\n\t\t\t\t<\/div>\n\t\t\t\t\t<\/div>\n\t\t\t\t<\/div>\n\t\t<div class=\"elementor-element elementor-element-166a0b5b e-flex e-con-boxed e-con e-parent\" data-id=\"166a0b5b\" data-element_type=\"container\" data-settings=\"{&quot;background_background&quot;:&quot;classic&quot;,&quot;container_type&quot;:&quot;flex&quot;,&quot;content_width&quot;:&quot;boxed&quot;}\" data-core-v316-plus=\"true\">\n\t\t\t\t\t<div class=\"e-con-inner\">\n\t\t<div class=\"elementor-element elementor-element-141f2c35 e-flex e-con-boxed e-con e-child\" data-id=\"141f2c35\" data-element_type=\"container\" data-settings=\"{&quot;container_type&quot;:&quot;flex&quot;,&quot;content_width&quot;:&quot;boxed&quot;}\">\n\t\t\t\t\t<div class=\"e-con-inner\">\n\t\t\t\t<div class=\"elementor-element elementor-element-3bcb410f elementor-widget elementor-widget-text-editor\" data-id=\"3bcb410f\" data-element_type=\"widget\" data-widget_type=\"text-editor.default\">\n\t\t\t\t<div class=\"elementor-widget-container\">\n\t\t\t<style>\/*! elementor - v3.18.0 - 08-12-2023 *\/\n.elementor-widget-text-editor.elementor-drop-cap-view-stacked .elementor-drop-cap{background-color:#69727d;color:#fff}.elementor-widget-text-editor.elementor-drop-cap-view-framed .elementor-drop-cap{color:#69727d;border:3px solid;background-color:transparent}.elementor-widget-text-editor:not(.elementor-drop-cap-view-default) .elementor-drop-cap{margin-top:8px}.elementor-widget-text-editor:not(.elementor-drop-cap-view-default) .elementor-drop-cap-letter{width:1em;height:1em}.elementor-widget-text-editor .elementor-drop-cap{float:left;text-align:center;line-height:1;font-size:50px}.elementor-widget-text-editor .elementor-drop-cap-letter{display:inline-block}<\/style>\t\t\t\t<p><span style=\"font-size: 20.8px; font-weight: 400;\">V\u00edziou spolo\u010dnosti FORTISCHEM a. s. je sta\u0165 sa jednou z popredn\u00fdch energeticko-chemick\u00fdch spolo\u010dnost\u00ed v oblastiach efektivity, udr\u017eate\u013en\u00e9ho rozvoja a ekologickej rovnov\u00e1hy. Preto bolo potrebn\u00e9 definova\u0165 koncepciu troch pilierov udr\u017eate\u013enosti.<\/span><\/p>\t\t\t\t\t\t<\/div>\n\t\t\t\t<\/div>\n\t\t\t\t\t<\/div>\n\t\t\t\t<\/div>\n\t\t\t\t\t<\/div>\n\t\t\t\t<\/div>\n\t\t<div class=\"elementor-element elementor-element-95697a1 e-flex e-con-boxed e-con e-parent\" data-id=\"95697a1\" data-element_type=\"container\" data-settings=\"{&quot;background_background&quot;:&quot;classic&quot;,&quot;container_type&quot;:&quot;flex&quot;,&quot;content_width&quot;:&quot;boxed&quot;}\" data-core-v316-plus=\"true\">\n\t\t\t\t\t<div class=\"e-con-inner\">\n\t\t<div class=\"elementor-element elementor-element-ce43544 e-flex e-con-boxed e-con e-child\" data-id=\"ce43544\" data-element_type=\"container\" data-settings=\"{&quot;container_type&quot;:&quot;flex&quot;,&quot;content_width&quot;:&quot;boxed&quot;}\">\n\t\t\t\t\t<div class=\"e-con-inner\">\n\t\t\t\t<div class=\"elementor-element elementor-element-4bd5f02 elementor-widget elementor-widget-text-editor\" data-id=\"4bd5f02\" data-element_type=\"widget\" data-widget_type=\"text-editor.default\">\n\t\t\t\t<div class=\"elementor-widget-container\">\n\t\t\t\t\t\t\t<p><span style=\"font-weight: bolder; font-size: 16px;\">Environment\u00e1lny pilier<\/span><\/p>\t\t\t\t\t\t<\/div>\n\t\t\t\t<\/div>\n\t\t\t\t<div class=\"elementor-element elementor-element-46070a6 elementor-widget elementor-widget-text-editor\" data-id=\"46070a6\" data-element_type=\"widget\" data-widget_type=\"text-editor.default\">\n\t\t\t\t<div class=\"elementor-widget-container\">\n\t\t\t\t\t\t\t<p>Spolo\u010dnos\u0165 ka\u017edoro\u010dne modernizuje svoje technol\u00f3gie, zni\u017euje spotrebu elektrickej energie, zap\u00e1ja vyu\u017e\u00edvanie obnovite\u013en\u00fdch zdrojov a obehov\u00e9 hospod\u00e1rstvo.<\/p><p>Nov\u00e9 v\u00fdrobn\u00e9 jednotky sp\u013a\u0148aj\u00fa pr\u00edsne \u0161tandardy bezpe\u010dnosti a ochrany \u017eivotn\u00e9ho prostredia a s\u00fa projektovan\u00e9 ako BAT (Best Available Technology).\u00a0 Zav\u00e1dzan\u00e9 s\u00fa aj opatrenia na efekt\u00edvnej\u0161ie vyu\u017e\u00edvanie vstupn\u00fdch surov\u00edn a v\u00fdrobkov.\u00a0<\/p><p>Spolo\u010dnos\u0165 investuje do viacer\u00fdch projektov, ktor\u00e9 zni\u017euj\u00fa emisie zne\u010dis\u0165uj\u00facich l\u00e1tok, zni\u017euj\u00fa spotrebu elektrickej energie a umo\u017e\u0148uj\u00fa efekt\u00edvnej\u0161ie vyu\u017e\u00edva\u0165 zdroje.\u00a0<\/p>\t\t\t\t\t\t<\/div>\n\t\t\t\t<\/div>\n\t\t\t\t\t<\/div>\n\t\t\t\t<\/div>\n\t\t<div class=\"elementor-element elementor-element-3495e5a e-flex e-con-boxed e-con e-child\" data-id=\"3495e5a\" data-element_type=\"container\" data-settings=\"{&quot;container_type&quot;:&quot;flex&quot;,&quot;content_width&quot;:&quot;boxed&quot;}\">\n\t\t\t\t\t<div class=\"e-con-inner\">\n\t\t\t\t<div class=\"elementor-element elementor-element-3b2abf5 elementor-widget elementor-widget-text-editor\" data-id=\"3b2abf5\" data-element_type=\"widget\" data-widget_type=\"text-editor.default\">\n\t\t\t\t<div class=\"elementor-widget-container\">\n\t\t\t\t\t\t\t<p style=\"font-size: 16px; font-weight: 400;\"><span style=\"font-weight: bolder;\">Soci\u00e1lny pilier<\/span><\/p>\t\t\t\t\t\t<\/div>\n\t\t\t\t<\/div>\n\t\t\t\t<div class=\"elementor-element elementor-element-22520c5 elementor-widget elementor-widget-text-editor\" data-id=\"22520c5\" data-element_type=\"widget\" data-widget_type=\"text-editor.default\">\n\t\t\t\t<div class=\"elementor-widget-container\">\n\t\t\t\t\t\t\t<p>Cie\u013eom spolo\u010dnosti je, aby aj napriek bl\u00edzkosti are\u00e1lu k obytnej z\u00f3ne bola prij\u00edman\u00e1 kladne \u2013 ako dobr\u00fd, pr\u00ednosn\u00fd, d\u00f4veryhodn\u00fd a bezpe\u010dn\u00fd sused.<\/p><p>Spolo\u010dnos\u0165 patr\u00ed k v\u00fdznamn\u00fdm zamestn\u00e1vate\u013eom v regi\u00f3ne. Okrem bezpe\u010dnosti a ochrany zdravia db\u00e1 na pravideln\u00e9 a cielen\u00e9 vzdel\u00e1vanie zamestnancov a dlhodobo sa venuje ich osobn\u00e9mu a profesn\u00e9mu rastu a zvy\u0161ovaniu kvalifik\u00e1cie.<\/p><p>Spolo\u010dnos\u0165 akt\u00edvne prispieva k fungovaniu mesta Nov\u00e1ky, najm\u00e4 \u010disten\u00edm komun\u00e1lnych odpadov\u00fdch v\u00f4d a dod\u00e1van\u00edm tepla. Z\u00e1rove\u0148 podporuje verejne prospe\u0161n\u00e9 projekty v r\u00e1mci programu Minigranty, ktor\u00e9 s\u00fa zameran\u00e9 na \u017eivotn\u00e9 prostredie, kult\u00faru a \u0161port.<\/p>\t\t\t\t\t\t<\/div>\n\t\t\t\t<\/div>\n\t\t\t\t\t<\/div>\n\t\t\t\t<\/div>\n\t\t<div class=\"elementor-element elementor-element-bc16092 e-flex e-con-boxed e-con e-child\" data-id=\"bc16092\" data-element_type=\"container\" data-settings=\"{&quot;container_type&quot;:&quot;flex&quot;,&quot;content_width&quot;:&quot;boxed&quot;}\">\n\t\t\t\t\t<div class=\"e-con-inner\">\n\t\t\t\t<div class=\"elementor-element elementor-element-1e86f2b elementor-widget elementor-widget-text-editor\" data-id=\"1e86f2b\" data-element_type=\"widget\" data-widget_type=\"text-editor.default\">\n\t\t\t\t<div class=\"elementor-widget-container\">\n\t\t\t\t\t\t\t<p><span style=\"font-weight: bolder; font-size: 16px;\">Ekonomick\u00fd pilier<\/span><\/p>\t\t\t\t\t\t<\/div>\n\t\t\t\t<\/div>\n\t\t\t\t<div class=\"elementor-element elementor-element-924c7a6 elementor-widget elementor-widget-text-editor\" data-id=\"924c7a6\" data-element_type=\"widget\" data-widget_type=\"text-editor.default\">\n\t\t\t\t<div class=\"elementor-widget-container\">\n\t\t\t\t\t\t\t<p>Spolo\u010dnos\u0165 sa na\u010falej zameriava na udr\u017eanie svojej poz\u00edcie ako v\u00fdznamn\u00e9ho zamestn\u00e1vate\u013ea a investora v regi\u00f3ne aj ako siln\u00e9ho hr\u00e1\u010da na trhoch, na ktor\u00fdch p\u00f4sob\u00ed. K udr\u017eaniu tejto poz\u00edcie vedie plnenie dlhodob\u00fdch cie\u013eov rastu obratu a udr\u017eanie ziskovosti. Siln\u00fdmi str\u00e1nkami s\u00fa predov\u0161etk\u00fdm vysok\u00e1 kvalita produktov a vysok\u00fd \u0161tandard slu\u017eieb pre z\u00e1kazn\u00edka.<\/p><p>K smerovaniu spolo\u010dnosti FORTISCHEM, a. s. k udr\u017eate\u013en\u00e9mu rozvoju prispievaj\u00fa aj zaveden\u00e9 syst\u00e9my kvality, environmentu, bezpe\u010dnosti a energetiky, zapojenie sa do celosvetovej iniciat\u00edvy Zodpovedn\u00e1 starostlivos\u0165 \u2013 RESPONSIBLE CARE, ako aj do celosvetovej platformy EcoVadis, ktor\u00e1 zah\u0155\u0148a hodnotenie udr\u017eate\u013en\u00e9ho podnikania spolo\u010dnosti.<\/p>\t\t\t\t\t\t<\/div>\n\t\t\t\t<\/div>\n\t\t\t\t\t<\/div>\n\t\t\t\t<\/div>\n\t\t\t\t\t<\/div>\n\t\t\t\t<\/div>\n\t\t<div class=\"elementor-element elementor-element-d9d2408 e-flex e-con-boxed e-con e-parent\" data-id=\"d9d2408\" data-element_type=\"container\" data-settings=\"{&quot;background_background&quot;:&quot;classic&quot;,&quot;container_type&quot;:&quot;flex&quot;,&quot;content_width&quot;:&quot;boxed&quot;}\" data-core-v316-plus=\"true\">\n\t\t\t\t\t<div class=\"e-con-inner\">\n\t\t<div class=\"elementor-element elementor-element-aee50f2 e-flex e-con-boxed e-con e-child\" data-id=\"aee50f2\" data-element_type=\"container\" data-settings=\"{&quot;container_type&quot;:&quot;flex&quot;,&quot;content_width&quot;:&quot;boxed&quot;}\">\n\t\t\t\t\t<div class=\"e-con-inner\">\n\t\t\t\t<div class=\"elementor-element elementor-element-5b9b749 elementor-widget elementor-widget-text-editor\" data-id=\"5b9b749\" data-element_type=\"widget\" data-widget_type=\"text-editor.default\">\n\t\t\t\t<div class=\"elementor-widget-container\">\n\t\t\t\t\t\t\t<p><span style=\"color: #0d0d0d; font-family: S\u00f6hne, ui-sans-serif, system-ui, -apple-system, 'Segoe UI', Roboto, Ubuntu, Cantarell, 'Noto Sans', sans-serif, 'Helvetica Neue', Arial, 'Apple Color Emoji', 'Segoe UI Emoji', 'Segoe UI Symbol', 'Noto Color Emoji'; white-space-collapse: preserve;\">N\u00e1\u0161 koncept udr\u017eate\u013enosti zah\u0155\u0148a aj \u00fazku spolupr\u00e1cu so zamestnancami, dod\u00e1vate\u013emi a ostatn\u00fdmi obchodn\u00fdmi partnermi, ktor\u00fdch povzbudzujeme a motivujeme k dodr\u017eiavaniu podobn\u00fdch princ\u00edpov udr\u017eate\u013en\u00e9ho rozvoja. Nemenej d\u00f4le\u017eitou prioritou je potom bezpe\u010dnos\u0165 a ochrana zdravia.<\/span><\/p>\t\t\t\t\t\t<\/div>\n\t\t\t\t<\/div>\n\t\t\t\t\t<\/div>\n\t\t\t\t<\/div>\n\t\t<div class=\"elementor-element elementor-element-8d0c326 e-flex e-con-boxed e-con e-child\" data-id=\"8d0c326\" data-element_type=\"container\" data-settings=\"{&quot;container_type&quot;:&quot;flex&quot;,&quot;content_width&quot;:&quot;boxed&quot;}\">\n\t\t\t\t\t<div class=\"e-con-inner\">\n\t\t\t\t<div class=\"elementor-element elementor-element-ae5e838 elementor-widget elementor-widget-image\" data-id=\"ae5e838\" data-element_type=\"widget\" data-widget_type=\"image.default\">\n\t\t\t\t<div class=\"elementor-widget-container\">\n\t\t\t<style>\/*! elementor - v3.18.0 - 08-12-2023 *\/\n.elementor-widget-image{text-align:center}.elementor-widget-image a{display:inline-block}.elementor-widget-image a img[src$=\".svg\"]{width:48px}.elementor-widget-image img{vertical-align:middle;display:inline-block}<\/style>\t\t\t\t\t\t\t\t\t\t\t\t<img fetchpriority=\"high\" decoding=\"async\" width=\"800\" height=\"566\" src=\"https:\/\/www.fortischem.sk\/wp-content\/uploads\/2024\/06\/Udrzatelny-rozvoj-1024x724.png\" class=\"attachment-large size-large wp-image-5983\" alt=\"\" srcset=\"https:\/\/www.fortischem.sk\/wp-content\/uploads\/2024\/06\/Udrzatelny-rozvoj-1024x724.png 1024w, https:\/\/www.fortischem.sk\/wp-content\/uploads\/2024\/06\/Udrzatelny-rozvoj-300x212.png 300w, https:\/\/www.fortischem.sk\/wp-content\/uploads\/2024\/06\/Udrzatelny-rozvoj-768x543.png 768w, https:\/\/www.fortischem.sk\/wp-content\/uploads\/2024\/06\/Udrzatelny-rozvoj-1536x1086.png 1536w, https:\/\/www.fortischem.sk\/wp-content\/uploads\/2024\/06\/Udrzatelny-rozvoj-2048x1448.png 2048w\" sizes=\"(max-width: 800px) 100vw, 800px\" \/>\t\t\t\t\t\t\t\t\t\t\t\t\t\t\t<\/div>\n\t\t\t\t<\/div>\n\t\t\t\t\t<\/div>\n\t\t\t\t<\/div>\n\t\t\t\t\t<\/div>\n\t\t\t\t<\/div>\n\t\t<div class=\"elementor-element elementor-element-e759ce4 e-flex e-con-boxed e-con e-parent\" data-id=\"e759ce4\" data-element_type=\"container\" data-settings=\"{&quot;background_background&quot;:&quot;gradient&quot;,&quot;container_type&quot;:&quot;flex&quot;,&quot;content_width&quot;:&quot;boxed&quot;}\" data-core-v316-plus=\"true\">\n\t\t\t\t\t<div class=\"e-con-inner\">\n\t\t<div class=\"elementor-element elementor-element-9c3701d e-flex e-con-boxed e-con e-child\" data-id=\"9c3701d\" data-element_type=\"container\" data-settings=\"{&quot;container_type&quot;:&quot;flex&quot;,&quot;content_width&quot;:&quot;boxed&quot;}\">\n\t\t\t\t\t<div class=\"e-con-inner\">\n\t\t\t\t<div class=\"elementor-element elementor-element-aff801a elementor-widget elementor-widget-heading\" data-id=\"aff801a\" data-element_type=\"widget\" data-widget_type=\"heading.default\">\n\t\t\t\t<div class=\"elementor-widget-container\">\n\t\t\t<h2 class=\"elementor-heading-title elementor-size-default\">EcoVadis<\/h2>\t\t<\/div>\n\t\t\t\t<\/div>\n\t\t\t\t<div class=\"elementor-element elementor-element-fa89179 elementor-widget elementor-widget-text-editor\" data-id=\"fa89179\" data-element_type=\"widget\" data-widget_type=\"text-editor.default\">\n\t\t\t\t<div class=\"elementor-widget-container\">\n\t\t\t\t\t\t\t<p style=\"font-size: 16px;\">V roku 2024 bola na\u0161a spolo\u010dnos\u0165 FORTISCHEM a. s. ocenen\u00e1 striebornou medailou od medzin\u00e1rodne uzn\u00e1vanej platformy EcoVadis za udr\u017eate\u013enos\u0165 a spolo\u010densk\u00fa zodpovednos\u0165 podnikov. V hodnoten\u00ed sme dosiahli sk\u00f3re 87 %. Tento v\u00fdsledok n\u00e1s zaradil medzi top 15 % spolo\u010dnost\u00ed hodnoten\u00fdch platformou EcoVadis v posledn\u00fdch 12 mesiacoch.\u00a0<span style=\"color: var( --e-global-color-primary ); font-family: var( --e-global-typography-e89839a-font-family ), Sans-serif; font-weight: var( --e-global-typography-e89839a-font-weight ); letter-spacing: var( --e-global-typography-e89839a-letter-spacing ); word-spacing: var( --e-global-typography-e89839a-word-spacing ); text-align: var(--text-align); background-color: transparent;\">EcoVadis hodnot\u00ed viac ako 85 000 spolo\u010dnost\u00ed na celom svete a zah\u0155\u0148a 21 krit\u00e9ri\u00ed udr\u017eate\u013enosti v \u0161tyroch oblastiach: \u017eivotn\u00e9 prostredie, pr\u00e1ca a \u013eudsk\u00e9 pr\u00e1va, etika a udr\u017eate\u013en\u00e9 obstar\u00e1vanie a verejn\u00e9 obstar\u00e1vanie. Po\u017eiadavky sa neust\u00e1le aktualizuj\u00fa a st\u00e1vaj\u00fa sa pr\u00edsnej\u0161\u00edmi pre hodnoten\u00e9 organiz\u00e1cie.\u00a0<\/span><span style=\"color: var( --e-global-color-primary ); font-family: var( --e-global-typography-e89839a-font-family ), Sans-serif; font-weight: var( --e-global-typography-e89839a-font-weight ); letter-spacing: var( --e-global-typography-e89839a-letter-spacing ); word-spacing: var( --e-global-typography-e89839a-word-spacing ); text-align: var(--text-align); background-color: transparent;\">FORTISCHEM a. s. je v hodnoten\u00ed EcoVadis zaraden\u00fd do kateg\u00f3rie v\u00fdroby z\u00e1kladn\u00fdch chemik\u00e1li\u00ed, hnoj\u00edv a dus\u00edkat\u00fdch zl\u00fa\u010den\u00edn, plastov a syntetick\u00e9ho kau\u010duku. Certifik\u00e1t EcoVadis sme z\u00edskali na z\u00e1klade hodnotenia udr\u017eate\u013en\u00fdch obchodn\u00fdch prakt\u00edk EcoVadis, n\u00e1stroja zalo\u017een\u00e9ho na medzin\u00e1rodn\u00fdch norm\u00e1ch, z\u00e1kladn\u00fdch princ\u00edpoch Glob\u00e1lneho paktu OSN, po\u017eiadavk\u00e1ch Medzin\u00e1rodnej organiz\u00e1cie pr\u00e1ce (ILO), \u0161tandardoch Iniciat\u00edvy pre glob\u00e1lne spravodajstvo (GRI) a norme ISO 26000. Ide o neust\u00e1ly proces hodnotenia a zlep\u0161ovania v s\u00falade s na\u0161imi bud\u00facimi pl\u00e1nmi.<\/span><\/p><div>\u00a0<\/div>\t\t\t\t\t\t<\/div>\n\t\t\t\t<\/div>\n\t\t\t\t\t<\/div>\n\t\t\t\t<\/div>\n\t\t<div class=\"elementor-element elementor-element-05ac4ca e-flex e-con-boxed e-con e-child\" data-id=\"05ac4ca\" data-element_type=\"container\" data-settings=\"{&quot;container_type&quot;:&quot;flex&quot;,&quot;content_width&quot;:&quot;boxed&quot;}\">\n\t\t\t\t\t<div class=\"e-con-inner\">\n\t\t\t\t<div class=\"elementor-element elementor-element-657dfb3 elementor-widget elementor-widget-image\" data-id=\"657dfb3\" data-element_type=\"widget\" data-widget_type=\"image.default\">\n\t\t\t\t<div class=\"elementor-widget-container\">\n\t\t\t\t\t\t\t\t\t\t\t\t\t\t\t<img decoding=\"async\" width=\"800\" height=\"451\" src=\"https:\/\/www.fortischem.sk\/wp-content\/uploads\/2024\/01\/minigranty-pre-podporu-regionu-hornej-nitry-1-2-1024x577.png\" class=\"attachment-large size-large wp-image-4841\" alt=\"\" srcset=\"https:\/\/www.fortischem.sk\/wp-content\/uploads\/2024\/01\/minigranty-pre-podporu-regionu-hornej-nitry-1-2-1024x577.png 1024w, https:\/\/www.fortischem.sk\/wp-content\/uploads\/2024\/01\/minigranty-pre-podporu-regionu-hornej-nitry-1-2-300x169.png 300w, https:\/\/www.fortischem.sk\/wp-content\/uploads\/2024\/01\/minigranty-pre-podporu-regionu-hornej-nitry-1-2-768x433.png 768w, https:\/\/www.fortischem.sk\/wp-content\/uploads\/2024\/01\/minigranty-pre-podporu-regionu-hornej-nitry-1-2-1536x865.png 1536w, https:\/\/www.fortischem.sk\/wp-content\/uploads\/2024\/01\/minigranty-pre-podporu-regionu-hornej-nitry-1-2.png 1640w\" sizes=\"(max-width: 800px) 100vw, 800px\" \/>\t\t\t\t\t\t\t\t\t\t\t\t\t\t\t<\/div>\n\t\t\t\t<\/div>\n\t\t\t\t\t<\/div>\n\t\t\t\t<\/div>\n\t\t\t\t\t<\/div>\n\t\t\t\t<\/div>\n\t\t\t\t\t\t\t<\/div>\n\t\t","protected":false},"excerpt":{"rendered":"<p>\u00davodn\u00e9 V\u00edziou spolo\u010dnosti FORTISCHEM a. s. je sta\u0165 sa jednou z popredn\u00fdch energeticko-chemick\u00fdch spolo\u010dnost\u00ed v oblastiach efektivity, udr\u017eate\u013en\u00e9ho rozvoja a ekologickej rovnov\u00e1hy. Preto bolo potrebn\u00e9 definova\u0165 koncepciu troch pilierov udr\u017eate\u013enosti. Environment\u00e1lny pilier Spolo\u010dnos\u0165 ka\u017edoro\u010dne modernizuje svoje technol\u00f3gie, zni\u017euje spotrebu elektrickej energie, zap\u00e1ja vyu\u017e\u00edvanie obnovite\u013en\u00fdch zdrojov a obehov\u00e9 hospod\u00e1rstvo. Nov\u00e9 v\u00fdrobn\u00e9 jednotky sp\u013a\u0148aj\u00fa pr\u00edsne \u0161tandardy bezpe\u010dnosti [&hellip;]<\/p>\n","protected":false},"author":1,"featured_media":0,"parent":404,"menu_order":0,"comment_status":"closed","ping_status":"closed","template":"","meta":{"_seopress_robots_primary_cat":"","footnotes":""},"class_list":["post-421","page","type-page","status-publish","hentry"],"acf":[],"_links":{"self":[{"href":"https:\/\/www.fortischem.sk\/sk\/wp-json\/wp\/v2\/pages\/421","targetHints":{"allow":["GET"]}}],"collection":[{"href":"https:\/\/www.fortischem.sk\/sk\/wp-json\/wp\/v2\/pages"}],"about":[{"href":"https:\/\/www.fortischem.sk\/sk\/wp-json\/wp\/v2\/types\/page"}],"author":[{"embeddable":true,"href":"https:\/\/www.fortischem.sk\/sk\/wp-json\/wp\/v2\/users\/1"}],"replies":[{"embeddable":true,"href":"https:\/\/www.fortischem.sk\/sk\/wp-json\/wp\/v2\/comments?post=421"}],"version-history":[{"count":10,"href":"https:\/\/www.fortischem.sk\/sk\/wp-json\/wp\/v2\/pages\/421\/revisions"}],"predecessor-version":[{"id":6063,"href":"https:\/\/www.fortischem.sk\/sk\/wp-json\/wp\/v2\/pages\/421\/revisions\/6063"}],"up":[{"embeddable":true,"href":"https:\/\/www.fortischem.sk\/sk\/wp-json\/wp\/v2\/pages\/404"}],"wp:attachment":[{"href":"https:\/\/www.fortischem.sk\/sk\/wp-json\/wp\/v2\/media?parent=421"}],"curies":[{"name":"wp","href":"https:\/\/api.w.org\/{rel}","templated":true}]}}