{"id":4089,"date":"2023-07-04T15:51:55","date_gmt":"2023-07-04T13:51:55","guid":{"rendered":"http:\/\/www.fortischem.sk\/?page_id=4089"},"modified":"2024-01-03T14:20:08","modified_gmt":"2024-01-03T13:20:08","slug":"stipendium","status":"publish","type":"page","link":"https:\/\/www.fortischem.sk\/sk\/kariera\/studenti\/stipendium\/","title":{"rendered":"\u0160tipendium"},"content":{"rendered":"\t\t<div data-elementor-type=\"wp-page\" data-elementor-id=\"4089\" class=\"elementor elementor-4089\" data-elementor-post-type=\"page\">\n\t\t\t\t\t\t\t<div data-dce-background-image-url=\"https:\/\/www.fortischem.sk\/wp-content\/uploads\/2023\/07\/shutterstock_88515781-scaled.jpg\" class=\"elementor-element elementor-element-5e34b3b2 e-con-full e-flex e-con e-parent\" data-id=\"5e34b3b2\" data-element_type=\"container\" data-settings=\"{&quot;content_width&quot;:&quot;full&quot;,&quot;background_background&quot;:&quot;classic&quot;,&quot;container_type&quot;:&quot;flex&quot;}\" data-e-bg-lazyload=\"\" data-core-v316-plus=\"true\">\n\t\t\t\t<\/div>\n\t\t<div class=\"elementor-element elementor-element-53aa92d5 e-flex e-con-boxed e-con e-parent\" data-id=\"53aa92d5\" data-element_type=\"container\" data-settings=\"{&quot;background_background&quot;:&quot;classic&quot;,&quot;container_type&quot;:&quot;flex&quot;,&quot;content_width&quot;:&quot;boxed&quot;}\" data-core-v316-plus=\"true\">\n\t\t\t\t\t<div class=\"e-con-inner\">\n\t\t<div class=\"elementor-element elementor-element-7a400705 e-flex e-con-boxed e-con e-child\" data-id=\"7a400705\" data-element_type=\"container\" data-settings=\"{&quot;container_type&quot;:&quot;flex&quot;,&quot;content_width&quot;:&quot;boxed&quot;}\">\n\t\t\t\t\t<div class=\"e-con-inner\">\n\t\t\t\t<div class=\"elementor-element elementor-element-1631d97 elementor-widget elementor-widget-sp-breadcrumbs\" data-id=\"1631d97\" data-element_type=\"widget\" data-widget_type=\"sp-breadcrumbs.default\">\n\t\t\t\t<div class=\"elementor-widget-container\">\n\t\t\t<nav  aria-label=\"breadcrumb\"><ol class=\"breadcrumb\" itemscope itemtype=\"https:\/\/schema.org\/BreadcrumbList\"><li class=\"breadcrumb-item active\" aria-current=\"page\" itemprop=\"itemListElement\" itemscope itemtype=\"https:\/\/schema.org\/ListItem\"><span itemprop=\"name\">\u00davodn\u00e9<\/span><meta itemprop=\"position\" content=\"1\"><\/li><\/ol><\/nav>\t\t<\/div>\n\t\t\t\t<\/div>\n\t\t\t\t<div class=\"elementor-element elementor-element-48227dd1 elementor-widget elementor-widget-heading\" data-id=\"48227dd1\" data-element_type=\"widget\" data-widget_type=\"heading.default\">\n\t\t\t\t<div class=\"elementor-widget-container\">\n\t\t\t<style>\/*! elementor - v3.18.0 - 08-12-2023 *\/\n.elementor-heading-title{padding:0;margin:0;line-height:1}.elementor-widget-heading .elementor-heading-title[class*=elementor-size-]>a{color:inherit;font-size:inherit;line-height:inherit}.elementor-widget-heading .elementor-heading-title.elementor-size-small{font-size:15px}.elementor-widget-heading .elementor-heading-title.elementor-size-medium{font-size:19px}.elementor-widget-heading .elementor-heading-title.elementor-size-large{font-size:29px}.elementor-widget-heading .elementor-heading-title.elementor-size-xl{font-size:39px}.elementor-widget-heading .elementor-heading-title.elementor-size-xxl{font-size:59px}<\/style><h1 class=\"elementor-heading-title elementor-size-default\">\u0160tipendium<\/h1>\t\t<\/div>\n\t\t\t\t<\/div>\n\t\t\t\t\t<\/div>\n\t\t\t\t<\/div>\n\t\t\t\t\t<\/div>\n\t\t\t\t<\/div>\n\t\t<div class=\"elementor-element elementor-element-629b8658 e-flex e-con-boxed e-con e-parent\" data-id=\"629b8658\" data-element_type=\"container\" data-settings=\"{&quot;background_background&quot;:&quot;gradient&quot;,&quot;container_type&quot;:&quot;flex&quot;,&quot;content_width&quot;:&quot;boxed&quot;}\" data-core-v316-plus=\"true\">\n\t\t\t\t\t<div class=\"e-con-inner\">\n\t\t<div class=\"elementor-element elementor-element-3f99d360 e-flex e-con-boxed e-con e-child\" data-id=\"3f99d360\" data-element_type=\"container\" data-settings=\"{&quot;container_type&quot;:&quot;flex&quot;,&quot;content_width&quot;:&quot;boxed&quot;}\">\n\t\t\t\t\t<div class=\"e-con-inner\">\n\t\t\t\t<div class=\"elementor-element elementor-element-1afe85c7 elementor-widget elementor-widget-text-editor\" data-id=\"1afe85c7\" data-element_type=\"widget\" data-widget_type=\"text-editor.default\">\n\t\t\t\t<div class=\"elementor-widget-container\">\n\t\t\t<style>\/*! elementor - v3.18.0 - 08-12-2023 *\/\n.elementor-widget-text-editor.elementor-drop-cap-view-stacked .elementor-drop-cap{background-color:#69727d;color:#fff}.elementor-widget-text-editor.elementor-drop-cap-view-framed .elementor-drop-cap{color:#69727d;border:3px solid;background-color:transparent}.elementor-widget-text-editor:not(.elementor-drop-cap-view-default) .elementor-drop-cap{margin-top:8px}.elementor-widget-text-editor:not(.elementor-drop-cap-view-default) .elementor-drop-cap-letter{width:1em;height:1em}.elementor-widget-text-editor .elementor-drop-cap{float:left;text-align:center;line-height:1;font-size:50px}.elementor-widget-text-editor .elementor-drop-cap-letter{display:inline-block}<\/style>\t\t\t\t<h3><strong>\u0160tipendium &#8211; program pre \u0161tudentov vysok\u00fdch\u00a0\u0161k\u00f4l<\/strong><\/h3><p>\u0160tipendijn\u00fd program\u00a0\u00a0je ur\u010den\u00fd\u00a0\u0161tudentom, ktor\u00ed chc\u00fa z\u00edska\u0165 cenn\u00e9 profesijn\u00e9 sk\u00fasenosti u\u017e po\u010das \u0161t\u00fadia a pripravi\u0165 sa na pracovn\u00fd \u017eivot<\/p>\t\t\t\t\t\t<\/div>\n\t\t\t\t<\/div>\n\t\t\t\t\t<\/div>\n\t\t\t\t<\/div>\n\t\t<div class=\"elementor-element elementor-element-cb03f2b e-flex e-con-boxed e-con e-child\" data-id=\"cb03f2b\" data-element_type=\"container\" data-settings=\"{&quot;container_type&quot;:&quot;flex&quot;,&quot;content_width&quot;:&quot;boxed&quot;}\">\n\t\t\t\t\t<div class=\"e-con-inner\">\n\t\t\t\t<div class=\"elementor-element elementor-element-3b46400a elementor-widget elementor-widget-image\" data-id=\"3b46400a\" data-element_type=\"widget\" id=\"add-mask-left\" data-widget_type=\"image.default\">\n\t\t\t\t<div class=\"elementor-widget-container\">\n\t\t\t<style>\/*! elementor - v3.18.0 - 08-12-2023 *\/\n.elementor-widget-image{text-align:center}.elementor-widget-image a{display:inline-block}.elementor-widget-image a img[src$=\".svg\"]{width:48px}.elementor-widget-image img{vertical-align:middle;display:inline-block}<\/style>\t\t\t\t\t\t\t\t\t\t\t\t<img fetchpriority=\"high\" decoding=\"async\" width=\"800\" height=\"501\" src=\"https:\/\/www.fortischem.sk\/wp-content\/uploads\/2023\/07\/shutterstock_105746531-1024x641.jpg\" class=\"attachment-large size-large wp-image-4096\" alt=\"\" srcset=\"https:\/\/www.fortischem.sk\/wp-content\/uploads\/2023\/07\/shutterstock_105746531-1024x641.jpg 1024w, https:\/\/www.fortischem.sk\/wp-content\/uploads\/2023\/07\/shutterstock_105746531-300x188.jpg 300w, https:\/\/www.fortischem.sk\/wp-content\/uploads\/2023\/07\/shutterstock_105746531-768x481.jpg 768w, https:\/\/www.fortischem.sk\/wp-content\/uploads\/2023\/07\/shutterstock_105746531-1536x962.jpg 1536w, https:\/\/www.fortischem.sk\/wp-content\/uploads\/2023\/07\/shutterstock_105746531-2048x1283.jpg 2048w\" sizes=\"(max-width: 800px) 100vw, 800px\" \/>\t\t\t\t\t\t\t\t\t\t\t\t\t\t\t<\/div>\n\t\t\t\t<\/div>\n\t\t\t\t\t<\/div>\n\t\t\t\t<\/div>\n\t\t\t\t\t<\/div>\n\t\t\t\t<\/div>\n\t\t<div class=\"elementor-element elementor-element-2e7e3dab e-flex e-con-boxed e-con e-parent\" data-id=\"2e7e3dab\" data-element_type=\"container\" data-settings=\"{&quot;container_type&quot;:&quot;flex&quot;,&quot;content_width&quot;:&quot;boxed&quot;}\" data-core-v316-plus=\"true\">\n\t\t\t\t\t<div class=\"e-con-inner\">\n\t\t\t\t<div class=\"elementor-element elementor-element-409cccc5 elementor-widget elementor-widget-heading\" data-id=\"409cccc5\" data-element_type=\"widget\" data-widget_type=\"heading.default\">\n\t\t\t\t<div class=\"elementor-widget-container\">\n\t\t\t<h2 class=\"elementor-heading-title elementor-size-default\">Ktor\u00e9 odbory h\u013ead\u00e1me?\n<\/h2>\t\t<\/div>\n\t\t\t\t<\/div>\n\t\t\t\t\t<\/div>\n\t\t\t\t<\/div>\n\t\t<div class=\"elementor-element elementor-element-4bef456a e-flex e-con-boxed e-con e-parent\" data-id=\"4bef456a\" data-element_type=\"container\" data-settings=\"{&quot;background_background&quot;:&quot;gradient&quot;,&quot;container_type&quot;:&quot;flex&quot;,&quot;content_width&quot;:&quot;boxed&quot;}\" data-core-v316-plus=\"true\">\n\t\t\t\t\t<div class=\"e-con-inner\">\n\t\t<div class=\"elementor-element elementor-element-5242700e e-flex e-con-boxed e-con e-child\" data-id=\"5242700e\" data-element_type=\"container\" data-settings=\"{&quot;container_type&quot;:&quot;flex&quot;,&quot;content_width&quot;:&quot;boxed&quot;}\">\n\t\t\t\t\t<div class=\"e-con-inner\">\n\t\t\t\t<div class=\"elementor-element elementor-element-35a0fd4a elementor-widget elementor-widget-text-editor\" data-id=\"35a0fd4a\" data-element_type=\"widget\" data-widget_type=\"text-editor.default\">\n\t\t\t\t<div class=\"elementor-widget-container\">\n\t\t\t\t\t\t\t<p>V akademickom roku 2022\/2023 h\u013ead\u00e1me \u0161tudentov vysok\u00fdch \u0161k\u00f4l posledn\u00fdch 2 ro\u010dn\u00edkov 2.stup\u0148a \u0161t\u00fadia, ktor\u00ed s\u00fa po ukon\u010den\u00ed \u0161t\u00fadia ochotn\u00ed pracova\u0165 na poz\u00edci\u00e1ch \u0161pecialistov v oblasti:<\/p><ul><li>Chemick\u00e9 in\u017einierstvo<\/li><li>Chemick\u00e9 technol\u00f3gie<\/li><li>Riadenie technologick\u00fdch procesov v ch\u00e9mii a potravin\u00e1rstve<\/li><li>Technick\u00e1 ch\u00e9mia<\/li><\/ul>\t\t\t\t\t\t<\/div>\n\t\t\t\t<\/div>\n\t\t\t\t\t<\/div>\n\t\t\t\t<\/div>\n\t\t<div class=\"elementor-element elementor-element-2e02469c e-flex e-con-boxed e-con e-child\" data-id=\"2e02469c\" data-element_type=\"container\" data-settings=\"{&quot;container_type&quot;:&quot;flex&quot;,&quot;content_width&quot;:&quot;boxed&quot;}\">\n\t\t\t\t\t<div class=\"e-con-inner\">\n\t\t\t\t<div class=\"elementor-element elementor-element-4fb05266 elementor-widget elementor-widget-image\" data-id=\"4fb05266\" data-element_type=\"widget\" data-widget_type=\"image.default\">\n\t\t\t\t<div class=\"elementor-widget-container\">\n\t\t\t\t\t\t\t\t\t\t\t\t\t\t\t<img decoding=\"async\" width=\"800\" height=\"447\" src=\"https:\/\/www.fortischem.sk\/wp-content\/uploads\/2023\/03\/show-image-1-1.jpg\" class=\"attachment-large size-large wp-image-208\" alt=\"\" srcset=\"https:\/\/www.fortischem.sk\/wp-content\/uploads\/2023\/03\/show-image-1-1.jpg 999w, https:\/\/www.fortischem.sk\/wp-content\/uploads\/2023\/03\/show-image-1-1-300x168.jpg 300w, https:\/\/www.fortischem.sk\/wp-content\/uploads\/2023\/03\/show-image-1-1-768x429.jpg 768w\" sizes=\"(max-width: 800px) 100vw, 800px\" \/>\t\t\t\t\t\t\t\t\t\t\t\t\t\t\t<\/div>\n\t\t\t\t<\/div>\n\t\t\t\t\t<\/div>\n\t\t\t\t<\/div>\n\t\t\t\t\t<\/div>\n\t\t\t\t<\/div>\n\t\t<div class=\"elementor-element elementor-element-7e398f2d e-flex e-con-boxed e-con e-parent\" data-id=\"7e398f2d\" data-element_type=\"container\" data-settings=\"{&quot;container_type&quot;:&quot;flex&quot;,&quot;content_width&quot;:&quot;boxed&quot;}\" data-core-v316-plus=\"true\">\n\t\t\t\t\t<div class=\"e-con-inner\">\n\t\t\t\t<div class=\"elementor-element elementor-element-37c534da elementor-widget elementor-widget-heading\" data-id=\"37c534da\" data-element_type=\"widget\" data-widget_type=\"heading.default\">\n\t\t\t\t<div class=\"elementor-widget-container\">\n\t\t\t<h2 class=\"elementor-heading-title elementor-size-default\">Pon\u00fakame<\/h2>\t\t<\/div>\n\t\t\t\t<\/div>\n\t\t\t\t\t<\/div>\n\t\t\t\t<\/div>\n\t\t<div class=\"elementor-element elementor-element-364223de e-flex e-con-boxed e-con e-parent\" data-id=\"364223de\" data-element_type=\"container\" data-settings=\"{&quot;container_type&quot;:&quot;flex&quot;,&quot;content_width&quot;:&quot;boxed&quot;}\" data-core-v316-plus=\"true\">\n\t\t\t\t\t<div class=\"e-con-inner\">\n\t\t\t\t<div class=\"elementor-element elementor-element-532c7a8e elementor-widget elementor-widget-text-editor\" data-id=\"532c7a8e\" data-element_type=\"widget\" data-widget_type=\"text-editor.default\">\n\t\t\t\t<div class=\"elementor-widget-container\">\n\t\t\t\t\t\t\t<p>&#8211;\u00a0 \u0160tipendium vo v\u00fd\u0161ke<strong> 120 \u20ac\/mesiac\u00a0<\/strong><br \/>&#8211;\u00a0 Odborn\u00fa prax v na\u0161ej spolo\u010dnosti<br \/>&#8211;\u00a0 Po skon\u010den\u00ed \u0161t\u00fadia pr\u00e1ca v stabilnej spolo\u010dnosti.<\/p>\t\t\t\t\t\t<\/div>\n\t\t\t\t<\/div>\n\t\t\t\t\t<\/div>\n\t\t\t\t<\/div>\n\t\t<div class=\"elementor-element elementor-element-d325909 e-grid e-con-boxed e-con e-parent\" data-id=\"d325909\" data-element_type=\"container\" data-settings=\"{&quot;container_type&quot;:&quot;grid&quot;,&quot;grid_columns_grid&quot;:{&quot;unit&quot;:&quot;fr&quot;,&quot;size&quot;:&quot;2&quot;,&quot;sizes&quot;:[]},&quot;grid_rows_grid&quot;:{&quot;unit&quot;:&quot;fr&quot;,&quot;size&quot;:&quot;1&quot;,&quot;sizes&quot;:[]},&quot;grid_rows_grid_mobile&quot;:{&quot;unit&quot;:&quot;fr&quot;,&quot;size&quot;:&quot;1&quot;,&quot;sizes&quot;:[]},&quot;content_width&quot;:&quot;boxed&quot;,&quot;grid_outline&quot;:&quot;yes&quot;,&quot;grid_columns_grid_tablet&quot;:{&quot;unit&quot;:&quot;fr&quot;,&quot;size&quot;:&quot;&quot;,&quot;sizes&quot;:[]},&quot;grid_columns_grid_mobile&quot;:{&quot;unit&quot;:&quot;fr&quot;,&quot;size&quot;:1,&quot;sizes&quot;:[]},&quot;grid_rows_grid_tablet&quot;:{&quot;unit&quot;:&quot;fr&quot;,&quot;size&quot;:&quot;&quot;,&quot;sizes&quot;:[]},&quot;grid_auto_flow&quot;:&quot;row&quot;,&quot;grid_auto_flow_tablet&quot;:&quot;row&quot;,&quot;grid_auto_flow_mobile&quot;:&quot;row&quot;}\" data-core-v316-plus=\"true\">\n\t\t\t\t\t<div class=\"e-con-inner\">\n\t\t<div class=\"elementor-element elementor-element-7ea9a20 e-flex e-con-boxed e-con e-child\" data-id=\"7ea9a20\" data-element_type=\"container\" data-settings=\"{&quot;container_type&quot;:&quot;flex&quot;,&quot;content_width&quot;:&quot;boxed&quot;}\">\n\t\t\t\t\t<div class=\"e-con-inner\">\n\t\t\t\t<div class=\"elementor-element elementor-element-58f3066 elementor-widget elementor-widget-heading\" data-id=\"58f3066\" data-element_type=\"widget\" data-widget_type=\"heading.default\">\n\t\t\t\t<div class=\"elementor-widget-container\">\n\t\t\t<h2 class=\"elementor-heading-title elementor-size-default\">Podmienky pre uch\u00e1dza\u010da<\/h2>\t\t<\/div>\n\t\t\t\t<\/div>\n\t\t\t\t\t<\/div>\n\t\t\t\t<\/div>\n\t\t\t\t<div class=\"elementor-element elementor-element-6a67bca elementor-widget elementor-widget-heading\" data-id=\"6a67bca\" data-element_type=\"widget\" data-widget_type=\"heading.default\">\n\t\t\t\t<div class=\"elementor-widget-container\">\n\t\t\t<h2 class=\"elementor-heading-title elementor-size-default\">V\u00fdberov\u00fd proces<\/h2>\t\t<\/div>\n\t\t\t\t<\/div>\n\t\t\t\t<div class=\"elementor-element elementor-element-352e0a0 elementor-widget elementor-widget-text-editor\" data-id=\"352e0a0\" data-element_type=\"widget\" data-widget_type=\"text-editor.default\">\n\t\t\t\t<div class=\"elementor-widget-container\">\n\t\t\t\t\t\t\t<ul>\n<li>v\u00fdborn\u00e9 \u0161tudijn\u00e9 v\u00fdsledky&nbsp;a pokra\u010dovanie v dan\u00fdch v\u00fdsledkoch po\u010das obdobia poberania \u0161tipendia,<\/li>\n<li>po skon\u010den\u00ed \u0161t\u00fadia ochota pracova\u0165 v&nbsp;na\u0161ej spolo\u010dnosti, &nbsp;z\u00e1v\u00e4zok zotrva\u0165 v pracovnom pomere 1 rok za poberanie ro\u010dn\u00e9ho \u0161tipendia<\/li>\n<li>akt\u00edvna znalos\u0165 anglick\u00e9ho jazyka (min. \u00farove\u0148 B1) a znalos\u0165 pr\u00e1ce s PC,<\/li>\n<li>samostatnos\u0165, t\u00edmovos\u0165, flexibilita<\/li>\n<li>orient\u00e1cia na v\u00fdsledok.<\/li>\n<\/ul>\t\t\t\t\t\t<\/div>\n\t\t\t\t<\/div>\n\t\t\t\t<div class=\"elementor-element elementor-element-48a1c56 elementor-widget elementor-widget-text-editor\" data-id=\"48a1c56\" data-element_type=\"widget\" data-widget_type=\"text-editor.default\">\n\t\t\t\t<div class=\"elementor-widget-container\">\n\t\t\t\t\t\t\t<ol><li>\u017diados\u0165 o poskytnutie \u0161tipendia<\/li><li>Motiva\u010dn\u00fd list \u0161tudenta<\/li><li>Odpor\u00fa\u010danie \u0161koly<\/li><li>K\u00f3pia \u0161t\u00fadijn\u00fdch v\u00fdsledkov<\/li><li>Absolvova\u0165 v\u00fdberov\u00fd pohovor (len vybran\u00ed uch\u00e1dza\u010di)<\/li><li>\u00daspe\u0161n\u00ed \u0161tipendisti bud\u00fa vybran\u00ed po absolvovan\u00ed st\u00e1\u017ee<\/li><\/ol><p>\u00a0<\/p>\t\t\t\t\t\t<\/div>\n\t\t\t\t<\/div>\n\t\t\t\t\t<\/div>\n\t\t\t\t<\/div>\n\t\t<div class=\"elementor-element elementor-element-4ccf55e8 e-flex e-con-boxed e-con e-parent\" data-id=\"4ccf55e8\" data-element_type=\"container\" data-settings=\"{&quot;container_type&quot;:&quot;flex&quot;,&quot;content_width&quot;:&quot;boxed&quot;}\" data-core-v316-plus=\"true\">\n\t\t\t\t\t<div class=\"e-con-inner\">\n\t\t\t\t<div class=\"elementor-element elementor-element-742a4f9b elementor-widget elementor-widget-heading\" data-id=\"742a4f9b\" data-element_type=\"widget\" data-widget_type=\"heading.default\">\n\t\t\t\t<div class=\"elementor-widget-container\">\n\t\t\t<h2 class=\"elementor-heading-title elementor-size-default\">Ako postupova\u0165 ?\n<\/h2>\t\t<\/div>\n\t\t\t\t<\/div>\n\t\t\t\t\t<\/div>\n\t\t\t\t<\/div>\n\t\t<div class=\"elementor-element elementor-element-5993ff2c e-flex e-con-boxed e-con e-parent\" data-id=\"5993ff2c\" data-element_type=\"container\" data-settings=\"{&quot;container_type&quot;:&quot;flex&quot;,&quot;content_width&quot;:&quot;boxed&quot;}\" data-core-v316-plus=\"true\">\n\t\t\t\t\t<div class=\"e-con-inner\">\n\t\t\t\t<div class=\"elementor-element elementor-element-2df7c83a elementor-widget elementor-widget-text-editor\" data-id=\"2df7c83a\" data-element_type=\"widget\" data-widget_type=\"text-editor.default\">\n\t\t\t\t<div class=\"elementor-widget-container\">\n\t\t\t\t\t\t\t<p>Pre viac inform\u00e1ci\u00ed\u00a0 je potrebn\u00e9 kontaktova\u0165 \u00fasek riadenia \u013eudsk\u00fdch zdrojov: <a href=\"mailto:personalne@fortischem.sk\">personalne@fortischem.sk<\/a><\/p>\t\t\t\t\t\t<\/div>\n\t\t\t\t<\/div>\n\t\t\t\t\t<\/div>\n\t\t\t\t<\/div>\n\t\t<div class=\"elementor-element elementor-element-1a9d88d e-flex e-con-boxed e-con e-parent\" data-id=\"1a9d88d\" data-element_type=\"container\" data-settings=\"{&quot;container_type&quot;:&quot;flex&quot;,&quot;content_width&quot;:&quot;boxed&quot;}\" data-core-v316-plus=\"true\">\n\t\t\t\t\t<div class=\"e-con-inner\">\n\t\t\t\t\t<\/div>\n\t\t\t\t<\/div>\n\t\t\t\t\t\t\t<\/div>\n\t\t","protected":false},"excerpt":{"rendered":"<p>\u00davodn\u00e9 \u0160tipendium &#8211; program pre \u0161tudentov vysok\u00fdch\u00a0\u0161k\u00f4l \u0160tipendijn\u00fd program\u00a0\u00a0je ur\u010den\u00fd\u00a0\u0161tudentom, ktor\u00ed chc\u00fa z\u00edska\u0165 cenn\u00e9 profesijn\u00e9 sk\u00fasenosti u\u017e po\u010das \u0161t\u00fadia a pripravi\u0165 sa na pracovn\u00fd \u017eivot Ktor\u00e9 odbory h\u013ead\u00e1me? V akademickom roku 2022\/2023 h\u013ead\u00e1me \u0161tudentov vysok\u00fdch \u0161k\u00f4l posledn\u00fdch 2 ro\u010dn\u00edkov 2.stup\u0148a \u0161t\u00fadia, ktor\u00ed s\u00fa po ukon\u010den\u00ed \u0161t\u00fadia ochotn\u00ed pracova\u0165 na poz\u00edci\u00e1ch \u0161pecialistov v oblasti: Chemick\u00e9 in\u017einierstvo [&hellip;]<\/p>\n","protected":false},"author":1,"featured_media":0,"parent":2099,"menu_order":0,"comment_status":"closed","ping_status":"closed","template":"","meta":{"_seopress_robots_primary_cat":"","footnotes":""},"class_list":["post-4089","page","type-page","status-publish","hentry"],"acf":[],"_links":{"self":[{"href":"https:\/\/www.fortischem.sk\/sk\/wp-json\/wp\/v2\/pages\/4089","targetHints":{"allow":["GET"]}}],"collection":[{"href":"https:\/\/www.fortischem.sk\/sk\/wp-json\/wp\/v2\/pages"}],"about":[{"href":"https:\/\/www.fortischem.sk\/sk\/wp-json\/wp\/v2\/types\/page"}],"author":[{"embeddable":true,"href":"https:\/\/www.fortischem.sk\/sk\/wp-json\/wp\/v2\/users\/1"}],"replies":[{"embeddable":true,"href":"https:\/\/www.fortischem.sk\/sk\/wp-json\/wp\/v2\/comments?post=4089"}],"version-history":[{"count":7,"href":"https:\/\/www.fortischem.sk\/sk\/wp-json\/wp\/v2\/pages\/4089\/revisions"}],"predecessor-version":[{"id":4726,"href":"https:\/\/www.fortischem.sk\/sk\/wp-json\/wp\/v2\/pages\/4089\/revisions\/4726"}],"up":[{"embeddable":true,"href":"https:\/\/www.fortischem.sk\/sk\/wp-json\/wp\/v2\/pages\/2099"}],"wp:attachment":[{"href":"https:\/\/www.fortischem.sk\/sk\/wp-json\/wp\/v2\/media?parent=4089"}],"curies":[{"name":"wp","href":"https:\/\/api.w.org\/{rel}","templated":true}]}}