{"id":4044,"date":"2023-07-04T14:58:41","date_gmt":"2023-07-04T12:58:41","guid":{"rendered":"http:\/\/www.fortischem.sk\/?page_id=4044"},"modified":"2024-04-29T10:39:17","modified_gmt":"2024-04-29T08:39:17","slug":"benefity-2","status":"publish","type":"page","link":"https:\/\/www.fortischem.sk\/sk\/kariera\/benefity-2\/","title":{"rendered":"Benefity"},"content":{"rendered":"\t\t<div data-elementor-type=\"wp-page\" data-elementor-id=\"4044\" class=\"elementor elementor-4044\" data-elementor-post-type=\"page\">\n\t\t\t\t\t\t\t<div class=\"elementor-element elementor-element-2114164 e-flex e-con-boxed e-con e-parent\" data-id=\"2114164\" data-element_type=\"container\" data-settings=\"{&quot;container_type&quot;:&quot;flex&quot;,&quot;content_width&quot;:&quot;boxed&quot;}\" data-core-v316-plus=\"true\">\n\t\t\t\t\t<div class=\"e-con-inner\">\n\t\t\t\t<div class=\"elementor-element elementor-element-e7a4862 elementor-widget elementor-widget-text-editor\" data-id=\"e7a4862\" data-element_type=\"widget\" data-widget_type=\"text-editor.default\">\n\t\t\t\t<div class=\"elementor-widget-container\">\n\t\t\t<style>\/*! elementor - v3.18.0 - 08-12-2023 *\/\n.elementor-widget-text-editor.elementor-drop-cap-view-stacked .elementor-drop-cap{background-color:#69727d;color:#fff}.elementor-widget-text-editor.elementor-drop-cap-view-framed .elementor-drop-cap{color:#69727d;border:3px solid;background-color:transparent}.elementor-widget-text-editor:not(.elementor-drop-cap-view-default) .elementor-drop-cap{margin-top:8px}.elementor-widget-text-editor:not(.elementor-drop-cap-view-default) .elementor-drop-cap-letter{width:1em;height:1em}.elementor-widget-text-editor .elementor-drop-cap{float:left;text-align:center;line-height:1;font-size:50px}.elementor-widget-text-editor .elementor-drop-cap-letter{display:inline-block}<\/style>\t\t\t\t\t\t\t\t\t\t<\/div>\n\t\t\t\t<\/div>\n\t\t\t\t\t<\/div>\n\t\t\t\t<\/div>\n\t\t<div data-dce-background-image-url=\"https:\/\/www.fortischem.sk\/wp-content\/uploads\/2024\/04\/web-stranka-7-scaled.jpg\" class=\"elementor-element elementor-element-780c1d51 e-con-full e-flex e-con e-parent\" data-id=\"780c1d51\" data-element_type=\"container\" data-settings=\"{&quot;content_width&quot;:&quot;full&quot;,&quot;background_background&quot;:&quot;classic&quot;,&quot;container_type&quot;:&quot;flex&quot;}\" data-e-bg-lazyload=\"\" data-core-v316-plus=\"true\">\n\t\t\t\t<\/div>\n\t\t<div class=\"elementor-element elementor-element-6b66faa3 e-flex e-con-boxed e-con e-parent\" data-id=\"6b66faa3\" data-element_type=\"container\" data-settings=\"{&quot;background_background&quot;:&quot;classic&quot;,&quot;container_type&quot;:&quot;flex&quot;,&quot;content_width&quot;:&quot;boxed&quot;}\" data-core-v316-plus=\"true\">\n\t\t\t\t\t<div class=\"e-con-inner\">\n\t\t<div class=\"elementor-element elementor-element-b3205a0 e-flex e-con-boxed e-con e-child\" data-id=\"b3205a0\" data-element_type=\"container\" data-settings=\"{&quot;container_type&quot;:&quot;flex&quot;,&quot;content_width&quot;:&quot;boxed&quot;}\">\n\t\t\t\t\t<div class=\"e-con-inner\">\n\t\t\t\t<div class=\"elementor-element elementor-element-1b0f8ab6 elementor-widget elementor-widget-sp-breadcrumbs\" data-id=\"1b0f8ab6\" data-element_type=\"widget\" data-widget_type=\"sp-breadcrumbs.default\">\n\t\t\t\t<div class=\"elementor-widget-container\">\n\t\t\t<nav  aria-label=\"breadcrumb\"><ol class=\"breadcrumb\" itemscope itemtype=\"https:\/\/schema.org\/BreadcrumbList\"><li class=\"breadcrumb-item active\" aria-current=\"page\" itemprop=\"itemListElement\" itemscope itemtype=\"https:\/\/schema.org\/ListItem\"><span itemprop=\"name\">\u00davodn\u00e9<\/span><meta itemprop=\"position\" content=\"1\"><\/li><\/ol><\/nav>\t\t<\/div>\n\t\t\t\t<\/div>\n\t\t\t\t<div class=\"elementor-element elementor-element-15f44ed5 elementor-widget elementor-widget-heading\" data-id=\"15f44ed5\" data-element_type=\"widget\" data-widget_type=\"heading.default\">\n\t\t\t\t<div class=\"elementor-widget-container\">\n\t\t\t<style>\/*! elementor - v3.18.0 - 08-12-2023 *\/\n.elementor-heading-title{padding:0;margin:0;line-height:1}.elementor-widget-heading .elementor-heading-title[class*=elementor-size-]>a{color:inherit;font-size:inherit;line-height:inherit}.elementor-widget-heading .elementor-heading-title.elementor-size-small{font-size:15px}.elementor-widget-heading .elementor-heading-title.elementor-size-medium{font-size:19px}.elementor-widget-heading .elementor-heading-title.elementor-size-large{font-size:29px}.elementor-widget-heading .elementor-heading-title.elementor-size-xl{font-size:39px}.elementor-widget-heading .elementor-heading-title.elementor-size-xxl{font-size:59px}<\/style><h1 class=\"elementor-heading-title elementor-size-default\">Benefity<\/h1>\t\t<\/div>\n\t\t\t\t<\/div>\n\t\t\t\t\t<\/div>\n\t\t\t\t<\/div>\n\t\t\t\t\t<\/div>\n\t\t\t\t<\/div>\n\t\t<div class=\"elementor-element elementor-element-693a527 e-flex e-con-boxed e-con e-parent\" data-id=\"693a527\" data-element_type=\"container\" data-settings=\"{&quot;container_type&quot;:&quot;flex&quot;,&quot;content_width&quot;:&quot;boxed&quot;}\" data-core-v316-plus=\"true\">\n\t\t\t\t\t<div class=\"e-con-inner\">\n\t\t\t\t<div class=\"elementor-element elementor-element-452c643 elementor-widget elementor-widget-text-editor\" data-id=\"452c643\" data-element_type=\"widget\" data-widget_type=\"text-editor.default\">\n\t\t\t\t<div class=\"elementor-widget-container\">\n\t\t\t\t\t\t\t<p>&#8211;&nbsp; Zamestnanie v stabilnej spolo\u010dnosti s hist\u00f3riou<br>&#8211;&nbsp; <b>Skr\u00e1ten\u00e1 pracovn\u00e1 doba <\/b>37,5 hod. t\u00fd\u017edenne \/ 33,5 hod. t\u00fd\u017edenne<br>&#8211;&nbsp; Firemn\u00e9 zv\u00fdhodnen\u00e9 stravovanie <b>1,20 eur<\/b>\/stravn\u00e1 jednotka<br>&#8211;&nbsp; <b>Rodinn\u00e9 SIM karty <\/b>pre telefonovanie a v\u00fdhodn\u00e9 \u010derpanie d\u00e1t<br>&#8211;&nbsp; <b>Pl\u00e1vanie pre zamestnancov zdarma <\/b>(NCVP Nov\u00e1ky)<br>&#8211;&nbsp; <b>Pr\u00edplatky nad z\u00e1konn\u00fd r\u00e1mec<\/b><br>&#8211;&nbsp; <b>Odmena k \u017eivotn\u00e9mu <\/b><b>a p<\/b><b>racovn\u00e9mu jubileu<\/b><br>&#8211;&nbsp; Odmena pri odchode do d\u00f4chodku<br>&#8211;&nbsp; Odmena darcom krvi <br>&#8211;&nbsp; <b>Pr\u00edspevok na d\u00f4chodkov\u00e9 doplnkov\u00e9&nbsp; sporenie <\/b><br>&#8211;&nbsp; Vzdel\u00e1vacie aktivity nad z\u00e1konn\u00fd r\u00e1mec<br>&#8211;&nbsp; <b>Rekrea\u010dn\u00fd poukaz <\/b>na dovolenku na SR&nbsp; do 275 eur<br>&#8211;&nbsp; <b>Rekondi\u010dn\u00e9 pobyty a ozdravn\u00e9 pobyty <\/b>nad z\u00e1konn\u00fd r\u00e1mec pobyty vo vybranom &nbsp; zariaden\u00ed na SR<br>&#8211;&nbsp; <b>Zdravotn\u00e1 starostlivos\u0165 <\/b>\/ Pr\u00edspevok na stomatologick\u00e9 o\u0161etrenie <br>&#8211;&nbsp; Kult\u00farne a spolo\u010densk\u00e9 podujatia<br>&#8211;&nbsp; <b>Odmena za \u00faspe\u0161ne odpor\u00fa\u010dan\u00e9ho zamestnanca a\u017e do&nbsp; 800 eur<br><\/b>&#8211;&nbsp; V\u00fdborn\u00e1 dostupnos\u0165 na pracovisko (tesn\u00e1 bl\u00edzkos\u0165 autobusov\u00e9ho n\u00e1stupi\u0161\u0165a)<\/p>\t\t\t\t\t\t<\/div>\n\t\t\t\t<\/div>\n\t\t\t\t\t<\/div>\n\t\t\t\t<\/div>\n\t\t<div class=\"elementor-element elementor-element-110eb010 e-flex e-con-boxed e-con e-parent\" data-id=\"110eb010\" data-element_type=\"container\" data-settings=\"{&quot;background_background&quot;:&quot;gradient&quot;,&quot;container_type&quot;:&quot;flex&quot;,&quot;content_width&quot;:&quot;boxed&quot;}\" data-core-v316-plus=\"true\">\n\t\t\t\t\t<div class=\"e-con-inner\">\n\t\t<div class=\"elementor-element elementor-element-15dc8a39 e-flex e-con-boxed e-con e-child\" data-id=\"15dc8a39\" data-element_type=\"container\" data-settings=\"{&quot;container_type&quot;:&quot;flex&quot;,&quot;content_width&quot;:&quot;boxed&quot;}\">\n\t\t\t\t\t<div class=\"e-con-inner\">\n\t\t\t\t<div class=\"elementor-element elementor-element-9f7a9df elementor-widget elementor-widget-image\" data-id=\"9f7a9df\" data-element_type=\"widget\" data-widget_type=\"image.default\">\n\t\t\t\t<div class=\"elementor-widget-container\">\n\t\t\t<style>\/*! elementor - v3.18.0 - 08-12-2023 *\/\n.elementor-widget-image{text-align:center}.elementor-widget-image a{display:inline-block}.elementor-widget-image a img[src$=\".svg\"]{width:48px}.elementor-widget-image img{vertical-align:middle;display:inline-block}<\/style>\t\t\t\t\t\t\t\t\t\t\t\t<img fetchpriority=\"high\" decoding=\"async\" width=\"768\" height=\"429\" src=\"https:\/\/www.fortischem.sk\/wp-content\/uploads\/2023\/03\/show-image-1-1-768x429.jpg\" class=\"attachment-medium_large size-medium_large wp-image-208\" alt=\"\" srcset=\"https:\/\/www.fortischem.sk\/wp-content\/uploads\/2023\/03\/show-image-1-1-768x429.jpg 768w, https:\/\/www.fortischem.sk\/wp-content\/uploads\/2023\/03\/show-image-1-1-300x168.jpg 300w, https:\/\/www.fortischem.sk\/wp-content\/uploads\/2023\/03\/show-image-1-1.jpg 999w\" sizes=\"(max-width: 768px) 100vw, 768px\" \/>\t\t\t\t\t\t\t\t\t\t\t\t\t\t\t<\/div>\n\t\t\t\t<\/div>\n\t\t\t\t\t<\/div>\n\t\t\t\t<\/div>\n\t\t\t\t\t<\/div>\n\t\t\t\t<\/div>\n\t\t\t\t\t\t\t<\/div>\n\t\t","protected":false},"excerpt":{"rendered":"<p>\u00davodn\u00e9 &#8211;&nbsp; Zamestnanie v stabilnej spolo\u010dnosti s hist\u00f3riou&#8211;&nbsp; Skr\u00e1ten\u00e1 pracovn\u00e1 doba 37,5 hod. t\u00fd\u017edenne \/ 33,5 hod. t\u00fd\u017edenne&#8211;&nbsp; Firemn\u00e9 zv\u00fdhodnen\u00e9 stravovanie 1,20 eur\/stravn\u00e1 jednotka&#8211;&nbsp; Rodinn\u00e9 SIM karty pre telefonovanie a v\u00fdhodn\u00e9 \u010derpanie d\u00e1t&#8211;&nbsp; Pl\u00e1vanie pre zamestnancov zdarma (NCVP Nov\u00e1ky)&#8211;&nbsp; Pr\u00edplatky nad z\u00e1konn\u00fd r\u00e1mec&#8211;&nbsp; Odmena k \u017eivotn\u00e9mu a pracovn\u00e9mu jubileu&#8211;&nbsp; Odmena pri odchode do d\u00f4chodku&#8211;&nbsp; Odmena [&hellip;]<\/p>\n","protected":false},"author":1,"featured_media":0,"parent":438,"menu_order":0,"comment_status":"closed","ping_status":"closed","template":"","meta":{"_seopress_robots_primary_cat":"","footnotes":""},"class_list":["post-4044","page","type-page","status-publish","hentry"],"acf":[],"_links":{"self":[{"href":"https:\/\/www.fortischem.sk\/sk\/wp-json\/wp\/v2\/pages\/4044","targetHints":{"allow":["GET"]}}],"collection":[{"href":"https:\/\/www.fortischem.sk\/sk\/wp-json\/wp\/v2\/pages"}],"about":[{"href":"https:\/\/www.fortischem.sk\/sk\/wp-json\/wp\/v2\/types\/page"}],"author":[{"embeddable":true,"href":"https:\/\/www.fortischem.sk\/sk\/wp-json\/wp\/v2\/users\/1"}],"replies":[{"embeddable":true,"href":"https:\/\/www.fortischem.sk\/sk\/wp-json\/wp\/v2\/comments?post=4044"}],"version-history":[{"count":3,"href":"https:\/\/www.fortischem.sk\/sk\/wp-json\/wp\/v2\/pages\/4044\/revisions"}],"predecessor-version":[{"id":5578,"href":"https:\/\/www.fortischem.sk\/sk\/wp-json\/wp\/v2\/pages\/4044\/revisions\/5578"}],"up":[{"embeddable":true,"href":"https:\/\/www.fortischem.sk\/sk\/wp-json\/wp\/v2\/pages\/438"}],"wp:attachment":[{"href":"https:\/\/www.fortischem.sk\/sk\/wp-json\/wp\/v2\/media?parent=4044"}],"curies":[{"name":"wp","href":"https:\/\/api.w.org\/{rel}","templated":true}]}}