{"id":404,"date":"2023-03-30T10:27:07","date_gmt":"2023-03-30T08:27:07","guid":{"rendered":"http:\/\/www.fortischem.sk\/?page_id=404"},"modified":"2024-06-03T08:41:13","modified_gmt":"2024-06-03T06:41:13","slug":"odpovedna-firma","status":"publish","type":"page","link":"https:\/\/www.fortischem.sk\/sk\/odpovedna-firma\/","title":{"rendered":"Zodpovedn\u00e1 firma"},"content":{"rendered":"\t\t<div data-elementor-type=\"wp-page\" data-elementor-id=\"404\" class=\"elementor elementor-404\" data-elementor-post-type=\"page\">\n\t\t\t\t\t\t\t<div data-dce-background-image-url=\"https:\/\/www.fortischem.sk\/wp-content\/uploads\/2024\/02\/environment-earth-day-hands-trees-growing-seedlings-scaled.jpg\" class=\"elementor-element elementor-element-2a200a5a e-con-full e-flex e-con e-parent\" data-id=\"2a200a5a\" data-element_type=\"container\" data-settings=\"{&quot;content_width&quot;:&quot;full&quot;,&quot;background_background&quot;:&quot;classic&quot;,&quot;container_type&quot;:&quot;flex&quot;}\" data-e-bg-lazyload=\"\" data-core-v316-plus=\"true\">\n\t\t\t\t<\/div>\n\t\t<div class=\"elementor-element elementor-element-2e30fae6 e-flex e-con-boxed e-con e-parent\" data-id=\"2e30fae6\" data-element_type=\"container\" data-settings=\"{&quot;background_background&quot;:&quot;classic&quot;,&quot;container_type&quot;:&quot;flex&quot;,&quot;content_width&quot;:&quot;boxed&quot;}\" data-core-v316-plus=\"true\">\n\t\t\t\t\t<div class=\"e-con-inner\">\n\t\t<div class=\"elementor-element elementor-element-28d551fc e-flex e-con-boxed e-con e-child\" data-id=\"28d551fc\" data-element_type=\"container\" data-settings=\"{&quot;container_type&quot;:&quot;flex&quot;,&quot;content_width&quot;:&quot;boxed&quot;}\">\n\t\t\t\t\t<div class=\"e-con-inner\">\n\t\t\t\t<div class=\"elementor-element elementor-element-77a04e72 elementor-widget elementor-widget-sp-breadcrumbs\" data-id=\"77a04e72\" data-element_type=\"widget\" data-widget_type=\"sp-breadcrumbs.default\">\n\t\t\t\t<div class=\"elementor-widget-container\">\n\t\t\t<nav  aria-label=\"breadcrumb\"><ol class=\"breadcrumb\" itemscope itemtype=\"https:\/\/schema.org\/BreadcrumbList\"><li class=\"breadcrumb-item active\" aria-current=\"page\" itemprop=\"itemListElement\" itemscope itemtype=\"https:\/\/schema.org\/ListItem\"><span itemprop=\"name\">\u00davodn\u00e9<\/span><meta itemprop=\"position\" content=\"1\"><\/li><\/ol><\/nav>\t\t<\/div>\n\t\t\t\t<\/div>\n\t\t\t\t<div class=\"elementor-element elementor-element-680f5616 elementor-widget elementor-widget-heading\" data-id=\"680f5616\" data-element_type=\"widget\" data-widget_type=\"heading.default\">\n\t\t\t\t<div class=\"elementor-widget-container\">\n\t\t\t<style>\/*! elementor - v3.18.0 - 08-12-2023 *\/\n.elementor-heading-title{padding:0;margin:0;line-height:1}.elementor-widget-heading .elementor-heading-title[class*=elementor-size-]>a{color:inherit;font-size:inherit;line-height:inherit}.elementor-widget-heading .elementor-heading-title.elementor-size-small{font-size:15px}.elementor-widget-heading .elementor-heading-title.elementor-size-medium{font-size:19px}.elementor-widget-heading .elementor-heading-title.elementor-size-large{font-size:29px}.elementor-widget-heading .elementor-heading-title.elementor-size-xl{font-size:39px}.elementor-widget-heading .elementor-heading-title.elementor-size-xxl{font-size:59px}<\/style><h1 class=\"elementor-heading-title elementor-size-default\">Zodpovedn\u00e1 firma<\/h1>\t\t<\/div>\n\t\t\t\t<\/div>\n\t\t\t\t\t<\/div>\n\t\t\t\t<\/div>\n\t\t\t\t\t<\/div>\n\t\t\t\t<\/div>\n\t\t<div class=\"elementor-element elementor-element-18f6ecd3 e-flex e-con-boxed e-con e-parent\" data-id=\"18f6ecd3\" data-element_type=\"container\" data-settings=\"{&quot;background_background&quot;:&quot;classic&quot;,&quot;container_type&quot;:&quot;flex&quot;,&quot;content_width&quot;:&quot;boxed&quot;}\" data-core-v316-plus=\"true\">\n\t\t\t\t\t<div class=\"e-con-inner\">\n\t\t<div class=\"elementor-element elementor-element-6cb1d1d9 e-flex e-con-boxed e-con e-child\" data-id=\"6cb1d1d9\" data-element_type=\"container\" data-settings=\"{&quot;container_type&quot;:&quot;flex&quot;,&quot;content_width&quot;:&quot;boxed&quot;}\">\n\t\t\t\t\t<div class=\"e-con-inner\">\n\t\t\t\t<div class=\"elementor-element elementor-element-703c5d3b elementor-widget elementor-widget-text-editor\" data-id=\"703c5d3b\" data-element_type=\"widget\" data-widget_type=\"text-editor.default\">\n\t\t\t\t<div class=\"elementor-widget-container\">\n\t\t\t<style>\/*! elementor - v3.18.0 - 08-12-2023 *\/\n.elementor-widget-text-editor.elementor-drop-cap-view-stacked .elementor-drop-cap{background-color:#69727d;color:#fff}.elementor-widget-text-editor.elementor-drop-cap-view-framed .elementor-drop-cap{color:#69727d;border:3px solid;background-color:transparent}.elementor-widget-text-editor:not(.elementor-drop-cap-view-default) .elementor-drop-cap{margin-top:8px}.elementor-widget-text-editor:not(.elementor-drop-cap-view-default) .elementor-drop-cap-letter{width:1em;height:1em}.elementor-widget-text-editor .elementor-drop-cap{float:left;text-align:center;line-height:1;font-size:50px}.elementor-widget-text-editor .elementor-drop-cap-letter{display:inline-block}<\/style>\t\t\t\t<p>My v spolo\u010dnosti FORTISCHEM a. s. si uvedomujeme, \u017ee pre zaistenie bud\u00facnosti na\u0161ej spolo\u010dnosti i \u013eudskej spolo\u010dnosti ako celku je d\u00f4le\u017eit\u00e9 \u00fa\u010dinne predch\u00e1dza\u0165 po\u0161kodzovaniu pr\u00edrody, kl\u00edmy i \u013eudsk\u00e9ho zdravia, rozv\u00edja\u0165 modern\u00e9, \u00fasporn\u00e9 a \u0161etrn\u00e9 technol\u00f3gie a produkty a efekt\u00edvne vyu\u017e\u00edva\u0165 zdroje. Spolo\u010densk\u00e1 zodpovednos\u0165 a udr\u017eate\u013en\u00fd rozvoj nie s\u00fa pre n\u00e1s len pr\u00e1zdne slov\u00e1, ale fenom\u00e9ny, ktor\u00e9 zah\u0155\u0148aj\u00fa skuto\u010dn\u00e9 aktivity na\u0161ej spolo\u010dnosti smerom k zodpovedn\u00e9mu zodpovedn\u00e9mu spr\u00e1vaniu k \u017eivotn\u00e9mu prostrediu, okoliu a \u013eu\u010fom.<\/p>\t\t\t\t\t\t<\/div>\n\t\t\t\t<\/div>\n\t\t\t\t\t<\/div>\n\t\t\t\t<\/div>\n\t\t\t\t\t<\/div>\n\t\t\t\t<\/div>\n\t\t<div class=\"elementor-element elementor-element-43d3bab4 e-flex e-con-boxed e-con e-parent\" data-id=\"43d3bab4\" data-element_type=\"container\" data-settings=\"{&quot;container_type&quot;:&quot;flex&quot;,&quot;content_width&quot;:&quot;boxed&quot;}\" data-core-v316-plus=\"true\">\n\t\t\t\t\t<div class=\"e-con-inner\">\n\t\t<div class=\"elementor-element elementor-element-42a6ee56 e-flex e-con-boxed e-con e-child\" data-id=\"42a6ee56\" data-element_type=\"container\" data-settings=\"{&quot;container_type&quot;:&quot;flex&quot;,&quot;content_width&quot;:&quot;boxed&quot;}\">\n\t\t\t\t\t<div class=\"e-con-inner\">\n\t\t\t\t<div class=\"elementor-element elementor-element-32668890 elementor-widget elementor-widget-image\" data-id=\"32668890\" data-element_type=\"widget\" data-widget_type=\"image.default\">\n\t\t\t\t<div class=\"elementor-widget-container\">\n\t\t\t<style>\/*! elementor - v3.18.0 - 08-12-2023 *\/\n.elementor-widget-image{text-align:center}.elementor-widget-image a{display:inline-block}.elementor-widget-image a img[src$=\".svg\"]{width:48px}.elementor-widget-image img{vertical-align:middle;display:inline-block}<\/style>\t\t\t\t\t\t\t\t\t\t\t\t\t<a href=\"\/odpovedna-firma\/system-integrovaneho-manazerstva\/\">\n\t\t\t\t\t\t\t<img fetchpriority=\"high\" decoding=\"async\" width=\"300\" height=\"300\" src=\"https:\/\/www.fortischem.sk\/wp-content\/uploads\/2023\/06\/Obrazek2-300x300.jpg\" class=\"attachment-medium size-medium wp-image-2916\" alt=\"\" srcset=\"https:\/\/www.fortischem.sk\/wp-content\/uploads\/2023\/06\/Obrazek2-300x300.jpg 300w, https:\/\/www.fortischem.sk\/wp-content\/uploads\/2023\/06\/Obrazek2-150x150.jpg 150w, https:\/\/www.fortischem.sk\/wp-content\/uploads\/2023\/06\/Obrazek2-768x768.jpg 768w, https:\/\/www.fortischem.sk\/wp-content\/uploads\/2023\/06\/Obrazek2.jpg 916w\" sizes=\"(max-width: 300px) 100vw, 300px\" \/>\t\t\t\t\t\t\t\t<\/a>\n\t\t\t\t\t\t\t\t\t\t\t\t\t\t\t<\/div>\n\t\t\t\t<\/div>\n\t\t\t\t<div class=\"elementor-element elementor-element-7c139dac elementor-widget elementor-widget-heading\" data-id=\"7c139dac\" data-element_type=\"widget\" data-widget_type=\"heading.default\">\n\t\t\t\t<div class=\"elementor-widget-container\">\n\t\t\t<h2 class=\"elementor-heading-title elementor-size-default\"><a href=\"\/odpovedna-firma\/system-integrovaneho-manazerstva\/\">Syst\u00e9m integrovan\u00e9ho mana\u017e\u00e9rstva<\/a><\/h2>\t\t<\/div>\n\t\t\t\t<\/div>\n\t\t\t\t\t<\/div>\n\t\t\t\t<\/div>\n\t\t<div class=\"elementor-element elementor-element-7f65dfb8 e-flex e-con-boxed e-con e-child\" data-id=\"7f65dfb8\" data-element_type=\"container\" data-settings=\"{&quot;container_type&quot;:&quot;flex&quot;,&quot;content_width&quot;:&quot;boxed&quot;}\">\n\t\t\t\t\t<div class=\"e-con-inner\">\n\t\t\t\t<div class=\"elementor-element elementor-element-62cf42a8 elementor-widget elementor-widget-image\" data-id=\"62cf42a8\" data-element_type=\"widget\" data-widget_type=\"image.default\">\n\t\t\t\t<div class=\"elementor-widget-container\">\n\t\t\t\t\t\t\t\t\t\t\t\t\t\t\t\t<a href=\"\/odpovedna-firma\/reach\/\">\n\t\t\t\t\t\t\t<img decoding=\"async\" width=\"300\" height=\"300\" src=\"https:\/\/www.fortischem.sk\/wp-content\/uploads\/2023\/06\/Reach-300x300.png\" class=\"attachment-medium size-medium wp-image-2935\" alt=\"\" srcset=\"https:\/\/www.fortischem.sk\/wp-content\/uploads\/2023\/06\/Reach-300x300.png 300w, https:\/\/www.fortischem.sk\/wp-content\/uploads\/2023\/06\/Reach-150x150.png 150w, https:\/\/www.fortischem.sk\/wp-content\/uploads\/2023\/06\/Reach-768x767.png 768w, https:\/\/www.fortischem.sk\/wp-content\/uploads\/2023\/06\/Reach.png 912w\" sizes=\"(max-width: 300px) 100vw, 300px\" \/>\t\t\t\t\t\t\t\t<\/a>\n\t\t\t\t\t\t\t\t\t\t\t\t\t\t\t<\/div>\n\t\t\t\t<\/div>\n\t\t\t\t<div class=\"elementor-element elementor-element-617b090f elementor-widget elementor-widget-heading\" data-id=\"617b090f\" data-element_type=\"widget\" data-widget_type=\"heading.default\">\n\t\t\t\t<div class=\"elementor-widget-container\">\n\t\t\t<h2 class=\"elementor-heading-title elementor-size-default\"><a href=\"\/odpovedna-firma\/reach\/\">REACH<\/a><\/h2>\t\t<\/div>\n\t\t\t\t<\/div>\n\t\t\t\t\t<\/div>\n\t\t\t\t<\/div>\n\t\t<div class=\"elementor-element elementor-element-73b3dc03 e-flex e-con-boxed e-con e-child\" data-id=\"73b3dc03\" data-element_type=\"container\" data-settings=\"{&quot;container_type&quot;:&quot;flex&quot;,&quot;content_width&quot;:&quot;boxed&quot;}\">\n\t\t\t\t\t<div class=\"e-con-inner\">\n\t\t\t\t<div class=\"elementor-element elementor-element-758f1e02 elementor-widget elementor-widget-image\" data-id=\"758f1e02\" data-element_type=\"widget\" data-widget_type=\"image.default\">\n\t\t\t\t<div class=\"elementor-widget-container\">\n\t\t\t\t\t\t\t\t\t\t\t\t\t\t\t\t<a href=\"\/odpovedna-firma\/meranie-spokojnosti-zakaznikov\/\">\n\t\t\t\t\t\t\t<img decoding=\"async\" width=\"300\" height=\"300\" src=\"https:\/\/www.fortischem.sk\/wp-content\/uploads\/2023\/06\/AdobeStock_107303306-1-300x300.jpeg\" class=\"attachment-medium size-medium wp-image-2637\" alt=\"\" srcset=\"https:\/\/www.fortischem.sk\/wp-content\/uploads\/2023\/06\/AdobeStock_107303306-1-300x300.jpeg 300w, https:\/\/www.fortischem.sk\/wp-content\/uploads\/2023\/06\/AdobeStock_107303306-1-1024x1024.jpeg 1024w, https:\/\/www.fortischem.sk\/wp-content\/uploads\/2023\/06\/AdobeStock_107303306-1-150x150.jpeg 150w, https:\/\/www.fortischem.sk\/wp-content\/uploads\/2023\/06\/AdobeStock_107303306-1-768x768.jpeg 768w, https:\/\/www.fortischem.sk\/wp-content\/uploads\/2023\/06\/AdobeStock_107303306-1-1536x1536.jpeg 1536w, https:\/\/www.fortischem.sk\/wp-content\/uploads\/2023\/06\/AdobeStock_107303306-1-2048x2048.jpeg 2048w\" sizes=\"(max-width: 300px) 100vw, 300px\" \/>\t\t\t\t\t\t\t\t<\/a>\n\t\t\t\t\t\t\t\t\t\t\t\t\t\t\t<\/div>\n\t\t\t\t<\/div>\n\t\t\t\t<div class=\"elementor-element elementor-element-5efc180a elementor-widget elementor-widget-heading\" data-id=\"5efc180a\" data-element_type=\"widget\" data-widget_type=\"heading.default\">\n\t\t\t\t<div class=\"elementor-widget-container\">\n\t\t\t<h2 class=\"elementor-heading-title elementor-size-default\"><a href=\"\/odpovedna-firma\/meranie-spokojnosti-zakaznikov\/\">Meranie spokojnosti <br> z\u00e1kazn\u00edkov<\/a><\/h2>\t\t<\/div>\n\t\t\t\t<\/div>\n\t\t\t\t\t<\/div>\n\t\t\t\t<\/div>\n\t\t<div class=\"elementor-element elementor-element-43a0c2e e-flex e-con-boxed e-con e-child\" data-id=\"43a0c2e\" data-element_type=\"container\" data-settings=\"{&quot;container_type&quot;:&quot;flex&quot;,&quot;content_width&quot;:&quot;boxed&quot;}\">\n\t\t\t\t\t<div class=\"e-con-inner\">\n\t\t\t\t<div class=\"elementor-element elementor-element-52819fe elementor-widget elementor-widget-image\" data-id=\"52819fe\" data-element_type=\"widget\" data-widget_type=\"image.default\">\n\t\t\t\t<div class=\"elementor-widget-container\">\n\t\t\t\t\t\t\t\t\t\t\t\t\t\t\t\t<a href=\"\/odpovedna-firma\/prevencia-zph\/\">\n\t\t\t\t\t\t\t<img loading=\"lazy\" decoding=\"async\" width=\"300\" height=\"300\" src=\"https:\/\/www.fortischem.sk\/wp-content\/uploads\/2023\/06\/shutterstock_587002916-300x300.jpg\" class=\"attachment-medium size-medium wp-image-2638\" alt=\"\" srcset=\"https:\/\/www.fortischem.sk\/wp-content\/uploads\/2023\/06\/shutterstock_587002916-300x300.jpg 300w, https:\/\/www.fortischem.sk\/wp-content\/uploads\/2023\/06\/shutterstock_587002916-1024x1024.jpg 1024w, https:\/\/www.fortischem.sk\/wp-content\/uploads\/2023\/06\/shutterstock_587002916-150x150.jpg 150w, https:\/\/www.fortischem.sk\/wp-content\/uploads\/2023\/06\/shutterstock_587002916-768x768.jpg 768w, https:\/\/www.fortischem.sk\/wp-content\/uploads\/2023\/06\/shutterstock_587002916-1536x1536.jpg 1536w, https:\/\/www.fortischem.sk\/wp-content\/uploads\/2023\/06\/shutterstock_587002916-2048x2048.jpg 2048w\" sizes=\"(max-width: 300px) 100vw, 300px\" \/>\t\t\t\t\t\t\t\t<\/a>\n\t\t\t\t\t\t\t\t\t\t\t\t\t\t\t<\/div>\n\t\t\t\t<\/div>\n\t\t\t\t<div class=\"elementor-element elementor-element-e34229e elementor-widget elementor-widget-heading\" data-id=\"e34229e\" data-element_type=\"widget\" data-widget_type=\"heading.default\">\n\t\t\t\t<div class=\"elementor-widget-container\">\n\t\t\t<h2 class=\"elementor-heading-title elementor-size-default\"><a href=\"\/odpovedna-firma\/prevencia-zph\/\">Prevencia ZPH<\/a><\/h2>\t\t<\/div>\n\t\t\t\t<\/div>\n\t\t\t\t\t<\/div>\n\t\t\t\t<\/div>\n\t\t\t\t\t<\/div>\n\t\t\t\t<\/div>\n\t\t<div class=\"elementor-element elementor-element-201ab07b e-flex e-con-boxed e-con e-parent\" data-id=\"201ab07b\" data-element_type=\"container\" data-settings=\"{&quot;background_background&quot;:&quot;gradient&quot;,&quot;container_type&quot;:&quot;flex&quot;,&quot;content_width&quot;:&quot;boxed&quot;}\" data-core-v316-plus=\"true\">\n\t\t\t\t\t<div class=\"e-con-inner\">\n\t\t<div class=\"elementor-element elementor-element-24025e47 e-flex e-con-boxed e-con e-child\" data-id=\"24025e47\" data-element_type=\"container\" data-settings=\"{&quot;container_type&quot;:&quot;flex&quot;,&quot;content_width&quot;:&quot;boxed&quot;}\">\n\t\t\t\t\t<div class=\"e-con-inner\">\n\t\t\t\t<div class=\"elementor-element elementor-element-2c1068b9 elementor-widget elementor-widget-heading\" data-id=\"2c1068b9\" data-element_type=\"widget\" data-widget_type=\"heading.default\">\n\t\t\t\t<div class=\"elementor-widget-container\">\n\t\t\t<h2 class=\"elementor-heading-title elementor-size-default\">\u017dijeme s regi\u00f3nom\n<\/h2>\t\t<\/div>\n\t\t\t\t<\/div>\n\t\t\t\t<div class=\"elementor-element elementor-element-1c2bea elementor-widget elementor-widget-text-editor\" data-id=\"1c2bea\" data-element_type=\"widget\" data-widget_type=\"text-editor.default\">\n\t\t\t\t<div class=\"elementor-widget-container\">\n\t\t\t\t\t\t\t<p><strong>1. Bezpe\u010dnostn\u00e9 a environment\u00e1lne gr\u00e9mium<\/strong> v duchu hesla \u017dijeme s regi\u00f3nom. <span style=\"text-decoration: underline; color: #333399;\"><a style=\"color: #333399;\" href=\"https:\/\/www.fortischem.sk\/sk\/zijeme-s-regionom\/\"><strong>Viac<\/strong><\/a><\/span><\/p>\t\t\t\t\t\t<\/div>\n\t\t\t\t<\/div>\n\t\t\t\t\t<\/div>\n\t\t\t\t<\/div>\n\t\t<div class=\"elementor-element elementor-element-1ff4881b e-flex e-con-boxed e-con e-child\" data-id=\"1ff4881b\" data-element_type=\"container\" id=\"add-mask\" data-settings=\"{&quot;container_type&quot;:&quot;flex&quot;,&quot;content_width&quot;:&quot;boxed&quot;}\">\n\t\t\t\t\t<div class=\"e-con-inner\">\n\t\t\t\t<div class=\"elementor-element elementor-element-2bc92d2b elementor-widget elementor-widget-image\" data-id=\"2bc92d2b\" data-element_type=\"widget\" data-widget_type=\"image.default\">\n\t\t\t\t<div class=\"elementor-widget-container\">\n\t\t\t\t\t\t\t\t\t\t\t\t\t\t\t<img loading=\"lazy\" decoding=\"async\" width=\"800\" height=\"534\" src=\"https:\/\/www.fortischem.sk\/wp-content\/uploads\/2023\/06\/VHA6368-1024x683.jpg\" class=\"attachment-large size-large wp-image-2857\" alt=\"\" srcset=\"https:\/\/www.fortischem.sk\/wp-content\/uploads\/2023\/06\/VHA6368-1024x683.jpg 1024w, https:\/\/www.fortischem.sk\/wp-content\/uploads\/2023\/06\/VHA6368-300x200.jpg 300w, https:\/\/www.fortischem.sk\/wp-content\/uploads\/2023\/06\/VHA6368-768x512.jpg 768w, https:\/\/www.fortischem.sk\/wp-content\/uploads\/2023\/06\/VHA6368-1536x1025.jpg 1536w, https:\/\/www.fortischem.sk\/wp-content\/uploads\/2023\/06\/VHA6368-e1699614508938.jpg 1000w\" sizes=\"(max-width: 800px) 100vw, 800px\" \/>\t\t\t\t\t\t\t\t\t\t\t\t\t\t\t<\/div>\n\t\t\t\t<\/div>\n\t\t\t\t\t<\/div>\n\t\t\t\t<\/div>\n\t\t\t\t\t<\/div>\n\t\t\t\t<\/div>\n\t\t\t\t\t\t\t<\/div>\n\t\t","protected":false},"excerpt":{"rendered":"<p>\u00davodn\u00e9 My v spolo\u010dnosti FORTISCHEM a. s. si uvedomujeme, \u017ee pre zaistenie bud\u00facnosti na\u0161ej spolo\u010dnosti i \u013eudskej spolo\u010dnosti ako celku je d\u00f4le\u017eit\u00e9 \u00fa\u010dinne predch\u00e1dza\u0165 po\u0161kodzovaniu pr\u00edrody, kl\u00edmy i \u013eudsk\u00e9ho zdravia, rozv\u00edja\u0165 modern\u00e9, \u00fasporn\u00e9 a \u0161etrn\u00e9 technol\u00f3gie a produkty a efekt\u00edvne vyu\u017e\u00edva\u0165 zdroje. Spolo\u010densk\u00e1 zodpovednos\u0165 a udr\u017eate\u013en\u00fd rozvoj nie s\u00fa pre n\u00e1s len pr\u00e1zdne slov\u00e1, ale [&hellip;]<\/p>\n","protected":false},"author":1,"featured_media":0,"parent":0,"menu_order":0,"comment_status":"closed","ping_status":"closed","template":"","meta":{"_seopress_robots_primary_cat":"","footnotes":""},"class_list":["post-404","page","type-page","status-publish","hentry"],"acf":[],"_links":{"self":[{"href":"https:\/\/www.fortischem.sk\/sk\/wp-json\/wp\/v2\/pages\/404","targetHints":{"allow":["GET"]}}],"collection":[{"href":"https:\/\/www.fortischem.sk\/sk\/wp-json\/wp\/v2\/pages"}],"about":[{"href":"https:\/\/www.fortischem.sk\/sk\/wp-json\/wp\/v2\/types\/page"}],"author":[{"embeddable":true,"href":"https:\/\/www.fortischem.sk\/sk\/wp-json\/wp\/v2\/users\/1"}],"replies":[{"embeddable":true,"href":"https:\/\/www.fortischem.sk\/sk\/wp-json\/wp\/v2\/comments?post=404"}],"version-history":[{"count":39,"href":"https:\/\/www.fortischem.sk\/sk\/wp-json\/wp\/v2\/pages\/404\/revisions"}],"predecessor-version":[{"id":5793,"href":"https:\/\/www.fortischem.sk\/sk\/wp-json\/wp\/v2\/pages\/404\/revisions\/5793"}],"wp:attachment":[{"href":"https:\/\/www.fortischem.sk\/sk\/wp-json\/wp\/v2\/media?parent=404"}],"curies":[{"name":"wp","href":"https:\/\/api.w.org\/{rel}","templated":true}]}}