{"id":3974,"date":"2023-07-03T16:27:23","date_gmt":"2023-07-03T14:27:23","guid":{"rendered":"http:\/\/www.fortischem.sk\/?page_id=3974"},"modified":"2023-07-03T16:31:30","modified_gmt":"2023-07-03T14:31:30","slug":"benefity","status":"publish","type":"page","link":"https:\/\/www.fortischem.sk\/sk\/kariera\/benefity\/","title":{"rendered":"Benefity"},"content":{"rendered":"\t\t<div data-elementor-type=\"wp-page\" data-elementor-id=\"3974\" class=\"elementor elementor-3974\" data-elementor-post-type=\"page\">\n\t\t\t\t\t\t\t<div class=\"elementor-element elementor-element-e5e90b5 e-flex e-con-boxed e-con e-parent\" data-id=\"e5e90b5\" data-element_type=\"container\" data-settings=\"{&quot;container_type&quot;:&quot;flex&quot;,&quot;content_width&quot;:&quot;boxed&quot;}\" data-core-v316-plus=\"true\">\n\t\t\t\t\t<div class=\"e-con-inner\">\n\t\t\t\t<div class=\"elementor-element elementor-element-9dd4d9f elementor-widget elementor-widget-text-editor\" data-id=\"9dd4d9f\" data-element_type=\"widget\" data-widget_type=\"text-editor.default\">\n\t\t\t\t<div class=\"elementor-widget-container\">\n\t\t\t<style>\/*! elementor - v3.18.0 - 08-12-2023 *\/\n.elementor-widget-text-editor.elementor-drop-cap-view-stacked .elementor-drop-cap{background-color:#69727d;color:#fff}.elementor-widget-text-editor.elementor-drop-cap-view-framed .elementor-drop-cap{color:#69727d;border:3px solid;background-color:transparent}.elementor-widget-text-editor:not(.elementor-drop-cap-view-default) .elementor-drop-cap{margin-top:8px}.elementor-widget-text-editor:not(.elementor-drop-cap-view-default) .elementor-drop-cap-letter{width:1em;height:1em}.elementor-widget-text-editor .elementor-drop-cap{float:left;text-align:center;line-height:1;font-size:50px}.elementor-widget-text-editor .elementor-drop-cap-letter{display:inline-block}<\/style>\t\t\t\t<p>&#8211;\u00a0 Zamestnanie v stabilnej spolo\u010dnosti s hist\u00f3riou<br \/>&#8211;\u00a0 <b>Skr\u00e1ten\u00e1 pracovn\u00e1 doba <\/b>37,5 hod. t\u00fd\u017edenne \/ 33,5, hod. t\u00fd\u017edenne<br \/>&#8211;\u00a0 Firemn\u00e9 zv\u00fdhodnen\u00e9 stravovanie <b>1,20 eur<\/b>\/stravn\u00e1 jednotka<br \/>&#8211;\u00a0 <b>Rodinn\u00e9 SIM karty <\/b>pre telefonovanie a v\u00fdhodn\u00e9 \u010derpanie d\u00e1t<br \/>&#8211;\u00a0 <b>Pl\u00e1vanie pre zamestnancov zdarma <\/b>(NCVP Nov\u00e1ky)<br \/>&#8211;\u00a0 <b>Pr\u00edplatky nad z\u00e1konn\u00fd r\u00e1mec<\/b><br \/>&#8211;\u00a0 <b>Odmena k \u017eivotn\u00e9mu <\/b><b>a p<\/b><b>racovn\u00e9mu jubileu<\/b><br \/>&#8211;\u00a0 Odmena pri odchode do d\u00f4chodku<br \/>&#8211;\u00a0 Odmena darcom krvi <br \/>&#8211;\u00a0 <b>Pr\u00edspevok na d\u00f4chodkov\u00e9 doplnkov\u00e9\u00a0 sporenie <\/b><br \/>&#8211;\u00a0 Vzdel\u00e1vacie aktivity nad z\u00e1konn\u00fd r\u00e1mec<br \/>&#8211;\u00a0 <b>Rekrea\u010dn\u00fd poukaz <\/b>na dovolenku na SR\u00a0 do 275 eur<br \/>&#8211;\u00a0 <b>Rekondi\u010dn\u00e9 pobyty a ozdravn\u00e9 pobyty <\/b>nad z\u00e1konn\u00fd r\u00e1mec pobyty vo vybranom \u00a0 zariaden\u00ed na SR<br \/>&#8211;\u00a0 <b>Zdravotn\u00e1 starostlivos\u0165 <\/b>\/ Pr\u00edspevok na stomatologick\u00e9 o\u0161etrenie <br \/>&#8211;\u00a0 Kult\u00farne a spolo\u010densk\u00e9 podujatia<br \/>&#8211;\u00a0 <b>Odmena za \u00faspe\u0161ne odpor\u00fa\u010dan\u00e9ho zamestnanca a\u017e do\u00a0 800 eur<br \/><\/b>&#8211;\u00a0 V\u00fdborn\u00e1 dostupnos\u0165 na pracovisko (tesn\u00e1 bl\u00edzkos\u0165 autobusov\u00e9ho n\u00e1stupi\u0161\u0165a)<\/p>\t\t\t\t\t\t<\/div>\n\t\t\t\t<\/div>\n\t\t\t\t\t<\/div>\n\t\t\t\t<\/div>\n\t\t\t\t\t\t\t<\/div>\n\t\t","protected":false},"excerpt":{"rendered":"<p>&#8211;\u00a0 Zamestnanie v stabilnej spolo\u010dnosti s hist\u00f3riou &#8211;\u00a0 Skr\u00e1ten\u00e1 pracovn\u00e1 doba 37,5 hod. t\u00fd\u017edenne \/ 33,5, hod. t\u00fd\u017edenne &#8211;\u00a0 Firemn\u00e9 zv\u00fdhodnen\u00e9 stravovanie 1,20 eur\/stravn\u00e1 jednotka &#8211;\u00a0 Rodinn\u00e9 SIM karty pre telefonovanie a v\u00fdhodn\u00e9 \u010derpanie d\u00e1t &#8211;\u00a0 Pl\u00e1vanie pre zamestnancov zdarma (NCVP Nov\u00e1ky) &#8211;\u00a0 Pr\u00edplatky nad z\u00e1konn\u00fd r\u00e1mec &#8211;\u00a0 Odmena k \u017eivotn\u00e9mu a pracovn\u00e9mu jubileu &#8211;\u00a0 [&hellip;]<\/p>\n","protected":false},"author":1,"featured_media":0,"parent":438,"menu_order":2,"comment_status":"closed","ping_status":"closed","template":"","meta":{"_seopress_robots_primary_cat":"","footnotes":""},"class_list":["post-3974","page","type-page","status-publish","hentry"],"acf":[],"_links":{"self":[{"href":"https:\/\/www.fortischem.sk\/sk\/wp-json\/wp\/v2\/pages\/3974","targetHints":{"allow":["GET"]}}],"collection":[{"href":"https:\/\/www.fortischem.sk\/sk\/wp-json\/wp\/v2\/pages"}],"about":[{"href":"https:\/\/www.fortischem.sk\/sk\/wp-json\/wp\/v2\/types\/page"}],"author":[{"embeddable":true,"href":"https:\/\/www.fortischem.sk\/sk\/wp-json\/wp\/v2\/users\/1"}],"replies":[{"embeddable":true,"href":"https:\/\/www.fortischem.sk\/sk\/wp-json\/wp\/v2\/comments?post=3974"}],"version-history":[{"count":0,"href":"https:\/\/www.fortischem.sk\/sk\/wp-json\/wp\/v2\/pages\/3974\/revisions"}],"up":[{"embeddable":true,"href":"https:\/\/www.fortischem.sk\/sk\/wp-json\/wp\/v2\/pages\/438"}],"wp:attachment":[{"href":"https:\/\/www.fortischem.sk\/sk\/wp-json\/wp\/v2\/media?parent=3974"}],"curies":[{"name":"wp","href":"https:\/\/api.w.org\/{rel}","templated":true}]}}