{"id":3851,"date":"2023-06-29T13:32:07","date_gmt":"2023-06-29T11:32:07","guid":{"rendered":"http:\/\/www.fortischem.sk\/?page_id=3851"},"modified":"2025-02-20T10:47:51","modified_gmt":"2025-02-20T09:47:51","slug":"historia-2","status":"publish","type":"page","link":"https:\/\/www.fortischem.sk\/sk\/o-nas\/historia-2\/","title":{"rendered":"Hist\u00f3ria"},"content":{"rendered":"\t\t<div data-elementor-type=\"wp-page\" data-elementor-id=\"3851\" class=\"elementor elementor-3851\" data-elementor-post-type=\"page\">\n\t\t\t\t\t\t\t<div data-dce-background-image-url=\"https:\/\/www.fortischem.sk\/wp-content\/uploads\/2024\/02\/DJI_0093.jpg\" class=\"elementor-element elementor-element-7c5d419d e-con-full e-flex e-con e-parent\" data-id=\"7c5d419d\" data-element_type=\"container\" data-settings=\"{&quot;content_width&quot;:&quot;full&quot;,&quot;background_background&quot;:&quot;classic&quot;,&quot;container_type&quot;:&quot;flex&quot;}\" data-e-bg-lazyload=\"\" data-core-v316-plus=\"true\">\n\t\t\t\t<\/div>\n\t\t<div class=\"elementor-element elementor-element-cd98d0 e-flex e-con-boxed e-con e-parent\" data-id=\"cd98d0\" data-element_type=\"container\" data-settings=\"{&quot;background_background&quot;:&quot;classic&quot;,&quot;container_type&quot;:&quot;flex&quot;,&quot;content_width&quot;:&quot;boxed&quot;}\" data-core-v316-plus=\"true\">\n\t\t\t\t\t<div class=\"e-con-inner\">\n\t\t<div class=\"elementor-element elementor-element-5aec4c10 e-flex e-con-boxed e-con e-child\" data-id=\"5aec4c10\" data-element_type=\"container\" data-settings=\"{&quot;container_type&quot;:&quot;flex&quot;,&quot;content_width&quot;:&quot;boxed&quot;}\">\n\t\t\t\t\t<div class=\"e-con-inner\">\n\t\t\t\t<div class=\"elementor-element elementor-element-a79cce0 elementor-widget elementor-widget-sp-breadcrumbs\" data-id=\"a79cce0\" data-element_type=\"widget\" data-widget_type=\"sp-breadcrumbs.default\">\n\t\t\t\t<div class=\"elementor-widget-container\">\n\t\t\t<nav  aria-label=\"breadcrumb\"><ol class=\"breadcrumb\" itemscope itemtype=\"https:\/\/schema.org\/BreadcrumbList\"><li class=\"breadcrumb-item active\" aria-current=\"page\" itemprop=\"itemListElement\" itemscope itemtype=\"https:\/\/schema.org\/ListItem\"><span itemprop=\"name\">\u00davodn\u00e9<\/span><meta itemprop=\"position\" content=\"1\"><\/li><\/ol><\/nav>\t\t<\/div>\n\t\t\t\t<\/div>\n\t\t\t\t<div class=\"elementor-element elementor-element-461224f4 elementor-widget elementor-widget-heading\" data-id=\"461224f4\" data-element_type=\"widget\" data-widget_type=\"heading.default\">\n\t\t\t\t<div class=\"elementor-widget-container\">\n\t\t\t<style>\/*! elementor - v3.18.0 - 08-12-2023 *\/\n.elementor-heading-title{padding:0;margin:0;line-height:1}.elementor-widget-heading .elementor-heading-title[class*=elementor-size-]>a{color:inherit;font-size:inherit;line-height:inherit}.elementor-widget-heading .elementor-heading-title.elementor-size-small{font-size:15px}.elementor-widget-heading .elementor-heading-title.elementor-size-medium{font-size:19px}.elementor-widget-heading .elementor-heading-title.elementor-size-large{font-size:29px}.elementor-widget-heading .elementor-heading-title.elementor-size-xl{font-size:39px}.elementor-widget-heading .elementor-heading-title.elementor-size-xxl{font-size:59px}<\/style><h1 class=\"elementor-heading-title elementor-size-default\">Hist\u00f3ria<\/h1>\t\t<\/div>\n\t\t\t\t<\/div>\n\t\t\t\t\t<\/div>\n\t\t\t\t<\/div>\n\t\t\t\t\t<\/div>\n\t\t\t\t<\/div>\n\t\t<div class=\"elementor-element elementor-element-4cd13bc4 e-flex e-con-boxed e-con e-parent\" data-id=\"4cd13bc4\" data-element_type=\"container\" data-settings=\"{&quot;background_background&quot;:&quot;gradient&quot;,&quot;container_type&quot;:&quot;flex&quot;,&quot;content_width&quot;:&quot;boxed&quot;}\" data-core-v316-plus=\"true\">\n\t\t\t\t\t<div class=\"e-con-inner\">\n\t\t<div class=\"elementor-element elementor-element-5825ddd e-con-full e-flex e-con e-child\" data-id=\"5825ddd\" data-element_type=\"container\" data-settings=\"{&quot;content_width&quot;:&quot;full&quot;,&quot;container_type&quot;:&quot;flex&quot;}\">\n\t\t\t\t<div class=\"elementor-element elementor-element-60174040 elementor-widget elementor-widget-heading\" data-id=\"60174040\" data-element_type=\"widget\" data-widget_type=\"heading.default\">\n\t\t\t\t<div class=\"elementor-widget-container\">\n\t\t\t<h2 class=\"elementor-heading-title elementor-size-default\">FORTISCHEM<\/h2>\t\t<\/div>\n\t\t\t\t<\/div>\n\t\t\t\t<div class=\"elementor-element elementor-element-3b1a2dc elementor-widget elementor-widget-text-editor\" data-id=\"3b1a2dc\" data-element_type=\"widget\" data-widget_type=\"text-editor.default\">\n\t\t\t\t<div class=\"elementor-widget-container\">\n\t\t\t<style>\/*! elementor - v3.18.0 - 08-12-2023 *\/\n.elementor-widget-text-editor.elementor-drop-cap-view-stacked .elementor-drop-cap{background-color:#69727d;color:#fff}.elementor-widget-text-editor.elementor-drop-cap-view-framed .elementor-drop-cap{color:#69727d;border:3px solid;background-color:transparent}.elementor-widget-text-editor:not(.elementor-drop-cap-view-default) .elementor-drop-cap{margin-top:8px}.elementor-widget-text-editor:not(.elementor-drop-cap-view-default) .elementor-drop-cap-letter{width:1em;height:1em}.elementor-widget-text-editor .elementor-drop-cap{float:left;text-align:center;line-height:1;font-size:50px}.elementor-widget-text-editor .elementor-drop-cap-letter{display:inline-block}<\/style>\t\t\t\t<p style=\"text-align: left;\">Hist\u00f3ria chemickej v\u00fdroby v Nov\u00e1koch sa za\u010dala v roku 1936, ke\u010f\u00a0 Spolok pre chemick\u00fa a hutn\u00fa v\u00fdrobu v \u00dast\u00ed nad Labem (v \u010cesku), rozhodol vybudova\u0165 svoju pobo\u010dku na Slovensku.<\/p><p>Vo febru\u00e1ri 1940 bola spusten\u00e1 prv\u00e1 prev\u00e1dzka \u2013 elektrol\u00fdza na v\u00fdrobu hydroxidu sodn\u00e9ho, chloru a jeho deriv\u00e1tov. Po skon\u010den\u00ed druhej svetovej vojny sa z\u00e1vod \u010falej rozv\u00edjal a modernizoval. V rokoch 1948 \u2013 1952 postupne vznikli v\u00fdroby dichl\u00f3ret\u00e1nu a PVC, glykolov a chlorparaf\u00ednov. D\u00f4le\u017eitou s\u00fa\u010das\u0165ou v\u00fdrobn\u00e9ho programu je v\u00fdroba karbidu v\u00e1pnika. Prv\u00e1 pec bola uveden\u00e1 do prev\u00e1dzky v roku 1954.<\/p><p>V\u00fdroba bola postupne roz\u0161irovan\u00e1 a modernizovan\u00e1 a\u017e na s\u00fa\u010dasn\u00fa kapacitu 80 000 ton karbidu v\u00e1pnika ro\u010dne. Nepretr\u017eit\u00fd rast spotreby plastov\u00fdch hm\u00f4t viedol k zv\u00fd\u0161eniu v\u00fdroby PVC. Z tohto d\u00f4vodu bola v roku 1972 spusten\u00e1 jednotka pyrol\u00fdzy benz\u00ednu, ktor\u00e1 zabezpe\u010dovala suroviny pre cel\u00fd rad organick\u00fdch v\u00fdrobkov. S oh\u013eadom na zmeny na trhu, vysok\u00e9 po\u017eiadavky na ekol\u00f3giu a zn\u00ed\u017eenie energetick\u00fdch n\u00e1rokov prev\u00e1dzok bola t\u00e1to v\u00fdrobn\u00e1 jednotka postupne odstavovan\u00e1 a v s\u00fa\u010dasnosti sa PVC v spolo\u010dnosti FORTISCHEM a. s. vyr\u00e1ba z dovezen\u00fdch surov\u00edn a chl\u00f3ru dod\u00e1van\u00e9ho z modernej membr\u00e1novej elektrol\u00fdzy. T\u00e1 bola uveden\u00e1 do prev\u00e1dzky v apr\u00edli 2018 a sp\u013a\u0148a najpr\u00edsnej\u0161ie po\u017eiadavky na modern\u00fa v\u00fdrobu chl\u00f3ru a hydroxidu s\u00f3dneho. Na neho nadv\u00e4zuje v\u00fdroba kyseliny chlorovod\u00edkovej a chl\u00f3r\u0148anu sodn\u00e9ho. Jeho v\u00fdroba je zaraden\u00e1 medzi strategick\u00e9 prev\u00e1dzky Slovenskej republiky.<\/p>\t\t\t\t\t\t<\/div>\n\t\t\t\t<\/div>\n\t\t\t\t<div class=\"elementor-element elementor-element-722b82d elementor-widget elementor-widget-image\" data-id=\"722b82d\" data-element_type=\"widget\" data-widget_type=\"image.default\">\n\t\t\t\t<div class=\"elementor-widget-container\">\n\t\t\t<style>\/*! elementor - v3.18.0 - 08-12-2023 *\/\n.elementor-widget-image{text-align:center}.elementor-widget-image a{display:inline-block}.elementor-widget-image a img[src$=\".svg\"]{width:48px}.elementor-widget-image img{vertical-align:middle;display:inline-block}<\/style>\t\t\t\t\t\t\t\t\t\t\t\t<img fetchpriority=\"high\" decoding=\"async\" width=\"800\" height=\"534\" src=\"https:\/\/www.fortischem.sk\/wp-content\/uploads\/2024\/02\/web-stranka-1200-x-1000-px-3000-x-2000-px-1024x683.png\" class=\"attachment-large size-large wp-image-5133\" alt=\"\" srcset=\"https:\/\/www.fortischem.sk\/wp-content\/uploads\/2024\/02\/web-stranka-1200-x-1000-px-3000-x-2000-px-1024x683.png 1024w, https:\/\/www.fortischem.sk\/wp-content\/uploads\/2024\/02\/web-stranka-1200-x-1000-px-3000-x-2000-px-300x200.png 300w, https:\/\/www.fortischem.sk\/wp-content\/uploads\/2024\/02\/web-stranka-1200-x-1000-px-3000-x-2000-px-768x512.png 768w, https:\/\/www.fortischem.sk\/wp-content\/uploads\/2024\/02\/web-stranka-1200-x-1000-px-3000-x-2000-px-1536x1024.png 1536w, https:\/\/www.fortischem.sk\/wp-content\/uploads\/2024\/02\/web-stranka-1200-x-1000-px-3000-x-2000-px-2048x1365.png 2048w\" sizes=\"(max-width: 800px) 100vw, 800px\" \/>\t\t\t\t\t\t\t\t\t\t\t\t\t\t\t<\/div>\n\t\t\t\t<\/div>\n\t\t\t\t<\/div>\n\t\t<div class=\"elementor-element elementor-element-1a6ba253 e-flex e-con-boxed e-con e-child\" data-id=\"1a6ba253\" data-element_type=\"container\" data-settings=\"{&quot;container_type&quot;:&quot;flex&quot;,&quot;content_width&quot;:&quot;boxed&quot;}\">\n\t\t\t\t\t<div class=\"e-con-inner\">\n\t\t\t\t\t<\/div>\n\t\t\t\t<\/div>\n\t\t\t\t\t<\/div>\n\t\t\t\t<\/div>\n\t\t\t\t\t\t\t<\/div>\n\t\t","protected":false},"excerpt":{"rendered":"<p>\u00davodn\u00e9 FORTISCHEM Hist\u00f3ria chemickej v\u00fdroby v Nov\u00e1koch sa za\u010dala v roku 1936, ke\u010f\u00a0 Spolok pre chemick\u00fa a hutn\u00fa v\u00fdrobu v \u00dast\u00ed nad Labem (v \u010cesku), rozhodol vybudova\u0165 svoju pobo\u010dku na Slovensku. Vo febru\u00e1ri 1940 bola spusten\u00e1 prv\u00e1 prev\u00e1dzka \u2013 elektrol\u00fdza na v\u00fdrobu hydroxidu sodn\u00e9ho, chloru a jeho deriv\u00e1tov. Po skon\u010den\u00ed druhej svetovej vojny sa z\u00e1vod [&hellip;]<\/p>\n","protected":false},"author":1,"featured_media":0,"parent":204,"menu_order":0,"comment_status":"closed","ping_status":"closed","template":"","meta":{"_seopress_robots_primary_cat":"","footnotes":""},"class_list":["post-3851","page","type-page","status-publish","hentry"],"acf":[],"_links":{"self":[{"href":"https:\/\/www.fortischem.sk\/sk\/wp-json\/wp\/v2\/pages\/3851","targetHints":{"allow":["GET"]}}],"collection":[{"href":"https:\/\/www.fortischem.sk\/sk\/wp-json\/wp\/v2\/pages"}],"about":[{"href":"https:\/\/www.fortischem.sk\/sk\/wp-json\/wp\/v2\/types\/page"}],"author":[{"embeddable":true,"href":"https:\/\/www.fortischem.sk\/sk\/wp-json\/wp\/v2\/users\/1"}],"replies":[{"embeddable":true,"href":"https:\/\/www.fortischem.sk\/sk\/wp-json\/wp\/v2\/comments?post=3851"}],"version-history":[{"count":27,"href":"https:\/\/www.fortischem.sk\/sk\/wp-json\/wp\/v2\/pages\/3851\/revisions"}],"predecessor-version":[{"id":6172,"href":"https:\/\/www.fortischem.sk\/sk\/wp-json\/wp\/v2\/pages\/3851\/revisions\/6172"}],"up":[{"embeddable":true,"href":"https:\/\/www.fortischem.sk\/sk\/wp-json\/wp\/v2\/pages\/204"}],"wp:attachment":[{"href":"https:\/\/www.fortischem.sk\/sk\/wp-json\/wp\/v2\/media?parent=3851"}],"curies":[{"name":"wp","href":"https:\/\/api.w.org\/{rel}","templated":true}]}}