{"id":311,"date":"2023-03-29T10:27:47","date_gmt":"2023-03-29T08:27:47","guid":{"rendered":"http:\/\/www.fortischem.sk\/?page_id=311"},"modified":"2024-06-03T08:36:54","modified_gmt":"2024-06-03T06:36:54","slug":"vyrobky","status":"publish","type":"page","link":"https:\/\/www.fortischem.sk\/sk\/vyrobky\/","title":{"rendered":"Produkty"},"content":{"rendered":"\t\t<div data-elementor-type=\"wp-page\" data-elementor-id=\"311\" class=\"elementor elementor-311\" data-elementor-post-type=\"page\">\n\t\t\t\t\t\t\t<div data-dce-background-image-url=\"https:\/\/www.fortischem.sk\/wp-content\/uploads\/2023\/05\/VHA7930-1.jpg\" class=\"elementor-element elementor-element-50d1eb28 e-con-full e-flex e-con e-parent\" data-id=\"50d1eb28\" data-element_type=\"container\" data-settings=\"{&quot;content_width&quot;:&quot;full&quot;,&quot;background_background&quot;:&quot;classic&quot;,&quot;container_type&quot;:&quot;flex&quot;}\" data-e-bg-lazyload=\"\" data-core-v316-plus=\"true\">\n\t\t\t\t<\/div>\n\t\t<div class=\"elementor-element elementor-element-b23ddae e-flex e-con-boxed e-con e-parent\" data-id=\"b23ddae\" data-element_type=\"container\" data-settings=\"{&quot;background_background&quot;:&quot;classic&quot;,&quot;container_type&quot;:&quot;flex&quot;,&quot;content_width&quot;:&quot;boxed&quot;}\" data-core-v316-plus=\"true\">\n\t\t\t\t\t<div class=\"e-con-inner\">\n\t\t<div class=\"elementor-element elementor-element-5eddedfb e-flex e-con-boxed e-con e-child\" data-id=\"5eddedfb\" data-element_type=\"container\" data-settings=\"{&quot;container_type&quot;:&quot;flex&quot;,&quot;content_width&quot;:&quot;boxed&quot;}\">\n\t\t\t\t\t<div class=\"e-con-inner\">\n\t\t\t\t<div class=\"elementor-element elementor-element-13e2570a elementor-widget elementor-widget-sp-breadcrumbs\" data-id=\"13e2570a\" data-element_type=\"widget\" data-widget_type=\"sp-breadcrumbs.default\">\n\t\t\t\t<div class=\"elementor-widget-container\">\n\t\t\t<nav  aria-label=\"breadcrumb\"><ol class=\"breadcrumb\" itemscope itemtype=\"https:\/\/schema.org\/BreadcrumbList\"><li class=\"breadcrumb-item active\" aria-current=\"page\" itemprop=\"itemListElement\" itemscope itemtype=\"https:\/\/schema.org\/ListItem\"><span itemprop=\"name\">\u00davodn\u00e9<\/span><meta itemprop=\"position\" content=\"1\"><\/li><\/ol><\/nav>\t\t<\/div>\n\t\t\t\t<\/div>\n\t\t\t\t<div class=\"elementor-element elementor-element-5f27ffaf elementor-widget elementor-widget-heading\" data-id=\"5f27ffaf\" data-element_type=\"widget\" data-widget_type=\"heading.default\">\n\t\t\t\t<div class=\"elementor-widget-container\">\n\t\t\t<style>\/*! elementor - v3.18.0 - 08-12-2023 *\/\n.elementor-heading-title{padding:0;margin:0;line-height:1}.elementor-widget-heading .elementor-heading-title[class*=elementor-size-]>a{color:inherit;font-size:inherit;line-height:inherit}.elementor-widget-heading .elementor-heading-title.elementor-size-small{font-size:15px}.elementor-widget-heading .elementor-heading-title.elementor-size-medium{font-size:19px}.elementor-widget-heading .elementor-heading-title.elementor-size-large{font-size:29px}.elementor-widget-heading .elementor-heading-title.elementor-size-xl{font-size:39px}.elementor-widget-heading .elementor-heading-title.elementor-size-xxl{font-size:59px}<\/style><h1 class=\"elementor-heading-title elementor-size-default\">Produkty<\/h1>\t\t<\/div>\n\t\t\t\t<\/div>\n\t\t\t\t<div class=\"elementor-element elementor-element-b89ae04 elementor-widget elementor-widget-text-editor\" data-id=\"b89ae04\" data-element_type=\"widget\" data-widget_type=\"text-editor.default\">\n\t\t\t\t<div class=\"elementor-widget-container\">\n\t\t\t<style>\/*! elementor - v3.18.0 - 08-12-2023 *\/\n.elementor-widget-text-editor.elementor-drop-cap-view-stacked .elementor-drop-cap{background-color:#69727d;color:#fff}.elementor-widget-text-editor.elementor-drop-cap-view-framed .elementor-drop-cap{color:#69727d;border:3px solid;background-color:transparent}.elementor-widget-text-editor:not(.elementor-drop-cap-view-default) .elementor-drop-cap{margin-top:8px}.elementor-widget-text-editor:not(.elementor-drop-cap-view-default) .elementor-drop-cap-letter{width:1em;height:1em}.elementor-widget-text-editor .elementor-drop-cap{float:left;text-align:center;line-height:1;font-size:50px}.elementor-widget-text-editor .elementor-drop-cap-letter{display:inline-block}<\/style>\t\t\t\t<p>Spolo\u010dnos\u0165 FORTISCHEM a. s. chce pon\u00faka\u0165 nielen produkty, ale procesn\u00e9 rie\u0161enia a by\u0165 najlep\u0161ou vo\u013ebou pre odberate\u013eov a najv\u00e4\u010d\u0161ou v\u00fdzvou pre dod\u00e1vate\u013eov.<\/p>\t\t\t\t\t\t<\/div>\n\t\t\t\t<\/div>\n\t\t\t\t\t<\/div>\n\t\t\t\t<\/div>\n\t\t\t\t\t<\/div>\n\t\t\t\t<\/div>\n\t\t<div class=\"elementor-element elementor-element-987f5de e-flex e-con-boxed e-con e-parent\" data-id=\"987f5de\" data-element_type=\"container\" id=\"portfolio\" data-settings=\"{&quot;background_background&quot;:&quot;gradient&quot;,&quot;container_type&quot;:&quot;flex&quot;,&quot;content_width&quot;:&quot;boxed&quot;}\" data-core-v316-plus=\"true\">\n\t\t\t\t\t<div class=\"e-con-inner\">\n\t\t<div class=\"elementor-element elementor-element-0f408ca e-flex e-con-boxed e-con e-child\" data-id=\"0f408ca\" data-element_type=\"container\" data-settings=\"{&quot;container_type&quot;:&quot;flex&quot;,&quot;content_width&quot;:&quot;boxed&quot;}\">\n\t\t\t\t\t<div class=\"e-con-inner\">\n\t\t\t\t<div class=\"elementor-element elementor-element-1d3f331 elementor-widget elementor-widget-heading\" data-id=\"1d3f331\" data-element_type=\"widget\" data-widget_type=\"heading.default\">\n\t\t\t\t<div class=\"elementor-widget-container\">\n\t\t\t<h2 class=\"elementor-heading-title elementor-size-default\">PORTF\u00d3LIO PRODUKTOV<\/h2>\t\t<\/div>\n\t\t\t\t<\/div>\n\t\t\t\t<div class=\"elementor-element elementor-element-4ec5683 elementor-widget elementor-widget-shortcode\" data-id=\"4ec5683\" data-element_type=\"widget\" data-widget_type=\"shortcode.default\">\n\t\t\t\t<div class=\"elementor-widget-container\">\n\t\t\t<ul class=\"custom-taxonomy-list\"><li class=\"custom-taxonomy-list__child\"><a href=\"https:\/\/www.fortischem.sk\/sk\/kategorie\/technicke-plyny\/\">Technick\u00e9 plyny<\/a><\/li><li class=\"custom-taxonomy-list__child\"><a href=\"https:\/\/www.fortischem.sk\/sk\/kategorie\/acetylenicke-alkoholy\/\">Acetylenick\u00e9 alkoholy<\/a><\/li><li class=\"custom-taxonomy-list__child\"><a href=\"https:\/\/www.fortischem.sk\/sk\/kategorie\/slovinyly-pvc\/\">Slovinyly PVC<\/a><\/li><li class=\"custom-taxonomy-list__child\"><a href=\"https:\/\/www.fortischem.sk\/sk\/kategorie\/specialne-organicke-zluceniny\/\">\u0160peci\u00e1lne organick\u00e9 zl\u00fa\u010deniny<\/a><\/li><li class=\"custom-taxonomy-list__child\"><a href=\"https:\/\/www.fortischem.sk\/sk\/kategorie\/elektrolyzne-produkty\/\">Elektrol\u00fdzne produkty<\/a><\/li><li class=\"custom-taxonomy-list__child\"><a href=\"https:\/\/www.fortischem.sk\/sk\/kategorie\/karbid-vapnika\/\">Karbid v\u00e1pnika<\/a><\/li><li class=\"custom-taxonomy-list__child\"><a href=\"https:\/\/www.fortischem.sk\/sk\/kategorie\/koks-a-vapno\/\">Koks a v\u00e1pno<\/a><\/li><\/ul>\t\t<div class=\"elementor-shortcode\"><\/div>\n\t\t\t\t<\/div>\n\t\t\t\t<\/div>\n\t\t\t\t\t<\/div>\n\t\t\t\t<\/div>\n\t\t<div class=\"elementor-element elementor-element-f4d3f97 e-flex e-con-boxed e-con e-child\" data-id=\"f4d3f97\" data-element_type=\"container\" id=\"add-mask\" data-settings=\"{&quot;container_type&quot;:&quot;flex&quot;,&quot;content_width&quot;:&quot;boxed&quot;}\">\n\t\t\t\t\t<div class=\"e-con-inner\">\n\t\t\t\t<div class=\"elementor-element elementor-element-c52f8ec elementor-widget elementor-widget-image\" data-id=\"c52f8ec\" data-element_type=\"widget\" data-widget_type=\"image.default\">\n\t\t\t\t<div class=\"elementor-widget-container\">\n\t\t\t<style>\/*! elementor - v3.18.0 - 08-12-2023 *\/\n.elementor-widget-image{text-align:center}.elementor-widget-image a{display:inline-block}.elementor-widget-image a img[src$=\".svg\"]{width:48px}.elementor-widget-image img{vertical-align:middle;display:inline-block}<\/style>\t\t\t\t\t\t\t\t\t\t\t\t<img fetchpriority=\"high\" decoding=\"async\" width=\"800\" height=\"400\" src=\"https:\/\/www.fortischem.sk\/wp-content\/uploads\/2024\/02\/web-stranka-1200-x-1000-px-1-1024x512.png\" class=\"attachment-large size-large wp-image-5117\" alt=\"\" srcset=\"https:\/\/www.fortischem.sk\/wp-content\/uploads\/2024\/02\/web-stranka-1200-x-1000-px-1-1024x512.png 1024w, https:\/\/www.fortischem.sk\/wp-content\/uploads\/2024\/02\/web-stranka-1200-x-1000-px-1-300x150.png 300w, https:\/\/www.fortischem.sk\/wp-content\/uploads\/2024\/02\/web-stranka-1200-x-1000-px-1-768x384.png 768w, https:\/\/www.fortischem.sk\/wp-content\/uploads\/2024\/02\/web-stranka-1200-x-1000-px-1-1536x768.png 1536w, https:\/\/www.fortischem.sk\/wp-content\/uploads\/2024\/02\/web-stranka-1200-x-1000-px-1.png 2000w\" sizes=\"(max-width: 800px) 100vw, 800px\" \/>\t\t\t\t\t\t\t\t\t\t\t\t\t\t\t<\/div>\n\t\t\t\t<\/div>\n\t\t\t\t\t<\/div>\n\t\t\t\t<\/div>\n\t\t\t\t\t<\/div>\n\t\t\t\t<\/div>\n\t\t<div class=\"elementor-element elementor-element-7933203a e-flex e-con-boxed e-con e-parent\" data-id=\"7933203a\" data-element_type=\"container\" id=\"aplikace\" data-settings=\"{&quot;background_background&quot;:&quot;gradient&quot;,&quot;container_type&quot;:&quot;flex&quot;,&quot;content_width&quot;:&quot;boxed&quot;}\" data-core-v316-plus=\"true\">\n\t\t\t\t\t<div class=\"e-con-inner\">\n\t\t<div class=\"elementor-element elementor-element-44ab6be9 e-flex e-con-boxed e-con e-child\" data-id=\"44ab6be9\" data-element_type=\"container\" data-settings=\"{&quot;container_type&quot;:&quot;flex&quot;,&quot;content_width&quot;:&quot;boxed&quot;}\">\n\t\t\t\t\t<div class=\"e-con-inner\">\n\t\t\t\t<div class=\"elementor-element elementor-element-16d959b7 elementor-widget elementor-widget-heading\" data-id=\"16d959b7\" data-element_type=\"widget\" data-widget_type=\"heading.default\">\n\t\t\t\t<div class=\"elementor-widget-container\">\n\t\t\t<h2 class=\"elementor-heading-title elementor-size-default\">APLIK\u00c1CIE<\/h2>\t\t<\/div>\n\t\t\t\t<\/div>\n\t\t\t\t<div class=\"elementor-element elementor-element-87095c7 elementor-widget elementor-widget-shortcode\" data-id=\"87095c7\" data-element_type=\"widget\" data-widget_type=\"shortcode.default\">\n\t\t\t\t<div class=\"elementor-widget-container\">\n\t\t\t<ul class=\"custom-taxonomy-list\"><li class=\"custom-taxonomy-list__child\"><a href=\"https:\/\/www.fortischem.sk\/sk\/aplikace\/leather-wallpapers-and-floor-coveringsindustrial-applications\/\">Leather, wallpapers and floor coverings|Industrial applications<\/a><\/li><li class=\"custom-taxonomy-list__child\"><a href=\"https:\/\/www.fortischem.sk\/sk\/aplikace\/pvc-applications-en\/\">PVC applications<\/a><\/li><li class=\"custom-taxonomy-list__child\"><a href=\"https:\/\/www.fortischem.sk\/sk\/aplikace\/pvc-applications-en-3\/\">PVC applications<\/a><\/li><li class=\"custom-taxonomy-list__child\"><a href=\"https:\/\/www.fortischem.sk\/sk\/aplikace\/chemia\/\">Ch\u00e9mia<\/a><\/li><li class=\"custom-taxonomy-list__child\"><a href=\"https:\/\/www.fortischem.sk\/sk\/aplikace\/automobily\/\">Automotive<\/a><\/li><li class=\"custom-taxonomy-list__child\"><a href=\"https:\/\/www.fortischem.sk\/sk\/aplikace\/priemyselne-aplikacie\/\">Priemyseln\u00e9 aplik\u00e1cie<\/a><\/li><li class=\"custom-taxonomy-list__child\"><a href=\"https:\/\/www.fortischem.sk\/sk\/aplikace\/farmacia-a-potraviny\/\">Farm\u00e1cia a potraviny<\/a><\/li><li class=\"custom-taxonomy-list__child\"><a href=\"https:\/\/www.fortischem.sk\/sk\/aplikace\/dezinfekcia-a-uprava-ph\/\">DEZINFEKCIA A \u00daPRAVA PH<\/a><\/li><li class=\"custom-taxonomy-list__child\"><a href=\"https:\/\/www.fortischem.sk\/sk\/aplikace\/metalurgia\/\">Metalurgia<\/a><\/li><li class=\"custom-taxonomy-list__child\"><a href=\"https:\/\/www.fortischem.sk\/sk\/aplikace\/stavebnictvo\/\">Stavebn\u00edctvo<\/a><\/li><\/ul>\t\t<div class=\"elementor-shortcode\"><\/div>\n\t\t\t\t<\/div>\n\t\t\t\t<\/div>\n\t\t\t\t\t<\/div>\n\t\t\t\t<\/div>\n\t\t<div class=\"elementor-element elementor-element-331993b5 e-flex e-con-boxed e-con e-child\" data-id=\"331993b5\" data-element_type=\"container\" data-settings=\"{&quot;container_type&quot;:&quot;flex&quot;,&quot;content_width&quot;:&quot;boxed&quot;}\">\n\t\t\t\t\t<div class=\"e-con-inner\">\n\t\t\t\t<div class=\"elementor-element elementor-element-5f93ba61 elementor-widget elementor-widget-image\" data-id=\"5f93ba61\" data-element_type=\"widget\" id=\"add-mask-left\" data-widget_type=\"image.default\">\n\t\t\t\t<div class=\"elementor-widget-container\">\n\t\t\t\t\t\t\t\t\t\t\t\t\t\t\t<img decoding=\"async\" width=\"800\" height=\"566\" src=\"https:\/\/www.fortischem.sk\/wp-content\/uploads\/2023\/05\/shutterstock_4611184-1024x724.jpg\" class=\"attachment-large size-large wp-image-2302\" alt=\"\" srcset=\"https:\/\/www.fortischem.sk\/wp-content\/uploads\/2023\/05\/shutterstock_4611184-1024x724.jpg 1024w, https:\/\/www.fortischem.sk\/wp-content\/uploads\/2023\/05\/shutterstock_4611184-300x212.jpg 300w, https:\/\/www.fortischem.sk\/wp-content\/uploads\/2023\/05\/shutterstock_4611184-768x543.jpg 768w, https:\/\/www.fortischem.sk\/wp-content\/uploads\/2023\/05\/shutterstock_4611184-1536x1086.jpg 1536w, https:\/\/www.fortischem.sk\/wp-content\/uploads\/2023\/05\/shutterstock_4611184-2048x1448.jpg 2048w\" sizes=\"(max-width: 800px) 100vw, 800px\" \/>\t\t\t\t\t\t\t\t\t\t\t\t\t\t\t<\/div>\n\t\t\t\t<\/div>\n\t\t\t\t\t<\/div>\n\t\t\t\t<\/div>\n\t\t\t\t\t<\/div>\n\t\t\t\t<\/div>\n\t\t<div data-dce-background-image-url=\"https:\/\/www.fortischem.sk\/wp-content\/uploads\/2023\/03\/show-image-13.jpg\" class=\"elementor-element elementor-element-1b58928 e-flex e-con-boxed e-con e-parent\" data-id=\"1b58928\" data-element_type=\"container\" data-settings=\"{&quot;background_background&quot;:&quot;classic&quot;,&quot;container_type&quot;:&quot;flex&quot;,&quot;content_width&quot;:&quot;boxed&quot;}\" data-e-bg-lazyload=\"\" data-core-v316-plus=\"true\">\n\t\t\t\t\t<div class=\"e-con-inner\">\n\t\t<div class=\"elementor-element elementor-element-ef5fa25 e-flex e-con-boxed e-con e-child\" data-id=\"ef5fa25\" data-element_type=\"container\" data-settings=\"{&quot;container_type&quot;:&quot;flex&quot;,&quot;content_width&quot;:&quot;boxed&quot;}\">\n\t\t\t\t\t<div class=\"e-con-inner\">\n\t\t\t\t<div class=\"elementor-element elementor-element-67eca21 elementor-widget elementor-widget-text-editor\" data-id=\"67eca21\" data-element_type=\"widget\" data-widget_type=\"text-editor.default\">\n\t\t\t\t<div class=\"elementor-widget-container\">\n\t\t\t\t\t\t\t\t\t\t\t\t\t<\/div>\n\t\t\t\t<\/div>\n\t\t\t\t<div class=\"elementor-element elementor-element-a26f834 elementor-widget elementor-widget-text-editor\" data-id=\"a26f834\" data-element_type=\"widget\" data-widget_type=\"text-editor.default\">\n\t\t\t\t<div class=\"elementor-widget-container\">\n\t\t\t\t\t\t\tPokia\u013e potrebujete podrobnej\u0161ie inform\u00e1cie o v\u00fdrobkoch, nev\u00e1hajte n\u00e1s <a href=\"\/sk\/kontakt\">kontaktova\u0165<\/a>.\t\t\t\t\t\t<\/div>\n\t\t\t\t<\/div>\n\t\t\t\t\t<\/div>\n\t\t\t\t<\/div>\n\t\t\t\t\t<\/div>\n\t\t\t\t<\/div>\n\t\t\t\t\t\t\t<\/div>\n\t\t","protected":false},"excerpt":{"rendered":"<p>\u00davodn\u00e9 Spolo\u010dnos\u0165 FORTISCHEM a. s. chce pon\u00faka\u0165 nielen produkty, ale procesn\u00e9 rie\u0161enia a by\u0165 najlep\u0161ou vo\u013ebou pre odberate\u013eov a najv\u00e4\u010d\u0161ou v\u00fdzvou pre dod\u00e1vate\u013eov. PORTF\u00d3LIO PRODUKTOV APLIK\u00c1CIE Pokia\u013e potrebujete podrobnej\u0161ie inform\u00e1cie o v\u00fdrobkoch, nev\u00e1hajte n\u00e1s kontaktova\u0165.<\/p>\n","protected":false},"author":1,"featured_media":0,"parent":0,"menu_order":0,"comment_status":"closed","ping_status":"closed","template":"","meta":{"_seopress_robots_primary_cat":"","footnotes":""},"class_list":["post-311","page","type-page","status-publish","hentry"],"acf":[],"_links":{"self":[{"href":"https:\/\/www.fortischem.sk\/sk\/wp-json\/wp\/v2\/pages\/311","targetHints":{"allow":["GET"]}}],"collection":[{"href":"https:\/\/www.fortischem.sk\/sk\/wp-json\/wp\/v2\/pages"}],"about":[{"href":"https:\/\/www.fortischem.sk\/sk\/wp-json\/wp\/v2\/types\/page"}],"author":[{"embeddable":true,"href":"https:\/\/www.fortischem.sk\/sk\/wp-json\/wp\/v2\/users\/1"}],"replies":[{"embeddable":true,"href":"https:\/\/www.fortischem.sk\/sk\/wp-json\/wp\/v2\/comments?post=311"}],"version-history":[{"count":9,"href":"https:\/\/www.fortischem.sk\/sk\/wp-json\/wp\/v2\/pages\/311\/revisions"}],"predecessor-version":[{"id":5790,"href":"https:\/\/www.fortischem.sk\/sk\/wp-json\/wp\/v2\/pages\/311\/revisions\/5790"}],"wp:attachment":[{"href":"https:\/\/www.fortischem.sk\/sk\/wp-json\/wp\/v2\/media?parent=311"}],"curies":[{"name":"wp","href":"https:\/\/api.w.org\/{rel}","templated":true}]}}