{"id":3021,"date":"2023-06-16T13:09:23","date_gmt":"2023-06-16T11:09:23","guid":{"rendered":"http:\/\/www.fortischem.sk\/?page_id=3021"},"modified":"2024-09-20T07:27:56","modified_gmt":"2024-09-20T05:27:56","slug":"pravne-informacie","status":"publish","type":"page","link":"https:\/\/www.fortischem.sk\/sk\/o-nas\/pravne-informacie\/","title":{"rendered":"Pr\u00e1vne inform\u00e1cie"},"content":{"rendered":"\t\t<div data-elementor-type=\"wp-page\" data-elementor-id=\"3021\" class=\"elementor elementor-3021\" data-elementor-post-type=\"page\">\n\t\t\t\t\t\t\t<div data-dce-background-image-url=\"https:\/\/www.fortischem.sk\/wp-content\/uploads\/2024\/02\/binders-with-papers-waiting-be-processed-with-businessman-bookkeeper-back-blur-accounting-planning-budget-audit-insurance-business-concept-scaled.jpg\" class=\"elementor-element elementor-element-1384037 e-con-full e-flex e-con e-parent\" data-id=\"1384037\" data-element_type=\"container\" data-settings=\"{&quot;content_width&quot;:&quot;full&quot;,&quot;background_background&quot;:&quot;classic&quot;,&quot;container_type&quot;:&quot;flex&quot;}\" data-e-bg-lazyload=\"\" data-core-v316-plus=\"true\">\n\t\t\t\t<\/div>\n\t\t<div class=\"elementor-element elementor-element-a93e423 e-flex e-con-boxed e-con e-parent\" data-id=\"a93e423\" data-element_type=\"container\" data-settings=\"{&quot;background_background&quot;:&quot;classic&quot;,&quot;container_type&quot;:&quot;flex&quot;,&quot;content_width&quot;:&quot;boxed&quot;}\" data-core-v316-plus=\"true\">\n\t\t\t\t\t<div class=\"e-con-inner\">\n\t\t<div class=\"elementor-element elementor-element-2fb18c2 e-flex e-con-boxed e-con e-child\" data-id=\"2fb18c2\" data-element_type=\"container\" data-settings=\"{&quot;container_type&quot;:&quot;flex&quot;,&quot;content_width&quot;:&quot;boxed&quot;}\">\n\t\t\t\t\t<div class=\"e-con-inner\">\n\t\t\t\t<div class=\"elementor-element elementor-element-f8ec28f elementor-widget elementor-widget-sp-breadcrumbs\" data-id=\"f8ec28f\" data-element_type=\"widget\" data-widget_type=\"sp-breadcrumbs.default\">\n\t\t\t\t<div class=\"elementor-widget-container\">\n\t\t\t<nav  aria-label=\"breadcrumb\"><ol class=\"breadcrumb\" itemscope itemtype=\"https:\/\/schema.org\/BreadcrumbList\"><li class=\"breadcrumb-item active\" aria-current=\"page\" itemprop=\"itemListElement\" itemscope itemtype=\"https:\/\/schema.org\/ListItem\"><span itemprop=\"name\">\u00davodn\u00e9<\/span><meta itemprop=\"position\" content=\"1\"><\/li><\/ol><\/nav>\t\t<\/div>\n\t\t\t\t<\/div>\n\t\t\t\t<div class=\"elementor-element elementor-element-fec1465 elementor-widget elementor-widget-heading\" data-id=\"fec1465\" data-element_type=\"widget\" data-widget_type=\"heading.default\">\n\t\t\t\t<div class=\"elementor-widget-container\">\n\t\t\t<style>\/*! elementor - v3.18.0 - 08-12-2023 *\/\n.elementor-heading-title{padding:0;margin:0;line-height:1}.elementor-widget-heading .elementor-heading-title[class*=elementor-size-]>a{color:inherit;font-size:inherit;line-height:inherit}.elementor-widget-heading .elementor-heading-title.elementor-size-small{font-size:15px}.elementor-widget-heading .elementor-heading-title.elementor-size-medium{font-size:19px}.elementor-widget-heading .elementor-heading-title.elementor-size-large{font-size:29px}.elementor-widget-heading .elementor-heading-title.elementor-size-xl{font-size:39px}.elementor-widget-heading .elementor-heading-title.elementor-size-xxl{font-size:59px}<\/style><h1 class=\"elementor-heading-title elementor-size-default\">Pr\u00e1vne inform\u00e1cie<\/h1>\t\t<\/div>\n\t\t\t\t<\/div>\n\t\t\t\t\t<\/div>\n\t\t\t\t<\/div>\n\t\t\t\t\t<\/div>\n\t\t\t\t<\/div>\n\t\t\t\t<section class=\"elementor-section elementor-top-section elementor-element elementor-element-711768f9 elementor-section-boxed elementor-section-height-default elementor-section-height-default\" data-id=\"711768f9\" data-element_type=\"section\">\n\t\t\t\t\t\t<div class=\"elementor-container elementor-column-gap-default\">\n\t\t\t\t\t<div class=\"elementor-column elementor-col-100 elementor-top-column elementor-element elementor-element-322894a8\" data-id=\"322894a8\" data-element_type=\"column\">\n\t\t\t<div class=\"elementor-widget-wrap elementor-element-populated\">\n\t\t\t\t\t\t\t\t<div class=\"elementor-element elementor-element-4e3f1473 elementor-widget elementor-widget-text-editor\" data-id=\"4e3f1473\" data-element_type=\"widget\" data-widget_type=\"text-editor.default\">\n\t\t\t\t<div class=\"elementor-widget-container\">\n\t\t\t<style>\/*! elementor - v3.18.0 - 08-12-2023 *\/\n.elementor-widget-text-editor.elementor-drop-cap-view-stacked .elementor-drop-cap{background-color:#69727d;color:#fff}.elementor-widget-text-editor.elementor-drop-cap-view-framed .elementor-drop-cap{color:#69727d;border:3px solid;background-color:transparent}.elementor-widget-text-editor:not(.elementor-drop-cap-view-default) .elementor-drop-cap{margin-top:8px}.elementor-widget-text-editor:not(.elementor-drop-cap-view-default) .elementor-drop-cap-letter{width:1em;height:1em}.elementor-widget-text-editor .elementor-drop-cap{float:left;text-align:center;line-height:1;font-size:50px}.elementor-widget-text-editor .elementor-drop-cap-letter{display:inline-block}<\/style>\t\t\t\t<table><tbody><tr><td><b>A)\u00a0\u00a0\u00a0<\/b><\/td><td><b>Z\u00c1KLADN\u00c9 INFORM\u00c1CIE<\/b><\/td><\/tr><tr><td><span style=\"font-weight: 400;\">1.<\/span><\/td><td><p><span style=\"font-weight: 400;\">WEBSTR\u00c1NKA:\u00a0<\/span><\/p><p><span style=\"font-weight: 400;\">www.fortischem.sk\u00a0 (\u010falej len &#8222;webstr\u00e1nka&#8220;)<\/span><\/p><\/td><\/tr><tr><td><span style=\"font-weight: 400;\">2.<\/span><\/td><td><p><span style=\"font-weight: 400;\">PREV\u00c1DZKOVATE\u013d:<\/span><\/p><p><span style=\"font-weight: 400;\">FORTISCHEM a. s. so s\u00eddlom M. R. \u0160tef\u00e1nika 1, 972 71 Nov\u00e1ky, Slovensk\u00e1 republika, I\u010cO: 46 693 874, zap\u00edsan\u00e1 v Obchodnom registri Okresn\u00e9ho s\u00fadu Tren\u010d\u00edn, oddiel: Sa, vlo\u017eka \u010d.: 10623\/R.<\/span><\/p><\/td><\/tr><tr><td><span style=\"font-weight: 400;\">3.\u00a0<\/span><\/td><td><p><span style=\"font-weight: 400;\">KONTAKTN\u00dd \u00daDAJ NA PREV\u00c1DZKOVATE\u013dA:<\/span><\/p><p><span style=\"font-weight: 400;\">sekretariat@fortischem.sk<\/span><\/p><\/td><\/tr><tr><td><span style=\"font-weight: 400;\">4.\u00a0<\/span><\/td><td><p><span style=\"font-weight: 400;\">ROZSAH SPRACOV\u00c1VAN\u00ddCH OSOBN\u00ddCH\u00a0 \u00daDAJOV:<\/span><\/p><p><span style=\"font-weight: 400;\">titul, meno, priezvisko, e-mailov\u00e1 adresa, adresa bydliska, kontaktn\u00e9 telef\u00f3nne \u010d\u00edsla, ip-adresa, mac adresa zariadenia, \u00fadaje t\u00fdkaj\u00face sa pr\u00e1ce, pracovn\u00e1 poz\u00edcia a in\u00e9 \u00fadaje o podnikan\u00ed \u010di spolo\u010dnosti, demografick\u00e9 \u00fadaje &#8211; veku, pohlav\u00ed, z\u00e1ujmoch a preferenci\u00e1ch.\u00a0<\/span><\/p><\/td><\/tr><tr><td><span style=\"font-weight: 400;\">5.\u00a0<\/span><\/td><td><p><span style=\"font-weight: 400;\">\u00da\u010cEL SPRACOV\u00c1VAN\u00ddCH OSOBN\u00ddCH \u00daDAJOV:<\/span><\/p><p><span style=\"font-weight: 400;\">a) ponuka obchodu, produktov a slu\u017eieb,<\/span><\/p><p><span style=\"font-weight: 400;\">b) informovanie na kontaktn\u00e9 \u00fadaje poskytnut\u00e9 u\u017e\u00edvate\u013eom.<\/span><\/p><p><span style=\"font-weight: 400;\">c) v\u00fdberov\u00e9 konania na vo\u013en\u00e9 pracovn\u00e9 miesta,<\/span><\/p><p><span style=\"font-weight: 400;\">d) ochrana os\u00f4b a majetku a zaistenia bezpe\u010dnosti syst\u00e9mov a siete,<\/span><\/p><p><span style=\"font-weight: 400;\">e) plnenie uzatvorenej zmluvy,<\/span><\/p><p><span style=\"font-weight: 400;\">f) plnenie z\u00e1konn\u00fdch povinnost\u00ed, napr. v oblasti miezd, \u00fa\u010dtovn\u00edctva (platby za dodan\u00e9 v\u00fdrobky \u010di slu\u017eby) alebo i ochrany osobn\u00fdch \u00fadajov,<\/span><\/p><p><span style=\"font-weight: 400;\">g) personaliz\u00e1cia obsahu a u\u013eah\u010denie pou\u017e\u00edvania webstr\u00e1nky,<\/span><\/p><p><span style=\"font-weight: 400;\">h) dodr\u017eiavanie podmienok pou\u017e\u00edvania webstr\u00e1nky,<\/span><\/p><p><span style=\"font-weight: 400;\">i) vymo\u017eite\u013enos\u0165 v\u0161eobecn\u00fdch obchodn\u00fdch podmienok.<\/span><\/p><\/td><\/tr><tr><td><span style=\"font-weight: 400;\">6.\u00a0<\/span><\/td><td><p><span style=\"font-weight: 400;\">PR\u00c1VNY Z\u00c1KLAD:<\/span><\/p><p><span style=\"font-weight: 400;\">a) sprac\u00favanie osobn\u00fdch \u00fadajov je nevyhnutn\u00e9 na \u00fa\u010del opr\u00e1vnen\u00fdch z\u00e1ujmov prev\u00e1dzkovate\u013ea alebo tretej strany,<\/span><\/p><p><span style=\"font-weight: 400;\">b) osobitn\u00fd predpis alebo medzin\u00e1rodn\u00e1 zmluva, ktorou je Slovensk\u00e1 republika viazan\u00e1, zmluva, ktorej zmluvnou stranou je dotknut\u00e1 osoba, alebo na vykonanie opatrenia pred uzatvoren\u00edm zmluvy na z\u00e1klade \u017eiadosti dotknutej osoby,<\/span><\/p><p><span style=\"font-weight: 400;\">c) osobitn\u00fd predpis,<\/span><\/p><p><span style=\"font-weight: 400;\">d) s\u00fahlas dotknutej osoby.<\/span><\/p><\/td><\/tr><tr><td><span style=\"font-weight: 400;\">7.\u00a0<\/span><\/td><td><p><span style=\"font-weight: 400;\">PRENOS OSOBN\u00ddCH \u00daDAJOV DO TRETEJ KRAJINY:\u00a0<\/span><\/p><p><span style=\"font-weight: 400;\">Poskytnut\u00e9 osobn\u00e9 \u00fadaje nebud\u00fa predmetom prenosu do tret\u00edch kraj\u00edn.<\/span><\/p><\/td><\/tr><tr><td><span style=\"font-weight: 400;\">8.\u00a0<\/span><\/td><td><p><span style=\"font-weight: 400;\">AUTOMATIZOVAN\u00c9 PROFILOVANIE:<\/span><\/p><p><span style=\"font-weight: 400;\">Automatizovan\u00e9 individu\u00e1lne rozhodovanie vr\u00e1tane profilovania nebude realizovan\u00e9.<\/span><\/p><\/td><\/tr><tr><td><span style=\"font-weight: 400;\">9.\u00a0<\/span><\/td><td><p><span style=\"font-weight: 400;\">PODROBNEJ\u0160IE INFORM\u00c1CIE K SPRACOVANIU OSOBN\u00ddCH \u00daDAJOV:<\/span><\/p><p><span style=\"font-weight: 400;\">Prev\u00e1dzkovate\u013e spracov\u00e1va osobn\u00e9 \u00fadaje v s\u00falade so z\u00e1konom \u010d. 18\/2018 Z.z. o ochrane osobn\u00fdch \u00fadajov a o zmene a doplnen\u00ed niektor\u00fdch z\u00e1konov (\u010falej len \u201eZ\u00e1kon o ochrane osobn\u00fdch \u00fadajov\u201c a Nariaden\u00edm Eur\u00f3pskeho parlamentu a Rady (E\u00da) 2016\/679 o ochrane fyzick\u00fdch os\u00f4b pri sprac\u00favan\u00ed osobn\u00fdch \u00fadajov a o vo\u013enom pohybe tak\u00fdchto \u00fadajov, ktor\u00fdm sa zru\u0161uje smernica 95\/46\/ES (\u010falej len \u201eNariadenie GDPR\u201c).<\/span><\/p><\/td><\/tr><tr><td>\u00a0<\/td><td><p><span style=\"font-weight: 400;\">Podrobnej\u0161ie inform\u00e1cie o spracov\u00e1van\u00ed osobn\u00fdch inform\u00e1ci\u00ed n\u00e1jdete:\u00a0<\/span><\/p><p><span style=\"font-weight: 400;\">\u00a0<\/span><\/p><p><span style=\"font-weight: 400;\">Spracovanie a ochrana osobn\u00fdch \u00fadajov <\/span><span style=\"font-weight: 400;\">[ <a href=\"\/wp-content\/uploads\/2023\/06\/Dokument-1_Spracovanie-a-ochrana-osobnych-udajov.pdf\">dokument \u010d. 1<\/a> ]<\/span><\/p><\/td><\/tr><tr><td><b>B)\u00a0\u00a0\u00a0<\/b><\/td><td><b>PODMIENKY POU\u017dITIA WEBSTR\u00c1NKY<\/b><\/td><\/tr><tr><td>\u00a0<\/td><td><span style=\"font-weight: 400;\">Podmienky pou\u017eitia webstr\u00e1nky <\/span><span style=\"font-weight: 400;\">[ <a href=\"\/wp-content\/uploads\/2023\/06\/Dokument-2_Podmienky-pouzitia-webstranky.pdf\">dokument \u010d. 2<\/a> ]<\/span><\/td><\/tr><tr><td><b>C)\u00a0\u00a0\u00a0<\/b><\/td><td><b>Z\u00c1SADY POU\u017d\u00cdVANIA S\u00daBOROV COOKIES<\/b><\/td><\/tr><tr><td>\u00a0<\/td><td><p><span style=\"font-weight: 400;\">Z\u00e1sady pou\u017e\u00edvania cookies na webstr\u00e1nke Prev\u00e1dzkovate\u013ea informuj\u00fa u\u017e\u00edvate\u013eov o vyu\u017e\u00edvan\u00ed t\u00fdchto s\u00faborov a im podobn\u00fdch v s\u00falade s \u00a7 109 ods. 8 z\u00e1kona \u010d. 452\/2021 Z. z. o elektronick\u00fdch komunik\u00e1ci\u00e1ch v znen\u00ed neskor\u0161\u00edch predpisov.<\/span><\/p><p><span style=\"font-weight: 400;\">\u00a0<\/span><\/p><p><span style=\"font-weight: 400;\">Z\u00e1sady pou\u017e\u00edvania s\u00faborov cookies na webstr\u00e1nke <\/span><span style=\"font-weight: 400;\">[ <a href=\"\/wp-content\/uploads\/2023\/06\/Dokument-3_Zasady-pouzivania-suborov-cookies-na-webstranke.pdf\">dokument \u010d. 3<\/a> ]<\/span><\/p><\/td><\/tr><tr><td><b>D)\u00a0\u00a0\u00a0<\/b><\/td><td><b>V\u0160EOBECN\u00c9 OBCHODN\u00c9 PODMIENKY A\u00a0OSTATN\u00c9 DOKUMENTY<\/b><\/td><\/tr><tr><td>\u00a0<\/td><td><span style=\"font-weight: 400;\">V\u0161eobecn\u00e9 obchodn\u00e9 podmienky K\u00fapnej zmluvy na n\u00e1kup <\/span><span style=\"font-weight: 400;\">[ <a href=\"https:\/\/www.fortischem.sk\/wp-content\/uploads\/2024\/05\/01_01_VOP_nakup_SK.pdf\">dokument \u010d. 4<\/a> ]<\/span><\/td><\/tr><tr><td>\u00a0<\/td><td><span style=\"font-weight: 400;\">V\u0161eobecn\u00e9 obchodn\u00e9 podmienky K\u00fapnej zmluvy na predaj <\/span><span style=\"font-weight: 400;\">[ <a href=\"https:\/\/www.fortischem.sk\/wp-content\/uploads\/2024\/05\/02_01_VOP_predaj_SK.pdf\">dokument \u010d. 5<\/a> ]<\/span><\/td><\/tr><tr><td>\u00a0<\/td><td><span style=\"font-weight: 400;\">V\u0161eobecn\u00e9 obchodn\u00e9 podmienky Zasielate\u013eskej zmluvy <\/span><span style=\"font-weight: 400;\">[ <a href=\"https:\/\/www.fortischem.sk\/wp-content\/uploads\/2024\/05\/04_01_VOP_Preprava_SJ.pdf\">dokument \u010d. 6<\/a> ]<\/span><\/td><\/tr><tr><td>\u00a0<\/td><td><span style=\"font-weight: 400;\">V\u0161eobecn\u00e9 obchodn\u00e9 podmienky Zmluvy o dielo <\/span><span style=\"font-weight: 400;\">[ <a href=\"https:\/\/www.fortischem.sk\/wp-content\/uploads\/2024\/05\/03_01_VOP_ZoD_SJ.pdf\">dokument \u010d. 7<\/a> ]<\/span><\/td><\/tr><tr><td>\u00a0<\/td><td><span style=\"font-weight: 400;\">V\u0161eobecn\u00e9 obchodn\u00e9 podmienky Zmluvy o poskytovan\u00ed slu\u017eieb <\/span><span style=\"font-weight: 400;\">[ <a href=\"https:\/\/www.fortischem.sk\/wp-content\/uploads\/2024\/05\/05_01_VOP_Sluzby_SJ.pdf\">dokument \u010d. 8<\/a> ]<\/span><\/td><\/tr><tr><td>\u00a0<\/td><td><span style=\"font-weight: 400;\">Sank\u010dn\u00fd poriadok <\/span><span style=\"font-weight: 400;\">[ <a href=\"https:\/\/www.fortischem.sk\/wp-content\/uploads\/2024\/09\/20240919_FSCH_Sankcny-poriadok.pdf\">dokument \u010d. 9<\/a> ]<\/span><\/td><\/tr><tr><td>\u00a0<\/td><td><span style=\"font-weight: 400;\">Podmienky BOZP platn\u00e9 pre vodi\u010dov <\/span><span style=\"font-weight: 400;\">[ <a href=\"\/wp-content\/uploads\/2023\/06\/Dokument-10_Podmienky-BOZP-platne-pre-vodicov.pdf\">dokument \u010d. 10<\/a> ]<\/span><\/td><\/tr><tr><td>\u00a0<\/td><td><span style=\"font-weight: 400;\">V\u0161eobecn\u00e9 pravidl\u00e1 BOZP a ochrany pred po\u017eiarmi <\/span><span style=\"font-weight: 400;\">[ <a href=\"\/wp-content\/uploads\/2023\/06\/Dokument-11_Vseobecne-pravidla-BOZP-a-ochrany-pred-poziarmi.pdf\">dokument \u010d. 11<\/a> ]<\/span><\/td><\/tr><tr><td><b>E)\u00a0\u00a0\u00a0<\/b><\/td><td><b>V\u0160EOBECN\u00c9 OBCHODN\u00c9 PODMIENKY SPOLCHEMIE SK<\/b><\/td><\/tr><tr><td>\u00a0<\/td><td><span style=\"font-weight: 400;\">V\u0161eobecn\u00e9 obchodn\u00e9 podmienky K\u00fapnej zmluvy na n\u00e1kup <\/span><span style=\"font-weight: 400;\">[ <a href=\"https:\/\/www.fortischem.sk\/wp-content\/uploads\/2024\/01\/01_01_VOP_Spolchemie_nakup_SK.pdf\">dokument \u010d. 12<\/a> ]<\/span><\/td><\/tr><tr><td>\u00a0<\/td><td><span style=\"font-weight: 400;\">V\u0161eobecn\u00e9 obchodn\u00e9 podmienky K\u00fapnej zmluvy na predaj <\/span><span style=\"font-weight: 400;\">[ <a href=\"https:\/\/www.fortischem.sk\/wp-content\/uploads\/2024\/01\/02_01_VOP_Spolchemie_predaj_SK.pdf\">dokument \u010d. 13<\/a> ]<\/span><\/td><\/tr><tr><td>\u00a0<\/td><td><span style=\"font-weight: 400;\">V\u0161eobecn\u00e9 obchodn\u00e9 podmienky Zasielate\u013eskej zmluvy <\/span><span style=\"font-weight: 400;\">[ <a href=\"https:\/\/www.fortischem.sk\/wp-content\/uploads\/2024\/01\/04_01_VOP_Spolchemie_Preprava_SJ.pdf\">dokument \u010d. 14<\/a> ]<\/span><\/td><\/tr><\/tbody><\/table>\t\t\t\t\t\t<\/div>\n\t\t\t\t<\/div>\n\t\t\t\t\t<\/div>\n\t\t<\/div>\n\t\t\t\t\t\t\t<\/div>\n\t\t<\/section>\n\t\t\t\t\t\t\t<\/div>\n\t\t","protected":false},"excerpt":{"rendered":"<p>\u00davodn\u00e9 A)\u00a0\u00a0\u00a0 Z\u00c1KLADN\u00c9 INFORM\u00c1CIE 1. WEBSTR\u00c1NKA:\u00a0 www.fortischem.sk\u00a0 (\u010falej len &#8222;webstr\u00e1nka&#8220;) 2. PREV\u00c1DZKOVATE\u013d: FORTISCHEM a. s. so s\u00eddlom M. R. \u0160tef\u00e1nika 1, 972 71 Nov\u00e1ky, Slovensk\u00e1 republika, I\u010cO: 46 693 874, zap\u00edsan\u00e1 v Obchodnom registri Okresn\u00e9ho s\u00fadu Tren\u010d\u00edn, oddiel: Sa, vlo\u017eka \u010d.: 10623\/R. 3.\u00a0 KONTAKTN\u00dd \u00daDAJ NA PREV\u00c1DZKOVATE\u013dA: sekretariat@fortischem.sk 4.\u00a0 ROZSAH SPRACOV\u00c1VAN\u00ddCH OSOBN\u00ddCH\u00a0 \u00daDAJOV: titul, meno, [&hellip;]<\/p>\n","protected":false},"author":1,"featured_media":0,"parent":204,"menu_order":0,"comment_status":"closed","ping_status":"closed","template":"","meta":{"_seopress_robots_primary_cat":"","footnotes":""},"class_list":["post-3021","page","type-page","status-publish","hentry"],"acf":[],"_links":{"self":[{"href":"https:\/\/www.fortischem.sk\/sk\/wp-json\/wp\/v2\/pages\/3021","targetHints":{"allow":["GET"]}}],"collection":[{"href":"https:\/\/www.fortischem.sk\/sk\/wp-json\/wp\/v2\/pages"}],"about":[{"href":"https:\/\/www.fortischem.sk\/sk\/wp-json\/wp\/v2\/types\/page"}],"author":[{"embeddable":true,"href":"https:\/\/www.fortischem.sk\/sk\/wp-json\/wp\/v2\/users\/1"}],"replies":[{"embeddable":true,"href":"https:\/\/www.fortischem.sk\/sk\/wp-json\/wp\/v2\/comments?post=3021"}],"version-history":[{"count":18,"href":"https:\/\/www.fortischem.sk\/sk\/wp-json\/wp\/v2\/pages\/3021\/revisions"}],"predecessor-version":[{"id":6101,"href":"https:\/\/www.fortischem.sk\/sk\/wp-json\/wp\/v2\/pages\/3021\/revisions\/6101"}],"up":[{"embeddable":true,"href":"https:\/\/www.fortischem.sk\/sk\/wp-json\/wp\/v2\/pages\/204"}],"wp:attachment":[{"href":"https:\/\/www.fortischem.sk\/sk\/wp-json\/wp\/v2\/media?parent=3021"}],"curies":[{"name":"wp","href":"https:\/\/api.w.org\/{rel}","templated":true}]}}