{"id":2323,"date":"2023-05-31T14:04:54","date_gmt":"2023-05-31T12:04:54","guid":{"rendered":"http:\/\/www.fortischem.sk\/?page_id=2323"},"modified":"2024-02-27T11:29:52","modified_gmt":"2024-02-27T10:29:52","slug":"portfolio-produktov","status":"publish","type":"page","link":"https:\/\/www.fortischem.sk\/sk\/vyrobky\/portfolio-produktov\/","title":{"rendered":"Portf\u00f3lio produktov"},"content":{"rendered":"\t\t<div data-elementor-type=\"wp-page\" data-elementor-id=\"2323\" class=\"elementor elementor-2323\" data-elementor-post-type=\"page\">\n\t\t\t\t\t\t\t<div data-dce-background-image-url=\"https:\/\/www.fortischem.sk\/wp-content\/uploads\/2024\/02\/1-scaled.jpg\" class=\"elementor-element elementor-element-196192b4 e-con-full e-flex e-con e-parent\" data-id=\"196192b4\" data-element_type=\"container\" data-settings=\"{&quot;content_width&quot;:&quot;full&quot;,&quot;background_background&quot;:&quot;classic&quot;,&quot;container_type&quot;:&quot;flex&quot;}\" data-e-bg-lazyload=\"\" data-core-v316-plus=\"true\">\n\t\t\t\t<\/div>\n\t\t<div class=\"elementor-element elementor-element-7110ce0b e-flex e-con-boxed e-con e-parent\" data-id=\"7110ce0b\" data-element_type=\"container\" data-settings=\"{&quot;background_background&quot;:&quot;classic&quot;,&quot;container_type&quot;:&quot;flex&quot;,&quot;content_width&quot;:&quot;boxed&quot;}\" data-core-v316-plus=\"true\">\n\t\t\t\t\t<div class=\"e-con-inner\">\n\t\t<div class=\"elementor-element elementor-element-39bb96aa e-flex e-con-boxed e-con e-child\" data-id=\"39bb96aa\" data-element_type=\"container\" data-settings=\"{&quot;container_type&quot;:&quot;flex&quot;,&quot;content_width&quot;:&quot;boxed&quot;}\">\n\t\t\t\t\t<div class=\"e-con-inner\">\n\t\t\t\t<div class=\"elementor-element elementor-element-68e256ac elementor-widget elementor-widget-sp-breadcrumbs\" data-id=\"68e256ac\" data-element_type=\"widget\" data-widget_type=\"sp-breadcrumbs.default\">\n\t\t\t\t<div class=\"elementor-widget-container\">\n\t\t\t<nav  aria-label=\"breadcrumb\"><ol class=\"breadcrumb\" itemscope itemtype=\"https:\/\/schema.org\/BreadcrumbList\"><li class=\"breadcrumb-item active\" aria-current=\"page\" itemprop=\"itemListElement\" itemscope itemtype=\"https:\/\/schema.org\/ListItem\"><span itemprop=\"name\">\u00davodn\u00e9<\/span><meta itemprop=\"position\" content=\"1\"><\/li><\/ol><\/nav>\t\t<\/div>\n\t\t\t\t<\/div>\n\t\t\t\t<div class=\"elementor-element elementor-element-5db75726 elementor-widget elementor-widget-heading\" data-id=\"5db75726\" data-element_type=\"widget\" data-widget_type=\"heading.default\">\n\t\t\t\t<div class=\"elementor-widget-container\">\n\t\t\t<style>\/*! elementor - v3.18.0 - 08-12-2023 *\/\n.elementor-heading-title{padding:0;margin:0;line-height:1}.elementor-widget-heading .elementor-heading-title[class*=elementor-size-]>a{color:inherit;font-size:inherit;line-height:inherit}.elementor-widget-heading .elementor-heading-title.elementor-size-small{font-size:15px}.elementor-widget-heading .elementor-heading-title.elementor-size-medium{font-size:19px}.elementor-widget-heading .elementor-heading-title.elementor-size-large{font-size:29px}.elementor-widget-heading .elementor-heading-title.elementor-size-xl{font-size:39px}.elementor-widget-heading .elementor-heading-title.elementor-size-xxl{font-size:59px}<\/style><h1 class=\"elementor-heading-title elementor-size-default\">Portf\u00f3lio produktov<\/h1>\t\t<\/div>\n\t\t\t\t<\/div>\n\t\t\t\t<div class=\"elementor-element elementor-element-a65b7dd elementor-widget elementor-widget-text-editor\" data-id=\"a65b7dd\" data-element_type=\"widget\" data-widget_type=\"text-editor.default\">\n\t\t\t\t<div class=\"elementor-widget-container\">\n\t\t\t<style>\/*! elementor - v3.18.0 - 08-12-2023 *\/\n.elementor-widget-text-editor.elementor-drop-cap-view-stacked .elementor-drop-cap{background-color:#69727d;color:#fff}.elementor-widget-text-editor.elementor-drop-cap-view-framed .elementor-drop-cap{color:#69727d;border:3px solid;background-color:transparent}.elementor-widget-text-editor:not(.elementor-drop-cap-view-default) .elementor-drop-cap{margin-top:8px}.elementor-widget-text-editor:not(.elementor-drop-cap-view-default) .elementor-drop-cap-letter{width:1em;height:1em}.elementor-widget-text-editor .elementor-drop-cap{float:left;text-align:center;line-height:1;font-size:50px}.elementor-widget-text-editor .elementor-drop-cap-letter{display:inline-block}<\/style>\t\t\t\t\t\t\t\t\t\t<\/div>\n\t\t\t\t<\/div>\n\t\t\t\t<div class=\"elementor-element elementor-element-71fb5542 elementor-widget elementor-widget-dce-rawphp\" data-id=\"71fb5542\" data-element_type=\"widget\" data-widget_type=\"dce-rawphp.default\">\n\t\t\t\t<div class=\"elementor-widget-container\">\n\t\t\t<!-- Dynamic PHP Raw --><ul class=\"forti-subcat-list\"><li class=\"forti-subcat-list__child\"><a href=\"https:\/\/www.fortischem.sk\/sk\/kategorie\/technicke-plyny\/\">Technick\u00e9 plyny<\/a><\/li><li class=\"forti-subcat-list__child\"><a href=\"https:\/\/www.fortischem.sk\/sk\/kategorie\/acetylenicke-alkoholy\/\">Acetylenick\u00e9 alkoholy<\/a><\/li><li class=\"forti-subcat-list__child\"><a href=\"https:\/\/www.fortischem.sk\/sk\/kategorie\/slovinyly-pvc\/\">Slovinyly PVC<\/a><\/li><li class=\"forti-subcat-list__child\"><a href=\"https:\/\/www.fortischem.sk\/sk\/kategorie\/specialne-organicke-zluceniny\/\">\u0160peci\u00e1lne organick\u00e9 zl\u00fa\u010deniny<\/a><\/li><li class=\"forti-subcat-list__child\"><a href=\"https:\/\/www.fortischem.sk\/sk\/kategorie\/elektrolyzne-produkty\/\">Elektrol\u00fdzne produkty<\/a><\/li><li class=\"forti-subcat-list__child\"><a href=\"https:\/\/www.fortischem.sk\/sk\/kategorie\/karbid-vapnika\/\">Karbid v\u00e1pnika<\/a><\/li><li class=\"forti-subcat-list__child\"><a href=\"https:\/\/www.fortischem.sk\/sk\/kategorie\/koks-a-vapno\/\">Koks a v\u00e1pno<\/a><\/li><\/ul>\t\t<\/div>\n\t\t\t\t<\/div>\n\t\t\t\t\t<\/div>\n\t\t\t\t<\/div>\n\t\t\t\t\t<\/div>\n\t\t\t\t<\/div>\n\t\t<div data-dce-background-image-url=\"https:\/\/www.fortischem.sk\/wp-content\/uploads\/2023\/03\/show-image-13.jpg\" class=\"elementor-element elementor-element-3c26855c e-flex e-con-boxed e-con e-parent\" data-id=\"3c26855c\" data-element_type=\"container\" data-settings=\"{&quot;background_background&quot;:&quot;classic&quot;,&quot;container_type&quot;:&quot;flex&quot;,&quot;content_width&quot;:&quot;boxed&quot;}\" data-e-bg-lazyload=\"\" data-core-v316-plus=\"true\">\n\t\t\t\t\t<div class=\"e-con-inner\">\n\t\t<div class=\"elementor-element elementor-element-3f034dd9 e-flex e-con-boxed e-con e-child\" data-id=\"3f034dd9\" data-element_type=\"container\" data-settings=\"{&quot;container_type&quot;:&quot;flex&quot;,&quot;content_width&quot;:&quot;boxed&quot;}\">\n\t\t\t\t\t<div class=\"e-con-inner\">\n\t\t\t\t<div class=\"elementor-element elementor-element-ebab6dd elementor-widget elementor-widget-text-editor\" data-id=\"ebab6dd\" data-element_type=\"widget\" data-widget_type=\"text-editor.default\">\n\t\t\t\t<div class=\"elementor-widget-container\">\n\t\t\t\t\t\t\t\t\t\t\t\t\t<\/div>\n\t\t\t\t<\/div>\n\t\t\t\t<div class=\"elementor-element elementor-element-5ccc38a elementor-widget elementor-widget-text-editor\" data-id=\"5ccc38a\" data-element_type=\"widget\" data-widget_type=\"text-editor.default\">\n\t\t\t\t<div class=\"elementor-widget-container\">\n\t\t\t\t\t\t\tPokia\u013e potrebujete podrobnej\u0161ie inform\u00e1cie o v\u00fdrobkoch, nev\u00e1hajte n\u00e1s <a href=\"\/sk\/kontakt\">kontaktova\u0165<\/a>.\t\t\t\t\t\t<\/div>\n\t\t\t\t<\/div>\n\t\t\t\t\t<\/div>\n\t\t\t\t<\/div>\n\t\t\t\t\t<\/div>\n\t\t\t\t<\/div>\n\t\t\t\t\t\t\t<\/div>\n\t\t","protected":false},"excerpt":{"rendered":"<p>\u00davodn\u00e9 Acetylenick\u00e9 alkoholy Elektrol\u00fdzne produkty Karbid v\u00e1pnika Koks a v\u00e1pno Slovinyly PVC \u0160peci\u00e1lne organick\u00e9 zl\u00fa\u010deniny Technick\u00e9 plyny Pokia\u013e potrebujete podrobnej\u0161ie inform\u00e1cie o v\u00fdrobkoch, nev\u00e1hajte n\u00e1s kontaktova\u0165.<\/p>\n","protected":false},"author":1,"featured_media":0,"parent":311,"menu_order":0,"comment_status":"closed","ping_status":"closed","template":"","meta":{"_seopress_robots_primary_cat":"","footnotes":""},"class_list":["post-2323","page","type-page","status-publish","hentry"],"acf":[],"_links":{"self":[{"href":"https:\/\/www.fortischem.sk\/sk\/wp-json\/wp\/v2\/pages\/2323","targetHints":{"allow":["GET"]}}],"collection":[{"href":"https:\/\/www.fortischem.sk\/sk\/wp-json\/wp\/v2\/pages"}],"about":[{"href":"https:\/\/www.fortischem.sk\/sk\/wp-json\/wp\/v2\/types\/page"}],"author":[{"embeddable":true,"href":"https:\/\/www.fortischem.sk\/sk\/wp-json\/wp\/v2\/users\/1"}],"replies":[{"embeddable":true,"href":"https:\/\/www.fortischem.sk\/sk\/wp-json\/wp\/v2\/comments?post=2323"}],"version-history":[{"count":15,"href":"https:\/\/www.fortischem.sk\/sk\/wp-json\/wp\/v2\/pages\/2323\/revisions"}],"predecessor-version":[{"id":5182,"href":"https:\/\/www.fortischem.sk\/sk\/wp-json\/wp\/v2\/pages\/2323\/revisions\/5182"}],"up":[{"embeddable":true,"href":"https:\/\/www.fortischem.sk\/sk\/wp-json\/wp\/v2\/pages\/311"}],"wp:attachment":[{"href":"https:\/\/www.fortischem.sk\/sk\/wp-json\/wp\/v2\/media?parent=2323"}],"curies":[{"name":"wp","href":"https:\/\/api.w.org\/{rel}","templated":true}]}}