{"id":2101,"date":"2023-05-24T10:22:35","date_gmt":"2023-05-24T08:22:35","guid":{"rendered":"http:\/\/www.fortischem.sk\/?page_id=2101"},"modified":"2023-05-31T23:23:37","modified_gmt":"2023-05-31T21:23:37","slug":"centrum-analytickej-techniky-cat","status":"publish","type":"page","link":"https:\/\/www.fortischem.sk\/sk\/vyrobky\/centrum-analytickej-techniky-cat\/","title":{"rendered":"Centrum analytickej techniky (CAT)"},"content":{"rendered":"\t\t<div data-elementor-type=\"wp-page\" data-elementor-id=\"2101\" class=\"elementor elementor-2101\" data-elementor-post-type=\"page\">\n\t\t\t\t\t\t\t<div data-dce-background-image-url=\"https:\/\/www.fortischem.sk\/wp-content\/uploads\/2023\/05\/VHA7570.jpg\" class=\"elementor-element elementor-element-2b37c6 e-con-full e-flex e-con e-parent\" data-id=\"2b37c6\" data-element_type=\"container\" data-settings=\"{&quot;content_width&quot;:&quot;full&quot;,&quot;background_background&quot;:&quot;classic&quot;,&quot;container_type&quot;:&quot;flex&quot;}\" data-e-bg-lazyload=\"\" data-core-v316-plus=\"true\">\n\t\t\t\t<\/div>\n\t\t<div class=\"elementor-element elementor-element-4f65206e e-flex e-con-boxed e-con e-parent\" data-id=\"4f65206e\" data-element_type=\"container\" data-settings=\"{&quot;background_background&quot;:&quot;classic&quot;,&quot;container_type&quot;:&quot;flex&quot;,&quot;content_width&quot;:&quot;boxed&quot;}\" data-core-v316-plus=\"true\">\n\t\t\t\t\t<div class=\"e-con-inner\">\n\t\t<div class=\"elementor-element elementor-element-22717ebf e-flex e-con-boxed e-con e-child\" data-id=\"22717ebf\" data-element_type=\"container\" data-settings=\"{&quot;container_type&quot;:&quot;flex&quot;,&quot;content_width&quot;:&quot;boxed&quot;}\">\n\t\t\t\t\t<div class=\"e-con-inner\">\n\t\t\t\t<div class=\"elementor-element elementor-element-2793c902 elementor-widget elementor-widget-sp-breadcrumbs\" data-id=\"2793c902\" data-element_type=\"widget\" data-widget_type=\"sp-breadcrumbs.default\">\n\t\t\t\t<div class=\"elementor-widget-container\">\n\t\t\t<nav  aria-label=\"breadcrumb\"><ol class=\"breadcrumb\" itemscope itemtype=\"https:\/\/schema.org\/BreadcrumbList\"><li class=\"breadcrumb-item active\" aria-current=\"page\" itemprop=\"itemListElement\" itemscope itemtype=\"https:\/\/schema.org\/ListItem\"><span itemprop=\"name\">\u00davodn\u00e9<\/span><meta itemprop=\"position\" content=\"1\"><\/li><\/ol><\/nav>\t\t<\/div>\n\t\t\t\t<\/div>\n\t\t\t\t<div class=\"elementor-element elementor-element-1053755f elementor-widget elementor-widget-heading\" data-id=\"1053755f\" data-element_type=\"widget\" data-widget_type=\"heading.default\">\n\t\t\t\t<div class=\"elementor-widget-container\">\n\t\t\t<style>\/*! elementor - v3.18.0 - 08-12-2023 *\/\n.elementor-heading-title{padding:0;margin:0;line-height:1}.elementor-widget-heading .elementor-heading-title[class*=elementor-size-]>a{color:inherit;font-size:inherit;line-height:inherit}.elementor-widget-heading .elementor-heading-title.elementor-size-small{font-size:15px}.elementor-widget-heading .elementor-heading-title.elementor-size-medium{font-size:19px}.elementor-widget-heading .elementor-heading-title.elementor-size-large{font-size:29px}.elementor-widget-heading .elementor-heading-title.elementor-size-xl{font-size:39px}.elementor-widget-heading .elementor-heading-title.elementor-size-xxl{font-size:59px}<\/style><h1 class=\"elementor-heading-title elementor-size-default\">Centrum analytickej techniky (CAT)<\/h1>\t\t<\/div>\n\t\t\t\t<\/div>\n\t\t\t\t\t<\/div>\n\t\t\t\t<\/div>\n\t\t\t\t\t<\/div>\n\t\t\t\t<\/div>\n\t\t<div class=\"elementor-element elementor-element-20474106 e-flex e-con-boxed e-con e-parent\" data-id=\"20474106\" data-element_type=\"container\" data-settings=\"{&quot;background_background&quot;:&quot;gradient&quot;,&quot;container_type&quot;:&quot;flex&quot;,&quot;content_width&quot;:&quot;boxed&quot;}\" data-core-v316-plus=\"true\">\n\t\t\t\t\t<div class=\"e-con-inner\">\n\t\t<div class=\"elementor-element elementor-element-ac9fa26 e-con-full e-flex e-con e-child\" data-id=\"ac9fa26\" data-element_type=\"container\" data-settings=\"{&quot;content_width&quot;:&quot;full&quot;,&quot;container_type&quot;:&quot;flex&quot;}\">\n\t\t\t\t<div class=\"elementor-element elementor-element-2e3279ad elementor-widget__width-initial elementor-widget elementor-widget-text-editor\" data-id=\"2e3279ad\" data-element_type=\"widget\" data-widget_type=\"text-editor.default\">\n\t\t\t\t<div class=\"elementor-widget-container\">\n\t\t\t<style>\/*! elementor - v3.18.0 - 08-12-2023 *\/\n.elementor-widget-text-editor.elementor-drop-cap-view-stacked .elementor-drop-cap{background-color:#69727d;color:#fff}.elementor-widget-text-editor.elementor-drop-cap-view-framed .elementor-drop-cap{color:#69727d;border:3px solid;background-color:transparent}.elementor-widget-text-editor:not(.elementor-drop-cap-view-default) .elementor-drop-cap{margin-top:8px}.elementor-widget-text-editor:not(.elementor-drop-cap-view-default) .elementor-drop-cap-letter{width:1em;height:1em}.elementor-widget-text-editor .elementor-drop-cap{float:left;text-align:center;line-height:1;font-size:50px}.elementor-widget-text-editor .elementor-drop-cap-letter{display:inline-block}<\/style>\t\t\t\t<p>Chemick\u00e1 v\u00fdroba je \u00fazko prepojen\u00e1 s\u00a0profesion\u00e1lnou kontrolou kvality vykon\u00e1vanou vo vysoko\u00a0\u0161pecializovan\u00fdch chemick\u00fdch laborat\u00f3ri\u00e1ch.<\/p><p>Laborat\u00f3ri\u00e1 s\u00fa od roku 2011 s\u00fastreden\u00e9 v\u00a0modernom Centre analytickej techniky (CAT), kde s\u00fa anal\u00fdzy rozdelen\u00e9 pod\u013ea typov po\u017eadovan\u00fdch analytick\u00fdch techn\u00edk, pr\u00edstrojov a automatick\u00fdch analyz\u00e1torov.<br \/>CAT zah\u0155\u0148a laborat\u00f3ri\u00e1 Titra\u010dn\u00fdch, Chromatografick\u00fdch, Spektro-fotometrick\u00fdch, Fyzik\u00e1lno-technick\u00fdch, Fyzik\u00e1lno-mechanick\u00fdch a\u00a0\u010fal\u0161\u00edch anal\u00fdz.<\/p><p>V\u00a0popred\u00ed je vysok\u00e1 odbornos\u0165,\u00a0zastupite\u013enos\u0165, produktivita pr\u00e1ce a\u00a0100% spo\u013eahlivos\u0165 garantovan\u00fdch parametrov.<\/p>\t\t\t\t\t\t<\/div>\n\t\t\t\t<\/div>\n\t\t\t\t<\/div>\n\t\t<div class=\"elementor-element elementor-element-79cfbe57 e-flex e-con-boxed e-con e-child\" data-id=\"79cfbe57\" data-element_type=\"container\" data-settings=\"{&quot;container_type&quot;:&quot;flex&quot;,&quot;content_width&quot;:&quot;boxed&quot;}\">\n\t\t\t\t\t<div class=\"e-con-inner\">\n\t\t\t\t<div class=\"elementor-element elementor-element-78b54551 elementor-widget elementor-widget-image\" data-id=\"78b54551\" data-element_type=\"widget\" id=\"add-mask-left\" data-widget_type=\"image.default\">\n\t\t\t\t<div class=\"elementor-widget-container\">\n\t\t\t<style>\/*! elementor - v3.18.0 - 08-12-2023 *\/\n.elementor-widget-image{text-align:center}.elementor-widget-image a{display:inline-block}.elementor-widget-image a img[src$=\".svg\"]{width:48px}.elementor-widget-image img{vertical-align:middle;display:inline-block}<\/style>\t\t\t\t\t\t\t\t\t\t\t\t<img decoding=\"async\" src=\"https:\/\/www.fortischem.sk\/wp-content\/uploads\/elementor\/thumbs\/VHA7595-1-q7aio25fp4vi85w11l9hwojahhoo7e7gllexy6fabk.jpg\" title=\"_VHA7595\" alt=\"_VHA7595\" loading=\"lazy\" \/>\t\t\t\t\t\t\t\t\t\t\t\t\t\t\t<\/div>\n\t\t\t\t<\/div>\n\t\t\t\t\t<\/div>\n\t\t\t\t<\/div>\n\t\t\t\t\t<\/div>\n\t\t\t\t<\/div>\n\t\t\t\t\t\t\t<\/div>\n\t\t","protected":false},"excerpt":{"rendered":"<p>\u00davodn\u00ed Chemick\u00e1 v\u00fdroba je \u00fazko prepojen\u00e1 s\u00a0profesion\u00e1lnou kontrolou kvality vykon\u00e1vanou vo vysoko\u00a0\u0161pecializovan\u00fdch chemick\u00fdch laborat\u00f3ri\u00e1ch. Laborat\u00f3ri\u00e1 s\u00fa od roku 2011 s\u00fastreden\u00e9 v\u00a0modernom Centre analytickej techniky (CAT), kde s\u00fa anal\u00fdzy rozdelen\u00e9 pod\u013ea typov po\u017eadovan\u00fdch analytick\u00fdch techn\u00edk, pr\u00edstrojov a automatick\u00fdch analyz\u00e1torov.CAT zah\u0155\u0148a laborat\u00f3ri\u00e1 Titra\u010dn\u00fdch, Chromatografick\u00fdch, Spektro-fotometrick\u00fdch, Fyzik\u00e1lno-technick\u00fdch, Fyzik\u00e1lno-mechanick\u00fdch a\u00a0\u010fal\u0161\u00edch anal\u00fdz. V\u00a0popred\u00ed je vysok\u00e1 odbornos\u0165,\u00a0zastupite\u013enos\u0165, produktivita pr\u00e1ce a\u00a0100% spo\u013eahlivos\u0165 [&hellip;]<\/p>\n","protected":false},"author":1,"featured_media":0,"parent":311,"menu_order":0,"comment_status":"closed","ping_status":"closed","template":"","meta":{"_seopress_robots_primary_cat":"","footnotes":""},"class_list":["post-2101","page","type-page","status-publish","hentry"],"acf":[],"_links":{"self":[{"href":"https:\/\/www.fortischem.sk\/sk\/wp-json\/wp\/v2\/pages\/2101","targetHints":{"allow":["GET"]}}],"collection":[{"href":"https:\/\/www.fortischem.sk\/sk\/wp-json\/wp\/v2\/pages"}],"about":[{"href":"https:\/\/www.fortischem.sk\/sk\/wp-json\/wp\/v2\/types\/page"}],"author":[{"embeddable":true,"href":"https:\/\/www.fortischem.sk\/sk\/wp-json\/wp\/v2\/users\/1"}],"replies":[{"embeddable":true,"href":"https:\/\/www.fortischem.sk\/sk\/wp-json\/wp\/v2\/comments?post=2101"}],"version-history":[{"count":1,"href":"https:\/\/www.fortischem.sk\/sk\/wp-json\/wp\/v2\/pages\/2101\/revisions"}],"predecessor-version":[{"id":4662,"href":"https:\/\/www.fortischem.sk\/sk\/wp-json\/wp\/v2\/pages\/2101\/revisions\/4662"}],"up":[{"embeddable":true,"href":"https:\/\/www.fortischem.sk\/sk\/wp-json\/wp\/v2\/pages\/311"}],"wp:attachment":[{"href":"https:\/\/www.fortischem.sk\/sk\/wp-json\/wp\/v2\/media?parent=2101"}],"curies":[{"name":"wp","href":"https:\/\/api.w.org\/{rel}","templated":true}]}}