{"id":2099,"date":"2023-05-24T10:21:30","date_gmt":"2023-05-24T08:21:30","guid":{"rendered":"http:\/\/www.fortischem.sk\/?page_id=2099"},"modified":"2024-05-03T08:55:31","modified_gmt":"2024-05-03T06:55:31","slug":"studenti","status":"publish","type":"page","link":"https:\/\/www.fortischem.sk\/sk\/kariera\/studenti\/","title":{"rendered":"Spolupr\u00e1ca so \u0161kolami"},"content":{"rendered":"\t\t<div data-elementor-type=\"wp-page\" data-elementor-id=\"2099\" class=\"elementor elementor-2099\" data-elementor-post-type=\"page\">\n\t\t\t\t\t\t\t<div data-dce-background-image-url=\"https:\/\/www.fortischem.sk\/wp-content\/uploads\/2024\/05\/web-stranka-11-scaled.jpg\" class=\"elementor-element elementor-element-3d1e1b7c e-con-full e-flex e-con e-parent\" data-id=\"3d1e1b7c\" data-element_type=\"container\" data-settings=\"{&quot;content_width&quot;:&quot;full&quot;,&quot;background_background&quot;:&quot;classic&quot;,&quot;container_type&quot;:&quot;flex&quot;}\" data-e-bg-lazyload=\"\" data-core-v316-plus=\"true\">\n\t\t\t\t<\/div>\n\t\t<div class=\"elementor-element elementor-element-6eefcd21 e-flex e-con-boxed e-con e-parent\" data-id=\"6eefcd21\" data-element_type=\"container\" data-settings=\"{&quot;background_background&quot;:&quot;classic&quot;,&quot;container_type&quot;:&quot;flex&quot;,&quot;content_width&quot;:&quot;boxed&quot;}\" data-core-v316-plus=\"true\">\n\t\t\t\t\t<div class=\"e-con-inner\">\n\t\t<div class=\"elementor-element elementor-element-8b6b51e e-flex e-con-boxed e-con e-child\" data-id=\"8b6b51e\" data-element_type=\"container\" data-settings=\"{&quot;container_type&quot;:&quot;flex&quot;,&quot;content_width&quot;:&quot;boxed&quot;}\">\n\t\t\t\t\t<div class=\"e-con-inner\">\n\t\t\t\t<div class=\"elementor-element elementor-element-24595eca elementor-widget elementor-widget-sp-breadcrumbs\" data-id=\"24595eca\" data-element_type=\"widget\" data-widget_type=\"sp-breadcrumbs.default\">\n\t\t\t\t<div class=\"elementor-widget-container\">\n\t\t\t<nav  aria-label=\"breadcrumb\"><ol class=\"breadcrumb\" itemscope itemtype=\"https:\/\/schema.org\/BreadcrumbList\"><li class=\"breadcrumb-item active\" aria-current=\"page\" itemprop=\"itemListElement\" itemscope itemtype=\"https:\/\/schema.org\/ListItem\"><span itemprop=\"name\">\u00davodn\u00e9<\/span><meta itemprop=\"position\" content=\"1\"><\/li><\/ol><\/nav>\t\t<\/div>\n\t\t\t\t<\/div>\n\t\t\t\t<div class=\"elementor-element elementor-element-26c73419 elementor-widget elementor-widget-heading\" data-id=\"26c73419\" data-element_type=\"widget\" data-widget_type=\"heading.default\">\n\t\t\t\t<div class=\"elementor-widget-container\">\n\t\t\t<style>\/*! elementor - v3.18.0 - 08-12-2023 *\/\n.elementor-heading-title{padding:0;margin:0;line-height:1}.elementor-widget-heading .elementor-heading-title[class*=elementor-size-]>a{color:inherit;font-size:inherit;line-height:inherit}.elementor-widget-heading .elementor-heading-title.elementor-size-small{font-size:15px}.elementor-widget-heading .elementor-heading-title.elementor-size-medium{font-size:19px}.elementor-widget-heading .elementor-heading-title.elementor-size-large{font-size:29px}.elementor-widget-heading .elementor-heading-title.elementor-size-xl{font-size:39px}.elementor-widget-heading .elementor-heading-title.elementor-size-xxl{font-size:59px}<\/style><h1 class=\"elementor-heading-title elementor-size-default\">Spolupr\u00e1ca so \u0161kolami<\/h1>\t\t<\/div>\n\t\t\t\t<\/div>\n\t\t\t\t\t<\/div>\n\t\t\t\t<\/div>\n\t\t\t\t\t<\/div>\n\t\t\t\t<\/div>\n\t\t<div class=\"elementor-element elementor-element-24e787f2 e-flex e-con-boxed e-con e-parent\" data-id=\"24e787f2\" data-element_type=\"container\" data-settings=\"{&quot;background_background&quot;:&quot;gradient&quot;,&quot;container_type&quot;:&quot;flex&quot;,&quot;content_width&quot;:&quot;boxed&quot;}\" data-core-v316-plus=\"true\">\n\t\t\t\t\t<div class=\"e-con-inner\">\n\t\t<div class=\"elementor-element elementor-element-7464496d e-flex e-con-boxed e-con e-child\" data-id=\"7464496d\" data-element_type=\"container\" data-settings=\"{&quot;container_type&quot;:&quot;flex&quot;,&quot;content_width&quot;:&quot;boxed&quot;}\">\n\t\t\t\t\t<div class=\"e-con-inner\">\n\t\t\t\t<div class=\"elementor-element elementor-element-68b52064 elementor-widget elementor-widget-text-editor\" data-id=\"68b52064\" data-element_type=\"widget\" data-widget_type=\"text-editor.default\">\n\t\t\t\t<div class=\"elementor-widget-container\">\n\t\t\t<style>\/*! elementor - v3.18.0 - 08-12-2023 *\/\n.elementor-widget-text-editor.elementor-drop-cap-view-stacked .elementor-drop-cap{background-color:#69727d;color:#fff}.elementor-widget-text-editor.elementor-drop-cap-view-framed .elementor-drop-cap{color:#69727d;border:3px solid;background-color:transparent}.elementor-widget-text-editor:not(.elementor-drop-cap-view-default) .elementor-drop-cap{margin-top:8px}.elementor-widget-text-editor:not(.elementor-drop-cap-view-default) .elementor-drop-cap-letter{width:1em;height:1em}.elementor-widget-text-editor .elementor-drop-cap{float:left;text-align:center;line-height:1;font-size:50px}.elementor-widget-text-editor .elementor-drop-cap-letter{display:inline-block}<\/style>\t\t\t\t<h3>Spolo\u010dnos\u0165 FORTISCHEM a. s. intenz\u00edvne spolupracuje so z\u00e1kladn\u00fdmi a\u00a0stredn\u00fdmi \u0161kolami v\u00a0regi\u00f3ne. \u0160tudenti m\u00f4\u017eu u\u00a0n\u00e1s nadobudn\u00fa\u0165\u00a0 praktick\u00e9 sk\u00fasenosti a\u00a0zru\u010dnosti.<\/h3>\t\t\t\t\t\t<\/div>\n\t\t\t\t<\/div>\n\t\t\t\t\t<\/div>\n\t\t\t\t<\/div>\n\t\t<div class=\"elementor-element elementor-element-146e8dca e-flex e-con-boxed e-con e-child\" data-id=\"146e8dca\" data-element_type=\"container\" data-settings=\"{&quot;container_type&quot;:&quot;flex&quot;,&quot;content_width&quot;:&quot;boxed&quot;}\">\n\t\t\t\t\t<div class=\"e-con-inner\">\n\t\t\t\t<div class=\"elementor-element elementor-element-5200cfae elementor-widget elementor-widget-image\" data-id=\"5200cfae\" data-element_type=\"widget\" id=\"add-mask-left\" data-widget_type=\"image.default\">\n\t\t\t\t<div class=\"elementor-widget-container\">\n\t\t\t<style>\/*! elementor - v3.18.0 - 08-12-2023 *\/\n.elementor-widget-image{text-align:center}.elementor-widget-image a{display:inline-block}.elementor-widget-image a img[src$=\".svg\"]{width:48px}.elementor-widget-image img{vertical-align:middle;display:inline-block}<\/style>\t\t\t\t\t\t\t\t\t\t\t\t<img fetchpriority=\"high\" decoding=\"async\" width=\"800\" height=\"533\" src=\"https:\/\/www.fortischem.sk\/wp-content\/uploads\/2023\/03\/show-image-32.jpg\" class=\"attachment-large size-large wp-image-460\" alt=\"\" srcset=\"https:\/\/www.fortischem.sk\/wp-content\/uploads\/2023\/03\/show-image-32.jpg 900w, https:\/\/www.fortischem.sk\/wp-content\/uploads\/2023\/03\/show-image-32-300x200.jpg 300w, https:\/\/www.fortischem.sk\/wp-content\/uploads\/2023\/03\/show-image-32-768x512.jpg 768w\" sizes=\"(max-width: 800px) 100vw, 800px\" \/>\t\t\t\t\t\t\t\t\t\t\t\t\t\t\t<\/div>\n\t\t\t\t<\/div>\n\t\t\t\t\t<\/div>\n\t\t\t\t<\/div>\n\t\t\t\t\t<\/div>\n\t\t\t\t<\/div>\n\t\t<div class=\"elementor-element elementor-element-73f86c36 e-flex e-con-boxed e-con e-parent\" data-id=\"73f86c36\" data-element_type=\"container\" data-settings=\"{&quot;background_background&quot;:&quot;classic&quot;,&quot;container_type&quot;:&quot;flex&quot;,&quot;content_width&quot;:&quot;boxed&quot;}\" data-core-v316-plus=\"true\">\n\t\t\t\t\t<div class=\"e-con-inner\">\n\t\t<div class=\"elementor-element elementor-element-16019d17 e-flex e-con-boxed e-con e-child\" data-id=\"16019d17\" data-element_type=\"container\" data-settings=\"{&quot;container_type&quot;:&quot;flex&quot;,&quot;content_width&quot;:&quot;boxed&quot;}\">\n\t\t\t\t\t<div class=\"e-con-inner\">\n\t\t\t\t<div class=\"elementor-element elementor-element-1fcd5f05 elementor-widget elementor-widget-text-editor\" data-id=\"1fcd5f05\" data-element_type=\"widget\" data-widget_type=\"text-editor.default\">\n\t\t\t\t<div class=\"elementor-widget-container\">\n\t\t\t\t\t\t\t<p><strong>\u0160TIPENDIUM<\/strong><\/p><ul><li>Pon\u00fakame \u0161tipendium pre \u0161tudentov posledn\u00e9ho ro\u010dn\u00edka in\u017einierskeho stup\u0148a \u0161t\u00fadia vybran\u00fdch \u0161tudijn\u00fdch odborov technick\u00fdch univerz\u00edt:<ul><li>chemick\u00e9 in\u017einierstvo<\/li><li>chemick\u00e9 technol\u00f3gie<\/li><li>riadenie technologick\u00fdch procesov v ch\u00e9mii<\/li><\/ul><\/li><\/ul><p>Svoje \u017eiadosti posielajte mailom na adresu:\u00a0<a href=\"mailto:personalne@fortischem.sk\">personalne@fortischem.sk<\/a><\/p>\t\t\t\t\t\t<\/div>\n\t\t\t\t<\/div>\n\t\t\t\t\t<\/div>\n\t\t\t\t<\/div>\n\t\t<div class=\"elementor-element elementor-element-2281804e e-flex e-con-boxed e-con e-child\" data-id=\"2281804e\" data-element_type=\"container\" data-settings=\"{&quot;container_type&quot;:&quot;flex&quot;,&quot;content_width&quot;:&quot;boxed&quot;}\">\n\t\t\t\t\t<div class=\"e-con-inner\">\n\t\t\t\t<div class=\"elementor-element elementor-element-427ac991 elementor-widget elementor-widget-text-editor\" data-id=\"427ac991\" data-element_type=\"widget\" data-widget_type=\"text-editor.default\">\n\t\t\t\t<div class=\"elementor-widget-container\">\n\t\t\t\t\t\t\t<p><strong>PRAX<\/strong><\/p><ul><li>za\u010diatok, z\u00e1ver a rozsah praxe bude dohodnut\u00fd individu\u00e1lne so \u0161tudentom.<\/li><li>t\u00e1to prax bude uznan\u00e1 ako povinn\u00e1 v\u00fdrobno-odborn\u00e1 prax \u0161tudenta absolvovan\u00e1 v priebehu \u0161t\u00fadia.<\/li><\/ul>\t\t\t\t\t\t<\/div>\n\t\t\t\t<\/div>\n\t\t\t\t\t<\/div>\n\t\t\t\t<\/div>\n\t\t\t\t\t<\/div>\n\t\t\t\t<\/div>\n\t\t<div class=\"elementor-element elementor-element-721df400 e-flex e-con-boxed e-con e-parent\" data-id=\"721df400\" data-element_type=\"container\" data-settings=\"{&quot;background_background&quot;:&quot;classic&quot;,&quot;container_type&quot;:&quot;flex&quot;,&quot;content_width&quot;:&quot;boxed&quot;}\" data-core-v316-plus=\"true\">\n\t\t\t\t\t<div class=\"e-con-inner\">\n\t\t<div class=\"elementor-element elementor-element-556d83c5 e-flex e-con-boxed e-con e-child\" data-id=\"556d83c5\" data-element_type=\"container\" data-settings=\"{&quot;container_type&quot;:&quot;flex&quot;,&quot;content_width&quot;:&quot;boxed&quot;}\">\n\t\t\t\t\t<div class=\"e-con-inner\">\n\t\t\t\t<div class=\"elementor-element elementor-element-67c59920 elementor-widget elementor-widget-text-editor\" data-id=\"67c59920\" data-element_type=\"widget\" data-widget_type=\"text-editor.default\">\n\t\t\t\t<div class=\"elementor-widget-container\">\n\t\t\t\t\t\t\t<p><strong>DIPLOMOV\u00c9 A BAKAL\u00c1RSK\u00c9 PRACE<\/strong><\/p><ul><li>Vypracovanie t\u00e9m diplomov\u00fdch pr\u00e1c:<ul><li>t\u00e9my semin\u00e1rnych (SP), diplomov\u00fdch (DP) a bakal\u00e1rskych pr\u00e1c (BP) s\u00favisia s predmetom \u010dinnosti FORTISCHEM a.\u00a0s.<\/li><li>t\u00e9ma nepopisuje dan\u00fd stav, ale rie\u0161i probl\u00e9m; v\u00fdsledkom DP, BP je n\u00e1vrh rie\u0161enia<\/li><\/ul><\/li><\/ul>\t\t\t\t\t\t<\/div>\n\t\t\t\t<\/div>\n\t\t\t\t\t<\/div>\n\t\t\t\t<\/div>\n\t\t<div class=\"elementor-element elementor-element-6bfb29ac e-flex e-con-boxed e-con e-child\" data-id=\"6bfb29ac\" data-element_type=\"container\" data-settings=\"{&quot;container_type&quot;:&quot;flex&quot;,&quot;content_width&quot;:&quot;boxed&quot;}\">\n\t\t\t\t\t<div class=\"e-con-inner\">\n\t\t\t\t<div class=\"elementor-element elementor-element-74f9dfac elementor-widget elementor-widget-text-editor\" data-id=\"74f9dfac\" data-element_type=\"widget\" data-widget_type=\"text-editor.default\">\n\t\t\t\t<div class=\"elementor-widget-container\">\n\t\t\t\t\t\t\t<ul><li>Ako postupova\u0165, ak m\u00e1te z\u00e1ujem o vypracovanie DP:<ul><li>zasla\u0165 \u017eiados\u0165 o vypracovanie t\u00e9my SP, DP, BP spolu so \u017eivotopisom na ni\u017e\u0161ie uveden\u00fa adresu<\/li><li>ak Va\u0161a \u017eiados\u0165 bude pozit\u00edvne pos\u00faden\u00e1, pridel\u00edme V\u00e1m konzultanta<\/li><li>do 5 dn\u00ed V\u00e1m za\u0161leme vyjadrenie k Va\u0161ej \u017eiadosti<\/li><\/ul><\/li><\/ul>\t\t\t\t\t\t<\/div>\n\t\t\t\t<\/div>\n\t\t\t\t\t<\/div>\n\t\t\t\t<\/div>\n\t\t\t\t\t<\/div>\n\t\t\t\t<\/div>\n\t\t<div class=\"elementor-element elementor-element-2e99472 e-flex e-con-boxed e-con e-parent\" data-id=\"2e99472\" data-element_type=\"container\" data-settings=\"{&quot;container_type&quot;:&quot;flex&quot;,&quot;content_width&quot;:&quot;boxed&quot;}\" data-core-v316-plus=\"true\">\n\t\t\t\t\t<div class=\"e-con-inner\">\n\t\t<div class=\"elementor-element elementor-element-c81ca88 e-flex e-con-boxed e-con e-child\" data-id=\"c81ca88\" data-element_type=\"container\" data-settings=\"{&quot;container_type&quot;:&quot;flex&quot;,&quot;content_width&quot;:&quot;boxed&quot;}\">\n\t\t\t\t\t<div class=\"e-con-inner\">\n\t\t\t\t<div class=\"elementor-element elementor-element-558cee9 elementor-widget elementor-widget-heading\" data-id=\"558cee9\" data-element_type=\"widget\" data-widget_type=\"heading.default\">\n\t\t\t\t<div class=\"elementor-widget-container\">\n\t\t\t<h6 class=\"elementor-heading-title elementor-size-default\"><a href=\"mailto:personalne@fortischem.sk\">Svoje \u017eiadosti posielajte mailom na adresu:\u00a0personalne@fortischem.sk<\/a><\/h6>\t\t<\/div>\n\t\t\t\t<\/div>\n\t\t\t\t\t<\/div>\n\t\t\t\t<\/div>\n\t\t\t\t\t<\/div>\n\t\t\t\t<\/div>\n\t\t<div class=\"elementor-element elementor-element-14493ce4 e-flex e-con-boxed e-con e-parent\" data-id=\"14493ce4\" data-element_type=\"container\" data-settings=\"{&quot;container_type&quot;:&quot;flex&quot;,&quot;content_width&quot;:&quot;boxed&quot;}\" data-core-v316-plus=\"true\">\n\t\t\t\t\t<div class=\"e-con-inner\">\n\t\t<div class=\"elementor-element elementor-element-3679b8c8 e-flex e-con-boxed e-con e-child\" data-id=\"3679b8c8\" data-element_type=\"container\" data-settings=\"{&quot;container_type&quot;:&quot;flex&quot;,&quot;content_width&quot;:&quot;boxed&quot;}\">\n\t\t\t\t\t<div class=\"e-con-inner\">\n\t\t\t\t<div class=\"elementor-element elementor-element-42a32b15 elementor-widget elementor-widget-image\" data-id=\"42a32b15\" data-element_type=\"widget\" data-widget_type=\"image.default\">\n\t\t\t\t<div class=\"elementor-widget-container\">\n\t\t\t\t\t\t\t\t\t\t\t\t\t\t\t<img decoding=\"async\" width=\"800\" height=\"501\" src=\"https:\/\/www.fortischem.sk\/wp-content\/uploads\/2023\/07\/shutterstock_105746531-1024x641.jpg\" class=\"attachment-large size-large wp-image-4096\" alt=\"\" srcset=\"https:\/\/www.fortischem.sk\/wp-content\/uploads\/2023\/07\/shutterstock_105746531-1024x641.jpg 1024w, https:\/\/www.fortischem.sk\/wp-content\/uploads\/2023\/07\/shutterstock_105746531-300x188.jpg 300w, https:\/\/www.fortischem.sk\/wp-content\/uploads\/2023\/07\/shutterstock_105746531-768x481.jpg 768w, https:\/\/www.fortischem.sk\/wp-content\/uploads\/2023\/07\/shutterstock_105746531-1536x962.jpg 1536w, https:\/\/www.fortischem.sk\/wp-content\/uploads\/2023\/07\/shutterstock_105746531-2048x1283.jpg 2048w\" sizes=\"(max-width: 800px) 100vw, 800px\" \/>\t\t\t\t\t\t\t\t\t\t\t\t\t\t\t<\/div>\n\t\t\t\t<\/div>\n\t\t\t\t<div class=\"elementor-element elementor-element-780de5cf elementor-widget elementor-widget-heading\" data-id=\"780de5cf\" data-element_type=\"widget\" data-widget_type=\"heading.default\">\n\t\t\t\t<div class=\"elementor-widget-container\">\n\t\t\t<h2 class=\"elementor-heading-title elementor-size-default\"><a href=\"https:\/\/www.fortischem.sk\/kariera\/studenti\/stipendium\/\">\u0160tipendium<\/a><\/h2>\t\t<\/div>\n\t\t\t\t<\/div>\n\t\t\t\t\t<\/div>\n\t\t\t\t<\/div>\n\t\t<div class=\"elementor-element elementor-element-15bc11f7 e-flex e-con-boxed e-con e-child\" data-id=\"15bc11f7\" data-element_type=\"container\" data-settings=\"{&quot;container_type&quot;:&quot;flex&quot;,&quot;content_width&quot;:&quot;boxed&quot;}\">\n\t\t\t\t\t<div class=\"e-con-inner\">\n\t\t\t\t<div class=\"elementor-element elementor-element-7c75affd elementor-widget elementor-widget-image\" data-id=\"7c75affd\" data-element_type=\"widget\" data-widget_type=\"image.default\">\n\t\t\t\t<div class=\"elementor-widget-container\">\n\t\t\t\t\t\t\t\t\t\t\t\t\t\t\t<img decoding=\"async\" width=\"7952\" height=\"5304\" src=\"https:\/\/www.fortischem.sk\/wp-content\/uploads\/2023\/06\/shutterstock_1081673810.jpg\" class=\"attachment-full size-full wp-image-2876\" alt=\"\" srcset=\"https:\/\/www.fortischem.sk\/wp-content\/uploads\/2023\/06\/shutterstock_1081673810.jpg 7952w, https:\/\/www.fortischem.sk\/wp-content\/uploads\/2023\/06\/shutterstock_1081673810-300x200.jpg 300w, https:\/\/www.fortischem.sk\/wp-content\/uploads\/2023\/06\/shutterstock_1081673810-1024x683.jpg 1024w, https:\/\/www.fortischem.sk\/wp-content\/uploads\/2023\/06\/shutterstock_1081673810-768x512.jpg 768w, https:\/\/www.fortischem.sk\/wp-content\/uploads\/2023\/06\/shutterstock_1081673810-1536x1025.jpg 1536w\" sizes=\"(max-width: 7952px) 100vw, 7952px\" \/>\t\t\t\t\t\t\t\t\t\t\t\t\t\t\t<\/div>\n\t\t\t\t<\/div>\n\t\t\t\t<div class=\"elementor-element elementor-element-1ebc5209 elementor-widget elementor-widget-heading\" data-id=\"1ebc5209\" data-element_type=\"widget\" data-widget_type=\"heading.default\">\n\t\t\t\t<div class=\"elementor-widget-container\">\n\t\t\t<h2 class=\"elementor-heading-title elementor-size-default\"><a href=\"https:\/\/www.fortischem.sk\/kariera\/studenti\/prax\/\">Prax a p\u00edsanie z\u00e1vere\u010dn\u00fdch pr\u00e1c<\/a><\/h2>\t\t<\/div>\n\t\t\t\t<\/div>\n\t\t\t\t\t<\/div>\n\t\t\t\t<\/div>\n\t\t<div class=\"elementor-element elementor-element-59f00c1b e-flex e-con-boxed e-con e-child\" data-id=\"59f00c1b\" data-element_type=\"container\" data-settings=\"{&quot;container_type&quot;:&quot;flex&quot;,&quot;content_width&quot;:&quot;boxed&quot;}\">\n\t\t\t\t\t<div class=\"e-con-inner\">\n\t\t\t\t<div class=\"elementor-element elementor-element-e0fff8f elementor-widget elementor-widget-image\" data-id=\"e0fff8f\" data-element_type=\"widget\" data-widget_type=\"image.default\">\n\t\t\t\t<div class=\"elementor-widget-container\">\n\t\t\t\t\t\t\t\t\t\t\t\t\t\t\t<img loading=\"lazy\" decoding=\"async\" width=\"800\" height=\"534\" src=\"https:\/\/www.fortischem.sk\/wp-content\/uploads\/2023\/07\/VHA6820-1024x683.jpg\" class=\"attachment-large size-large wp-image-4156\" alt=\"\" srcset=\"https:\/\/www.fortischem.sk\/wp-content\/uploads\/2023\/07\/VHA6820-1024x683.jpg 1024w, https:\/\/www.fortischem.sk\/wp-content\/uploads\/2023\/07\/VHA6820-300x200.jpg 300w, https:\/\/www.fortischem.sk\/wp-content\/uploads\/2023\/07\/VHA6820-768x512.jpg 768w, https:\/\/www.fortischem.sk\/wp-content\/uploads\/2023\/07\/VHA6820-1536x1025.jpg 1536w, https:\/\/www.fortischem.sk\/wp-content\/uploads\/2023\/07\/VHA6820.jpg 2048w\" sizes=\"(max-width: 800px) 100vw, 800px\" \/>\t\t\t\t\t\t\t\t\t\t\t\t\t\t\t<\/div>\n\t\t\t\t<\/div>\n\t\t\t\t<div class=\"elementor-element elementor-element-7a3c9b86 elementor-widget elementor-widget-heading\" data-id=\"7a3c9b86\" data-element_type=\"widget\" data-widget_type=\"heading.default\">\n\t\t\t\t<div class=\"elementor-widget-container\">\n\t\t\t<h2 class=\"elementor-heading-title elementor-size-default\">Exkurzie<\/h2>\t\t<\/div>\n\t\t\t\t<\/div>\n\t\t\t\t\t<\/div>\n\t\t\t\t<\/div>\n\t\t\t\t\t<\/div>\n\t\t\t\t<\/div>\n\t\t\t\t\t\t\t<\/div>\n\t\t","protected":false},"excerpt":{"rendered":"<p>\u00davodn\u00e9 Spolo\u010dnos\u0165 FORTISCHEM a. s. intenz\u00edvne spolupracuje so z\u00e1kladn\u00fdmi a\u00a0stredn\u00fdmi \u0161kolami v\u00a0regi\u00f3ne. \u0160tudenti m\u00f4\u017eu u\u00a0n\u00e1s nadobudn\u00fa\u0165\u00a0 praktick\u00e9 sk\u00fasenosti a\u00a0zru\u010dnosti. \u0160TIPENDIUM Pon\u00fakame \u0161tipendium pre \u0161tudentov posledn\u00e9ho ro\u010dn\u00edka in\u017einierskeho stup\u0148a \u0161t\u00fadia vybran\u00fdch \u0161tudijn\u00fdch odborov technick\u00fdch univerz\u00edt: chemick\u00e9 in\u017einierstvo chemick\u00e9 technol\u00f3gie riadenie technologick\u00fdch procesov v ch\u00e9mii Svoje \u017eiadosti posielajte mailom na adresu:\u00a0personalne@fortischem.sk PRAX za\u010diatok, z\u00e1ver a rozsah praxe [&hellip;]<\/p>\n","protected":false},"author":1,"featured_media":0,"parent":438,"menu_order":0,"comment_status":"closed","ping_status":"closed","template":"","meta":{"_seopress_robots_primary_cat":"","footnotes":""},"class_list":["post-2099","page","type-page","status-publish","hentry"],"acf":[],"_links":{"self":[{"href":"https:\/\/www.fortischem.sk\/sk\/wp-json\/wp\/v2\/pages\/2099","targetHints":{"allow":["GET"]}}],"collection":[{"href":"https:\/\/www.fortischem.sk\/sk\/wp-json\/wp\/v2\/pages"}],"about":[{"href":"https:\/\/www.fortischem.sk\/sk\/wp-json\/wp\/v2\/types\/page"}],"author":[{"embeddable":true,"href":"https:\/\/www.fortischem.sk\/sk\/wp-json\/wp\/v2\/users\/1"}],"replies":[{"embeddable":true,"href":"https:\/\/www.fortischem.sk\/sk\/wp-json\/wp\/v2\/comments?post=2099"}],"version-history":[{"count":8,"href":"https:\/\/www.fortischem.sk\/sk\/wp-json\/wp\/v2\/pages\/2099\/revisions"}],"predecessor-version":[{"id":5665,"href":"https:\/\/www.fortischem.sk\/sk\/wp-json\/wp\/v2\/pages\/2099\/revisions\/5665"}],"up":[{"embeddable":true,"href":"https:\/\/www.fortischem.sk\/sk\/wp-json\/wp\/v2\/pages\/438"}],"wp:attachment":[{"href":"https:\/\/www.fortischem.sk\/sk\/wp-json\/wp\/v2\/media?parent=2099"}],"curies":[{"name":"wp","href":"https:\/\/api.w.org\/{rel}","templated":true}]}}