{"id":2097,"date":"2023-05-24T10:18:22","date_gmt":"2023-05-24T08:18:22","guid":{"rendered":"http:\/\/www.fortischem.sk\/?page_id=2097"},"modified":"2025-01-13T15:17:23","modified_gmt":"2025-01-13T14:17:23","slug":"zodpovedna-starostlivost","status":"publish","type":"page","link":"https:\/\/www.fortischem.sk\/sk\/odpovedna-firma\/zodpovedna-starostlivost\/","title":{"rendered":"Zodpovedn\u00e1 starostlivos\u0165 \/ Responsible Care"},"content":{"rendered":"\t\t<div data-elementor-type=\"wp-page\" data-elementor-id=\"2097\" class=\"elementor elementor-2097\" data-elementor-post-type=\"page\">\n\t\t\t\t\t\t\t<div data-dce-background-image-url=\"https:\/\/www.fortischem.sk\/wp-content\/uploads\/2023\/06\/VHA6368.jpg\" class=\"elementor-element elementor-element-5006633d e-con-full e-flex e-con e-parent\" data-id=\"5006633d\" data-element_type=\"container\" data-settings=\"{&quot;content_width&quot;:&quot;full&quot;,&quot;background_background&quot;:&quot;classic&quot;,&quot;container_type&quot;:&quot;flex&quot;}\" data-e-bg-lazyload=\"\" data-core-v316-plus=\"true\">\n\t\t\t\t<\/div>\n\t\t<div class=\"elementor-element elementor-element-719e4ce4 e-flex e-con-boxed e-con e-parent\" data-id=\"719e4ce4\" data-element_type=\"container\" data-settings=\"{&quot;background_background&quot;:&quot;classic&quot;,&quot;container_type&quot;:&quot;flex&quot;,&quot;content_width&quot;:&quot;boxed&quot;}\" data-core-v316-plus=\"true\">\n\t\t\t\t\t<div class=\"e-con-inner\">\n\t\t<div class=\"elementor-element elementor-element-53d6a11c e-flex e-con-boxed e-con e-child\" data-id=\"53d6a11c\" data-element_type=\"container\" data-settings=\"{&quot;container_type&quot;:&quot;flex&quot;,&quot;content_width&quot;:&quot;boxed&quot;}\">\n\t\t\t\t\t<div class=\"e-con-inner\">\n\t\t\t\t<div class=\"elementor-element elementor-element-3bc7a675 elementor-widget elementor-widget-sp-breadcrumbs\" data-id=\"3bc7a675\" data-element_type=\"widget\" data-widget_type=\"sp-breadcrumbs.default\">\n\t\t\t\t<div class=\"elementor-widget-container\">\n\t\t\t<nav  aria-label=\"breadcrumb\"><ol class=\"breadcrumb\" itemscope itemtype=\"https:\/\/schema.org\/BreadcrumbList\"><li class=\"breadcrumb-item active\" aria-current=\"page\" itemprop=\"itemListElement\" itemscope itemtype=\"https:\/\/schema.org\/ListItem\"><span itemprop=\"name\">\u00davodn\u00e9<\/span><meta itemprop=\"position\" content=\"1\"><\/li><\/ol><\/nav>\t\t<\/div>\n\t\t\t\t<\/div>\n\t\t\t\t<div class=\"elementor-element elementor-element-6e5d1e5c elementor-widget elementor-widget-heading\" data-id=\"6e5d1e5c\" data-element_type=\"widget\" data-widget_type=\"heading.default\">\n\t\t\t\t<div class=\"elementor-widget-container\">\n\t\t\t<style>\/*! elementor - v3.18.0 - 08-12-2023 *\/\n.elementor-heading-title{padding:0;margin:0;line-height:1}.elementor-widget-heading .elementor-heading-title[class*=elementor-size-]>a{color:inherit;font-size:inherit;line-height:inherit}.elementor-widget-heading .elementor-heading-title.elementor-size-small{font-size:15px}.elementor-widget-heading .elementor-heading-title.elementor-size-medium{font-size:19px}.elementor-widget-heading .elementor-heading-title.elementor-size-large{font-size:29px}.elementor-widget-heading .elementor-heading-title.elementor-size-xl{font-size:39px}.elementor-widget-heading .elementor-heading-title.elementor-size-xxl{font-size:59px}<\/style><h1 class=\"elementor-heading-title elementor-size-default\">Zodpovedn\u00e1 starostlivos\u0165 \/ Responsible Care<\/h1>\t\t<\/div>\n\t\t\t\t<\/div>\n\t\t\t\t\t<\/div>\n\t\t\t\t<\/div>\n\t\t\t\t\t<\/div>\n\t\t\t\t<\/div>\n\t\t<div class=\"elementor-element elementor-element-348ef4b8 e-flex e-con-boxed e-con e-parent\" data-id=\"348ef4b8\" data-element_type=\"container\" data-settings=\"{&quot;background_background&quot;:&quot;classic&quot;,&quot;container_type&quot;:&quot;flex&quot;,&quot;content_width&quot;:&quot;boxed&quot;}\" data-core-v316-plus=\"true\">\n\t\t\t\t\t<div class=\"e-con-inner\">\n\t\t<div class=\"elementor-element elementor-element-4437cc54 e-flex e-con-boxed e-con e-child\" data-id=\"4437cc54\" data-element_type=\"container\" data-settings=\"{&quot;container_type&quot;:&quot;flex&quot;,&quot;content_width&quot;:&quot;boxed&quot;}\">\n\t\t\t\t\t<div class=\"e-con-inner\">\n\t\t\t\t<div class=\"elementor-element elementor-element-3d1d1eb1 elementor-widget elementor-widget-text-editor\" data-id=\"3d1d1eb1\" data-element_type=\"widget\" data-widget_type=\"text-editor.default\">\n\t\t\t\t<div class=\"elementor-widget-container\">\n\t\t\t<style>\/*! elementor - v3.18.0 - 08-12-2023 *\/\n.elementor-widget-text-editor.elementor-drop-cap-view-stacked .elementor-drop-cap{background-color:#69727d;color:#fff}.elementor-widget-text-editor.elementor-drop-cap-view-framed .elementor-drop-cap{color:#69727d;border:3px solid;background-color:transparent}.elementor-widget-text-editor:not(.elementor-drop-cap-view-default) .elementor-drop-cap{margin-top:8px}.elementor-widget-text-editor:not(.elementor-drop-cap-view-default) .elementor-drop-cap-letter{width:1em;height:1em}.elementor-widget-text-editor .elementor-drop-cap{float:left;text-align:center;line-height:1;font-size:50px}.elementor-widget-text-editor .elementor-drop-cap-letter{display:inline-block}<\/style>\t\t\t\t<p>Hlavn\u00fdm cie\u013eom programu Zodpovedn\u00e1 starostlivos\u0165 je trvalo udr\u017eate\u013en\u00fd rozvoj chemick\u00e9ho priemyslu s oh\u013eadom na bezpe\u010dnos\u0165, zdravie a \u017eivotn\u00e9 prostredie v s\u00falade s technick\u00fdmi a vedeck\u00fdmi poznatkami. Jeho snahou je tie\u017e vytvorenie z\u00e1kladne a podmienok pre vedenie dial\u00f3gu medzi vl\u00e1dou, verejnos\u0165ou a chemick\u00fdm priemyslom.<\/p><p>Program Zodpovedn\u00e1 starostlivos\u0165 je dobrovo\u013en\u00fd z\u00e1v\u00e4zok chemick\u00e9ho priemyslu a v s\u00fa\u010dasnosti sa zd\u00f4raz\u0148uje, \u017ee predstavuje etiku v podnikan\u00ed v chemickom priemysle.<\/p>\t\t\t\t\t\t<\/div>\n\t\t\t\t<\/div>\n\t\t\t\t\t<\/div>\n\t\t\t\t<\/div>\n\t\t<div class=\"elementor-element elementor-element-53187f82 e-flex e-con-boxed e-con e-child\" data-id=\"53187f82\" data-element_type=\"container\" data-settings=\"{&quot;container_type&quot;:&quot;flex&quot;,&quot;content_width&quot;:&quot;boxed&quot;}\">\n\t\t\t\t\t<div class=\"e-con-inner\">\n\t\t\t\t<div class=\"elementor-element elementor-element-5dbf4e7b elementor-widget elementor-widget-text-editor\" data-id=\"5dbf4e7b\" data-element_type=\"widget\" data-widget_type=\"text-editor.default\">\n\t\t\t\t<div class=\"elementor-widget-container\">\n\t\t\t\t\t\t\t<p>Responsible Care: je iniciat\u00edva chemick\u00e9ho priemyslu, ktorej cie\u013eom je neust\u00e1le zvy\u0161ova\u0165 starostlivos\u0165 o \u017eivotn\u00e9 prostredie, zdravie a bezpe\u010dnos\u0165 pri v\u00fdrobe a pou\u017e\u00edvan\u00ed chemick\u00fdch produktov. Program Responsible Care je celosvetov\u00fd z\u00e1v\u00e4zok, zameran\u00fd na zvy\u0161ovanie n\u00e1rokov kladen\u00fdch na bezpe\u010dnos\u0165, ochranu zdravia \u013eud\u00ed a \u017eivotn\u00e9ho prostredia.<\/p>\t\t\t\t\t\t<\/div>\n\t\t\t\t<\/div>\n\t\t\t\t<div class=\"elementor-element elementor-element-f311926 elementor-widget elementor-widget-button\" data-id=\"f311926\" data-element_type=\"widget\" data-widget_type=\"button.default\">\n\t\t\t\t<div class=\"elementor-widget-container\">\n\t\t\t\t\t<div class=\"elementor-button-wrapper\">\n\t\t\t<a class=\"elementor-button elementor-button-link elementor-size-sm\" href=\"https:\/\/www.fortischem.sk\/wp-content\/uploads\/2025\/01\/Certifikat-RC_SK.pdf\">\n\t\t\t\t\t\t<span class=\"elementor-button-content-wrapper\">\n\t\t\t\t\t\t<span class=\"elementor-button-text\">Certifik\u00e1t RC<\/span>\n\t\t<\/span>\n\t\t\t\t\t<\/a>\n\t\t<\/div>\n\t\t\t\t<\/div>\n\t\t\t\t<\/div>\n\t\t\t\t\t<\/div>\n\t\t\t\t<\/div>\n\t\t\t\t\t<\/div>\n\t\t\t\t<\/div>\n\t\t\t\t\t\t\t<\/div>\n\t\t","protected":false},"excerpt":{"rendered":"<p>\u00davodn\u00e9 Hlavn\u00fdm cie\u013eom programu Zodpovedn\u00e1 starostlivos\u0165 je trvalo udr\u017eate\u013en\u00fd rozvoj chemick\u00e9ho priemyslu s oh\u013eadom na bezpe\u010dnos\u0165, zdravie a \u017eivotn\u00e9 prostredie v s\u00falade s technick\u00fdmi a vedeck\u00fdmi poznatkami. Jeho snahou je tie\u017e vytvorenie z\u00e1kladne a podmienok pre vedenie dial\u00f3gu medzi vl\u00e1dou, verejnos\u0165ou a chemick\u00fdm priemyslom. Program Zodpovedn\u00e1 starostlivos\u0165 je dobrovo\u013en\u00fd z\u00e1v\u00e4zok chemick\u00e9ho priemyslu a v s\u00fa\u010dasnosti [&hellip;]<\/p>\n","protected":false},"author":1,"featured_media":0,"parent":404,"menu_order":0,"comment_status":"closed","ping_status":"closed","template":"","meta":{"_seopress_robots_primary_cat":"","footnotes":""},"class_list":["post-2097","page","type-page","status-publish","hentry"],"acf":[],"_links":{"self":[{"href":"https:\/\/www.fortischem.sk\/sk\/wp-json\/wp\/v2\/pages\/2097","targetHints":{"allow":["GET"]}}],"collection":[{"href":"https:\/\/www.fortischem.sk\/sk\/wp-json\/wp\/v2\/pages"}],"about":[{"href":"https:\/\/www.fortischem.sk\/sk\/wp-json\/wp\/v2\/types\/page"}],"author":[{"embeddable":true,"href":"https:\/\/www.fortischem.sk\/sk\/wp-json\/wp\/v2\/users\/1"}],"replies":[{"embeddable":true,"href":"https:\/\/www.fortischem.sk\/sk\/wp-json\/wp\/v2\/comments?post=2097"}],"version-history":[{"count":4,"href":"https:\/\/www.fortischem.sk\/sk\/wp-json\/wp\/v2\/pages\/2097\/revisions"}],"predecessor-version":[{"id":6152,"href":"https:\/\/www.fortischem.sk\/sk\/wp-json\/wp\/v2\/pages\/2097\/revisions\/6152"}],"up":[{"embeddable":true,"href":"https:\/\/www.fortischem.sk\/sk\/wp-json\/wp\/v2\/pages\/404"}],"wp:attachment":[{"href":"https:\/\/www.fortischem.sk\/sk\/wp-json\/wp\/v2\/media?parent=2097"}],"curies":[{"name":"wp","href":"https:\/\/api.w.org\/{rel}","templated":true}]}}