{"id":2095,"date":"2023-05-24T10:17:57","date_gmt":"2023-05-24T08:17:57","guid":{"rendered":"http:\/\/www.fortischem.sk\/?page_id=2095"},"modified":"2026-04-10T09:13:24","modified_gmt":"2026-04-10T07:13:24","slug":"povinne-informacie","status":"publish","type":"page","link":"https:\/\/www.fortischem.sk\/sk\/odpovedna-firma\/povinne-informacie\/","title":{"rendered":"Povinn\u00e9 inform\u00e1cie"},"content":{"rendered":"\t\t<div data-elementor-type=\"wp-page\" data-elementor-id=\"2095\" class=\"elementor elementor-2095\" data-elementor-post-type=\"page\">\n\t\t\t\t\t\t\t<div data-dce-background-image-url=\"https:\/\/www.fortischem.sk\/wp-content\/uploads\/2024\/04\/web-stranka-5-scaled.jpg\" class=\"elementor-element elementor-element-279de562 e-con-full e-flex e-con e-parent\" data-id=\"279de562\" data-element_type=\"container\" data-settings=\"{&quot;content_width&quot;:&quot;full&quot;,&quot;background_background&quot;:&quot;classic&quot;,&quot;container_type&quot;:&quot;flex&quot;}\" data-e-bg-lazyload=\"\" data-core-v316-plus=\"true\">\n\t\t\t\t<\/div>\n\t\t<div class=\"elementor-element elementor-element-5f83c7a0 e-flex e-con-boxed e-con e-parent\" data-id=\"5f83c7a0\" data-element_type=\"container\" data-settings=\"{&quot;background_background&quot;:&quot;classic&quot;,&quot;container_type&quot;:&quot;flex&quot;,&quot;content_width&quot;:&quot;boxed&quot;}\" data-core-v316-plus=\"true\">\n\t\t\t\t\t<div class=\"e-con-inner\">\n\t\t<div class=\"elementor-element elementor-element-3f802e26 e-flex e-con-boxed e-con e-child\" data-id=\"3f802e26\" data-element_type=\"container\" data-settings=\"{&quot;container_type&quot;:&quot;flex&quot;,&quot;content_width&quot;:&quot;boxed&quot;}\">\n\t\t\t\t\t<div class=\"e-con-inner\">\n\t\t\t\t<div class=\"elementor-element elementor-element-5962572c elementor-widget elementor-widget-sp-breadcrumbs\" data-id=\"5962572c\" data-element_type=\"widget\" data-widget_type=\"sp-breadcrumbs.default\">\n\t\t\t\t<div class=\"elementor-widget-container\">\n\t\t\t<nav  aria-label=\"breadcrumb\"><ol class=\"breadcrumb\" itemscope itemtype=\"https:\/\/schema.org\/BreadcrumbList\"><li class=\"breadcrumb-item active\" aria-current=\"page\" itemprop=\"itemListElement\" itemscope itemtype=\"https:\/\/schema.org\/ListItem\"><span itemprop=\"name\">\u00davodn\u00e9<\/span><meta itemprop=\"position\" content=\"1\"><\/li><\/ol><\/nav>\t\t<\/div>\n\t\t\t\t<\/div>\n\t\t\t\t<div class=\"elementor-element elementor-element-43a3d77a elementor-widget elementor-widget-heading\" data-id=\"43a3d77a\" data-element_type=\"widget\" data-widget_type=\"heading.default\">\n\t\t\t\t<div class=\"elementor-widget-container\">\n\t\t\t<style>\/*! elementor - v3.18.0 - 08-12-2023 *\/\n.elementor-heading-title{padding:0;margin:0;line-height:1}.elementor-widget-heading .elementor-heading-title[class*=elementor-size-]>a{color:inherit;font-size:inherit;line-height:inherit}.elementor-widget-heading .elementor-heading-title.elementor-size-small{font-size:15px}.elementor-widget-heading .elementor-heading-title.elementor-size-medium{font-size:19px}.elementor-widget-heading .elementor-heading-title.elementor-size-large{font-size:29px}.elementor-widget-heading .elementor-heading-title.elementor-size-xl{font-size:39px}.elementor-widget-heading .elementor-heading-title.elementor-size-xxl{font-size:59px}<\/style><h1 class=\"elementor-heading-title elementor-size-default\">Povinn\u00e9 inform\u00e1cie<\/h1>\t\t<\/div>\n\t\t\t\t<\/div>\n\t\t\t\t\t<\/div>\n\t\t\t\t<\/div>\n\t\t\t\t\t<\/div>\n\t\t\t\t<\/div>\n\t\t<div class=\"elementor-element elementor-element-736ec74c e-flex e-con-boxed e-con e-parent\" data-id=\"736ec74c\" data-element_type=\"container\" data-settings=\"{&quot;background_background&quot;:&quot;gradient&quot;,&quot;container_type&quot;:&quot;flex&quot;,&quot;content_width&quot;:&quot;boxed&quot;}\" data-core-v316-plus=\"true\">\n\t\t\t\t\t<div class=\"e-con-inner\">\n\t\t<div class=\"elementor-element elementor-element-5fc2d252 e-flex e-con-boxed e-con e-child\" data-id=\"5fc2d252\" data-element_type=\"container\" data-settings=\"{&quot;container_type&quot;:&quot;flex&quot;,&quot;content_width&quot;:&quot;boxed&quot;}\">\n\t\t\t\t\t<div class=\"e-con-inner\">\n\t\t\t\t<div class=\"elementor-element elementor-element-7aec9d48 elementor-widget elementor-widget-text-editor\" data-id=\"7aec9d48\" data-element_type=\"widget\" data-widget_type=\"text-editor.default\">\n\t\t\t\t<div class=\"elementor-widget-container\">\n\t\t\t<style>\/*! elementor - v3.18.0 - 08-12-2023 *\/\n.elementor-widget-text-editor.elementor-drop-cap-view-stacked .elementor-drop-cap{background-color:#69727d;color:#fff}.elementor-widget-text-editor.elementor-drop-cap-view-framed .elementor-drop-cap{color:#69727d;border:3px solid;background-color:transparent}.elementor-widget-text-editor:not(.elementor-drop-cap-view-default) .elementor-drop-cap{margin-top:8px}.elementor-widget-text-editor:not(.elementor-drop-cap-view-default) .elementor-drop-cap-letter{width:1em;height:1em}.elementor-widget-text-editor .elementor-drop-cap{float:left;text-align:center;line-height:1;font-size:50px}.elementor-widget-text-editor .elementor-drop-cap-letter{display:inline-block}<\/style>\t\t\t\t<p>Vyhodnotenie \u0161tandardov kvality<\/p><ul><li><a href=\"\/wp-content\/uploads\/2023\/05\/vyhodnotenie_2018.pdf\" target=\"_blank\" rel=\"noopener\">Odv\u00e1dzanie odpadovej vody 2018<\/a><\/li><li><a href=\"\/wp-content\/uploads\/2023\/05\/vyhodnotenie_2019.pdf\" target=\"_blank\" rel=\"noopener\">Odv\u00e1dzanie odpadovej vody 2019<\/a><\/li><li><a href=\"https:\/\/www.fortischem.sk\/sites\/fortischem.sk\/files\/odvadzanie_odpadovej_vody_2020.pdf\" target=\"_blank\" rel=\"noopener\">Odv\u00e1dzanie odpadovej vody 2020<\/a><\/li><li><a href=\"\/wp-content\/uploads\/2023\/05\/standardy_kvality_21.pdf\" target=\"_blank\" rel=\"noopener\">Odv\u00e1dzanie odpadovej vody 2021<\/a><\/li><li><a href=\"\/wp-content\/uploads\/2023\/05\/standardy_kvality_22.pdf\" target=\"_blank\" rel=\"noopener\">Odv\u00e1dzanie odpadovej vody 2022<\/a><\/li><li><a href=\"https:\/\/www.fortischem.sk\/wp-content\/uploads\/2024\/03\/Odvadzanie-odpadovej-vody_2023.pdf\" target=\"_blank\" rel=\"noopener\">Odv\u00e1dzanie odpadovej vody 2023<\/a><\/li><li><a href=\"https:\/\/www.fortischem.sk\/wp-content\/uploads\/2026\/04\/Odvadzanie-odpadovej-vody_2024.pdf\">Odv\u00e1dzanie odpadovej vody 2024<\/a><\/li><li><a href=\"https:\/\/www.fortischem.sk\/wp-content\/uploads\/2026\/04\/Odvadzanie-odpadovej-vody_2025.pdf\">Odv\u00e1dzanie odpadovej vody 2025<\/a><\/li><\/ul><p>Aktu\u00e1lna cena za \u010distenie odpadovej vody priv\u00e1dzanej VK do \u010distiarne OV stanovenej \u00faradom pre regul\u00e1ciu sie\u0165ov\u00fdch odvetv\u00ed<\/p><ul><li><a href=\"\/wp-content\/uploads\/2023\/05\/rozhodnutie_0041_2023_v.pdf\" target=\"_blank\" rel=\"noopener\">Rozhodnutie 2023<\/a><\/li><\/ul>\t\t\t\t\t\t<\/div>\n\t\t\t\t<\/div>\n\t\t\t\t\t<\/div>\n\t\t\t\t<\/div>\n\t\t<div class=\"elementor-element elementor-element-1db8c64f e-flex e-con-boxed e-con e-child\" data-id=\"1db8c64f\" data-element_type=\"container\" data-settings=\"{&quot;container_type&quot;:&quot;flex&quot;,&quot;content_width&quot;:&quot;boxed&quot;}\">\n\t\t\t\t\t<div class=\"e-con-inner\">\n\t\t\t\t<div class=\"elementor-element elementor-element-58cbbbae elementor-widget elementor-widget-image\" data-id=\"58cbbbae\" data-element_type=\"widget\" id=\"add-mask-left\" data-widget_type=\"image.default\">\n\t\t\t\t<div class=\"elementor-widget-container\">\n\t\t\t<style>\/*! elementor - v3.18.0 - 08-12-2023 *\/\n.elementor-widget-image{text-align:center}.elementor-widget-image a{display:inline-block}.elementor-widget-image a img[src$=\".svg\"]{width:48px}.elementor-widget-image img{vertical-align:middle;display:inline-block}<\/style>\t\t\t\t\t\t\t\t\t\t\t\t<img fetchpriority=\"high\" decoding=\"async\" width=\"800\" height=\"533\" src=\"https:\/\/www.fortischem.sk\/wp-content\/uploads\/2024\/04\/Web-stranka-6-1024x682.jpg\" class=\"attachment-large size-large wp-image-5553\" alt=\"\" srcset=\"https:\/\/www.fortischem.sk\/wp-content\/uploads\/2024\/04\/Web-stranka-6-1024x682.jpg 1024w, https:\/\/www.fortischem.sk\/wp-content\/uploads\/2024\/04\/Web-stranka-6-300x200.jpg 300w, https:\/\/www.fortischem.sk\/wp-content\/uploads\/2024\/04\/Web-stranka-6-768x512.jpg 768w, https:\/\/www.fortischem.sk\/wp-content\/uploads\/2024\/04\/Web-stranka-6-1536x1024.jpg 1536w, https:\/\/www.fortischem.sk\/wp-content\/uploads\/2024\/04\/Web-stranka-6.jpg 1772w\" sizes=\"(max-width: 800px) 100vw, 800px\" \/>\t\t\t\t\t\t\t\t\t\t\t\t\t\t\t<\/div>\n\t\t\t\t<\/div>\n\t\t\t\t\t<\/div>\n\t\t\t\t<\/div>\n\t\t\t\t\t<\/div>\n\t\t\t\t<\/div>\n\t\t\t\t\t\t\t<\/div>\n\t\t","protected":false},"excerpt":{"rendered":"<p>\u00davodn\u00e9 Vyhodnotenie \u0161tandardov kvality Odv\u00e1dzanie odpadovej vody 2018 Odv\u00e1dzanie odpadovej vody 2019 Odv\u00e1dzanie odpadovej vody 2020 Odv\u00e1dzanie odpadovej vody 2021 Odv\u00e1dzanie odpadovej vody 2022 Odv\u00e1dzanie odpadovej vody 2023 Odv\u00e1dzanie odpadovej vody 2024 Odv\u00e1dzanie odpadovej vody 2025 Aktu\u00e1lna cena za \u010distenie odpadovej vody priv\u00e1dzanej VK do \u010distiarne OV stanovenej \u00faradom pre regul\u00e1ciu sie\u0165ov\u00fdch odvetv\u00ed Rozhodnutie 2023<\/p>\n","protected":false},"author":1,"featured_media":0,"parent":404,"menu_order":0,"comment_status":"closed","ping_status":"closed","template":"","meta":{"_seopress_robots_primary_cat":"","footnotes":""},"class_list":["post-2095","page","type-page","status-publish","hentry"],"acf":[],"_links":{"self":[{"href":"https:\/\/www.fortischem.sk\/sk\/wp-json\/wp\/v2\/pages\/2095","targetHints":{"allow":["GET"]}}],"collection":[{"href":"https:\/\/www.fortischem.sk\/sk\/wp-json\/wp\/v2\/pages"}],"about":[{"href":"https:\/\/www.fortischem.sk\/sk\/wp-json\/wp\/v2\/types\/page"}],"author":[{"embeddable":true,"href":"https:\/\/www.fortischem.sk\/sk\/wp-json\/wp\/v2\/users\/1"}],"replies":[{"embeddable":true,"href":"https:\/\/www.fortischem.sk\/sk\/wp-json\/wp\/v2\/comments?post=2095"}],"version-history":[{"count":15,"href":"https:\/\/www.fortischem.sk\/sk\/wp-json\/wp\/v2\/pages\/2095\/revisions"}],"predecessor-version":[{"id":6426,"href":"https:\/\/www.fortischem.sk\/sk\/wp-json\/wp\/v2\/pages\/2095\/revisions\/6426"}],"up":[{"embeddable":true,"href":"https:\/\/www.fortischem.sk\/sk\/wp-json\/wp\/v2\/pages\/404"}],"wp:attachment":[{"href":"https:\/\/www.fortischem.sk\/sk\/wp-json\/wp\/v2\/media?parent=2095"}],"curies":[{"name":"wp","href":"https:\/\/api.w.org\/{rel}","templated":true}]}}