{"id":2093,"date":"2023-05-24T10:17:34","date_gmt":"2023-05-24T08:17:34","guid":{"rendered":"http:\/\/www.fortischem.sk\/?page_id=2093"},"modified":"2023-12-27T11:47:23","modified_gmt":"2023-12-27T10:47:23","slug":"prevencia-zph","status":"publish","type":"page","link":"https:\/\/www.fortischem.sk\/sk\/odpovedna-firma\/prevencia-zph\/","title":{"rendered":"Prevencia ZPH"},"content":{"rendered":"\t\t<div data-elementor-type=\"wp-page\" data-elementor-id=\"2093\" class=\"elementor elementor-2093\" data-elementor-post-type=\"page\">\n\t\t\t\t\t\t\t<div data-dce-background-image-url=\"https:\/\/www.fortischem.sk\/wp-content\/uploads\/2023\/06\/shutterstock_587002916-2-scaled.jpg\" class=\"elementor-element elementor-element-1b5010aa e-con-full e-flex e-con e-parent\" data-id=\"1b5010aa\" data-element_type=\"container\" data-settings=\"{&quot;content_width&quot;:&quot;full&quot;,&quot;background_background&quot;:&quot;classic&quot;,&quot;container_type&quot;:&quot;flex&quot;}\" data-e-bg-lazyload=\"\" data-core-v316-plus=\"true\">\n\t\t\t\t<\/div>\n\t\t<div class=\"elementor-element elementor-element-3f8fe64a e-flex e-con-boxed e-con e-parent\" data-id=\"3f8fe64a\" data-element_type=\"container\" data-settings=\"{&quot;background_background&quot;:&quot;classic&quot;,&quot;container_type&quot;:&quot;flex&quot;,&quot;content_width&quot;:&quot;boxed&quot;}\" data-core-v316-plus=\"true\">\n\t\t\t\t\t<div class=\"e-con-inner\">\n\t\t<div class=\"elementor-element elementor-element-9a26120 e-flex e-con-boxed e-con e-child\" data-id=\"9a26120\" data-element_type=\"container\" data-settings=\"{&quot;container_type&quot;:&quot;flex&quot;,&quot;content_width&quot;:&quot;boxed&quot;}\">\n\t\t\t\t\t<div class=\"e-con-inner\">\n\t\t\t\t<div class=\"elementor-element elementor-element-41a43d57 elementor-widget elementor-widget-sp-breadcrumbs\" data-id=\"41a43d57\" data-element_type=\"widget\" data-widget_type=\"sp-breadcrumbs.default\">\n\t\t\t\t<div class=\"elementor-widget-container\">\n\t\t\t<nav  aria-label=\"breadcrumb\"><ol class=\"breadcrumb\" itemscope itemtype=\"https:\/\/schema.org\/BreadcrumbList\"><li class=\"breadcrumb-item active\" aria-current=\"page\" itemprop=\"itemListElement\" itemscope itemtype=\"https:\/\/schema.org\/ListItem\"><span itemprop=\"name\">\u00davodn\u00e9<\/span><meta itemprop=\"position\" content=\"1\"><\/li><\/ol><\/nav>\t\t<\/div>\n\t\t\t\t<\/div>\n\t\t\t\t<div class=\"elementor-element elementor-element-5ebbae33 elementor-widget elementor-widget-heading\" data-id=\"5ebbae33\" data-element_type=\"widget\" data-widget_type=\"heading.default\">\n\t\t\t\t<div class=\"elementor-widget-container\">\n\t\t\t<style>\/*! elementor - v3.18.0 - 08-12-2023 *\/\n.elementor-heading-title{padding:0;margin:0;line-height:1}.elementor-widget-heading .elementor-heading-title[class*=elementor-size-]>a{color:inherit;font-size:inherit;line-height:inherit}.elementor-widget-heading .elementor-heading-title.elementor-size-small{font-size:15px}.elementor-widget-heading .elementor-heading-title.elementor-size-medium{font-size:19px}.elementor-widget-heading .elementor-heading-title.elementor-size-large{font-size:29px}.elementor-widget-heading .elementor-heading-title.elementor-size-xl{font-size:39px}.elementor-widget-heading .elementor-heading-title.elementor-size-xxl{font-size:59px}<\/style><h1 class=\"elementor-heading-title elementor-size-default\">Prevencia ZPH<\/h1>\t\t<\/div>\n\t\t\t\t<\/div>\n\t\t\t\t\t<\/div>\n\t\t\t\t<\/div>\n\t\t\t\t\t<\/div>\n\t\t\t\t<\/div>\n\t\t<div class=\"elementor-element elementor-element-284f3e53 e-flex e-con-boxed e-con e-parent\" data-id=\"284f3e53\" data-element_type=\"container\" data-settings=\"{&quot;background_background&quot;:&quot;gradient&quot;,&quot;container_type&quot;:&quot;flex&quot;,&quot;content_width&quot;:&quot;boxed&quot;}\" data-core-v316-plus=\"true\">\n\t\t\t\t\t<div class=\"e-con-inner\">\n\t\t<div class=\"elementor-element elementor-element-a43d976 e-flex e-con-boxed e-con e-child\" data-id=\"a43d976\" data-element_type=\"container\" data-settings=\"{&quot;container_type&quot;:&quot;flex&quot;,&quot;content_width&quot;:&quot;boxed&quot;}\">\n\t\t\t\t\t<div class=\"e-con-inner\">\n\t\t\t\t<div class=\"elementor-element elementor-element-46d8f0ff elementor-widget elementor-widget-text-editor\" data-id=\"46d8f0ff\" data-element_type=\"widget\" data-widget_type=\"text-editor.default\">\n\t\t\t\t<div class=\"elementor-widget-container\">\n\t\t\t<style>\/*! elementor - v3.18.0 - 08-12-2023 *\/\n.elementor-widget-text-editor.elementor-drop-cap-view-stacked .elementor-drop-cap{background-color:#69727d;color:#fff}.elementor-widget-text-editor.elementor-drop-cap-view-framed .elementor-drop-cap{color:#69727d;border:3px solid;background-color:transparent}.elementor-widget-text-editor:not(.elementor-drop-cap-view-default) .elementor-drop-cap{margin-top:8px}.elementor-widget-text-editor:not(.elementor-drop-cap-view-default) .elementor-drop-cap-letter{width:1em;height:1em}.elementor-widget-text-editor .elementor-drop-cap{float:left;text-align:center;line-height:1;font-size:50px}.elementor-widget-text-editor .elementor-drop-cap-letter{display:inline-block}<\/style>\t\t\t\t<p>Spolo\u010dnos\u0165 FORTISCHEM a. s. si uvedomuje, \u017ee svojimi aktivitami vpl\u00fdva na\u00a0 okolie are\u00e1lu. Rob\u00edme v\u0161ak v\u0161etko preto, aby sme tieto negat\u00edvne vplyvy zni\u017eovali.\u00a0 Db\u00e1me na\u00a0 bezpe\u010dnos\u0165 a\u00a0ochranu zdravia pri pr\u00e1ci, ochranu \u017eivotn\u00e9ho prostredia a havarijn\u00fa prevenciu. Pre zaistenie bezpe\u010dnosti zamestnancov a verejnosti v okol\u00ed spolo\u010dnosti sme prijali \u201eProgram prevencie z\u00e1va\u017en\u00fdch priemyseln\u00fdch hav\u00e1ri\u00ed FORTISCHEM a. s.\u201c.<br \/>Pre zabezpe\u010denie plnenia t\u00fdchto z\u00e1merov vrcholov\u00e9 vedenie FORTISCHEM a. s.\u00a0prijalo:<\/p>\t\t\t\t\t\t<\/div>\n\t\t\t\t<\/div>\n\t\t\t\t<div class=\"elementor-element elementor-element-1f3e0f46 elementor-widget elementor-widget-button\" data-id=\"1f3e0f46\" data-element_type=\"widget\" data-widget_type=\"button.default\">\n\t\t\t\t<div class=\"elementor-widget-container\">\n\t\t\t\t\t<div class=\"elementor-button-wrapper\">\n\t\t\t<a class=\"elementor-button elementor-button-link elementor-size-sm\" href=\"\/wp-content\/uploads\/2023\/05\/2023_dotknuta_verejnost.pdf\">\n\t\t\t\t\t\t<span class=\"elementor-button-content-wrapper\">\n\t\t\t\t\t\t<span class=\"elementor-button-text\">Inform\u00e1cia pre dotknut\u00fa verejnos\u0165<\/span>\n\t\t<\/span>\n\t\t\t\t\t<\/a>\n\t\t<\/div>\n\t\t\t\t<\/div>\n\t\t\t\t<\/div>\n\t\t\t\t\t<\/div>\n\t\t\t\t<\/div>\n\t\t<div class=\"elementor-element elementor-element-26a4db77 e-flex e-con-boxed e-con e-child\" data-id=\"26a4db77\" data-element_type=\"container\" data-settings=\"{&quot;container_type&quot;:&quot;flex&quot;,&quot;content_width&quot;:&quot;boxed&quot;}\">\n\t\t\t\t\t<div class=\"e-con-inner\">\n\t\t\t\t<div class=\"elementor-element elementor-element-43742f65 elementor-widget elementor-widget-image\" data-id=\"43742f65\" data-element_type=\"widget\" id=\"add-mask-left\" data-widget_type=\"image.default\">\n\t\t\t\t<div class=\"elementor-widget-container\">\n\t\t\t<style>\/*! elementor - v3.18.0 - 08-12-2023 *\/\n.elementor-widget-image{text-align:center}.elementor-widget-image a{display:inline-block}.elementor-widget-image a img[src$=\".svg\"]{width:48px}.elementor-widget-image img{vertical-align:middle;display:inline-block}<\/style>\t\t\t\t\t\t\t\t\t\t\t\t<img fetchpriority=\"high\" decoding=\"async\" width=\"800\" height=\"534\" src=\"https:\/\/www.fortischem.sk\/wp-content\/uploads\/2023\/06\/VHA7477-1024x683.jpg\" class=\"attachment-large size-large wp-image-2821\" alt=\"\" srcset=\"https:\/\/www.fortischem.sk\/wp-content\/uploads\/2023\/06\/VHA7477-1024x683.jpg 1024w, https:\/\/www.fortischem.sk\/wp-content\/uploads\/2023\/06\/VHA7477-300x200.jpg 300w, https:\/\/www.fortischem.sk\/wp-content\/uploads\/2023\/06\/VHA7477-768x512.jpg 768w, https:\/\/www.fortischem.sk\/wp-content\/uploads\/2023\/06\/VHA7477-1536x1025.jpg 1536w, https:\/\/www.fortischem.sk\/wp-content\/uploads\/2023\/06\/VHA7477.jpg 2048w\" sizes=\"(max-width: 800px) 100vw, 800px\" \/>\t\t\t\t\t\t\t\t\t\t\t\t\t\t\t<\/div>\n\t\t\t\t<\/div>\n\t\t\t\t\t<\/div>\n\t\t\t\t<\/div>\n\t\t\t\t\t<\/div>\n\t\t\t\t<\/div>\n\t\t<div class=\"elementor-element elementor-element-1f347732 e-flex e-con-boxed e-con e-parent\" data-id=\"1f347732\" data-element_type=\"container\" data-settings=\"{&quot;background_background&quot;:&quot;classic&quot;,&quot;container_type&quot;:&quot;flex&quot;,&quot;content_width&quot;:&quot;boxed&quot;}\" data-core-v316-plus=\"true\">\n\t\t\t\t\t<div class=\"e-con-inner\">\n\t\t<div class=\"elementor-element elementor-element-23f2f0e3 e-flex e-con-boxed e-con e-child\" data-id=\"23f2f0e3\" data-element_type=\"container\" data-settings=\"{&quot;container_type&quot;:&quot;flex&quot;,&quot;content_width&quot;:&quot;boxed&quot;}\">\n\t\t\t\t\t<div class=\"e-con-inner\">\n\t\t\t\t<div class=\"elementor-element elementor-element-c4e12f9 elementor-widget elementor-widget-image\" data-id=\"c4e12f9\" data-element_type=\"widget\" data-widget_type=\"image.default\">\n\t\t\t\t<div class=\"elementor-widget-container\">\n\t\t\t\t\t\t\t\t\t\t\t\t\t\t\t<img decoding=\"async\" width=\"800\" height=\"370\" src=\"https:\/\/www.fortischem.sk\/wp-content\/uploads\/2023\/05\/varovanie.png\" class=\"attachment-large size-large wp-image-2142\" alt=\"\" srcset=\"https:\/\/www.fortischem.sk\/wp-content\/uploads\/2023\/05\/varovanie.png 803w, https:\/\/www.fortischem.sk\/wp-content\/uploads\/2023\/05\/varovanie-300x139.png 300w, https:\/\/www.fortischem.sk\/wp-content\/uploads\/2023\/05\/varovanie-768x355.png 768w\" sizes=\"(max-width: 800px) 100vw, 800px\" \/>\t\t\t\t\t\t\t\t\t\t\t\t\t\t\t<\/div>\n\t\t\t\t<\/div>\n\t\t\t\t<div class=\"elementor-element elementor-element-36ea528a elementor-widget elementor-widget-text-editor\" data-id=\"36ea528a\" data-element_type=\"widget\" data-widget_type=\"text-editor.default\">\n\t\t\t\t<div class=\"elementor-widget-container\">\n\t\t\t\t\t\t\t<p>Presk\u00fa\u0161anie prev\u00e1dzkyschopnosti syst\u00e9mov varovania 2 min\u00fatov\u00fdm st\u00e1lym t\u00f3nom sir\u00e9n sa uskuto\u010d\u0148uje v zmysle spresnenia Ministerstva vn\u00fatra SR. O pravidelnom presk\u00fa\u0161an\u00ed funk\u010dnosti sir\u00e9n a o \u010fal\u0161\u00edch sk\u00fa\u0161kach mimo tento term\u00edn informuj\u00fa rozhlas, telev\u00edziu a tla\u010d!<\/p>\t\t\t\t\t\t<\/div>\n\t\t\t\t<\/div>\n\t\t\t\t\t<\/div>\n\t\t\t\t<\/div>\n\t\t<div class=\"elementor-element elementor-element-7697c00e e-flex e-con-boxed e-con e-child\" data-id=\"7697c00e\" data-element_type=\"container\" data-settings=\"{&quot;container_type&quot;:&quot;flex&quot;,&quot;content_width&quot;:&quot;boxed&quot;}\">\n\t\t\t\t\t<div class=\"e-con-inner\">\n\t\t\t\t<div class=\"elementor-element elementor-element-a350cf5 elementor-widget elementor-widget-heading\" data-id=\"a350cf5\" data-element_type=\"widget\" data-widget_type=\"heading.default\">\n\t\t\t\t<div class=\"elementor-widget-container\">\n\t\t\t<h3 class=\"elementor-heading-title elementor-size-default\">Varovanie obyvate\u013estva<\/h3>\t\t<\/div>\n\t\t\t\t<\/div>\n\t\t\t\t<div class=\"elementor-element elementor-element-4b44ed88 elementor-widget elementor-widget-text-editor\" data-id=\"4b44ed88\" data-element_type=\"widget\" data-widget_type=\"text-editor.default\">\n\t\t\t\t<div class=\"elementor-widget-container\">\n\t\t\t\t\t\t\t<p>Varovanie obyvate\u013estva a vyrozumenie os\u00f4b na ohrozenom \u00fazem\u00ed po vzniku mimoriadnej udalosti alebo pred bezprostrednou mo\u017enos\u0165ou jej vzniku sa vykon\u00e1va prik\u00e1zan\u00fdmi sign\u00e1lmi.<\/p><p>Po zaznen\u00ed v\u00fdstra\u017en\u00e9ho sign\u00e1lu bud\u00fa nasledova\u0165 inform\u00e1cie o konkr\u00e9tnom druhu mimoriadnej udalosti a odpor\u00fa\u010danom spr\u00e1van\u00ed obyvate\u013estva. Vtedy je potrebn\u00e9 po\u010d\u00fava\u0165 tie\u017e hl\u00e1senia obecn\u00e9ho rozhlasu, \u010di in\u00fdch dostupn\u00fdch komunika\u010dn\u00fdch prostriedkov. Pre sebaochranu je potrebn\u00e9 dodr\u017ea\u0165 nasledovn\u00e9 v\u0161eobecne platn\u00e9 z\u00e1sady:<\/p><ul><li>zachova\u0165 pokoj, kona\u0165 s rozvahou, nepodlieha\u0165 panike<\/li><li>riadi\u0165 sa pokynmi pracovn\u00edkov z\u00e1chrann\u00fdch zlo\u017eiek, org\u00e1nov samospr\u00e1vy a \u0161t\u00e1tnej spr\u00e1vy<\/li><li>varova\u0165 ostatn\u00e9 ohrozen\u00e9 osoby<\/li><li>okam\u017eite opusti\u0165 ohrozen\u00fd priestor, ak je to mo\u017en\u00e9<\/li><li>pred odchodom z objektu ukon\u010di\u0165 \u010dinnos\u0165 s\u00a0otvoren\u00fdm oh\u0148om, vypn\u00fa\u0165 elektrick\u00e9 a plynov\u00e9 spotrebi\u010de<\/li><li>chr\u00e1ni\u0165 sa pod\u013ea jednotliv\u00fdch typov hav\u00e1rie a\u00a0pod\u013ea svojich mo\u017enost\u00ed a schopnost\u00ed chr\u00e1ni\u0165 i \u010fal\u0161ie osoby<\/li><\/ul>\t\t\t\t\t\t<\/div>\n\t\t\t\t<\/div>\n\t\t\t\t\t<\/div>\n\t\t\t\t<\/div>\n\t\t\t\t\t<\/div>\n\t\t\t\t<\/div>\n\t\t<div class=\"elementor-element elementor-element-1271d0f5 e-flex e-con-boxed e-con e-parent\" data-id=\"1271d0f5\" data-element_type=\"container\" data-settings=\"{&quot;background_background&quot;:&quot;classic&quot;,&quot;container_type&quot;:&quot;flex&quot;,&quot;content_width&quot;:&quot;boxed&quot;}\" data-core-v316-plus=\"true\">\n\t\t\t\t\t<div class=\"e-con-inner\">\n\t\t<div class=\"elementor-element elementor-element-44497f6f e-flex e-con-boxed e-con e-child\" data-id=\"44497f6f\" data-element_type=\"container\" data-settings=\"{&quot;container_type&quot;:&quot;flex&quot;,&quot;content_width&quot;:&quot;boxed&quot;}\">\n\t\t\t\t\t<div class=\"e-con-inner\">\n\t\t\t\t<div class=\"elementor-element elementor-element-a537ca3 elementor-widget elementor-widget-heading\" data-id=\"a537ca3\" data-element_type=\"widget\" data-widget_type=\"heading.default\">\n\t\t\t\t<div class=\"elementor-widget-container\">\n\t\t\t<h3 class=\"elementor-heading-title elementor-size-default\">\u010co robi\u0165 v pr\u00edpade hav\u00e1rie<\/h3>\t\t<\/div>\n\t\t\t\t<\/div>\n\t\t\t\t<div class=\"elementor-element elementor-element-317e94b0 elementor-widget elementor-widget-text-editor\" data-id=\"317e94b0\" data-element_type=\"widget\" data-widget_type=\"text-editor.default\">\n\t\t\t\t<div class=\"elementor-widget-container\">\n\t\t\t\t\t\t\t<p><strong>Po\u017eiar<\/strong><\/p><ul><li>ur\u00fdchlene opusti\u0165 ohnisko po\u017eiaru a nezdr\u017eova\u0165 sa v ohrozenom priestore<\/li><li>vyh\u013eada\u0165 \u00fakryt v budov\u00e1ch, uzatvori\u0165 okn\u00e1 a dvere, vypn\u00fa\u0165 ventil\u00e1ciu<\/li><li>\u010daka\u0165 na \u010fal\u0161ie pokyny kompetentn\u00fdch org\u00e1nov<\/li><\/ul><p><strong>V\u00fdbuch<\/strong><\/p><ul><li>nezdr\u017eova\u0165 sa v bezprostrednej bl\u00edzkosti miesta vzniku hav\u00e1rie a vzdiali\u0165 sa do bezpe\u010dnej vzdialenosti<\/li><li>vyh\u013eada\u0165 \u00fakryt v budov\u00e1ch, uzatvori\u0165 okn\u00e1 a dvere, vypn\u00fa\u0165 ventil\u00e1ciu<\/li><li>\u010daka\u0165 na \u010fal\u0161ie pokyny kompetentn\u00fdch org\u00e1nov<\/li><\/ul>\t\t\t\t\t\t<\/div>\n\t\t\t\t<\/div>\n\t\t\t\t<div class=\"elementor-element elementor-element-4eea7fb elementor-widget elementor-widget-text-editor\" data-id=\"4eea7fb\" data-element_type=\"widget\" data-widget_type=\"text-editor.default\">\n\t\t\t\t<div class=\"elementor-widget-container\">\n\t\t\t\t\t\t\t<p><strong>\u00danik nebezpe\u010dnej l\u00e1tky<\/strong><\/p><p>I.)\u00a0 PRI POBYTE V BUDOVE<\/p><ul><li>zosta\u0148te v budove a zotrvajte v miestnosti odvr\u00e1tenej od smeru vetra a s \u010do najmen\u0161\u00edm po\u010dtom okien, pr\u00edpadne sa ukryte v \u00fakryte (ak je dostupn\u00fd)<\/li><li>vytvorte izolovan\u00fd uzavret\u00fd priestor \u2013 uzavrite a utesnite okn\u00e1, dvere, ventila\u010dn\u00e9 otvory, odstavte klimatiz\u00e1ciu (netesnosti prelepte p\u00e1skou, v\u00e4\u010d\u0161ie netesnosti utesnite tkaninami namo\u010den\u00fdmi vo vode so sapon\u00e1tom)<\/li><li>pripravte si improvizovan\u00fa ochranu d\u00fdchac\u00edch ciest, o\u010d\u00ed a odkryt\u00fdch \u010dast\u00ed tela<\/li><li>sledujte hl\u00e1senie miestnych informa\u010dn\u00fdch prostriedkov, nepodce\u0148ujte riziko<\/li><li>telefonujte len v s\u00farnom pr\u00edpade, neza\u0165a\u017eujte telef\u00f3nne linky<\/li><li>zachov\u00e1vajte rozvahu a pokoj<\/li><li>budovu opustite len na pokyn kompetentn\u00fdch org\u00e1nov<\/li><\/ul>\t\t\t\t\t\t<\/div>\n\t\t\t\t<\/div>\n\t\t\t\t\t<\/div>\n\t\t\t\t<\/div>\n\t\t<div class=\"elementor-element elementor-element-165332db e-flex e-con-boxed e-con e-child\" data-id=\"165332db\" data-element_type=\"container\" data-settings=\"{&quot;container_type&quot;:&quot;flex&quot;,&quot;content_width&quot;:&quot;boxed&quot;}\">\n\t\t\t\t\t<div class=\"e-con-inner\">\n\t\t\t\t<div class=\"elementor-element elementor-element-39ce4a28 elementor-widget elementor-widget-text-editor\" data-id=\"39ce4a28\" data-element_type=\"widget\" data-widget_type=\"text-editor.default\">\n\t\t\t\t<div class=\"elementor-widget-container\">\n\t\t\t\t\t\t\t<p>II.)&nbsp; PRI POBYTE MIMO BUDOVU<\/p>\n<ul>\n<li>zachovajte rozvahu, zorientujete sa pod\u013ea situ\u00e1cie a okam\u017eite opustite priestor ohrozen\u00fd nebezpe\u010dnou chemickou l\u00e1tkou,<\/li>\n<li>opustenie priestoru je z\u00e1visl\u00e9 od smeru vetra \u0161\u00edriaceho nebezpe\u010dn\u00fa l\u00e1tku zo zdroja a va\u0161ej polohy &#8211; z ohrozen\u00e9ho priestoru sa unik\u00e1 v\u017edy kolmo na smer vetra,<\/li>\n<li>ak sa nach\u00e1dzate v smere vetra a ste v \u010dasovej tiesni, okam\u017eite vyh\u013eadajte ukrytie v budov\u00e1ch a postupujte ako pri pobyte v budove.<\/li>\n<\/ul>\n<p>Je ve\u013emi d\u00f4le\u017eit\u00e9 vyh\u013eada\u0165 \u010do najr\u00fdchlej\u0161ie \u00fakryt. Plat\u00ed to pre ka\u017ed\u00e9ho \u2013 v zamestnan\u00ed v dom\u00e1cnosti, v \u0161kole. Deti zost\u00e1vaj\u00fa v \u0161kole, kde bud\u00fa dostato\u010dne informovan\u00e9. Ak v\u00e1s varovanie zastihne v automobile, opustite ho (automobil odstavte pod\u013ea mo\u017enosti tak, aby neprek\u00e1\u017eal na komunik\u00e1cii) a vyh\u013eadajte \u010do najr\u00fdchlej\u0161ie \u00fakryt.<\/p>\n<p>Vyh\u013eada\u0165 \u00fakryt znamen\u00e1 zosta\u0165 doma, ak sa nach\u00e1dzate v tesnej bl\u00edzkosti domova, vr\u00e1ti\u0165 sa domov, \u010di vst\u00fapi\u0165 do najbli\u017e\u0161ej budovy (obytn\u00e9ho domu, obchodu, \u00faradu).<\/p>\n<p><strong>Improvizovan\u00e1 ochrana d\u00fdchac\u00edch ciest<\/strong><br>Najvhodnej\u0161\u00edm sp\u00f4sobom ochrany \u00fast a nosa je prekrytie t\u00fdchto \u010dast\u00ed kusom flanelovej tkaniny alebo frot\u00e9 uter\u00e1ka mierne navlh\u010den\u00fdm vo vode, vodnom roztoku s\u00f3dy alebo kyseliny citr\u00f3novej.<\/p>\n<p><strong>Evaku\u00e1cia<\/strong><br>Deje sa na pokyn z\u00e1chrann\u00fdch zlo\u017eiek.&nbsp; V takom pr\u00edpade uzatvorte pr\u00edvod plynu, vody a elektriny, pripravte si a vezmite so sebou najnutnej\u0161ie veci (doklady, cenn\u00e9 veci, lieky) a presved\u010dte sa, \u010di aj susedia vedia, \u017ee maj\u00fa od\u00eds\u0165.<\/p>\t\t\t\t\t\t<\/div>\n\t\t\t\t<\/div>\n\t\t\t\t\t<\/div>\n\t\t\t\t<\/div>\n\t\t\t\t\t<\/div>\n\t\t\t\t<\/div>\n\t\t\t\t\t\t\t<\/div>\n\t\t","protected":false},"excerpt":{"rendered":"<p>\u00davodn\u00e9 Spolo\u010dnos\u0165 FORTISCHEM a. s. si uvedomuje, \u017ee svojimi aktivitami vpl\u00fdva na\u00a0 okolie are\u00e1lu. Rob\u00edme v\u0161ak v\u0161etko preto, aby sme tieto negat\u00edvne vplyvy zni\u017eovali.\u00a0 Db\u00e1me na\u00a0 bezpe\u010dnos\u0165 a\u00a0ochranu zdravia pri pr\u00e1ci, ochranu \u017eivotn\u00e9ho prostredia a havarijn\u00fa prevenciu. Pre zaistenie bezpe\u010dnosti zamestnancov a verejnosti v okol\u00ed spolo\u010dnosti sme prijali \u201eProgram prevencie z\u00e1va\u017en\u00fdch priemyseln\u00fdch hav\u00e1ri\u00ed FORTISCHEM a. [&hellip;]<\/p>\n","protected":false},"author":1,"featured_media":0,"parent":404,"menu_order":0,"comment_status":"closed","ping_status":"closed","template":"","meta":{"_seopress_robots_primary_cat":"","footnotes":""},"class_list":["post-2093","page","type-page","status-publish","hentry"],"acf":[],"_links":{"self":[{"href":"https:\/\/www.fortischem.sk\/sk\/wp-json\/wp\/v2\/pages\/2093","targetHints":{"allow":["GET"]}}],"collection":[{"href":"https:\/\/www.fortischem.sk\/sk\/wp-json\/wp\/v2\/pages"}],"about":[{"href":"https:\/\/www.fortischem.sk\/sk\/wp-json\/wp\/v2\/types\/page"}],"author":[{"embeddable":true,"href":"https:\/\/www.fortischem.sk\/sk\/wp-json\/wp\/v2\/users\/1"}],"replies":[{"embeddable":true,"href":"https:\/\/www.fortischem.sk\/sk\/wp-json\/wp\/v2\/comments?post=2093"}],"version-history":[{"count":3,"href":"https:\/\/www.fortischem.sk\/sk\/wp-json\/wp\/v2\/pages\/2093\/revisions"}],"predecessor-version":[{"id":4679,"href":"https:\/\/www.fortischem.sk\/sk\/wp-json\/wp\/v2\/pages\/2093\/revisions\/4679"}],"up":[{"embeddable":true,"href":"https:\/\/www.fortischem.sk\/sk\/wp-json\/wp\/v2\/pages\/404"}],"wp:attachment":[{"href":"https:\/\/www.fortischem.sk\/sk\/wp-json\/wp\/v2\/media?parent=2093"}],"curies":[{"name":"wp","href":"https:\/\/api.w.org\/{rel}","templated":true}]}}