{"id":2087,"date":"2023-05-24T10:16:20","date_gmt":"2023-05-24T08:16:20","guid":{"rendered":"http:\/\/www.fortischem.sk\/?page_id=2087"},"modified":"2025-10-02T15:36:28","modified_gmt":"2025-10-02T13:36:28","slug":"system-integrovaneho-manazerstva","status":"publish","type":"page","link":"https:\/\/www.fortischem.sk\/sk\/odpovedna-firma\/system-integrovaneho-manazerstva\/","title":{"rendered":"Syst\u00e9m integrovan\u00e9ho mana\u017e\u00e9rstva"},"content":{"rendered":"\t\t<div data-elementor-type=\"wp-page\" data-elementor-id=\"2087\" class=\"elementor elementor-2087\" data-elementor-post-type=\"page\">\n\t\t\t\t\t\t\t<div data-dce-background-image-url=\"https:\/\/www.fortischem.sk\/wp-content\/uploads\/2023\/06\/VHA6578-1.jpg\" class=\"elementor-element elementor-element-75bea8a9 e-con-full e-flex e-con e-parent\" data-id=\"75bea8a9\" data-element_type=\"container\" data-settings=\"{&quot;content_width&quot;:&quot;full&quot;,&quot;background_background&quot;:&quot;classic&quot;,&quot;container_type&quot;:&quot;flex&quot;}\" data-e-bg-lazyload=\"\" data-core-v316-plus=\"true\">\n\t\t\t\t<\/div>\n\t\t<div class=\"elementor-element elementor-element-7104aaaa e-flex e-con-boxed e-con e-parent\" data-id=\"7104aaaa\" data-element_type=\"container\" data-settings=\"{&quot;background_background&quot;:&quot;classic&quot;,&quot;container_type&quot;:&quot;flex&quot;,&quot;content_width&quot;:&quot;boxed&quot;}\" data-core-v316-plus=\"true\">\n\t\t\t\t\t<div class=\"e-con-inner\">\n\t\t<div class=\"elementor-element elementor-element-41173531 e-flex e-con-boxed e-con e-child\" data-id=\"41173531\" data-element_type=\"container\" data-settings=\"{&quot;container_type&quot;:&quot;flex&quot;,&quot;content_width&quot;:&quot;boxed&quot;}\">\n\t\t\t\t\t<div class=\"e-con-inner\">\n\t\t\t\t<div class=\"elementor-element elementor-element-55e7c9c5 elementor-widget elementor-widget-sp-breadcrumbs\" data-id=\"55e7c9c5\" data-element_type=\"widget\" data-widget_type=\"sp-breadcrumbs.default\">\n\t\t\t\t<div class=\"elementor-widget-container\">\n\t\t\t<nav  aria-label=\"breadcrumb\"><ol class=\"breadcrumb\" itemscope itemtype=\"https:\/\/schema.org\/BreadcrumbList\"><li class=\"breadcrumb-item active\" aria-current=\"page\" itemprop=\"itemListElement\" itemscope itemtype=\"https:\/\/schema.org\/ListItem\"><span itemprop=\"name\">\u00davodn\u00e9<\/span><meta itemprop=\"position\" content=\"1\"><\/li><\/ol><\/nav>\t\t<\/div>\n\t\t\t\t<\/div>\n\t\t\t\t<div class=\"elementor-element elementor-element-f7904fa elementor-widget elementor-widget-heading\" data-id=\"f7904fa\" data-element_type=\"widget\" data-widget_type=\"heading.default\">\n\t\t\t\t<div class=\"elementor-widget-container\">\n\t\t\t<style>\/*! elementor - v3.18.0 - 08-12-2023 *\/\n.elementor-heading-title{padding:0;margin:0;line-height:1}.elementor-widget-heading .elementor-heading-title[class*=elementor-size-]>a{color:inherit;font-size:inherit;line-height:inherit}.elementor-widget-heading .elementor-heading-title.elementor-size-small{font-size:15px}.elementor-widget-heading .elementor-heading-title.elementor-size-medium{font-size:19px}.elementor-widget-heading .elementor-heading-title.elementor-size-large{font-size:29px}.elementor-widget-heading .elementor-heading-title.elementor-size-xl{font-size:39px}.elementor-widget-heading .elementor-heading-title.elementor-size-xxl{font-size:59px}<\/style><h1 class=\"elementor-heading-title elementor-size-default\">Syst\u00e9m integrovan\u00e9ho mana\u017e\u00e9rstva<\/h1>\t\t<\/div>\n\t\t\t\t<\/div>\n\t\t\t\t\t<\/div>\n\t\t\t\t<\/div>\n\t\t\t\t\t<\/div>\n\t\t\t\t<\/div>\n\t\t<div class=\"elementor-element elementor-element-56625dff e-flex e-con-boxed e-con e-parent\" data-id=\"56625dff\" data-element_type=\"container\" data-settings=\"{&quot;background_background&quot;:&quot;gradient&quot;,&quot;container_type&quot;:&quot;flex&quot;,&quot;content_width&quot;:&quot;boxed&quot;}\" data-core-v316-plus=\"true\">\n\t\t\t\t\t<div class=\"e-con-inner\">\n\t\t<div class=\"elementor-element elementor-element-b7b6c2a e-flex e-con-boxed e-con e-child\" data-id=\"b7b6c2a\" data-element_type=\"container\" data-settings=\"{&quot;container_type&quot;:&quot;flex&quot;,&quot;content_width&quot;:&quot;boxed&quot;}\">\n\t\t\t\t\t<div class=\"e-con-inner\">\n\t\t\t\t<div class=\"elementor-element elementor-element-2544ca9 elementor-widget elementor-widget-text-editor\" data-id=\"2544ca9\" data-element_type=\"widget\" data-widget_type=\"text-editor.default\">\n\t\t\t\t<div class=\"elementor-widget-container\">\n\t\t\t<style>\/*! elementor - v3.18.0 - 08-12-2023 *\/\n.elementor-widget-text-editor.elementor-drop-cap-view-stacked .elementor-drop-cap{background-color:#69727d;color:#fff}.elementor-widget-text-editor.elementor-drop-cap-view-framed .elementor-drop-cap{color:#69727d;border:3px solid;background-color:transparent}.elementor-widget-text-editor:not(.elementor-drop-cap-view-default) .elementor-drop-cap{margin-top:8px}.elementor-widget-text-editor:not(.elementor-drop-cap-view-default) .elementor-drop-cap-letter{width:1em;height:1em}.elementor-widget-text-editor .elementor-drop-cap{float:left;text-align:center;line-height:1;font-size:50px}.elementor-widget-text-editor .elementor-drop-cap-letter{display:inline-block}<\/style>\t\t\t\t<p>FORTISCHEM a. s. patr\u00ed medzi najv\u00e4\u010d\u0161ie slovensk\u00e9 chemick\u00e9 podniky, udr\u017eate\u013en\u00fd rozvoj je pre n\u00e1s preto d\u00f4le\u017eit\u00fd. M\u00e1me zaveden\u00fd Syst\u00e9m integrovan\u00e9ho mana\u017e\u00e9rstva (SIM), prostredn\u00edctvom ktor\u00e9ho chceme zlep\u0161ova\u0165 kvalitu svojich produktov a slu\u017eieb, chr\u00e1ni\u0165 \u017eivotn\u00e9 prostredie, zvy\u0161ova\u0165 bezpe\u010dnos\u0165 pri pr\u00e1ci a hospod\u00e1rne vyu\u017e\u00edva\u0165 energie.<\/p>\n<p>SIM je neoddelite\u013enou s\u00fa\u010das\u0165ou podnikania a mana\u017e\u00e9rskej filozofie spolo\u010dnosti FORTISCHEM a. s., ktorej z\u00e1merom je by\u0165 modern\u00fdm eur\u00f3pskym v\u00fdrobcom so zna\u010dkou progresivity a garanciou kvality.<\/p>\n<p><strong>Na\u0161a spolo\u010dnos\u0165 vyhovuje po\u017eiadavk\u00e1m EN ISO 9001, EN ISO 14001, EN ISO 45001 a ISO 50001.<\/strong><\/p>\t\t\t\t\t\t<\/div>\n\t\t\t\t<\/div>\n\t\t<div class=\"elementor-element elementor-element-7b7731c e-flex e-con-boxed e-con e-child\" data-id=\"7b7731c\" data-element_type=\"container\" data-settings=\"{&quot;container_type&quot;:&quot;flex&quot;,&quot;content_width&quot;:&quot;boxed&quot;}\">\n\t\t\t\t\t<div class=\"e-con-inner\">\n\t\t\t\t<div class=\"elementor-element elementor-element-4e02eb66 elementor-widget__width-auto elementor-widget elementor-widget-button\" data-id=\"4e02eb66\" data-element_type=\"widget\" data-widget_type=\"button.default\">\n\t\t\t\t<div class=\"elementor-widget-container\">\n\t\t\t\t\t<div class=\"elementor-button-wrapper\">\n\t\t\t<a class=\"elementor-button elementor-button-link elementor-size-sm\" href=\"https:\/\/www.fortischem.sk\/wp-content\/uploads\/2024\/01\/POLITIKA-SIM.pdf\" target=\"_blank\">\n\t\t\t\t\t\t<span class=\"elementor-button-content-wrapper\">\n\t\t\t\t\t\t<span class=\"elementor-button-text\">Politika SIM<\/span>\n\t\t<\/span>\n\t\t\t\t\t<\/a>\n\t\t<\/div>\n\t\t\t\t<\/div>\n\t\t\t\t<\/div>\n\t\t\t\t<div class=\"elementor-element elementor-element-793d64e elementor-widget__width-auto elementor-widget elementor-widget-button\" data-id=\"793d64e\" data-element_type=\"widget\" data-widget_type=\"button.default\">\n\t\t\t\t<div class=\"elementor-widget-container\">\n\t\t\t\t\t<div class=\"elementor-button-wrapper\">\n\t\t\t<a class=\"elementor-button elementor-button-link elementor-size-sm\" href=\"https:\/\/www.fortischem.sk\/wp-content\/uploads\/2025\/10\/ISO9001_ISO14001_ISO45001_ISO50001_sk.pdf\">\n\t\t\t\t\t\t<span class=\"elementor-button-content-wrapper\">\n\t\t\t\t\t\t<span class=\"elementor-button-text\">Certifik\u00e1ty<\/span>\n\t\t<\/span>\n\t\t\t\t\t<\/a>\n\t\t<\/div>\n\t\t\t\t<\/div>\n\t\t\t\t<\/div>\n\t\t\t\t\t<\/div>\n\t\t\t\t<\/div>\n\t\t\t\t\t<\/div>\n\t\t\t\t<\/div>\n\t\t\t\t\t<\/div>\n\t\t\t\t<\/div>\n\t\t\t\t\t\t\t<\/div>\n\t\t","protected":false},"excerpt":{"rendered":"<p>\u00davodn\u00e9 FORTISCHEM a. s. patr\u00ed medzi najv\u00e4\u010d\u0161ie slovensk\u00e9 chemick\u00e9 podniky, udr\u017eate\u013en\u00fd rozvoj je pre n\u00e1s preto d\u00f4le\u017eit\u00fd. M\u00e1me zaveden\u00fd Syst\u00e9m integrovan\u00e9ho mana\u017e\u00e9rstva (SIM), prostredn\u00edctvom ktor\u00e9ho chceme zlep\u0161ova\u0165 kvalitu svojich produktov a slu\u017eieb, chr\u00e1ni\u0165 \u017eivotn\u00e9 prostredie, zvy\u0161ova\u0165 bezpe\u010dnos\u0165 pri pr\u00e1ci a hospod\u00e1rne vyu\u017e\u00edva\u0165 energie. SIM je neoddelite\u013enou s\u00fa\u010das\u0165ou podnikania a mana\u017e\u00e9rskej filozofie spolo\u010dnosti FORTISCHEM a. s., [&hellip;]<\/p>\n","protected":false},"author":1,"featured_media":0,"parent":404,"menu_order":0,"comment_status":"closed","ping_status":"closed","template":"","meta":{"_seopress_robots_primary_cat":"","footnotes":""},"class_list":["post-2087","page","type-page","status-publish","hentry"],"acf":[],"_links":{"self":[{"href":"https:\/\/www.fortischem.sk\/sk\/wp-json\/wp\/v2\/pages\/2087","targetHints":{"allow":["GET"]}}],"collection":[{"href":"https:\/\/www.fortischem.sk\/sk\/wp-json\/wp\/v2\/pages"}],"about":[{"href":"https:\/\/www.fortischem.sk\/sk\/wp-json\/wp\/v2\/types\/page"}],"author":[{"embeddable":true,"href":"https:\/\/www.fortischem.sk\/sk\/wp-json\/wp\/v2\/users\/1"}],"replies":[{"embeddable":true,"href":"https:\/\/www.fortischem.sk\/sk\/wp-json\/wp\/v2\/comments?post=2087"}],"version-history":[{"count":9,"href":"https:\/\/www.fortischem.sk\/sk\/wp-json\/wp\/v2\/pages\/2087\/revisions"}],"predecessor-version":[{"id":6286,"href":"https:\/\/www.fortischem.sk\/sk\/wp-json\/wp\/v2\/pages\/2087\/revisions\/6286"}],"up":[{"embeddable":true,"href":"https:\/\/www.fortischem.sk\/sk\/wp-json\/wp\/v2\/pages\/404"}],"wp:attachment":[{"href":"https:\/\/www.fortischem.sk\/sk\/wp-json\/wp\/v2\/media?parent=2087"}],"curies":[{"name":"wp","href":"https:\/\/api.w.org\/{rel}","templated":true}]}}