{"id":204,"date":"2023-03-28T16:32:59","date_gmt":"2023-03-28T14:32:59","guid":{"rendered":"http:\/\/www.fortischem.sk\/?page_id=204"},"modified":"2024-06-03T08:03:13","modified_gmt":"2024-06-03T06:03:13","slug":"o-nas","status":"publish","type":"page","link":"https:\/\/www.fortischem.sk\/sk\/o-nas\/","title":{"rendered":"O n\u00e1s"},"content":{"rendered":"\t\t<div data-elementor-type=\"wp-page\" data-elementor-id=\"204\" class=\"elementor elementor-204\" data-elementor-post-type=\"page\">\n\t\t\t\t\t\t\t<div data-dce-background-image-url=\"https:\/\/www.fortischem.sk\/wp-content\/uploads\/2024\/02\/web-stranka-1200-x-1000-px-1.png\" class=\"elementor-element elementor-element-39fdfb46 e-con-full e-flex e-con e-parent\" data-id=\"39fdfb46\" data-element_type=\"container\" data-settings=\"{&quot;content_width&quot;:&quot;full&quot;,&quot;background_background&quot;:&quot;classic&quot;,&quot;container_type&quot;:&quot;flex&quot;}\" data-e-bg-lazyload=\"\" data-core-v316-plus=\"true\">\n\t\t\t\t<\/div>\n\t\t<div class=\"elementor-element elementor-element-70308a83 e-flex e-con-boxed e-con e-parent\" data-id=\"70308a83\" data-element_type=\"container\" data-settings=\"{&quot;background_background&quot;:&quot;classic&quot;,&quot;container_type&quot;:&quot;flex&quot;,&quot;content_width&quot;:&quot;boxed&quot;}\" data-core-v316-plus=\"true\">\n\t\t\t\t\t<div class=\"e-con-inner\">\n\t\t<div class=\"elementor-element elementor-element-3198bddb e-flex e-con-boxed e-con e-child\" data-id=\"3198bddb\" data-element_type=\"container\" data-settings=\"{&quot;container_type&quot;:&quot;flex&quot;,&quot;content_width&quot;:&quot;boxed&quot;}\">\n\t\t\t\t\t<div class=\"e-con-inner\">\n\t\t\t\t<div class=\"elementor-element elementor-element-6e83bc3 elementor-widget elementor-widget-sp-breadcrumbs\" data-id=\"6e83bc3\" data-element_type=\"widget\" data-widget_type=\"sp-breadcrumbs.default\">\n\t\t\t\t<div class=\"elementor-widget-container\">\n\t\t\t<nav  aria-label=\"breadcrumb\"><ol class=\"breadcrumb\" itemscope itemtype=\"https:\/\/schema.org\/BreadcrumbList\"><li class=\"breadcrumb-item active\" aria-current=\"page\" itemprop=\"itemListElement\" itemscope itemtype=\"https:\/\/schema.org\/ListItem\"><span itemprop=\"name\">\u00davodn\u00e9<\/span><meta itemprop=\"position\" content=\"1\"><\/li><\/ol><\/nav>\t\t<\/div>\n\t\t\t\t<\/div>\n\t\t\t\t<div class=\"elementor-element elementor-element-132534f elementor-widget elementor-widget-heading\" data-id=\"132534f\" data-element_type=\"widget\" data-widget_type=\"heading.default\">\n\t\t\t\t<div class=\"elementor-widget-container\">\n\t\t\t<style>\/*! elementor - v3.18.0 - 08-12-2023 *\/\n.elementor-heading-title{padding:0;margin:0;line-height:1}.elementor-widget-heading .elementor-heading-title[class*=elementor-size-]>a{color:inherit;font-size:inherit;line-height:inherit}.elementor-widget-heading .elementor-heading-title.elementor-size-small{font-size:15px}.elementor-widget-heading .elementor-heading-title.elementor-size-medium{font-size:19px}.elementor-widget-heading .elementor-heading-title.elementor-size-large{font-size:29px}.elementor-widget-heading .elementor-heading-title.elementor-size-xl{font-size:39px}.elementor-widget-heading .elementor-heading-title.elementor-size-xxl{font-size:59px}<\/style><h1 class=\"elementor-heading-title elementor-size-default\">O n\u00e1s<\/h1>\t\t<\/div>\n\t\t\t\t<\/div>\n\t\t\t\t\t<\/div>\n\t\t\t\t<\/div>\n\t\t\t\t\t<\/div>\n\t\t\t\t<\/div>\n\t\t<div class=\"elementor-element elementor-element-19e0c326 e-flex e-con-boxed e-con e-parent\" data-id=\"19e0c326\" data-element_type=\"container\" data-settings=\"{&quot;background_background&quot;:&quot;gradient&quot;,&quot;container_type&quot;:&quot;flex&quot;,&quot;content_width&quot;:&quot;boxed&quot;}\" data-core-v316-plus=\"true\">\n\t\t\t\t\t<div class=\"e-con-inner\">\n\t\t<div class=\"elementor-element elementor-element-5dc4f488 e-con-full e-flex e-con e-child\" data-id=\"5dc4f488\" data-element_type=\"container\" data-settings=\"{&quot;content_width&quot;:&quot;full&quot;,&quot;container_type&quot;:&quot;flex&quot;}\">\n\t\t\t\t<div class=\"elementor-element elementor-element-3a25f4c3 elementor-widget elementor-widget-heading\" data-id=\"3a25f4c3\" data-element_type=\"widget\" data-widget_type=\"heading.default\">\n\t\t\t\t<div class=\"elementor-widget-container\">\n\t\t\t<h2 class=\"elementor-heading-title elementor-size-default\">FORTISCHEM<\/h2>\t\t<\/div>\n\t\t\t\t<\/div>\n\t\t\t\t<div class=\"elementor-element elementor-element-4f72cf84 elementor-widget__width-initial elementor-widget elementor-widget-text-editor\" data-id=\"4f72cf84\" data-element_type=\"widget\" data-widget_type=\"text-editor.default\">\n\t\t\t\t<div class=\"elementor-widget-container\">\n\t\t\t<style>\/*! elementor - v3.18.0 - 08-12-2023 *\/\n.elementor-widget-text-editor.elementor-drop-cap-view-stacked .elementor-drop-cap{background-color:#69727d;color:#fff}.elementor-widget-text-editor.elementor-drop-cap-view-framed .elementor-drop-cap{color:#69727d;border:3px solid;background-color:transparent}.elementor-widget-text-editor:not(.elementor-drop-cap-view-default) .elementor-drop-cap{margin-top:8px}.elementor-widget-text-editor:not(.elementor-drop-cap-view-default) .elementor-drop-cap-letter{width:1em;height:1em}.elementor-widget-text-editor .elementor-drop-cap{float:left;text-align:center;line-height:1;font-size:50px}.elementor-widget-text-editor .elementor-drop-cap-letter{display:inline-block}<\/style>\t\t\t\t<p>Spolo\u010dnos\u0165 FORTISCHEM a. s. sa sna\u017e\u00ed svojou \u010dinnos\u0165ou, nadv\u00e4zuj\u00facou na bohat\u00fa hist\u00f3riu chemick\u00e9ho priemyslu v Nov\u00e1koch, plni\u0165 po\u017eiadavky svojich obchodn\u00fdch partnerov. Pon\u00faka nielen svoje v\u00fdrobky, ale aj rie\u0161enia, ktor\u00e9 obstoja v s\u00fa\u010dasnom, vysoko konkuren\u010dnom prostred\u00ed.<\/p><p>V\u00fdroba je dnes zameran\u00e1 na v\u00fdrobu a predaj \u0161irokej \u0161k\u00e1ly produktov, ktor\u00e9 s\u00fa zalo\u017een\u00e9 na v\u00fdrobe a spracovan\u00ed:<\/p><ul><li>chl\u00f3ru<\/li><li>karbidu v\u00e1pnika<\/li><li>karbidov\u00fdch zmes\u00ed\u00a0<\/li><li>technick\u00fdch plynov<\/li><\/ul><p>Z\u00e1rove\u0148 je akt\u00edvna aj vo v\u00fdrobe <strong>polyvinylchloridu<\/strong> a podie\u013ea sa na v\u00fdrobe<strong> z\u00e1kladn\u00fdch a \u0161peci\u00e1lnych maloton\u00e1\u017enych chemik\u00e1li\u00ed<\/strong>.<\/p>\t\t\t\t\t\t<\/div>\n\t\t\t\t<\/div>\n\t\t\t\t<\/div>\n\t\t<div class=\"elementor-element elementor-element-14a13f8 e-flex e-con-boxed e-con e-child\" data-id=\"14a13f8\" data-element_type=\"container\" data-settings=\"{&quot;container_type&quot;:&quot;flex&quot;,&quot;content_width&quot;:&quot;boxed&quot;}\">\n\t\t\t\t\t<div class=\"e-con-inner\">\n\t\t\t\t<div class=\"elementor-element elementor-element-2421bdaa add-mask-left elementor-widget elementor-widget-image\" data-id=\"2421bdaa\" data-element_type=\"widget\" data-widget_type=\"image.default\">\n\t\t\t\t<div class=\"elementor-widget-container\">\n\t\t\t<style>\/*! elementor - v3.18.0 - 08-12-2023 *\/\n.elementor-widget-image{text-align:center}.elementor-widget-image a{display:inline-block}.elementor-widget-image a img[src$=\".svg\"]{width:48px}.elementor-widget-image img{vertical-align:middle;display:inline-block}<\/style>\t\t\t\t\t\t\t\t\t\t\t\t<img fetchpriority=\"high\" decoding=\"async\" width=\"563\" height=\"563\" src=\"https:\/\/www.fortischem.sk\/wp-content\/uploads\/2024\/02\/web-stranka-1.png\" class=\"attachment-medium_large size-medium_large wp-image-5072\" alt=\"\" srcset=\"https:\/\/www.fortischem.sk\/wp-content\/uploads\/2024\/02\/web-stranka-1.png 563w, https:\/\/www.fortischem.sk\/wp-content\/uploads\/2024\/02\/web-stranka-1-300x300.png 300w, https:\/\/www.fortischem.sk\/wp-content\/uploads\/2024\/02\/web-stranka-1-150x150.png 150w\" sizes=\"(max-width: 563px) 100vw, 563px\" \/>\t\t\t\t\t\t\t\t\t\t\t\t\t\t\t<\/div>\n\t\t\t\t<\/div>\n\t\t\t\t\t<\/div>\n\t\t\t\t<\/div>\n\t\t\t\t\t<\/div>\n\t\t\t\t<\/div>\n\t\t<div class=\"elementor-element elementor-element-513d756 e-flex e-con-boxed e-con e-parent\" data-id=\"513d756\" data-element_type=\"container\" data-settings=\"{&quot;container_type&quot;:&quot;flex&quot;,&quot;content_width&quot;:&quot;boxed&quot;}\" data-core-v316-plus=\"true\">\n\t\t\t\t\t<div class=\"e-con-inner\">\n\t\t\t\t<div class=\"elementor-element elementor-element-306a673 elementor-widget elementor-widget-text-editor\" data-id=\"306a673\" data-element_type=\"widget\" data-widget_type=\"text-editor.default\">\n\t\t\t\t<div class=\"elementor-widget-container\">\n\t\t\t\t\t\t\t<h3><strong>Viac ako 80% celkovej produkcie je ur\u010denej na export a v\u00fdrobky spolo\u010dnosti&nbsp;<\/strong><\/h3>\n<h3><strong>FORTISCHEM a. s. s\u00fa zn\u00e1me odberate\u013eom z viac ako 60 kraj\u00edn po celom svete.<\/strong><\/h3>\t\t\t\t\t\t<\/div>\n\t\t\t\t<\/div>\n\t\t\t\t\t<\/div>\n\t\t\t\t<\/div>\n\t\t<div class=\"elementor-element elementor-element-060fd38 e-flex e-con-boxed e-con e-parent\" data-id=\"060fd38\" data-element_type=\"container\" data-settings=\"{&quot;container_type&quot;:&quot;flex&quot;,&quot;content_width&quot;:&quot;boxed&quot;}\" data-core-v316-plus=\"true\">\n\t\t\t\t\t<div class=\"e-con-inner\">\n\t\t<div class=\"elementor-element elementor-element-7bb3927 e-flex e-con-boxed e-con e-child\" data-id=\"7bb3927\" data-element_type=\"container\" data-settings=\"{&quot;container_type&quot;:&quot;flex&quot;,&quot;content_width&quot;:&quot;boxed&quot;}\">\n\t\t\t\t\t<div class=\"e-con-inner\">\n\t\t\t\t<div class=\"elementor-element elementor-element-afcca1a elementor-widget elementor-widget-image\" data-id=\"afcca1a\" data-element_type=\"widget\" data-widget_type=\"image.default\">\n\t\t\t\t<div class=\"elementor-widget-container\">\n\t\t\t\t\t\t\t\t\t\t\t\t\t\t\t\t<a href=\"\/o-nas\/\">\n\t\t\t\t\t\t\t<img decoding=\"async\" width=\"563\" height=\"563\" src=\"https:\/\/www.fortischem.sk\/wp-content\/uploads\/2024\/02\/web-stranka-1.png\" class=\"attachment-large size-large wp-image-5072\" alt=\"\" srcset=\"https:\/\/www.fortischem.sk\/wp-content\/uploads\/2024\/02\/web-stranka-1.png 563w, https:\/\/www.fortischem.sk\/wp-content\/uploads\/2024\/02\/web-stranka-1-300x300.png 300w, https:\/\/www.fortischem.sk\/wp-content\/uploads\/2024\/02\/web-stranka-1-150x150.png 150w\" sizes=\"(max-width: 563px) 100vw, 563px\" \/>\t\t\t\t\t\t\t\t<\/a>\n\t\t\t\t\t\t\t\t\t\t\t\t\t\t\t<\/div>\n\t\t\t\t<\/div>\n\t\t\t\t<div class=\"elementor-element elementor-element-88ca3cb elementor-widget elementor-widget-heading\" data-id=\"88ca3cb\" data-element_type=\"widget\" data-widget_type=\"heading.default\">\n\t\t\t\t<div class=\"elementor-widget-container\">\n\t\t\t<h2 class=\"elementor-heading-title elementor-size-default\"><a href=\"\/o-nas\/\">Profil podniku<\/a><\/h2>\t\t<\/div>\n\t\t\t\t<\/div>\n\t\t\t\t\t<\/div>\n\t\t\t\t<\/div>\n\t\t<div class=\"elementor-element elementor-element-dc831df e-flex e-con-boxed e-con e-child\" data-id=\"dc831df\" data-element_type=\"container\" data-settings=\"{&quot;container_type&quot;:&quot;flex&quot;,&quot;content_width&quot;:&quot;boxed&quot;}\">\n\t\t\t\t\t<div class=\"e-con-inner\">\n\t\t\t\t<div class=\"elementor-element elementor-element-834b09a elementor-widget elementor-widget-image\" data-id=\"834b09a\" data-element_type=\"widget\" data-widget_type=\"image.default\">\n\t\t\t\t<div class=\"elementor-widget-container\">\n\t\t\t\t\t\t\t\t\t\t\t\t\t\t\t\t<a href=\"\/vyrobky\/\">\n\t\t\t\t\t\t\t<img decoding=\"async\" width=\"525\" height=\"525\" src=\"https:\/\/www.fortischem.sk\/wp-content\/uploads\/2024\/02\/3.png\" class=\"attachment-large size-large wp-image-5063\" alt=\"\" srcset=\"https:\/\/www.fortischem.sk\/wp-content\/uploads\/2024\/02\/3.png 525w, https:\/\/www.fortischem.sk\/wp-content\/uploads\/2024\/02\/3-300x300.png 300w, https:\/\/www.fortischem.sk\/wp-content\/uploads\/2024\/02\/3-150x150.png 150w\" sizes=\"(max-width: 525px) 100vw, 525px\" \/>\t\t\t\t\t\t\t\t<\/a>\n\t\t\t\t\t\t\t\t\t\t\t\t\t\t\t<\/div>\n\t\t\t\t<\/div>\n\t\t\t\t<div class=\"elementor-element elementor-element-6fd72c6 elementor-widget elementor-widget-heading\" data-id=\"6fd72c6\" data-element_type=\"widget\" data-widget_type=\"heading.default\">\n\t\t\t\t<div class=\"elementor-widget-container\">\n\t\t\t<h2 class=\"elementor-heading-title elementor-size-default\"><a href=\"\/vyrobky\/\">V\u00fdrobky<\/a><\/h2>\t\t<\/div>\n\t\t\t\t<\/div>\n\t\t\t\t\t<\/div>\n\t\t\t\t<\/div>\n\t\t<div class=\"elementor-element elementor-element-1cb645e e-flex e-con-boxed e-con e-child\" data-id=\"1cb645e\" data-element_type=\"container\" data-settings=\"{&quot;container_type&quot;:&quot;flex&quot;,&quot;content_width&quot;:&quot;boxed&quot;}\">\n\t\t\t\t\t<div class=\"e-con-inner\">\n\t\t\t\t<div class=\"elementor-element elementor-element-0844d4f elementor-widget elementor-widget-image\" data-id=\"0844d4f\" data-element_type=\"widget\" data-widget_type=\"image.default\">\n\t\t\t\t<div class=\"elementor-widget-container\">\n\t\t\t\t\t\t\t\t\t\t\t\t\t\t\t\t<a href=\"\/odpovedna-firma\/udrzitelny-rozvoj\/\">\n\t\t\t\t\t\t\t<img loading=\"lazy\" decoding=\"async\" width=\"563\" height=\"563\" src=\"https:\/\/www.fortischem.sk\/wp-content\/uploads\/2024\/02\/web-stranka.png\" class=\"attachment-large size-large wp-image-5060\" alt=\"\" srcset=\"https:\/\/www.fortischem.sk\/wp-content\/uploads\/2024\/02\/web-stranka.png 563w, https:\/\/www.fortischem.sk\/wp-content\/uploads\/2024\/02\/web-stranka-300x300.png 300w, https:\/\/www.fortischem.sk\/wp-content\/uploads\/2024\/02\/web-stranka-150x150.png 150w\" sizes=\"(max-width: 563px) 100vw, 563px\" \/>\t\t\t\t\t\t\t\t<\/a>\n\t\t\t\t\t\t\t\t\t\t\t\t\t\t\t<\/div>\n\t\t\t\t<\/div>\n\t\t\t\t<div class=\"elementor-element elementor-element-1848481 elementor-widget elementor-widget-heading\" data-id=\"1848481\" data-element_type=\"widget\" data-widget_type=\"heading.default\">\n\t\t\t\t<div class=\"elementor-widget-container\">\n\t\t\t<h2 class=\"elementor-heading-title elementor-size-default\"><a href=\"\/odpovedna-firma\/\">Zodpovedna firma<\/a><\/h2>\t\t<\/div>\n\t\t\t\t<\/div>\n\t\t\t\t\t<\/div>\n\t\t\t\t<\/div>\n\t\t<div class=\"elementor-element elementor-element-d038b18 e-flex e-con-boxed e-con e-child\" data-id=\"d038b18\" data-element_type=\"container\" data-settings=\"{&quot;container_type&quot;:&quot;flex&quot;,&quot;content_width&quot;:&quot;boxed&quot;}\">\n\t\t\t\t\t<div class=\"e-con-inner\">\n\t\t\t\t<div class=\"elementor-element elementor-element-bce598e elementor-widget elementor-widget-image\" data-id=\"bce598e\" data-element_type=\"widget\" data-widget_type=\"image.default\">\n\t\t\t\t<div class=\"elementor-widget-container\">\n\t\t\t\t\t\t\t\t\t\t\t\t\t\t\t\t<a href=\"\/kariera\/\">\n\t\t\t\t\t\t\t<img loading=\"lazy\" decoding=\"async\" width=\"525\" height=\"525\" src=\"https:\/\/www.fortischem.sk\/wp-content\/uploads\/2024\/02\/4.png\" class=\"attachment-large size-large wp-image-5065\" alt=\"\" srcset=\"https:\/\/www.fortischem.sk\/wp-content\/uploads\/2024\/02\/4.png 525w, https:\/\/www.fortischem.sk\/wp-content\/uploads\/2024\/02\/4-300x300.png 300w, https:\/\/www.fortischem.sk\/wp-content\/uploads\/2024\/02\/4-150x150.png 150w\" sizes=\"(max-width: 525px) 100vw, 525px\" \/>\t\t\t\t\t\t\t\t<\/a>\n\t\t\t\t\t\t\t\t\t\t\t\t\t\t\t<\/div>\n\t\t\t\t<\/div>\n\t\t\t\t<div class=\"elementor-element elementor-element-611f461 elementor-widget elementor-widget-heading\" data-id=\"611f461\" data-element_type=\"widget\" data-widget_type=\"heading.default\">\n\t\t\t\t<div class=\"elementor-widget-container\">\n\t\t\t<h2 class=\"elementor-heading-title elementor-size-default\"><a href=\"\/kariera\/\">Kari\u00e9ra<\/a><\/h2>\t\t<\/div>\n\t\t\t\t<\/div>\n\t\t\t\t\t<\/div>\n\t\t\t\t<\/div>\n\t\t\t\t\t<\/div>\n\t\t\t\t<\/div>\n\t\t\t\t\t\t\t<\/div>\n\t\t","protected":false},"excerpt":{"rendered":"<p>\u00davodn\u00e9 FORTISCHEM Spolo\u010dnos\u0165 FORTISCHEM a. s. sa sna\u017e\u00ed svojou \u010dinnos\u0165ou, nadv\u00e4zuj\u00facou na bohat\u00fa hist\u00f3riu chemick\u00e9ho priemyslu v Nov\u00e1koch, plni\u0165 po\u017eiadavky svojich obchodn\u00fdch partnerov. Pon\u00faka nielen svoje v\u00fdrobky, ale aj rie\u0161enia, ktor\u00e9 obstoja v s\u00fa\u010dasnom, vysoko konkuren\u010dnom prostred\u00ed. V\u00fdroba je dnes zameran\u00e1 na v\u00fdrobu a predaj \u0161irokej \u0161k\u00e1ly produktov, ktor\u00e9 s\u00fa zalo\u017een\u00e9 na v\u00fdrobe a spracovan\u00ed: [&hellip;]<\/p>\n","protected":false},"author":1,"featured_media":0,"parent":0,"menu_order":0,"comment_status":"closed","ping_status":"closed","template":"","meta":{"_seopress_robots_primary_cat":"","footnotes":""},"class_list":["post-204","page","type-page","status-publish","hentry"],"acf":[],"_links":{"self":[{"href":"https:\/\/www.fortischem.sk\/sk\/wp-json\/wp\/v2\/pages\/204","targetHints":{"allow":["GET"]}}],"collection":[{"href":"https:\/\/www.fortischem.sk\/sk\/wp-json\/wp\/v2\/pages"}],"about":[{"href":"https:\/\/www.fortischem.sk\/sk\/wp-json\/wp\/v2\/types\/page"}],"author":[{"embeddable":true,"href":"https:\/\/www.fortischem.sk\/sk\/wp-json\/wp\/v2\/users\/1"}],"replies":[{"embeddable":true,"href":"https:\/\/www.fortischem.sk\/sk\/wp-json\/wp\/v2\/comments?post=204"}],"version-history":[{"count":15,"href":"https:\/\/www.fortischem.sk\/sk\/wp-json\/wp\/v2\/pages\/204\/revisions"}],"predecessor-version":[{"id":5782,"href":"https:\/\/www.fortischem.sk\/sk\/wp-json\/wp\/v2\/pages\/204\/revisions\/5782"}],"wp:attachment":[{"href":"https:\/\/www.fortischem.sk\/sk\/wp-json\/wp\/v2\/media?parent=204"}],"curies":[{"name":"wp","href":"https:\/\/api.w.org\/{rel}","templated":true}]}}