{"id":2022,"date":"2023-05-18T13:24:32","date_gmt":"2023-05-18T11:24:32","guid":{"rendered":"http:\/\/www.fortischem.sk\/?page_id=2022"},"modified":"2023-05-18T14:49:18","modified_gmt":"2023-05-18T12:49:18","slug":"pomocny-material","status":"publish","type":"page","link":"https:\/\/www.fortischem.sk\/sk\/dodavatelia\/pomocny-material\/","title":{"rendered":"Pomocn\u00fd materi\u00e1l"},"content":{"rendered":"\t\t<div data-elementor-type=\"wp-page\" data-elementor-id=\"2022\" class=\"elementor elementor-2022\" data-elementor-post-type=\"page\">\n\t\t\t\t\t\t\t<div data-dce-background-image-url=\"https:\/\/www.fortischem.sk\/wp-content\/uploads\/2023\/03\/show-image-9.jpg\" class=\"elementor-element elementor-element-6bb703f1 e-con-full e-flex e-con e-parent\" data-id=\"6bb703f1\" data-element_type=\"container\" data-settings=\"{&quot;content_width&quot;:&quot;full&quot;,&quot;background_background&quot;:&quot;classic&quot;,&quot;container_type&quot;:&quot;flex&quot;}\" data-e-bg-lazyload=\"\" data-core-v316-plus=\"true\">\n\t\t\t\t<\/div>\n\t\t<div class=\"elementor-element elementor-element-2969766c e-flex e-con-boxed e-con e-parent\" data-id=\"2969766c\" data-element_type=\"container\" data-settings=\"{&quot;background_background&quot;:&quot;classic&quot;,&quot;container_type&quot;:&quot;flex&quot;,&quot;content_width&quot;:&quot;boxed&quot;}\" data-core-v316-plus=\"true\">\n\t\t\t\t\t<div class=\"e-con-inner\">\n\t\t<div class=\"elementor-element elementor-element-427559cd e-flex e-con-boxed e-con e-child\" data-id=\"427559cd\" data-element_type=\"container\" data-settings=\"{&quot;container_type&quot;:&quot;flex&quot;,&quot;content_width&quot;:&quot;boxed&quot;}\">\n\t\t\t\t\t<div class=\"e-con-inner\">\n\t\t\t\t<div class=\"elementor-element elementor-element-50d3bd8b elementor-widget elementor-widget-sp-breadcrumbs\" data-id=\"50d3bd8b\" data-element_type=\"widget\" data-widget_type=\"sp-breadcrumbs.default\">\n\t\t\t\t<div class=\"elementor-widget-container\">\n\t\t\t<nav  aria-label=\"breadcrumb\"><ol class=\"breadcrumb\" itemscope itemtype=\"https:\/\/schema.org\/BreadcrumbList\"><li class=\"breadcrumb-item active\" aria-current=\"page\" itemprop=\"itemListElement\" itemscope itemtype=\"https:\/\/schema.org\/ListItem\"><span itemprop=\"name\">\u00davodn\u00e9<\/span><meta itemprop=\"position\" content=\"1\"><\/li><\/ol><\/nav>\t\t<\/div>\n\t\t\t\t<\/div>\n\t\t\t\t<div class=\"elementor-element elementor-element-7cbd6128 elementor-widget elementor-widget-heading\" data-id=\"7cbd6128\" data-element_type=\"widget\" data-widget_type=\"heading.default\">\n\t\t\t\t<div class=\"elementor-widget-container\">\n\t\t\t<style>\/*! elementor - v3.18.0 - 08-12-2023 *\/\n.elementor-heading-title{padding:0;margin:0;line-height:1}.elementor-widget-heading .elementor-heading-title[class*=elementor-size-]>a{color:inherit;font-size:inherit;line-height:inherit}.elementor-widget-heading .elementor-heading-title.elementor-size-small{font-size:15px}.elementor-widget-heading .elementor-heading-title.elementor-size-medium{font-size:19px}.elementor-widget-heading .elementor-heading-title.elementor-size-large{font-size:29px}.elementor-widget-heading .elementor-heading-title.elementor-size-xl{font-size:39px}.elementor-widget-heading .elementor-heading-title.elementor-size-xxl{font-size:59px}<\/style><h1 class=\"elementor-heading-title elementor-size-default\">Pomocn\u00fd materi\u00e1l<\/h1>\t\t<\/div>\n\t\t\t\t<\/div>\n\t\t\t\t\t<\/div>\n\t\t\t\t<\/div>\n\t\t\t\t\t<\/div>\n\t\t\t\t<\/div>\n\t\t<div class=\"elementor-element elementor-element-7bd43ddd e-flex e-con-boxed e-con e-parent\" data-id=\"7bd43ddd\" data-element_type=\"container\" data-settings=\"{&quot;background_background&quot;:&quot;gradient&quot;,&quot;container_type&quot;:&quot;flex&quot;,&quot;content_width&quot;:&quot;boxed&quot;}\" data-core-v316-plus=\"true\">\n\t\t\t\t\t<div class=\"e-con-inner\">\n\t\t<div class=\"elementor-element elementor-element-5a2634d8 e-flex e-con-boxed e-con e-child\" data-id=\"5a2634d8\" data-element_type=\"container\" data-settings=\"{&quot;container_type&quot;:&quot;flex&quot;,&quot;content_width&quot;:&quot;boxed&quot;}\">\n\t\t\t\t\t<div class=\"e-con-inner\">\n\t\t\t\t<div class=\"elementor-element elementor-element-4099de5 elementor-widget elementor-widget-text-editor\" data-id=\"4099de5\" data-element_type=\"widget\" data-widget_type=\"text-editor.default\">\n\t\t\t\t<div class=\"elementor-widget-container\">\n\t\t\t<style>\/*! elementor - v3.18.0 - 08-12-2023 *\/\n.elementor-widget-text-editor.elementor-drop-cap-view-stacked .elementor-drop-cap{background-color:#69727d;color:#fff}.elementor-widget-text-editor.elementor-drop-cap-view-framed .elementor-drop-cap{color:#69727d;border:3px solid;background-color:transparent}.elementor-widget-text-editor:not(.elementor-drop-cap-view-default) .elementor-drop-cap{margin-top:8px}.elementor-widget-text-editor:not(.elementor-drop-cap-view-default) .elementor-drop-cap-letter{width:1em;height:1em}.elementor-widget-text-editor .elementor-drop-cap{float:left;text-align:center;line-height:1;font-size:50px}.elementor-widget-text-editor .elementor-drop-cap-letter{display:inline-block}<\/style>\t\t\t\t<p>V r\u00e1mci \u010fal\u0161\u00edch \u010dinnost\u00ed, ktor\u00e9 s\u00favisia s finaliz\u00e1ciou a balen\u00edm produkcie a samotnou pr\u00edpravou exped\u00edcie, pou\u017e\u00edvame r\u00f4zny pomocn\u00fd materi\u00e1l, napr. <strong>tesnenia na okenn\u00e9 profily, filtra\u010dn\u00e9 tkaniny, big-bagy, f\u00f3lie, palety, vrecia, at\u010f.<\/strong><\/p>\t\t\t\t\t\t<\/div>\n\t\t\t\t<\/div>\n\t\t\t\t\t<\/div>\n\t\t\t\t<\/div>\n\t\t<div class=\"elementor-element elementor-element-3fb419da e-flex e-con-boxed e-con e-child\" data-id=\"3fb419da\" data-element_type=\"container\" data-settings=\"{&quot;container_type&quot;:&quot;flex&quot;,&quot;content_width&quot;:&quot;boxed&quot;}\">\n\t\t\t\t\t<div class=\"e-con-inner\">\n\t\t\t\t<div class=\"elementor-element elementor-element-65c0fec2 elementor-widget elementor-widget-image\" data-id=\"65c0fec2\" data-element_type=\"widget\" id=\"add-mask-left\" data-widget_type=\"image.default\">\n\t\t\t\t<div class=\"elementor-widget-container\">\n\t\t\t<style>\/*! elementor - v3.18.0 - 08-12-2023 *\/\n.elementor-widget-image{text-align:center}.elementor-widget-image a{display:inline-block}.elementor-widget-image a img[src$=\".svg\"]{width:48px}.elementor-widget-image img{vertical-align:middle;display:inline-block}<\/style>\t\t\t\t\t\t\t\t\t\t\t\t<img fetchpriority=\"high\" decoding=\"async\" width=\"800\" height=\"533\" src=\"https:\/\/www.fortischem.sk\/wp-content\/uploads\/2023\/03\/show-image-1-1024x682.jpg\" class=\"attachment-large size-large wp-image-86\" alt=\"\" srcset=\"https:\/\/www.fortischem.sk\/wp-content\/uploads\/2023\/03\/show-image-1-1024x682.jpg 1024w, https:\/\/www.fortischem.sk\/wp-content\/uploads\/2023\/03\/show-image-1-300x200.jpg 300w, https:\/\/www.fortischem.sk\/wp-content\/uploads\/2023\/03\/show-image-1-768x511.jpg 768w, https:\/\/www.fortischem.sk\/wp-content\/uploads\/2023\/03\/show-image-1-1536x1022.jpg 1536w, https:\/\/www.fortischem.sk\/wp-content\/uploads\/2023\/03\/show-image-1.jpg 2048w\" sizes=\"(max-width: 800px) 100vw, 800px\" \/>\t\t\t\t\t\t\t\t\t\t\t\t\t\t\t<\/div>\n\t\t\t\t<\/div>\n\t\t\t\t\t<\/div>\n\t\t\t\t<\/div>\n\t\t\t\t\t<\/div>\n\t\t\t\t<\/div>\n\t\t<div class=\"elementor-element elementor-element-67110c0 e-flex e-con-boxed e-con e-parent\" data-id=\"67110c0\" data-element_type=\"container\" data-settings=\"{&quot;background_background&quot;:&quot;gradient&quot;,&quot;container_type&quot;:&quot;flex&quot;,&quot;content_width&quot;:&quot;boxed&quot;}\" data-core-v316-plus=\"true\">\n\t\t\t\t\t<div class=\"e-con-inner\">\n\t\t<div class=\"elementor-element elementor-element-52bed558 e-flex e-con-boxed e-con e-child\" data-id=\"52bed558\" data-element_type=\"container\" data-settings=\"{&quot;container_type&quot;:&quot;flex&quot;,&quot;content_width&quot;:&quot;boxed&quot;}\">\n\t\t\t\t\t<div class=\"e-con-inner\">\n\t\t\t\t<div class=\"elementor-element elementor-element-7238c95a elementor-widget elementor-widget-text-editor\" data-id=\"7238c95a\" data-element_type=\"widget\" data-widget_type=\"text-editor.default\">\n\t\t\t\t<div class=\"elementor-widget-container\">\n\t\t\t\t\t\t\t<p>Kancel\u00e1rsky materi\u00e1l<br \/>Laborat\u00f3rne sklo, pom\u00f4cky<br \/>Laborat\u00f3rne chemik\u00e1lie<br \/>Oleje, maziv\u00e1<br \/>Tla\u010div\u00e1<br \/>Obalov\u00fd materi\u00e1l<br \/>Hutn\u00fd materi\u00e1l<br \/>Elektro materi\u00e1l<br \/>Hygienicky materi\u00e1l<\/p>\t\t\t\t\t\t<\/div>\n\t\t\t\t<\/div>\n\t\t\t\t\t<\/div>\n\t\t\t\t<\/div>\n\t\t<div class=\"elementor-element elementor-element-42d908af e-flex e-con-boxed e-con e-child\" data-id=\"42d908af\" data-element_type=\"container\" data-settings=\"{&quot;container_type&quot;:&quot;flex&quot;,&quot;content_width&quot;:&quot;boxed&quot;}\">\n\t\t\t\t\t<div class=\"e-con-inner\">\n\t\t\t\t<div class=\"elementor-element elementor-element-187f9d9c elementor-widget elementor-widget-image\" data-id=\"187f9d9c\" data-element_type=\"widget\" data-widget_type=\"image.default\">\n\t\t\t\t<div class=\"elementor-widget-container\">\n\t\t\t\t\t\t\t\t\t\t\t\t\t\t\t<img decoding=\"async\" width=\"800\" height=\"447\" src=\"https:\/\/www.fortischem.sk\/wp-content\/uploads\/2023\/03\/show-image-10.jpg\" class=\"attachment-large size-large wp-image-318\" alt=\"\" srcset=\"https:\/\/www.fortischem.sk\/wp-content\/uploads\/2023\/03\/show-image-10.jpg 999w, https:\/\/www.fortischem.sk\/wp-content\/uploads\/2023\/03\/show-image-10-300x168.jpg 300w, https:\/\/www.fortischem.sk\/wp-content\/uploads\/2023\/03\/show-image-10-768x429.jpg 768w\" sizes=\"(max-width: 800px) 100vw, 800px\" \/>\t\t\t\t\t\t\t\t\t\t\t\t\t\t\t<\/div>\n\t\t\t\t<\/div>\n\t\t\t\t\t<\/div>\n\t\t\t\t<\/div>\n\t\t\t\t\t<\/div>\n\t\t\t\t<\/div>\n\t\t<div class=\"elementor-element elementor-element-f16e6c7 e-flex e-con-boxed e-con e-parent\" data-id=\"f16e6c7\" data-element_type=\"container\" data-settings=\"{&quot;background_background&quot;:&quot;gradient&quot;,&quot;container_type&quot;:&quot;flex&quot;,&quot;content_width&quot;:&quot;boxed&quot;}\" data-core-v316-plus=\"true\">\n\t\t\t\t\t<div class=\"e-con-inner\">\n\t\t<div class=\"elementor-element elementor-element-4c733126 e-flex e-con-boxed e-con e-child\" data-id=\"4c733126\" data-element_type=\"container\" data-settings=\"{&quot;container_type&quot;:&quot;flex&quot;,&quot;content_width&quot;:&quot;boxed&quot;}\">\n\t\t\t\t\t<div class=\"e-con-inner\">\n\t\t\t\t<div class=\"elementor-element elementor-element-6919938e elementor-widget elementor-widget-text-editor\" data-id=\"6919938e\" data-element_type=\"widget\" data-widget_type=\"text-editor.default\">\n\t\t\t\t<div class=\"elementor-widget-container\">\n\t\t\t\t\t\t\t<p>Ochrann\u00e9 pom\u00f4cky<br \/>V\u00fdpo\u010dtov\u00e1 technika<br \/>Papierov\u00e9 vrecia<br \/>F\u00f3lie<br \/>Filtra\u010dn\u00fd materi\u00e1l<br \/>Palety<br \/>Stavebn\u00fd materi\u00e1l<br \/>Pracovn\u00e9 n\u00e1radie<\/p>\t\t\t\t\t\t<\/div>\n\t\t\t\t<\/div>\n\t\t\t\t\t<\/div>\n\t\t\t\t<\/div>\n\t\t<div class=\"elementor-element elementor-element-3008932a e-flex e-con-boxed e-con e-child\" data-id=\"3008932a\" data-element_type=\"container\" data-settings=\"{&quot;container_type&quot;:&quot;flex&quot;,&quot;content_width&quot;:&quot;boxed&quot;}\">\n\t\t\t\t\t<div class=\"e-con-inner\">\n\t\t\t\t<div class=\"elementor-element elementor-element-5e6ae1d1 elementor-widget elementor-widget-image\" data-id=\"5e6ae1d1\" data-element_type=\"widget\" data-widget_type=\"image.default\">\n\t\t\t\t<div class=\"elementor-widget-container\">\n\t\t\t\t\t\t\t\t\t\t\t\t\t\t\t<img decoding=\"async\" width=\"800\" height=\"447\" src=\"https:\/\/www.fortischem.sk\/wp-content\/uploads\/2023\/03\/show-image-11.jpg\" class=\"attachment-large size-large wp-image-327\" alt=\"\" srcset=\"https:\/\/www.fortischem.sk\/wp-content\/uploads\/2023\/03\/show-image-11.jpg 999w, https:\/\/www.fortischem.sk\/wp-content\/uploads\/2023\/03\/show-image-11-300x168.jpg 300w, https:\/\/www.fortischem.sk\/wp-content\/uploads\/2023\/03\/show-image-11-768x429.jpg 768w\" sizes=\"(max-width: 800px) 100vw, 800px\" \/>\t\t\t\t\t\t\t\t\t\t\t\t\t\t\t<\/div>\n\t\t\t\t<\/div>\n\t\t\t\t\t<\/div>\n\t\t\t\t<\/div>\n\t\t\t\t\t<\/div>\n\t\t\t\t<\/div>\n\t\t<div class=\"elementor-element elementor-element-4cb8aede e-flex e-con-boxed e-con e-parent\" data-id=\"4cb8aede\" data-element_type=\"container\" data-settings=\"{&quot;background_background&quot;:&quot;gradient&quot;,&quot;container_type&quot;:&quot;flex&quot;,&quot;content_width&quot;:&quot;boxed&quot;}\" data-core-v316-plus=\"true\">\n\t\t\t\t\t<div class=\"e-con-inner\">\n\t\t<div class=\"elementor-element elementor-element-6a28ce59 e-flex e-con-boxed e-con e-child\" data-id=\"6a28ce59\" data-element_type=\"container\" data-settings=\"{&quot;container_type&quot;:&quot;flex&quot;,&quot;content_width&quot;:&quot;boxed&quot;}\">\n\t\t\t\t\t<div class=\"e-con-inner\">\n\t\t\t\t<div class=\"elementor-element elementor-element-4737555c elementor-widget elementor-widget-heading\" data-id=\"4737555c\" data-element_type=\"widget\" data-widget_type=\"heading.default\">\n\t\t\t\t<div class=\"elementor-widget-container\">\n\t\t\t<h2 class=\"elementor-heading-title elementor-size-default\">Chcete by\u0165 na\u0161im dod\u00e1vate\u013eom pomocn\u00e9ho materi\u00e1lu?<\/h2>\t\t<\/div>\n\t\t\t\t<\/div>\n\t\t\t\t<div class=\"elementor-element elementor-element-4812668e elementor-widget elementor-widget-text-editor\" data-id=\"4812668e\" data-element_type=\"widget\" data-widget_type=\"text-editor.default\">\n\t\t\t\t<div class=\"elementor-widget-container\">\n\t\t\t\t\t\t\t<p>Kontaktujte n\u00e1s: <a href=\"mailto:purchase@fortischem.sk\">purchase@fortischem.sk<\/a><\/p>\t\t\t\t\t\t<\/div>\n\t\t\t\t<\/div>\n\t\t\t\t\t<\/div>\n\t\t\t\t<\/div>\n\t\t<div class=\"elementor-element elementor-element-250fa317 e-flex e-con-boxed e-con e-child\" data-id=\"250fa317\" data-element_type=\"container\" data-settings=\"{&quot;container_type&quot;:&quot;flex&quot;,&quot;content_width&quot;:&quot;boxed&quot;}\">\n\t\t\t\t\t<div class=\"e-con-inner\">\n\t\t\t\t<div class=\"elementor-element elementor-element-731de1dd elementor-widget elementor-widget-image\" data-id=\"731de1dd\" data-element_type=\"widget\" data-widget_type=\"image.default\">\n\t\t\t\t<div class=\"elementor-widget-container\">\n\t\t\t\t\t\t\t\t\t\t\t\t\t\t\t<img loading=\"lazy\" decoding=\"async\" width=\"800\" height=\"447\" src=\"https:\/\/www.fortischem.sk\/wp-content\/uploads\/2023\/03\/show-image-1-1.jpg\" class=\"attachment-large size-large wp-image-208\" alt=\"\" srcset=\"https:\/\/www.fortischem.sk\/wp-content\/uploads\/2023\/03\/show-image-1-1.jpg 999w, https:\/\/www.fortischem.sk\/wp-content\/uploads\/2023\/03\/show-image-1-1-300x168.jpg 300w, https:\/\/www.fortischem.sk\/wp-content\/uploads\/2023\/03\/show-image-1-1-768x429.jpg 768w\" sizes=\"(max-width: 800px) 100vw, 800px\" \/>\t\t\t\t\t\t\t\t\t\t\t\t\t\t\t<\/div>\n\t\t\t\t<\/div>\n\t\t\t\t\t<\/div>\n\t\t\t\t<\/div>\n\t\t\t\t\t<\/div>\n\t\t\t\t<\/div>\n\t\t\t\t\t\t\t<\/div>\n\t\t","protected":false},"excerpt":{"rendered":"<p>\u00davodn\u00ed V r\u00e1mci \u010fal\u0161\u00edch \u010dinnost\u00ed, ktor\u00e9 s\u00favisia s finaliz\u00e1ciou a balen\u00edm produkcie a samotnou pr\u00edpravou exped\u00edcie, pou\u017e\u00edvame r\u00f4zny pomocn\u00fd materi\u00e1l, napr. tesnenia na okenn\u00e9 profily, filtra\u010dn\u00e9 tkaniny, big-bagy, f\u00f3lie, palety, vrecia, at\u010f. Kancel\u00e1rsky materi\u00e1lLaborat\u00f3rne sklo, pom\u00f4ckyLaborat\u00f3rne chemik\u00e1lieOleje, maziv\u00e1Tla\u010div\u00e1Obalov\u00fd materi\u00e1lHutn\u00fd materi\u00e1lElektro materi\u00e1lHygienicky materi\u00e1l Ochrann\u00e9 pom\u00f4ckyV\u00fdpo\u010dtov\u00e1 technikaPapierov\u00e9 vreciaF\u00f3lieFiltra\u010dn\u00fd materi\u00e1lPaletyStavebn\u00fd materi\u00e1lPracovn\u00e9 n\u00e1radie Chcete by\u0165 na\u0161im dod\u00e1vate\u013eom pomocn\u00e9ho materi\u00e1lu? [&hellip;]<\/p>\n","protected":false},"author":1,"featured_media":0,"parent":2018,"menu_order":0,"comment_status":"closed","ping_status":"closed","template":"","meta":{"_seopress_robots_primary_cat":"","footnotes":""},"class_list":["post-2022","page","type-page","status-publish","hentry"],"acf":[],"_links":{"self":[{"href":"https:\/\/www.fortischem.sk\/sk\/wp-json\/wp\/v2\/pages\/2022","targetHints":{"allow":["GET"]}}],"collection":[{"href":"https:\/\/www.fortischem.sk\/sk\/wp-json\/wp\/v2\/pages"}],"about":[{"href":"https:\/\/www.fortischem.sk\/sk\/wp-json\/wp\/v2\/types\/page"}],"author":[{"embeddable":true,"href":"https:\/\/www.fortischem.sk\/sk\/wp-json\/wp\/v2\/users\/1"}],"replies":[{"embeddable":true,"href":"https:\/\/www.fortischem.sk\/sk\/wp-json\/wp\/v2\/comments?post=2022"}],"version-history":[{"count":0,"href":"https:\/\/www.fortischem.sk\/sk\/wp-json\/wp\/v2\/pages\/2022\/revisions"}],"up":[{"embeddable":true,"href":"https:\/\/www.fortischem.sk\/sk\/wp-json\/wp\/v2\/pages\/2018"}],"wp:attachment":[{"href":"https:\/\/www.fortischem.sk\/sk\/wp-json\/wp\/v2\/media?parent=2022"}],"curies":[{"name":"wp","href":"https:\/\/api.w.org\/{rel}","templated":true}]}}