{"id":2020,"date":"2023-05-18T13:23:32","date_gmt":"2023-05-18T11:23:32","guid":{"rendered":"http:\/\/www.fortischem.sk\/?page_id=2020"},"modified":"2023-06-22T14:03:44","modified_gmt":"2023-06-22T12:03:44","slug":"suroviny","status":"publish","type":"page","link":"https:\/\/www.fortischem.sk\/sk\/dodavatelia\/suroviny\/","title":{"rendered":"Suroviny"},"content":{"rendered":"\t\t<div data-elementor-type=\"wp-page\" data-elementor-id=\"2020\" class=\"elementor elementor-2020\" data-elementor-post-type=\"page\">\n\t\t\t\t\t\t\t<div data-dce-background-image-url=\"https:\/\/www.fortischem.sk\/wp-content\/uploads\/2023\/03\/show-image-9.jpg\" class=\"elementor-element elementor-element-4f6baf8 e-con-full e-flex e-con e-parent\" data-id=\"4f6baf8\" data-element_type=\"container\" data-settings=\"{&quot;content_width&quot;:&quot;full&quot;,&quot;background_background&quot;:&quot;classic&quot;,&quot;container_type&quot;:&quot;flex&quot;}\" data-e-bg-lazyload=\"\" data-core-v316-plus=\"true\">\n\t\t\t\t<\/div>\n\t\t<div class=\"elementor-element elementor-element-4439b337 e-flex e-con-boxed e-con e-parent\" data-id=\"4439b337\" data-element_type=\"container\" data-settings=\"{&quot;background_background&quot;:&quot;classic&quot;,&quot;container_type&quot;:&quot;flex&quot;,&quot;content_width&quot;:&quot;boxed&quot;}\" data-core-v316-plus=\"true\">\n\t\t\t\t\t<div class=\"e-con-inner\">\n\t\t<div class=\"elementor-element elementor-element-51481796 e-flex e-con-boxed e-con e-child\" data-id=\"51481796\" data-element_type=\"container\" data-settings=\"{&quot;container_type&quot;:&quot;flex&quot;,&quot;content_width&quot;:&quot;boxed&quot;}\">\n\t\t\t\t\t<div class=\"e-con-inner\">\n\t\t\t\t<div class=\"elementor-element elementor-element-3b0e4547 elementor-widget elementor-widget-sp-breadcrumbs\" data-id=\"3b0e4547\" data-element_type=\"widget\" data-widget_type=\"sp-breadcrumbs.default\">\n\t\t\t\t<div class=\"elementor-widget-container\">\n\t\t\t<nav  aria-label=\"breadcrumb\"><ol class=\"breadcrumb\" itemscope itemtype=\"https:\/\/schema.org\/BreadcrumbList\"><li class=\"breadcrumb-item active\" aria-current=\"page\" itemprop=\"itemListElement\" itemscope itemtype=\"https:\/\/schema.org\/ListItem\"><span itemprop=\"name\">\u00davodn\u00e9<\/span><meta itemprop=\"position\" content=\"1\"><\/li><\/ol><\/nav>\t\t<\/div>\n\t\t\t\t<\/div>\n\t\t\t\t<div class=\"elementor-element elementor-element-224a5504 elementor-widget elementor-widget-heading\" data-id=\"224a5504\" data-element_type=\"widget\" data-widget_type=\"heading.default\">\n\t\t\t\t<div class=\"elementor-widget-container\">\n\t\t\t<style>\/*! elementor - v3.18.0 - 08-12-2023 *\/\n.elementor-heading-title{padding:0;margin:0;line-height:1}.elementor-widget-heading .elementor-heading-title[class*=elementor-size-]>a{color:inherit;font-size:inherit;line-height:inherit}.elementor-widget-heading .elementor-heading-title.elementor-size-small{font-size:15px}.elementor-widget-heading .elementor-heading-title.elementor-size-medium{font-size:19px}.elementor-widget-heading .elementor-heading-title.elementor-size-large{font-size:29px}.elementor-widget-heading .elementor-heading-title.elementor-size-xl{font-size:39px}.elementor-widget-heading .elementor-heading-title.elementor-size-xxl{font-size:59px}<\/style><h1 class=\"elementor-heading-title elementor-size-default\">Suroviny<\/h1>\t\t<\/div>\n\t\t\t\t<\/div>\n\t\t\t\t\t<\/div>\n\t\t\t\t<\/div>\n\t\t\t\t\t<\/div>\n\t\t\t\t<\/div>\n\t\t<div class=\"elementor-element elementor-element-7915f1e5 e-flex e-con-boxed e-con e-parent\" data-id=\"7915f1e5\" data-element_type=\"container\" data-settings=\"{&quot;background_background&quot;:&quot;gradient&quot;,&quot;container_type&quot;:&quot;flex&quot;,&quot;content_width&quot;:&quot;boxed&quot;}\" data-core-v316-plus=\"true\">\n\t\t\t\t\t<div class=\"e-con-inner\">\n\t\t<div class=\"elementor-element elementor-element-3b80d321 e-flex e-con-boxed e-con e-child\" data-id=\"3b80d321\" data-element_type=\"container\" data-settings=\"{&quot;container_type&quot;:&quot;flex&quot;,&quot;content_width&quot;:&quot;boxed&quot;}\">\n\t\t\t\t\t<div class=\"e-con-inner\">\n\t\t\t\t<div class=\"elementor-element elementor-element-50ba6f8e elementor-widget elementor-widget-text-editor\" data-id=\"50ba6f8e\" data-element_type=\"widget\" data-widget_type=\"text-editor.default\">\n\t\t\t\t<div class=\"elementor-widget-container\">\n\t\t\t<style>\/*! elementor - v3.18.0 - 08-12-2023 *\/\n.elementor-widget-text-editor.elementor-drop-cap-view-stacked .elementor-drop-cap{background-color:#69727d;color:#fff}.elementor-widget-text-editor.elementor-drop-cap-view-framed .elementor-drop-cap{color:#69727d;border:3px solid;background-color:transparent}.elementor-widget-text-editor:not(.elementor-drop-cap-view-default) .elementor-drop-cap{margin-top:8px}.elementor-widget-text-editor:not(.elementor-drop-cap-view-default) .elementor-drop-cap-letter{width:1em;height:1em}.elementor-widget-text-editor .elementor-drop-cap{float:left;text-align:center;line-height:1;font-size:50px}.elementor-widget-text-editor .elementor-drop-cap-letter{display:inline-block}<\/style>\t\t\t\tV procesoch chemickej technol\u00f3gie a v\u00fdroby sa pou\u017e\u00edva \u0161irok\u00e9 surovinov\u00e9 portf\u00f3lio, ktor\u00e9 predstavuj\u00fa anorganick\u00e9 a organick\u00e9 chemick\u00e9 l\u00e1tky a ich zmesi, r\u00f4zne polym\u00e9ry a monom\u00e9ry, at\u010f. Najd\u00f4le\u017eitej\u0161ie suroviny s\u00fa uveden\u00e9 v zozname pod\u013ea abecedy:\t\t\t\t\t\t<\/div>\n\t\t\t\t<\/div>\n\t\t\t\t\t<\/div>\n\t\t\t\t<\/div>\n\t\t<div class=\"elementor-element elementor-element-25d3a6d8 e-flex e-con-boxed e-con e-child\" data-id=\"25d3a6d8\" data-element_type=\"container\" data-settings=\"{&quot;container_type&quot;:&quot;flex&quot;,&quot;content_width&quot;:&quot;boxed&quot;}\">\n\t\t\t\t\t<div class=\"e-con-inner\">\n\t\t\t\t<div class=\"elementor-element elementor-element-6783e921 elementor-widget elementor-widget-image\" data-id=\"6783e921\" data-element_type=\"widget\" id=\"add-mask-left\" data-widget_type=\"image.default\">\n\t\t\t\t<div class=\"elementor-widget-container\">\n\t\t\t<style>\/*! elementor - v3.18.0 - 08-12-2023 *\/\n.elementor-widget-image{text-align:center}.elementor-widget-image a{display:inline-block}.elementor-widget-image a img[src$=\".svg\"]{width:48px}.elementor-widget-image img{vertical-align:middle;display:inline-block}<\/style>\t\t\t\t\t\t\t\t\t\t\t\t<img fetchpriority=\"high\" decoding=\"async\" width=\"800\" height=\"533\" src=\"https:\/\/www.fortischem.sk\/wp-content\/uploads\/2023\/03\/show-image-1-1024x682.jpg\" class=\"attachment-large size-large wp-image-86\" alt=\"\" srcset=\"https:\/\/www.fortischem.sk\/wp-content\/uploads\/2023\/03\/show-image-1-1024x682.jpg 1024w, https:\/\/www.fortischem.sk\/wp-content\/uploads\/2023\/03\/show-image-1-300x200.jpg 300w, https:\/\/www.fortischem.sk\/wp-content\/uploads\/2023\/03\/show-image-1-768x511.jpg 768w, https:\/\/www.fortischem.sk\/wp-content\/uploads\/2023\/03\/show-image-1-1536x1022.jpg 1536w, https:\/\/www.fortischem.sk\/wp-content\/uploads\/2023\/03\/show-image-1.jpg 2048w\" sizes=\"(max-width: 800px) 100vw, 800px\" \/>\t\t\t\t\t\t\t\t\t\t\t\t\t\t\t<\/div>\n\t\t\t\t<\/div>\n\t\t\t\t\t<\/div>\n\t\t\t\t<\/div>\n\t\t\t\t\t<\/div>\n\t\t\t\t<\/div>\n\t\t<div class=\"elementor-element elementor-element-dee8837 e-flex e-con-boxed e-con e-parent\" data-id=\"dee8837\" data-element_type=\"container\" data-settings=\"{&quot;background_background&quot;:&quot;gradient&quot;,&quot;container_type&quot;:&quot;flex&quot;,&quot;content_width&quot;:&quot;boxed&quot;}\" data-core-v316-plus=\"true\">\n\t\t\t\t\t<div class=\"e-con-inner\">\n\t\t<div class=\"elementor-element elementor-element-d42048a e-flex e-con-boxed e-con e-child\" data-id=\"d42048a\" data-element_type=\"container\" data-settings=\"{&quot;container_type&quot;:&quot;flex&quot;,&quot;content_width&quot;:&quot;boxed&quot;}\">\n\t\t\t\t\t<div class=\"e-con-inner\">\n\t\t\t\t<div class=\"elementor-element elementor-element-d9f952e elementor-widget elementor-widget-text-editor\" data-id=\"d9f952e\" data-element_type=\"widget\" data-widget_type=\"text-editor.default\">\n\t\t\t\t<div class=\"elementor-widget-container\">\n\t\t\t\t\t\t\t<p>Acet\u00f3n<br \/>Akt\u00edvne uhlie<br \/>Amoniak<br \/>Antiinkrusta\u010dn\u00e9 prostriedky<br \/>Bioc\u00eddy \u2013 fosfon\u00e1ty<br \/>Blok\u00e1tory pre riedenie organick\u00fdch peroxidov<br \/>\u010cinidl\u00e1 na \u00fapravu v\u00f4d<br \/>Dietanolam\u00edn<br \/>Disperga\u010dn\u00e9 prostriedky<br \/>Emulg\u00e1tory (surfaktanty) pre v\u00fdrobu E-PVC<br \/>Etyl\u00e9n<br \/>Etyl\u00e9ndiam\u00edn<br \/>Etyl\u00e9noxid<br \/>Farbiv\u00e1 pre plastov\u00fd priemysel<br \/>Flokula\u010dn\u00e9 a koagula\u010dn\u00e9 prostriedky<br \/>Hydroxid draseln\u00fd<br \/>Kyselina fosfore\u010dn\u00e1<br \/>Kyselina s\u00edrov\u00e1<br \/>Koksy<\/p>\t\t\t\t\t\t<\/div>\n\t\t\t\t<\/div>\n\t\t\t\t\t<\/div>\n\t\t\t\t<\/div>\n\t\t<div class=\"elementor-element elementor-element-40dfc29 e-flex e-con-boxed e-con e-child\" data-id=\"40dfc29\" data-element_type=\"container\" data-settings=\"{&quot;container_type&quot;:&quot;flex&quot;,&quot;content_width&quot;:&quot;boxed&quot;}\">\n\t\t\t\t\t<div class=\"e-con-inner\">\n\t\t\t\t<div class=\"elementor-element elementor-element-0b0f05b elementor-widget elementor-widget-text-editor\" data-id=\"0b0f05b\" data-element_type=\"widget\" data-widget_type=\"text-editor.default\">\n\t\t\t\t<div class=\"elementor-widget-container\">\n\t\t\t\t\t\t\t<p>Maziv\u00e1 pre PVC<br \/>Modifik\u00e1tory h\u00fa\u017eevnatosti<br \/>Nafta a oleje<br \/>Nonylfenol<br \/>Odpe\u0148ova\u010de<br \/>Ochrann\u00e9 koloidy pri v\u00fdrobe SPVC a kopolym\u00e9rov<br \/>Paraformaldehyd<br \/>Polym\u00e9rne adit\u00edva<br \/>Polymeriza\u010dn\u00e9 inici\u00e1tory pri v\u00fdrobe PVC<br \/>Propyl\u00e9noxid<br \/>Sachar\u00f3za<br \/>Sodn\u00e1 so\u013e<br \/>Stop\u00e9ry polymeriz\u00e1cie a Antioxidanty<br \/>Termick\u00e9 stabiliz\u00e1tory PVC<br \/>Trichl\u00f3retyl\u00e9n<br \/>Uhli\u010ditan sodn\u00fd<br \/>V\u00e1pno<br \/>Vinylacet\u00e1t<br \/>Xyl\u00e9n<\/p>\t\t\t\t\t\t<\/div>\n\t\t\t\t<\/div>\n\t\t\t\t\t<\/div>\n\t\t\t\t<\/div>\n\t\t\t\t\t<\/div>\n\t\t\t\t<\/div>\n\t\t<div class=\"elementor-element elementor-element-59f738df e-flex e-con-boxed e-con e-parent\" data-id=\"59f738df\" data-element_type=\"container\" data-settings=\"{&quot;background_background&quot;:&quot;gradient&quot;,&quot;container_type&quot;:&quot;flex&quot;,&quot;content_width&quot;:&quot;boxed&quot;}\" data-core-v316-plus=\"true\">\n\t\t\t\t\t<div class=\"e-con-inner\">\n\t\t<div class=\"elementor-element elementor-element-42f7b94b e-flex e-con-boxed e-con e-child\" data-id=\"42f7b94b\" data-element_type=\"container\" data-settings=\"{&quot;container_type&quot;:&quot;flex&quot;,&quot;content_width&quot;:&quot;boxed&quot;}\">\n\t\t\t\t\t<div class=\"e-con-inner\">\n\t\t\t\t<div class=\"elementor-element elementor-element-6cb8904a elementor-widget elementor-widget-heading\" data-id=\"6cb8904a\" data-element_type=\"widget\" data-widget_type=\"heading.default\">\n\t\t\t\t<div class=\"elementor-widget-container\">\n\t\t\t<h2 class=\"elementor-heading-title elementor-size-default\">Chcete by\u0165 na\u0161im dod\u00e1vate\u013eom suroviny?<\/h2>\t\t<\/div>\n\t\t\t\t<\/div>\n\t\t\t\t<div class=\"elementor-element elementor-element-1b170426 elementor-widget elementor-widget-text-editor\" data-id=\"1b170426\" data-element_type=\"widget\" data-widget_type=\"text-editor.default\">\n\t\t\t\t<div class=\"elementor-widget-container\">\n\t\t\t\t\t\t\t<p>Kontaktujte n\u00e1s: <a href=\"mailto:purchase@fortischem.sk\">purchase@fortischem.sk<\/a><\/p>\t\t\t\t\t\t<\/div>\n\t\t\t\t<\/div>\n\t\t\t\t\t<\/div>\n\t\t\t\t<\/div>\n\t\t<div class=\"elementor-element elementor-element-7ff4a5dd e-flex e-con-boxed e-con e-child\" data-id=\"7ff4a5dd\" data-element_type=\"container\" data-settings=\"{&quot;container_type&quot;:&quot;flex&quot;,&quot;content_width&quot;:&quot;boxed&quot;}\">\n\t\t\t\t\t<div class=\"e-con-inner\">\n\t\t\t\t<div class=\"elementor-element elementor-element-58dfc6c8 elementor-widget elementor-widget-image\" data-id=\"58dfc6c8\" data-element_type=\"widget\" data-widget_type=\"image.default\">\n\t\t\t\t<div class=\"elementor-widget-container\">\n\t\t\t\t\t\t\t\t\t\t\t\t\t\t\t<img decoding=\"async\" width=\"800\" height=\"447\" src=\"https:\/\/www.fortischem.sk\/wp-content\/uploads\/2023\/03\/show-image-1-1.jpg\" class=\"attachment-large size-large wp-image-208\" alt=\"\" srcset=\"https:\/\/www.fortischem.sk\/wp-content\/uploads\/2023\/03\/show-image-1-1.jpg 999w, https:\/\/www.fortischem.sk\/wp-content\/uploads\/2023\/03\/show-image-1-1-300x168.jpg 300w, https:\/\/www.fortischem.sk\/wp-content\/uploads\/2023\/03\/show-image-1-1-768x429.jpg 768w\" sizes=\"(max-width: 800px) 100vw, 800px\" \/>\t\t\t\t\t\t\t\t\t\t\t\t\t\t\t<\/div>\n\t\t\t\t<\/div>\n\t\t\t\t\t<\/div>\n\t\t\t\t<\/div>\n\t\t\t\t\t<\/div>\n\t\t\t\t<\/div>\n\t\t\t\t\t\t\t<\/div>\n\t\t","protected":false},"excerpt":{"rendered":"<p>\u00davodn\u00ed V procesoch chemickej technol\u00f3gie a v\u00fdroby sa pou\u017e\u00edva \u0161irok\u00e9 surovinov\u00e9 portf\u00f3lio, ktor\u00e9 predstavuj\u00fa anorganick\u00e9 a organick\u00e9 chemick\u00e9 l\u00e1tky a ich zmesi, r\u00f4zne polym\u00e9ry a monom\u00e9ry, at\u010f. Najd\u00f4le\u017eitej\u0161ie suroviny s\u00fa uveden\u00e9 v zozname pod\u013ea abecedy: Acet\u00f3nAkt\u00edvne uhlieAmoniakAntiinkrusta\u010dn\u00e9 prostriedkyBioc\u00eddy \u2013 fosfon\u00e1tyBlok\u00e1tory pre riedenie organick\u00fdch peroxidov\u010cinidl\u00e1 na \u00fapravu v\u00f4dDietanolam\u00ednDisperga\u010dn\u00e9 prostriedkyEmulg\u00e1tory (surfaktanty) pre v\u00fdrobu E-PVCEtyl\u00e9nEtyl\u00e9ndiam\u00ednEtyl\u00e9noxidFarbiv\u00e1 pre plastov\u00fd priemyselFlokula\u010dn\u00e9 [&hellip;]<\/p>\n","protected":false},"author":1,"featured_media":0,"parent":2018,"menu_order":0,"comment_status":"closed","ping_status":"closed","template":"","meta":{"_seopress_robots_primary_cat":"","footnotes":""},"class_list":["post-2020","page","type-page","status-publish","hentry"],"acf":[],"_links":{"self":[{"href":"https:\/\/www.fortischem.sk\/sk\/wp-json\/wp\/v2\/pages\/2020","targetHints":{"allow":["GET"]}}],"collection":[{"href":"https:\/\/www.fortischem.sk\/sk\/wp-json\/wp\/v2\/pages"}],"about":[{"href":"https:\/\/www.fortischem.sk\/sk\/wp-json\/wp\/v2\/types\/page"}],"author":[{"embeddable":true,"href":"https:\/\/www.fortischem.sk\/sk\/wp-json\/wp\/v2\/users\/1"}],"replies":[{"embeddable":true,"href":"https:\/\/www.fortischem.sk\/sk\/wp-json\/wp\/v2\/comments?post=2020"}],"version-history":[{"count":0,"href":"https:\/\/www.fortischem.sk\/sk\/wp-json\/wp\/v2\/pages\/2020\/revisions"}],"up":[{"embeddable":true,"href":"https:\/\/www.fortischem.sk\/sk\/wp-json\/wp\/v2\/pages\/2018"}],"wp:attachment":[{"href":"https:\/\/www.fortischem.sk\/sk\/wp-json\/wp\/v2\/media?parent=2020"}],"curies":[{"name":"wp","href":"https:\/\/api.w.org\/{rel}","templated":true}]}}