{"id":2008,"date":"2023-05-18T13:16:01","date_gmt":"2023-05-18T11:16:01","guid":{"rendered":"http:\/\/www.fortischem.sk\/?page_id=2008"},"modified":"2025-02-27T09:43:25","modified_gmt":"2025-02-27T08:43:25","slug":"tepelna-energetika","status":"publish","type":"page","link":"https:\/\/www.fortischem.sk\/sk\/energetika\/tepelna-energetika\/","title":{"rendered":"Tepeln\u00e1 energetika"},"content":{"rendered":"\t\t<div data-elementor-type=\"wp-page\" data-elementor-id=\"2008\" class=\"elementor elementor-2008\" data-elementor-post-type=\"page\">\n\t\t\t\t\t\t\t<div data-dce-background-image-url=\"https:\/\/www.fortischem.sk\/wp-content\/uploads\/2024\/04\/web-stranka-8-scaled.jpg\" class=\"elementor-element elementor-element-6997e205 e-con-full e-flex e-con e-parent\" data-id=\"6997e205\" data-element_type=\"container\" data-settings=\"{&quot;content_width&quot;:&quot;full&quot;,&quot;background_background&quot;:&quot;classic&quot;,&quot;container_type&quot;:&quot;flex&quot;}\" data-e-bg-lazyload=\"\" data-core-v316-plus=\"true\">\n\t\t\t\t<\/div>\n\t\t<div class=\"elementor-element elementor-element-579870fa e-flex e-con-boxed e-con e-parent\" data-id=\"579870fa\" data-element_type=\"container\" data-settings=\"{&quot;background_background&quot;:&quot;classic&quot;,&quot;container_type&quot;:&quot;flex&quot;,&quot;content_width&quot;:&quot;boxed&quot;}\" data-core-v316-plus=\"true\">\n\t\t\t\t\t<div class=\"e-con-inner\">\n\t\t<div class=\"elementor-element elementor-element-4097fa38 e-flex e-con-boxed e-con e-child\" data-id=\"4097fa38\" data-element_type=\"container\" data-settings=\"{&quot;container_type&quot;:&quot;flex&quot;,&quot;content_width&quot;:&quot;boxed&quot;}\">\n\t\t\t\t\t<div class=\"e-con-inner\">\n\t\t\t\t<div class=\"elementor-element elementor-element-58678443 elementor-widget elementor-widget-sp-breadcrumbs\" data-id=\"58678443\" data-element_type=\"widget\" data-widget_type=\"sp-breadcrumbs.default\">\n\t\t\t\t<div class=\"elementor-widget-container\">\n\t\t\t<nav  aria-label=\"breadcrumb\"><ol class=\"breadcrumb\" itemscope itemtype=\"https:\/\/schema.org\/BreadcrumbList\"><li class=\"breadcrumb-item active\" aria-current=\"page\" itemprop=\"itemListElement\" itemscope itemtype=\"https:\/\/schema.org\/ListItem\"><span itemprop=\"name\">\u00davodn\u00e9<\/span><meta itemprop=\"position\" content=\"1\"><\/li><\/ol><\/nav>\t\t<\/div>\n\t\t\t\t<\/div>\n\t\t\t\t<div class=\"elementor-element elementor-element-2d84d4cf elementor-widget elementor-widget-heading\" data-id=\"2d84d4cf\" data-element_type=\"widget\" data-widget_type=\"heading.default\">\n\t\t\t\t<div class=\"elementor-widget-container\">\n\t\t\t<style>\/*! elementor - v3.18.0 - 08-12-2023 *\/\n.elementor-heading-title{padding:0;margin:0;line-height:1}.elementor-widget-heading .elementor-heading-title[class*=elementor-size-]>a{color:inherit;font-size:inherit;line-height:inherit}.elementor-widget-heading .elementor-heading-title.elementor-size-small{font-size:15px}.elementor-widget-heading .elementor-heading-title.elementor-size-medium{font-size:19px}.elementor-widget-heading .elementor-heading-title.elementor-size-large{font-size:29px}.elementor-widget-heading .elementor-heading-title.elementor-size-xl{font-size:39px}.elementor-widget-heading .elementor-heading-title.elementor-size-xxl{font-size:59px}<\/style><h1 class=\"elementor-heading-title elementor-size-default\">Tepeln\u00e1 energetika<\/h1>\t\t<\/div>\n\t\t\t\t<\/div>\n\t\t\t\t\t<\/div>\n\t\t\t\t<\/div>\n\t\t\t\t\t<\/div>\n\t\t\t\t<\/div>\n\t\t<div class=\"elementor-element elementor-element-444feb97 e-flex e-con-boxed e-con e-parent\" data-id=\"444feb97\" data-element_type=\"container\" data-settings=\"{&quot;background_background&quot;:&quot;gradient&quot;,&quot;container_type&quot;:&quot;flex&quot;,&quot;content_width&quot;:&quot;boxed&quot;}\" data-core-v316-plus=\"true\">\n\t\t\t\t\t<div class=\"e-con-inner\">\n\t\t<div class=\"elementor-element elementor-element-27c63711 e-con-full e-flex e-con e-child\" data-id=\"27c63711\" data-element_type=\"container\" data-settings=\"{&quot;content_width&quot;:&quot;full&quot;,&quot;container_type&quot;:&quot;flex&quot;}\">\n\t\t\t\t<div class=\"elementor-element elementor-element-6945cba3 elementor-widget__width-initial elementor-widget elementor-widget-text-editor\" data-id=\"6945cba3\" data-element_type=\"widget\" data-widget_type=\"text-editor.default\">\n\t\t\t\t<div class=\"elementor-widget-container\">\n\t\t\t<style>\/*! elementor - v3.18.0 - 08-12-2023 *\/\n.elementor-widget-text-editor.elementor-drop-cap-view-stacked .elementor-drop-cap{background-color:#69727d;color:#fff}.elementor-widget-text-editor.elementor-drop-cap-view-framed .elementor-drop-cap{color:#69727d;border:3px solid;background-color:transparent}.elementor-widget-text-editor:not(.elementor-drop-cap-view-default) .elementor-drop-cap{margin-top:8px}.elementor-widget-text-editor:not(.elementor-drop-cap-view-default) .elementor-drop-cap-letter{width:1em;height:1em}.elementor-widget-text-editor .elementor-drop-cap{float:left;text-align:center;line-height:1;font-size:50px}.elementor-widget-text-editor .elementor-drop-cap-letter{display:inline-block}<\/style>\t\t\t\t<p>Spolo\u010dnos\u0165 FORTISCHEM a. s. v oblasti tepelnej energetiky v zmysle z\u00e1kona 657\/2004 o tepelnej energetike, z\u00e1kona o regul\u00e1ci\u00ed 250\/2012 a v znen\u00ed neskor\u0161\u00edch predpisov podnik\u00e1 v rozsahu v\u00fdroba tepla a rozvod tepla.<\/p>\n<p>Ako prev\u00e1dzkovate\u013e tepeln\u00fdch rozvodov a zariaden\u00ed je povinn\u00fd zabezpe\u010di\u0165 nediskrimina\u010dn\u00fd, transparentn\u00fd, bezpe\u010dn\u00fd pr\u00edstup, pripojenie a prev\u00e1dzkovanie s\u00fastavy tepeln\u00fdch zariaden\u00ed.<\/p>\t\t\t\t\t\t<\/div>\n\t\t\t\t<\/div>\n\t\t\t\t<div class=\"elementor-element elementor-element-b9ee9b7 elementor-widget elementor-widget-button\" data-id=\"b9ee9b7\" data-element_type=\"widget\" data-widget_type=\"button.default\">\n\t\t\t\t<div class=\"elementor-widget-container\">\n\t\t\t\t\t<div class=\"elementor-button-wrapper\">\n\t\t\t<a class=\"elementor-button elementor-button-link elementor-size-sm\" href=\"\/wp-content\/uploads\/2023\/05\/povolenieteplo.pdf\">\n\t\t\t\t\t\t<span class=\"elementor-button-content-wrapper\">\n\t\t\t\t\t\t<span class=\"elementor-button-text\">Povolenie<\/span>\n\t\t<\/span>\n\t\t\t\t\t<\/a>\n\t\t<\/div>\n\t\t\t\t<\/div>\n\t\t\t\t<\/div>\n\t\t\t\t<\/div>\n\t\t<div class=\"elementor-element elementor-element-3a5fee33 e-flex e-con-boxed e-con e-child\" data-id=\"3a5fee33\" data-element_type=\"container\" data-settings=\"{&quot;container_type&quot;:&quot;flex&quot;,&quot;content_width&quot;:&quot;boxed&quot;}\">\n\t\t\t\t\t<div class=\"e-con-inner\">\n\t\t\t\t<div class=\"elementor-element elementor-element-32c39d93 elementor-widget elementor-widget-image\" data-id=\"32c39d93\" data-element_type=\"widget\" id=\"add-mask-left\" data-widget_type=\"image.default\">\n\t\t\t\t<div class=\"elementor-widget-container\">\n\t\t\t<style>\/*! elementor - v3.18.0 - 08-12-2023 *\/\n.elementor-widget-image{text-align:center}.elementor-widget-image a{display:inline-block}.elementor-widget-image a img[src$=\".svg\"]{width:48px}.elementor-widget-image img{vertical-align:middle;display:inline-block}<\/style>\t\t\t\t\t\t\t\t\t\t\t\t<img fetchpriority=\"high\" decoding=\"async\" width=\"768\" height=\"768\" src=\"https:\/\/www.fortischem.sk\/wp-content\/uploads\/2023\/05\/VHA6684-2-768x768.jpg\" class=\"attachment-medium_large size-medium_large wp-image-2325\" alt=\"\" srcset=\"https:\/\/www.fortischem.sk\/wp-content\/uploads\/2023\/05\/VHA6684-2-768x768.jpg 768w, https:\/\/www.fortischem.sk\/wp-content\/uploads\/2023\/05\/VHA6684-2-300x300.jpg 300w, https:\/\/www.fortischem.sk\/wp-content\/uploads\/2023\/05\/VHA6684-2-1024x1024.jpg 1024w, https:\/\/www.fortischem.sk\/wp-content\/uploads\/2023\/05\/VHA6684-2-150x150.jpg 150w, https:\/\/www.fortischem.sk\/wp-content\/uploads\/2023\/05\/VHA6684-2.jpg 1365w\" sizes=\"(max-width: 768px) 100vw, 768px\" \/>\t\t\t\t\t\t\t\t\t\t\t\t\t\t\t<\/div>\n\t\t\t\t<\/div>\n\t\t\t\t\t<\/div>\n\t\t\t\t<\/div>\n\t\t\t\t\t<\/div>\n\t\t\t\t<\/div>\n\t\t<div class=\"elementor-element elementor-element-6550d1d e-flex e-con-boxed e-con e-parent\" data-id=\"6550d1d\" data-element_type=\"container\" data-settings=\"{&quot;container_type&quot;:&quot;flex&quot;,&quot;content_width&quot;:&quot;boxed&quot;}\" data-core-v316-plus=\"true\">\n\t\t\t\t\t<div class=\"e-con-inner\">\n\t\t\t\t<div class=\"elementor-element elementor-element-a996154 elementor-widget elementor-widget-heading\" data-id=\"a996154\" data-element_type=\"widget\" data-widget_type=\"heading.default\">\n\t\t\t\t<div class=\"elementor-widget-container\">\n\t\t\t<h2 class=\"elementor-heading-title elementor-size-default\">Technick\u00e9 podmienky<\/h2>\t\t<\/div>\n\t\t\t\t<\/div>\n\t\t\t\t\t<\/div>\n\t\t\t\t<\/div>\n\t\t<div class=\"elementor-element elementor-element-35309b24 e-flex e-con-boxed e-con e-parent\" data-id=\"35309b24\" data-element_type=\"container\" data-settings=\"{&quot;background_background&quot;:&quot;classic&quot;,&quot;container_type&quot;:&quot;flex&quot;,&quot;content_width&quot;:&quot;boxed&quot;}\" data-core-v316-plus=\"true\">\n\t\t\t\t\t<div class=\"e-con-inner\">\n\t\t<div class=\"elementor-element elementor-element-47d6001c e-flex e-con-boxed e-con e-child\" data-id=\"47d6001c\" data-element_type=\"container\" data-settings=\"{&quot;container_type&quot;:&quot;flex&quot;,&quot;content_width&quot;:&quot;boxed&quot;}\">\n\t\t\t\t\t<div class=\"e-con-inner\">\n\t\t\t\t<div class=\"elementor-element elementor-element-1ab17e8e elementor-widget elementor-widget-text-editor\" data-id=\"1ab17e8e\" data-element_type=\"widget\" data-widget_type=\"text-editor.default\">\n\t\t\t\t<div class=\"elementor-widget-container\">\n\t\t\t\t\t\t\t<p><strong>Kvalitat\u00edvne parametre dod\u00e1vky tepla v rozvodoch s\u00fa:<\/strong><\/p><ul><li><strong>para 0,6 MPa:<\/strong>\u00a0teplota v rozmedz\u00ed 150 \u00b0C a\u017e 242 \u00b0C; pretlak v rozmedz\u00ed 0,40 MPa a\u017e 0,55 MPa<\/li><li><strong>para 2,1 MPa:<\/strong>\u00a0teplota v rozmedz\u00ed 210 \u00b0C a\u017e 336 \u00b0C; pretlak v rozmedz\u00ed 1,80 MPa a\u017e 2,15 MPa<\/li><li><strong>tepl\u00e1 voda UK:<\/strong>\u00a0teplota v rozmedz\u00ed 44 \u00b0C a\u017e 77 \u00b0C; pretlak v rozmedz\u00ed 0,32 MPa a\u017e 0,40 MPa<\/li><li><strong>tepl\u00e1 voda T\u00daV:<\/strong>\u00a0teplota v rozmedz\u00ed 55 \u00b0C a\u017e 65 \u00b0C; pretlak v rozmedz\u00ed 0,32 MPa a\u017e 0,40 MPa<\/li><\/ul>\t\t\t\t\t\t<\/div>\n\t\t\t\t<\/div>\n\t\t\t\t\t<\/div>\n\t\t\t\t<\/div>\n\t\t<div class=\"elementor-element elementor-element-68b552c7 e-flex e-con-boxed e-con e-child\" data-id=\"68b552c7\" data-element_type=\"container\" data-settings=\"{&quot;container_type&quot;:&quot;flex&quot;,&quot;content_width&quot;:&quot;boxed&quot;}\">\n\t\t\t\t\t<div class=\"e-con-inner\">\n\t\t\t\t<div class=\"elementor-element elementor-element-04e7fb4 elementor-widget elementor-widget-text-editor\" data-id=\"04e7fb4\" data-element_type=\"widget\" data-widget_type=\"text-editor.default\">\n\t\t\t\t<div class=\"elementor-widget-container\">\n\t\t\t\t\t\t\t<p>Pri po\u017eiadavke nov\u00e9ho odberate\u013ea na pripojenie na s\u00fastavu tepeln\u00fdch zariaden\u00ed je potrebn\u00e9 z jeho strany predlo\u017ei\u0165 \u017eiados\u0165 o pripojenie, v ktorej bude presne \u0161pecifikovan\u00e9 po\u017eadovan\u00e9 mno\u017estvo a parametre teplonosn\u00e9ho m\u00e9dia pripadne vykurovacia krivka. Pokia\u013e je s\u00fastava tepeln\u00fdch zariaden\u00ed schopn\u00e1 tak\u00e9to parametre zabezpe\u010di\u0165, tak zo strany prev\u00e1dzkovate\u013ea s\u00fastavy tepeln\u00fdch zariaden\u00ed bude odberate\u013eovi ur\u010den\u00fd sp\u00f4sob a miesto napojenia, dimenzia pr\u00edpojky, hr\u00fabka izol\u00e1cie.<\/p>\t\t\t\t\t\t<\/div>\n\t\t\t\t<\/div>\n\t\t\t\t\t<\/div>\n\t\t\t\t<\/div>\n\t\t\t\t\t<\/div>\n\t\t\t\t<\/div>\n\t\t<div class=\"elementor-element elementor-element-18058b32 e-flex e-con-boxed e-con e-parent\" data-id=\"18058b32\" data-element_type=\"container\" data-settings=\"{&quot;background_background&quot;:&quot;classic&quot;,&quot;container_type&quot;:&quot;flex&quot;,&quot;content_width&quot;:&quot;boxed&quot;}\" data-core-v316-plus=\"true\">\n\t\t\t\t\t<div class=\"e-con-inner\">\n\t\t<div class=\"elementor-element elementor-element-5f031d2b e-flex e-con-boxed e-con e-child\" data-id=\"5f031d2b\" data-element_type=\"container\" data-settings=\"{&quot;container_type&quot;:&quot;flex&quot;,&quot;content_width&quot;:&quot;boxed&quot;}\">\n\t\t\t\t\t<div class=\"e-con-inner\">\n\t\t\t\t<div class=\"elementor-element elementor-element-080ff27 elementor-widget elementor-widget-text-editor\" data-id=\"080ff27\" data-element_type=\"widget\" data-widget_type=\"text-editor.default\">\n\t\t\t\t<div class=\"elementor-widget-container\">\n\t\t\t\t\t\t\t<p><strong>Kvalitat\u00edvne parametre dod\u00e1vok tepla zo zdrojov do rozvodov s\u00fa:<\/strong><\/p><ul><li><strong>V\u00fdroba pary VT \u2013 V\u00fdroba pary 2,1 MPa:<\/strong>\u00a0max. 2&#215;16 t\/h o v\u00fdstupnom pretlaku 1,85 \u2013 2,00 MPa a teplote 250 \u00b0C a\u017e 300 \u00b0C<\/li><li><strong>V\u00fdroba pary NT \u2013 Spa\u013eov\u0148a CO:<\/strong>\u00a0max. 25 t\/h o v\u00fdstupnom pretlaku 0,45 \u2013 0,54 MPa a teplote 200 \u00b0C a\u017e 224 \u00b0C<\/li><li><strong>V\u00fdroba pary NT \u2013 Termick\u00e9 spracovanie chl\u00f3rovan\u00fdch uh\u013eovod\u00edkov:<\/strong>\u00a0max. 6,8 t\/h o v\u00fdstupnom pretlaku 0,43 \u2013 0,5 MPa a teplote 153 \u00b0C a\u017e 158 \u00b0C<\/li><\/ul>\t\t\t\t\t\t<\/div>\n\t\t\t\t<\/div>\n\t\t\t\t\t<\/div>\n\t\t\t\t<\/div>\n\t\t<div class=\"elementor-element elementor-element-16aa9480 e-flex e-con-boxed e-con e-child\" data-id=\"16aa9480\" data-element_type=\"container\" data-settings=\"{&quot;container_type&quot;:&quot;flex&quot;,&quot;content_width&quot;:&quot;boxed&quot;}\">\n\t\t\t\t\t<div class=\"e-con-inner\">\n\t\t\t\t<div class=\"elementor-element elementor-element-7db334a9 elementor-widget elementor-widget-text-editor\" data-id=\"7db334a9\" data-element_type=\"widget\" data-widget_type=\"text-editor.default\">\n\t\t\t\t<div class=\"elementor-widget-container\">\n\t\t\t\t\t\t\t<p>Parametre dod\u00e1vanej pary v mieste spotreby z\u00e1visia od v\u00fdkonov\u00fdch za\u0165a\u017een\u00ed jednotliv\u00fdch vetiev, od dimenzie potrubia pr\u00edpojky a odberov spotrebite\u013eov. Kondenz\u00e1t sa zber\u00e1 od jednotliv\u00fdch spotrebite\u013eov pary do centr\u00e1lnych z\u00e1sobn\u00edkov v budove tepeln\u00e9ho hospod\u00e1rstva. Mno\u017estvo, pr\u00edpadne tepeln\u00fd obsah vr\u00e1ten\u00e9ho kondenz\u00e1tu od odberate\u013eov s\u00fa meran\u00e9 na vstupe do hlavn\u00fdch rozvodov kondenz\u00e1tu. \u00dadaje s\u00fa vyhodnocovan\u00e9 a zoh\u013eadnen\u00e9 pri mesa\u010dnom roz\u00fa\u010dtovan\u00ed tepla odberate\u013eom.<\/p>\t\t\t\t\t\t<\/div>\n\t\t\t\t<\/div>\n\t\t\t\t\t<\/div>\n\t\t\t\t<\/div>\n\t\t\t\t\t<\/div>\n\t\t\t\t<\/div>\n\t\t<div class=\"elementor-element elementor-element-160877d7 e-flex e-con-boxed e-con e-parent\" data-id=\"160877d7\" data-element_type=\"container\" data-settings=\"{&quot;background_background&quot;:&quot;gradient&quot;,&quot;container_type&quot;:&quot;flex&quot;,&quot;content_width&quot;:&quot;boxed&quot;}\" data-core-v316-plus=\"true\">\n\t\t\t\t\t<div class=\"e-con-inner\">\n\t\t<div class=\"elementor-element elementor-element-3aa528c2 e-flex e-con-boxed e-con e-child\" data-id=\"3aa528c2\" data-element_type=\"container\" data-settings=\"{&quot;container_type&quot;:&quot;flex&quot;,&quot;content_width&quot;:&quot;boxed&quot;}\">\n\t\t\t\t\t<div class=\"e-con-inner\">\n\t\t\t\t<div class=\"elementor-element elementor-element-210f64d7 elementor-widget elementor-widget-heading\" data-id=\"210f64d7\" data-element_type=\"widget\" data-widget_type=\"heading.default\">\n\t\t\t\t<div class=\"elementor-widget-container\">\n\t\t\t<h2 class=\"elementor-heading-title elementor-size-default\">Cena tepla<\/h2>\t\t<\/div>\n\t\t\t\t<\/div>\n\t\t\t\t<div class=\"elementor-element elementor-element-1f550105 elementor-widget elementor-widget-text-editor\" data-id=\"1f550105\" data-element_type=\"widget\" data-widget_type=\"text-editor.default\">\n\t\t\t\t<div class=\"elementor-widget-container\">\n\t\t\t\t\t\t\t<p>Cena tepla sa sklad\u00e1 z dvoch zlo\u017eiek:<\/p><ul><li>fixn\u00e1 zlo\u017eka<\/li><li>variabiln\u00e1 zlo\u017eka<\/li><\/ul><p>Obidve zlo\u017eky ceny s\u00fa regulovan\u00e9 \u00faradom pre regul\u00e1ciu sie\u0165ov\u00fdch odvetv\u00ed (URSO). urso.gov.sk\u00a0<\/p><p><a href=\"https:\/\/www.fortischem.sk\/wp-content\/uploads\/2024\/11\/Cennik.pdf\">Cenn\u00edk platn\u00fd do 28.2.2025<\/a><\/p><p><a href=\"https:\/\/www.fortischem.sk\/wp-content\/uploads\/2025\/02\/Cennik-tepla-platny-od-01.03.2025.pdf\">Cenn\u00edk platn\u00fd od 1.3.2025\u00a0<\/a><\/p>\t\t\t\t\t\t<\/div>\n\t\t\t\t<\/div>\n\t\t\t\t<div class=\"elementor-element elementor-element-253b982 elementor-widget elementor-widget-button\" data-id=\"253b982\" data-element_type=\"widget\" data-widget_type=\"button.default\">\n\t\t\t\t<div class=\"elementor-widget-container\">\n\t\t\t\t\t<div class=\"elementor-button-wrapper\">\n\t\t\t<a class=\"elementor-button elementor-button-link elementor-size-sm\" href=\"\/wp-content\/uploads\/2023\/05\/rozhodnutieteplo_0006_2023_t_fortischem.pdf\">\n\t\t\t\t\t\t<span class=\"elementor-button-content-wrapper\">\n\t\t\t\t\t\t<span class=\"elementor-button-text\">Cenov\u00e9 rozhodnutia<\/span>\n\t\t<\/span>\n\t\t\t\t\t<\/a>\n\t\t<\/div>\n\t\t\t\t<\/div>\n\t\t\t\t<\/div>\n\t\t\t\t\t<\/div>\n\t\t\t\t<\/div>\n\t\t<div class=\"elementor-element elementor-element-41cc4ba e-con-full e-flex e-con e-child\" data-id=\"41cc4ba\" data-element_type=\"container\" data-settings=\"{&quot;content_width&quot;:&quot;full&quot;,&quot;container_type&quot;:&quot;flex&quot;}\">\n\t\t\t\t<div class=\"elementor-element elementor-element-286c3f6b elementor-widget elementor-widget-image\" data-id=\"286c3f6b\" data-element_type=\"widget\" data-widget_type=\"image.default\">\n\t\t\t\t<div class=\"elementor-widget-container\">\n\t\t\t\t\t\t\t\t\t\t\t\t\t\t\t<img decoding=\"async\" width=\"1536\" height=\"662\" src=\"https:\/\/www.fortischem.sk\/wp-content\/uploads\/2023\/05\/DJI_0100-1536x662.jpg\" class=\"attachment-1536x1536 size-1536x1536 wp-image-2489\" alt=\"\" srcset=\"https:\/\/www.fortischem.sk\/wp-content\/uploads\/2023\/05\/DJI_0100-1536x662.jpg 1536w, https:\/\/www.fortischem.sk\/wp-content\/uploads\/2023\/05\/DJI_0100-300x129.jpg 300w, https:\/\/www.fortischem.sk\/wp-content\/uploads\/2023\/05\/DJI_0100-1024x442.jpg 1024w, https:\/\/www.fortischem.sk\/wp-content\/uploads\/2023\/05\/DJI_0100-768x331.jpg 768w, https:\/\/www.fortischem.sk\/wp-content\/uploads\/2023\/05\/DJI_0100.jpg 2048w\" sizes=\"(max-width: 1536px) 100vw, 1536px\" \/>\t\t\t\t\t\t\t\t\t\t\t\t\t\t\t<\/div>\n\t\t\t\t<\/div>\n\t\t\t\t<\/div>\n\t\t\t\t\t<\/div>\n\t\t\t\t<\/div>\n\t\t\t\t\t\t\t<\/div>\n\t\t","protected":false},"excerpt":{"rendered":"<p>\u00davodn\u00e9 Spolo\u010dnos\u0165 FORTISCHEM a. s. v oblasti tepelnej energetiky v zmysle z\u00e1kona 657\/2004 o tepelnej energetike, z\u00e1kona o regul\u00e1ci\u00ed 250\/2012 a v znen\u00ed neskor\u0161\u00edch predpisov podnik\u00e1 v rozsahu v\u00fdroba tepla a rozvod tepla. Ako prev\u00e1dzkovate\u013e tepeln\u00fdch rozvodov a zariaden\u00ed je povinn\u00fd zabezpe\u010di\u0165 nediskrimina\u010dn\u00fd, transparentn\u00fd, bezpe\u010dn\u00fd pr\u00edstup, pripojenie a prev\u00e1dzkovanie s\u00fastavy tepeln\u00fdch zariaden\u00ed. Povolenie Technick\u00e9 podmienky [&hellip;]<\/p>\n","protected":false},"author":1,"featured_media":0,"parent":2004,"menu_order":0,"comment_status":"closed","ping_status":"closed","template":"","meta":{"_seopress_robots_primary_cat":"","footnotes":""},"class_list":["post-2008","page","type-page","status-publish","hentry"],"acf":[],"_links":{"self":[{"href":"https:\/\/www.fortischem.sk\/sk\/wp-json\/wp\/v2\/pages\/2008","targetHints":{"allow":["GET"]}}],"collection":[{"href":"https:\/\/www.fortischem.sk\/sk\/wp-json\/wp\/v2\/pages"}],"about":[{"href":"https:\/\/www.fortischem.sk\/sk\/wp-json\/wp\/v2\/types\/page"}],"author":[{"embeddable":true,"href":"https:\/\/www.fortischem.sk\/sk\/wp-json\/wp\/v2\/users\/1"}],"replies":[{"embeddable":true,"href":"https:\/\/www.fortischem.sk\/sk\/wp-json\/wp\/v2\/comments?post=2008"}],"version-history":[{"count":12,"href":"https:\/\/www.fortischem.sk\/sk\/wp-json\/wp\/v2\/pages\/2008\/revisions"}],"predecessor-version":[{"id":6206,"href":"https:\/\/www.fortischem.sk\/sk\/wp-json\/wp\/v2\/pages\/2008\/revisions\/6206"}],"up":[{"embeddable":true,"href":"https:\/\/www.fortischem.sk\/sk\/wp-json\/wp\/v2\/pages\/2004"}],"wp:attachment":[{"href":"https:\/\/www.fortischem.sk\/sk\/wp-json\/wp\/v2\/media?parent=2008"}],"curies":[{"name":"wp","href":"https:\/\/api.w.org\/{rel}","templated":true}]}}