{"id":2006,"date":"2023-05-18T13:13:21","date_gmt":"2023-05-18T11:13:21","guid":{"rendered":"http:\/\/www.fortischem.sk\/?page_id=2006"},"modified":"2026-03-16T08:45:57","modified_gmt":"2026-03-16T07:45:57","slug":"elektroenergetika","status":"publish","type":"page","link":"https:\/\/www.fortischem.sk\/sk\/energetika\/elektroenergetika\/","title":{"rendered":"Elektroenergetika"},"content":{"rendered":"\t\t<div data-elementor-type=\"wp-page\" data-elementor-id=\"2006\" class=\"elementor elementor-2006\" data-elementor-post-type=\"page\">\n\t\t\t\t\t\t\t<div data-dce-background-image-url=\"https:\/\/www.fortischem.sk\/wp-content\/uploads\/2023\/05\/elect1_nepouzivat-porcelan-scaled.jpg\" class=\"elementor-element elementor-element-ddb620d e-con-full e-flex e-con e-parent\" data-id=\"ddb620d\" data-element_type=\"container\" data-settings=\"{&quot;content_width&quot;:&quot;full&quot;,&quot;background_background&quot;:&quot;classic&quot;,&quot;container_type&quot;:&quot;flex&quot;}\" data-e-bg-lazyload=\"\" data-core-v316-plus=\"true\">\n\t\t\t\t<\/div>\n\t\t<div class=\"elementor-element elementor-element-55f453c4 e-flex e-con-boxed e-con e-parent\" data-id=\"55f453c4\" data-element_type=\"container\" data-settings=\"{&quot;background_background&quot;:&quot;classic&quot;,&quot;container_type&quot;:&quot;flex&quot;,&quot;content_width&quot;:&quot;boxed&quot;}\" data-core-v316-plus=\"true\">\n\t\t\t\t\t<div class=\"e-con-inner\">\n\t\t<div class=\"elementor-element elementor-element-17e12d22 e-flex e-con-boxed e-con e-child\" data-id=\"17e12d22\" data-element_type=\"container\" data-settings=\"{&quot;container_type&quot;:&quot;flex&quot;,&quot;content_width&quot;:&quot;boxed&quot;}\">\n\t\t\t\t\t<div class=\"e-con-inner\">\n\t\t\t\t<div class=\"elementor-element elementor-element-46f8e897 elementor-widget elementor-widget-sp-breadcrumbs\" data-id=\"46f8e897\" data-element_type=\"widget\" data-widget_type=\"sp-breadcrumbs.default\">\n\t\t\t\t<div class=\"elementor-widget-container\">\n\t\t\t<nav  aria-label=\"breadcrumb\"><ol class=\"breadcrumb\" itemscope itemtype=\"https:\/\/schema.org\/BreadcrumbList\"><li class=\"breadcrumb-item active\" aria-current=\"page\" itemprop=\"itemListElement\" itemscope itemtype=\"https:\/\/schema.org\/ListItem\"><span itemprop=\"name\">\u00davodn\u00e9<\/span><meta itemprop=\"position\" content=\"1\"><\/li><\/ol><\/nav>\t\t<\/div>\n\t\t\t\t<\/div>\n\t\t\t\t<div class=\"elementor-element elementor-element-57a2c9fa elementor-widget elementor-widget-heading\" data-id=\"57a2c9fa\" data-element_type=\"widget\" data-widget_type=\"heading.default\">\n\t\t\t\t<div class=\"elementor-widget-container\">\n\t\t\t<style>\/*! elementor - v3.18.0 - 08-12-2023 *\/\n.elementor-heading-title{padding:0;margin:0;line-height:1}.elementor-widget-heading .elementor-heading-title[class*=elementor-size-]>a{color:inherit;font-size:inherit;line-height:inherit}.elementor-widget-heading .elementor-heading-title.elementor-size-small{font-size:15px}.elementor-widget-heading .elementor-heading-title.elementor-size-medium{font-size:19px}.elementor-widget-heading .elementor-heading-title.elementor-size-large{font-size:29px}.elementor-widget-heading .elementor-heading-title.elementor-size-xl{font-size:39px}.elementor-widget-heading .elementor-heading-title.elementor-size-xxl{font-size:59px}<\/style><h1 class=\"elementor-heading-title elementor-size-default\">Elektroenergetika<\/h1>\t\t<\/div>\n\t\t\t\t<\/div>\n\t\t\t\t\t<\/div>\n\t\t\t\t<\/div>\n\t\t\t\t\t<\/div>\n\t\t\t\t<\/div>\n\t\t<div class=\"elementor-element elementor-element-3d4409cc e-flex e-con-boxed e-con e-parent\" data-id=\"3d4409cc\" data-element_type=\"container\" data-settings=\"{&quot;background_background&quot;:&quot;gradient&quot;,&quot;container_type&quot;:&quot;flex&quot;,&quot;content_width&quot;:&quot;boxed&quot;}\" data-core-v316-plus=\"true\">\n\t\t\t\t\t<div class=\"e-con-inner\">\n\t\t<div class=\"elementor-element elementor-element-3751a748 e-flex e-con-boxed e-con e-child\" data-id=\"3751a748\" data-element_type=\"container\" data-settings=\"{&quot;container_type&quot;:&quot;flex&quot;,&quot;content_width&quot;:&quot;boxed&quot;}\">\n\t\t\t\t\t<div class=\"e-con-inner\">\n\t\t\t\t<div class=\"elementor-element elementor-element-2b0de3f1 elementor-widget elementor-widget-text-editor\" data-id=\"2b0de3f1\" data-element_type=\"widget\" data-widget_type=\"text-editor.default\">\n\t\t\t\t<div class=\"elementor-widget-container\">\n\t\t\t<style>\/*! elementor - v3.18.0 - 08-12-2023 *\/\n.elementor-widget-text-editor.elementor-drop-cap-view-stacked .elementor-drop-cap{background-color:#69727d;color:#fff}.elementor-widget-text-editor.elementor-drop-cap-view-framed .elementor-drop-cap{color:#69727d;border:3px solid;background-color:transparent}.elementor-widget-text-editor:not(.elementor-drop-cap-view-default) .elementor-drop-cap{margin-top:8px}.elementor-widget-text-editor:not(.elementor-drop-cap-view-default) .elementor-drop-cap-letter{width:1em;height:1em}.elementor-widget-text-editor .elementor-drop-cap{float:left;text-align:center;line-height:1;font-size:50px}.elementor-widget-text-editor .elementor-drop-cap-letter{display:inline-block}<\/style>\t\t\t\t<p>FORTISCHEM a. s. v oblasti elektroenergetiky v zmysle z\u00e1kona \u010d. 251\/2012 o energetike, z\u00e1kona o regul\u00e1ci\u00ed \u010d. 250\/2012 a v znen\u00ed neskor\u0161\u00edch predpisov podnik\u00e1 v rozsahu distrib\u00facie a dod\u00e1vky elektriny.<\/p><p><a href=\"https:\/\/www.urso.gov.sk\/vzorovy-prevadzkovy-poriadok-pre-prevadzkovatelov-miestnych-distribucnych-sustav\/\">&#8211; odkaz na prev\u00e1dzkov\u00fd poriadok,<\/a><\/p><p>&#8211; <a href=\"https:\/\/www.fortischem.sk\/wp-content\/uploads\/2023\/12\/Oznamenie-o-prevzati-PP-odpoved-URSO.pdf\">ozn\u00e1menie o prevzat\u00ed prev\u00e1dzkov\u00e9ho poriadku,<\/a><\/p><p>&#8211;\u00a0 <a href=\"https:\/\/www.fortischem.sk\/wp-content\/uploads\/2024\/04\/Technicke-podmienky-MDS-FORTISCHEM-a.s.pdf\">technick\u00e9 podmienky MDS FORTISCHEM,<\/a><\/p><p>&#8211; <a href=\"https:\/\/www.fortischem.sk\/wp-content\/uploads\/2024\/04\/TP-pripojenia-zariadeni-na-vyrobu-a-uskladnovanie-elektriny.pdf\">technick\u00e9 podmienky pripojenia zariaden\u00ed na v\u00fdrobu a usklad\u0148ovanie elektriny,<\/a><\/p><p>&#8211; <a href=\"https:\/\/www.fortischem.sk\/wp-content\/uploads\/2026\/02\/0215_2026_E_FORTISCHEM.pdf\">cenn\u00edk distrib\u00facie,<\/a><\/p><p>&#8211; <a href=\"https:\/\/www.fortischem.sk\/wp-content\/uploads\/2024\/04\/0338_2024_E_cena_pripojenie_NN.pdf\">cenn\u00edk za pripojenie do MDS na nap\u00e4\u0165ovej \u00farovni NN<\/a><\/p><p>&#8211; <a href=\"https:\/\/www.fortischem.sk\/wp-content\/uploads\/2026\/02\/Cena_FSCH_pripojenie_VN-od-1.3.2026-do-28.2.2027-1.pdf\">cenn\u00edk za pripojenie do MDS na nap\u00e4\u0165ovej \u00farovni VN<\/a><\/p><p>&#8211; vzory zml\u00fav: <a href=\"https:\/\/www.fortischem.sk\/wp-content\/uploads\/2023\/12\/Zmluva-o-propojeni-do-MDS_FORTISCHEM.docx\">pripojenie do MDS<\/a>,<a href=\"https:\/\/www.fortischem.sk\/wp-content\/uploads\/2024\/12\/Ramcova_distribucna_zmluva_FORTISCHEM_OPS_clean.docx\"> r\u00e1mcov\u00e1 distribu\u010dn\u00e1\u00a0 zmluva<\/a>,\u00a0<\/p><p>&#8211; <a href=\"https:\/\/www.fortischem.sk\/wp-content\/uploads\/2024\/10\/Ziadost-o-pripojenie-do-miestnej-distribucnej-sustavy.docx\">\u017eiados\u0165 o pripojenie,<\/a><\/p><p>&#8211; \u0161tandardy kvality distrib\u00facie elektriny:\u00a0<a href=\"https:\/\/www.fortischem.sk\/wp-content\/uploads\/2026\/02\/Evidencia-udalosti_\u00a75_-SK_MDS_2025_tabulky_10_8_vyhodnotenie.pdf\" target=\"_blank\" rel=\"noopener\">evidencia udalost\u00ed<\/a><a href=\"https:\/\/www.fortischem.sk\/wp-content\/uploads\/2025\/02\/Evidencia-udalosti_\u00a75_-SK_MDS_2024_tabulky_10_8_vyhodnotenie.pdf\">,<\/a>\u00a0<a href=\"https:\/\/www.fortischem.sk\/wp-content\/uploads\/2026\/02\/Evidencia-kompenzacnych-platieb_MDS_2025_tabulky_11_vyhodnotenie.pdf\" target=\"_blank\" rel=\"noopener\">evidencia kompenza\u010dn\u00fdch platieb<\/a><a href=\"https:\/\/www.fortischem.sk\/wp-content\/uploads\/2025\/02\/Evidencia-kompenzacnych-platieb_MDS_2024_tabulky_11_vyhodnotenie.pdf\">,<\/a> <a href=\"https:\/\/www.fortischem.sk\/wp-content\/uploads\/2026\/02\/Suhrnne-vyhodnotenie-SK_MDS_2025_tabulky_6_sign.pdf\">s\u00fahrnn\u00e9 vyhodnotenie<\/a><\/p><p>&#8211; \u0161tandardy kvality dod\u00e1vky elektriny: <a href=\"https:\/\/www.fortischem.sk\/wp-content\/uploads\/2026\/02\/SK_DoE_2025_oznamenie.pdf\">ozn\u00e1menie<\/a><\/p><p>&#8211; <a href=\"https:\/\/www.fortischem.sk\/wp-content\/uploads\/2026\/03\/Prava-a-povinnosti-odberatelov-elektriny.pdf\">Pr\u00e1va a povinnosti odberate\u013ea elektriny<\/a><\/p>\t\t\t\t\t\t<\/div>\n\t\t\t\t<\/div>\n\t\t\t\t\t<\/div>\n\t\t\t\t<\/div>\n\t\t<div class=\"elementor-element elementor-element-1857db4 e-flex e-con-boxed e-con e-child\" data-id=\"1857db4\" data-element_type=\"container\" data-settings=\"{&quot;container_type&quot;:&quot;flex&quot;,&quot;content_width&quot;:&quot;boxed&quot;}\">\n\t\t\t\t\t<div class=\"e-con-inner\">\n\t\t\t\t<div class=\"elementor-element elementor-element-6fe3dd8d elementor-widget elementor-widget-image\" data-id=\"6fe3dd8d\" data-element_type=\"widget\" data-widget_type=\"image.default\">\n\t\t\t\t<div class=\"elementor-widget-container\">\n\t\t\t<style>\/*! elementor - v3.18.0 - 08-12-2023 *\/\n.elementor-widget-image{text-align:center}.elementor-widget-image a{display:inline-block}.elementor-widget-image a img[src$=\".svg\"]{width:48px}.elementor-widget-image img{vertical-align:middle;display:inline-block}<\/style>\t\t\t\t\t\t\t\t\t\t\t\t\t<a href=\"https:\/\/www.fortischem.sk\/wp-content\/uploads\/2026\/02\/Povolenie_distribucia_2025_vlastnik.pdf\">\n\t\t\t\t\t\t\t<img fetchpriority=\"high\" decoding=\"async\" width=\"581\" height=\"738\" src=\"https:\/\/www.fortischem.sk\/wp-content\/uploads\/2026\/03\/rozhodnutie-2026.png\" class=\"attachment-large size-large wp-image-6401\" alt=\"\" srcset=\"https:\/\/www.fortischem.sk\/wp-content\/uploads\/2026\/03\/rozhodnutie-2026.png 581w, https:\/\/www.fortischem.sk\/wp-content\/uploads\/2026\/03\/rozhodnutie-2026-236x300.png 236w\" sizes=\"(max-width: 581px) 100vw, 581px\" \/>\t\t\t\t\t\t\t\t<\/a>\n\t\t\t\t\t\t\t\t\t\t\t\t\t\t\t<\/div>\n\t\t\t\t<\/div>\n\t\t\t\t\t<\/div>\n\t\t\t\t<\/div>\n\t\t\t\t\t<\/div>\n\t\t\t\t<\/div>\n\t\t\t\t\t\t\t<\/div>\n\t\t","protected":false},"excerpt":{"rendered":"<p>\u00davodn\u00e9 FORTISCHEM a. s. v oblasti elektroenergetiky v zmysle z\u00e1kona \u010d. 251\/2012 o energetike, z\u00e1kona o regul\u00e1ci\u00ed \u010d. 250\/2012 a v znen\u00ed neskor\u0161\u00edch predpisov podnik\u00e1 v rozsahu distrib\u00facie a dod\u00e1vky elektriny. &#8211; odkaz na prev\u00e1dzkov\u00fd poriadok, &#8211; ozn\u00e1menie o prevzat\u00ed prev\u00e1dzkov\u00e9ho poriadku, &#8211;\u00a0 technick\u00e9 podmienky MDS FORTISCHEM, &#8211; technick\u00e9 podmienky pripojenia zariaden\u00ed na v\u00fdrobu a [&hellip;]<\/p>\n","protected":false},"author":1,"featured_media":6401,"parent":2004,"menu_order":0,"comment_status":"closed","ping_status":"closed","template":"","meta":{"_seopress_robots_primary_cat":"","footnotes":""},"class_list":["post-2006","page","type-page","status-publish","has-post-thumbnail","hentry"],"acf":[],"_links":{"self":[{"href":"https:\/\/www.fortischem.sk\/sk\/wp-json\/wp\/v2\/pages\/2006","targetHints":{"allow":["GET"]}}],"collection":[{"href":"https:\/\/www.fortischem.sk\/sk\/wp-json\/wp\/v2\/pages"}],"about":[{"href":"https:\/\/www.fortischem.sk\/sk\/wp-json\/wp\/v2\/types\/page"}],"author":[{"embeddable":true,"href":"https:\/\/www.fortischem.sk\/sk\/wp-json\/wp\/v2\/users\/1"}],"replies":[{"embeddable":true,"href":"https:\/\/www.fortischem.sk\/sk\/wp-json\/wp\/v2\/comments?post=2006"}],"version-history":[{"count":102,"href":"https:\/\/www.fortischem.sk\/sk\/wp-json\/wp\/v2\/pages\/2006\/revisions"}],"predecessor-version":[{"id":6417,"href":"https:\/\/www.fortischem.sk\/sk\/wp-json\/wp\/v2\/pages\/2006\/revisions\/6417"}],"up":[{"embeddable":true,"href":"https:\/\/www.fortischem.sk\/sk\/wp-json\/wp\/v2\/pages\/2004"}],"wp:featuredmedia":[{"embeddable":true,"href":"https:\/\/www.fortischem.sk\/sk\/wp-json\/wp\/v2\/media\/6401"}],"wp:attachment":[{"href":"https:\/\/www.fortischem.sk\/sk\/wp-json\/wp\/v2\/media?parent=2006"}],"curies":[{"name":"wp","href":"https:\/\/api.w.org\/{rel}","templated":true}]}}