{"id":3864,"date":"2023-06-29T13:32:07","date_gmt":"2023-06-29T11:32:07","guid":{"rendered":"http:\/\/www.fortischem.sk\/history\/"},"modified":"2025-02-20T10:50:13","modified_gmt":"2025-02-20T09:50:13","slug":"history-2","status":"publish","type":"page","link":"https:\/\/www.fortischem.sk\/en\/about-us\/history-2\/","title":{"rendered":"History"},"content":{"rendered":"\t\t<div data-elementor-type=\"wp-page\" data-elementor-id=\"3864\" class=\"elementor elementor-3864 elementor-3851\" data-elementor-post-type=\"page\">\n\t\t\t\t\t\t\t<div data-dce-background-image-url=\"https:\/\/www.fortischem.sk\/wp-content\/uploads\/2024\/02\/DJI_0093.jpg\" class=\"elementor-element elementor-element-7c5d419d e-con-full e-flex e-con e-parent\" data-id=\"7c5d419d\" data-element_type=\"container\" data-settings=\"{&quot;content_width&quot;:&quot;full&quot;,&quot;background_background&quot;:&quot;classic&quot;,&quot;container_type&quot;:&quot;flex&quot;}\" data-e-bg-lazyload=\"\" data-core-v316-plus=\"true\">\n\t\t\t\t<\/div>\n\t\t<div class=\"elementor-element elementor-element-cd98d0 e-flex e-con-boxed e-con e-parent\" data-id=\"cd98d0\" data-element_type=\"container\" data-settings=\"{&quot;background_background&quot;:&quot;classic&quot;,&quot;container_type&quot;:&quot;flex&quot;,&quot;content_width&quot;:&quot;boxed&quot;}\" data-core-v316-plus=\"true\">\n\t\t\t\t\t<div class=\"e-con-inner\">\n\t\t<div class=\"elementor-element elementor-element-5aec4c10 e-flex e-con-boxed e-con e-child\" data-id=\"5aec4c10\" data-element_type=\"container\" data-settings=\"{&quot;container_type&quot;:&quot;flex&quot;,&quot;content_width&quot;:&quot;boxed&quot;}\">\n\t\t\t\t\t<div class=\"e-con-inner\">\n\t\t\t\t<div class=\"elementor-element elementor-element-a79cce0 elementor-widget elementor-widget-sp-breadcrumbs\" data-id=\"a79cce0\" data-element_type=\"widget\" data-widget_type=\"sp-breadcrumbs.default\">\n\t\t\t\t<div class=\"elementor-widget-container\">\n\t\t\t<nav  aria-label=\"breadcrumb\"><ol class=\"breadcrumb\" itemscope itemtype=\"https:\/\/schema.org\/BreadcrumbList\"><li class=\"breadcrumb-item active\" aria-current=\"page\" itemprop=\"itemListElement\" itemscope itemtype=\"https:\/\/schema.org\/ListItem\"><span itemprop=\"name\">\u00davodn\u00e9<\/span><meta itemprop=\"position\" content=\"1\"><\/li><\/ol><\/nav>\t\t<\/div>\n\t\t\t\t<\/div>\n\t\t\t\t<div class=\"elementor-element elementor-element-461224f4 elementor-widget elementor-widget-heading\" data-id=\"461224f4\" data-element_type=\"widget\" data-widget_type=\"heading.default\">\n\t\t\t\t<div class=\"elementor-widget-container\">\n\t\t\t<style>\/*! elementor - v3.18.0 - 08-12-2023 *\/\n.elementor-heading-title{padding:0;margin:0;line-height:1}.elementor-widget-heading .elementor-heading-title[class*=elementor-size-]>a{color:inherit;font-size:inherit;line-height:inherit}.elementor-widget-heading .elementor-heading-title.elementor-size-small{font-size:15px}.elementor-widget-heading .elementor-heading-title.elementor-size-medium{font-size:19px}.elementor-widget-heading .elementor-heading-title.elementor-size-large{font-size:29px}.elementor-widget-heading .elementor-heading-title.elementor-size-xl{font-size:39px}.elementor-widget-heading .elementor-heading-title.elementor-size-xxl{font-size:59px}<\/style><h1 class=\"elementor-heading-title elementor-size-default\">History<\/h1>\t\t<\/div>\n\t\t\t\t<\/div>\n\t\t\t\t\t<\/div>\n\t\t\t\t<\/div>\n\t\t\t\t\t<\/div>\n\t\t\t\t<\/div>\n\t\t<div class=\"elementor-element elementor-element-4cd13bc4 e-flex e-con-boxed e-con e-parent\" data-id=\"4cd13bc4\" data-element_type=\"container\" data-settings=\"{&quot;background_background&quot;:&quot;gradient&quot;,&quot;container_type&quot;:&quot;flex&quot;,&quot;content_width&quot;:&quot;boxed&quot;}\" data-core-v316-plus=\"true\">\n\t\t\t\t\t<div class=\"e-con-inner\">\n\t\t<div class=\"elementor-element elementor-element-5825ddd e-con-full e-flex e-con e-child\" data-id=\"5825ddd\" data-element_type=\"container\" data-settings=\"{&quot;content_width&quot;:&quot;full&quot;,&quot;container_type&quot;:&quot;flex&quot;}\">\n\t\t\t\t<div class=\"elementor-element elementor-element-60174040 elementor-widget elementor-widget-heading\" data-id=\"60174040\" data-element_type=\"widget\" data-widget_type=\"heading.default\">\n\t\t\t\t<div class=\"elementor-widget-container\">\n\t\t\t<h2 class=\"elementor-heading-title elementor-size-default\">FORTISCHEM a. s.<\/h2>\t\t<\/div>\n\t\t\t\t<\/div>\n\t\t\t\t<div class=\"elementor-element elementor-element-3b1a2dc elementor-widget elementor-widget-text-editor\" data-id=\"3b1a2dc\" data-element_type=\"widget\" data-widget_type=\"text-editor.default\">\n\t\t\t\t<div class=\"elementor-widget-container\">\n\t\t\t<style>\/*! elementor - v3.18.0 - 08-12-2023 *\/\n.elementor-widget-text-editor.elementor-drop-cap-view-stacked .elementor-drop-cap{background-color:#69727d;color:#fff}.elementor-widget-text-editor.elementor-drop-cap-view-framed .elementor-drop-cap{color:#69727d;border:3px solid;background-color:transparent}.elementor-widget-text-editor:not(.elementor-drop-cap-view-default) .elementor-drop-cap{margin-top:8px}.elementor-widget-text-editor:not(.elementor-drop-cap-view-default) .elementor-drop-cap-letter{width:1em;height:1em}.elementor-widget-text-editor .elementor-drop-cap{float:left;text-align:center;line-height:1;font-size:50px}.elementor-widget-text-editor .elementor-drop-cap-letter{display:inline-block}<\/style>\t\t\t\t<p>The history of chemical production in Nov\u00e1ky began in 1936, when the Society for Chemical and Metallurgical Production in \u00dast\u00ed nad Labem, Czech Republic, decided to build its branch in Slovakia.<\/p><p>In February 1940, the first plant was started up &#8211; an electrolysis plant for the production of sodium hydroxide, chlorine and its derivatives. After the end of World War II, the plant was further developed and modernized. Between 1948 and 1952, the production of dichloroethane and PVC, glycols and chloroparaffins was gradually established. An important part of FORTISCHEM a. s. production programme is the production of calcium carbide. The first furnace was put into operation in 1954.<\/p><p>Production was gradually expanded and modernised to the current capacity of 80 000 tonnes of calcium carbide per year. The continuous growth in the consumption of plastics has led to an increase in PVC production. For this reason, a gasoline pyrolysis unit was started up in 1972, providing raw materials for a range of organic products. In view of the changes in the market, the high demands on ecology and the reduction of the energy requirements of the plants, this production unit was phased out and nowadays PVC is produced at FORTISCHEM a. s. from imported raw materials and chlorine supplied from a modern membrane electrolysis plant. It was commissioned in April 2018 and meets the most stringent requirements for modern chlorine and sodium hydroxide production. This is followed by the production of hydrochloric acid and sodium hypochlorite. Its production is classified as one of the strategic operations of the Slovak Republic.<\/p>\t\t\t\t\t\t<\/div>\n\t\t\t\t<\/div>\n\t\t\t\t<div class=\"elementor-element elementor-element-2a4e6072 elementor-widget elementor-widget-image\" data-id=\"2a4e6072\" data-element_type=\"widget\" id=\"add-mask-left\" data-widget_type=\"image.default\">\n\t\t\t\t<div class=\"elementor-widget-container\">\n\t\t\t<style>\/*! elementor - v3.18.0 - 08-12-2023 *\/\n.elementor-widget-image{text-align:center}.elementor-widget-image a{display:inline-block}.elementor-widget-image a img[src$=\".svg\"]{width:48px}.elementor-widget-image img{vertical-align:middle;display:inline-block}<\/style>\t\t\t\t\t\t\t\t\t\t\t\t<img fetchpriority=\"high\" decoding=\"async\" width=\"800\" height=\"534\" src=\"https:\/\/www.fortischem.sk\/wp-content\/uploads\/2024\/02\/web-stranka-1200-x-1000-px-3000-x-2000-px-1024x683.png\" class=\"attachment-large size-large wp-image-5134\" alt=\"\" srcset=\"https:\/\/www.fortischem.sk\/wp-content\/uploads\/2024\/02\/web-stranka-1200-x-1000-px-3000-x-2000-px-1024x683.png 1024w, https:\/\/www.fortischem.sk\/wp-content\/uploads\/2024\/02\/web-stranka-1200-x-1000-px-3000-x-2000-px-300x200.png 300w, https:\/\/www.fortischem.sk\/wp-content\/uploads\/2024\/02\/web-stranka-1200-x-1000-px-3000-x-2000-px-768x512.png 768w, https:\/\/www.fortischem.sk\/wp-content\/uploads\/2024\/02\/web-stranka-1200-x-1000-px-3000-x-2000-px-1536x1024.png 1536w, https:\/\/www.fortischem.sk\/wp-content\/uploads\/2024\/02\/web-stranka-1200-x-1000-px-3000-x-2000-px-2048x1365.png 2048w\" sizes=\"(max-width: 800px) 100vw, 800px\" \/>\t\t\t\t\t\t\t\t\t\t\t\t\t\t\t<\/div>\n\t\t\t\t<\/div>\n\t\t\t\t<\/div>\n\t\t<div class=\"elementor-element elementor-element-1a6ba253 e-flex e-con-boxed e-con e-child\" data-id=\"1a6ba253\" data-element_type=\"container\" data-settings=\"{&quot;container_type&quot;:&quot;flex&quot;,&quot;content_width&quot;:&quot;boxed&quot;}\">\n\t\t\t\t\t<div class=\"e-con-inner\">\n\t\t\t\t\t<\/div>\n\t\t\t\t<\/div>\n\t\t\t\t\t<\/div>\n\t\t\t\t<\/div>\n\t\t\t\t\t\t\t<\/div>\n\t\t","protected":false},"excerpt":{"rendered":"<p>\u00davodn\u00e9 FORTISCHEM a. s. The history of chemical production in Nov\u00e1ky began in 1936, when the Society for Chemical and Metallurgical Production in \u00dast\u00ed nad Labem, Czech Republic, decided to build its branch in Slovakia. In February 1940, the first plant was started up &#8211; an electrolysis plant for the production of sodium hydroxide, chlorine [&hellip;]<\/p>\n","protected":false},"author":1,"featured_media":0,"parent":3387,"menu_order":0,"comment_status":"closed","ping_status":"closed","template":"","meta":{"_seopress_robots_primary_cat":"","footnotes":""},"class_list":["post-3864","page","type-page","status-publish","hentry"],"acf":[],"_links":{"self":[{"href":"https:\/\/www.fortischem.sk\/en\/wp-json\/wp\/v2\/pages\/3864","targetHints":{"allow":["GET"]}}],"collection":[{"href":"https:\/\/www.fortischem.sk\/en\/wp-json\/wp\/v2\/pages"}],"about":[{"href":"https:\/\/www.fortischem.sk\/en\/wp-json\/wp\/v2\/types\/page"}],"author":[{"embeddable":true,"href":"https:\/\/www.fortischem.sk\/en\/wp-json\/wp\/v2\/users\/1"}],"replies":[{"embeddable":true,"href":"https:\/\/www.fortischem.sk\/en\/wp-json\/wp\/v2\/comments?post=3864"}],"version-history":[{"count":9,"href":"https:\/\/www.fortischem.sk\/en\/wp-json\/wp\/v2\/pages\/3864\/revisions"}],"predecessor-version":[{"id":6175,"href":"https:\/\/www.fortischem.sk\/en\/wp-json\/wp\/v2\/pages\/3864\/revisions\/6175"}],"up":[{"embeddable":true,"href":"https:\/\/www.fortischem.sk\/en\/wp-json\/wp\/v2\/pages\/3387"}],"wp:attachment":[{"href":"https:\/\/www.fortischem.sk\/en\/wp-json\/wp\/v2\/media?parent=3864"}],"curies":[{"name":"wp","href":"https:\/\/api.w.org\/{rel}","templated":true}]}}