{"id":3446,"date":"2023-03-30T11:54:48","date_gmt":"2023-03-30T09:54:48","guid":{"rendered":"http:\/\/www.fortischem.sk\/careers\/offer-of-positions\/"},"modified":"2024-06-11T08:56:49","modified_gmt":"2024-06-11T06:56:49","slug":"offer-of-positions","status":"publish","type":"page","link":"https:\/\/www.fortischem.sk\/en\/careers\/offer-of-positions\/","title":{"rendered":"Job offer"},"content":{"rendered":"\t\t<div data-elementor-type=\"wp-page\" data-elementor-id=\"3446\" class=\"elementor elementor-3446 elementor-454\" data-elementor-post-type=\"page\">\n\t\t\t\t\t\t\t<div data-dce-background-image-url=\"https:\/\/www.fortischem.sk\/wp-content\/uploads\/2024\/02\/web-stranka-1-scaled.jpg\" class=\"elementor-element elementor-element-4d2411a5 e-con-full e-flex e-con e-parent\" data-id=\"4d2411a5\" data-element_type=\"container\" data-settings=\"{&quot;content_width&quot;:&quot;full&quot;,&quot;background_background&quot;:&quot;classic&quot;,&quot;container_type&quot;:&quot;flex&quot;}\" data-e-bg-lazyload=\"\" data-core-v316-plus=\"true\">\n\t\t\t\t<\/div>\n\t\t<div class=\"elementor-element elementor-element-429a778f e-flex e-con-boxed e-con e-parent\" data-id=\"429a778f\" data-element_type=\"container\" data-settings=\"{&quot;background_background&quot;:&quot;classic&quot;,&quot;container_type&quot;:&quot;flex&quot;,&quot;content_width&quot;:&quot;boxed&quot;}\" data-core-v316-plus=\"true\">\n\t\t\t\t\t<div class=\"e-con-inner\">\n\t\t<div class=\"elementor-element elementor-element-4466b81a e-flex e-con-boxed e-con e-child\" data-id=\"4466b81a\" data-element_type=\"container\" data-settings=\"{&quot;container_type&quot;:&quot;flex&quot;,&quot;content_width&quot;:&quot;boxed&quot;}\">\n\t\t\t\t\t<div class=\"e-con-inner\">\n\t\t\t\t<div class=\"elementor-element elementor-element-70162cc3 elementor-widget elementor-widget-sp-breadcrumbs\" data-id=\"70162cc3\" data-element_type=\"widget\" data-widget_type=\"sp-breadcrumbs.default\">\n\t\t\t\t<div class=\"elementor-widget-container\">\n\t\t\t<nav  aria-label=\"breadcrumb\"><ol class=\"breadcrumb\" itemscope itemtype=\"https:\/\/schema.org\/BreadcrumbList\"><li class=\"breadcrumb-item active\" aria-current=\"page\" itemprop=\"itemListElement\" itemscope itemtype=\"https:\/\/schema.org\/ListItem\"><span itemprop=\"name\">\u00davodn\u00e9<\/span><meta itemprop=\"position\" content=\"1\"><\/li><\/ol><\/nav>\t\t<\/div>\n\t\t\t\t<\/div>\n\t\t\t\t<div class=\"elementor-element elementor-element-26742f59 elementor-widget elementor-widget-heading\" data-id=\"26742f59\" data-element_type=\"widget\" data-widget_type=\"heading.default\">\n\t\t\t\t<div class=\"elementor-widget-container\">\n\t\t\t<style>\/*! elementor - v3.18.0 - 08-12-2023 *\/\n.elementor-heading-title{padding:0;margin:0;line-height:1}.elementor-widget-heading .elementor-heading-title[class*=elementor-size-]>a{color:inherit;font-size:inherit;line-height:inherit}.elementor-widget-heading .elementor-heading-title.elementor-size-small{font-size:15px}.elementor-widget-heading .elementor-heading-title.elementor-size-medium{font-size:19px}.elementor-widget-heading .elementor-heading-title.elementor-size-large{font-size:29px}.elementor-widget-heading .elementor-heading-title.elementor-size-xl{font-size:39px}.elementor-widget-heading .elementor-heading-title.elementor-size-xxl{font-size:59px}<\/style><h1 class=\"elementor-heading-title elementor-size-default\">Job offer<\/h1>\t\t<\/div>\n\t\t\t\t<\/div>\n\t\t\t\t\t<\/div>\n\t\t\t\t<\/div>\n\t\t\t\t\t<\/div>\n\t\t\t\t<\/div>\n\t\t<div class=\"elementor-element elementor-element-00e5d17 e-flex e-con-boxed e-con e-parent\" data-id=\"00e5d17\" data-element_type=\"container\" data-settings=\"{&quot;container_type&quot;:&quot;flex&quot;,&quot;content_width&quot;:&quot;boxed&quot;}\" data-core-v316-plus=\"true\">\n\t\t\t\t\t<div class=\"e-con-inner\">\n\t\t\t\t<div class=\"elementor-element elementor-element-ba2af77 elementor-widget elementor-widget-heading\" data-id=\"ba2af77\" data-element_type=\"widget\" data-widget_type=\"heading.default\">\n\t\t\t\t<div class=\"elementor-widget-container\">\n\t\t\t<h2 class=\"elementor-heading-title elementor-size-default\">Become our colleague<\/h2>\t\t<\/div>\n\t\t\t\t<\/div>\n\t\t\t\t\t<\/div>\n\t\t\t\t<\/div>\n\t\t<div class=\"elementor-element elementor-element-134f5b5 e-flex e-con-boxed e-con e-parent\" data-id=\"134f5b5\" data-element_type=\"container\" data-settings=\"{&quot;container_type&quot;:&quot;flex&quot;,&quot;content_width&quot;:&quot;boxed&quot;}\" data-core-v316-plus=\"true\">\n\t\t\t\t\t<div class=\"e-con-inner\">\n\t\t\t\t<div class=\"elementor-element elementor-element-ea7e468 elementor-widget elementor-widget-text-editor\" data-id=\"ea7e468\" data-element_type=\"widget\" data-widget_type=\"text-editor.default\">\n\t\t\t\t<div class=\"elementor-widget-container\">\n\t\t\t<style>\/*! elementor - v3.18.0 - 08-12-2023 *\/\n.elementor-widget-text-editor.elementor-drop-cap-view-stacked .elementor-drop-cap{background-color:#69727d;color:#fff}.elementor-widget-text-editor.elementor-drop-cap-view-framed .elementor-drop-cap{color:#69727d;border:3px solid;background-color:transparent}.elementor-widget-text-editor:not(.elementor-drop-cap-view-default) .elementor-drop-cap{margin-top:8px}.elementor-widget-text-editor:not(.elementor-drop-cap-view-default) .elementor-drop-cap-letter{width:1em;height:1em}.elementor-widget-text-editor .elementor-drop-cap{float:left;text-align:center;line-height:1;font-size:50px}.elementor-widget-text-editor .elementor-drop-cap-letter{display:inline-block}<\/style>\t\t\t\t<p>As a company  <strong>FORTISCHEM a. s.<\/strong>  We have been writing our history since 2012 (former Nov\u00e1cke Chemical Plants, a. s.), but we started our history much earlier. We have profiled ourselves as a <b>manufacturer of products<\/b> for further processing <strong>in various industries.<\/strong><\/p>\n<p>Become a member of our team of employees for whom we offer interesting, responsible and stable work.<\/p>\n\t\t\t\t\t\t<\/div>\n\t\t\t\t<\/div>\n\t\t\t\t\t<\/div>\n\t\t\t\t<\/div>\n\t\t<div class=\"elementor-element elementor-element-1915dd2e e-flex e-con-boxed e-con e-parent\" data-id=\"1915dd2e\" data-element_type=\"container\" data-settings=\"{&quot;container_type&quot;:&quot;flex&quot;,&quot;content_width&quot;:&quot;boxed&quot;}\" data-core-v316-plus=\"true\">\n\t\t\t\t\t<div class=\"e-con-inner\">\n\t\t<div class=\"elementor-element elementor-element-38412842 e-flex e-con-boxed e-con e-child\" data-id=\"38412842\" data-element_type=\"container\" data-settings=\"{&quot;container_type&quot;:&quot;flex&quot;,&quot;content_width&quot;:&quot;boxed&quot;}\">\n\t\t\t\t\t<div class=\"e-con-inner\">\n\t\t\t\t<div class=\"elementor-element elementor-element-12803d32 elementor-widget elementor-widget-image\" data-id=\"12803d32\" data-element_type=\"widget\" data-widget_type=\"image.default\">\n\t\t\t\t<div class=\"elementor-widget-container\">\n\t\t\t<style>\/*! elementor - v3.18.0 - 08-12-2023 *\/\n.elementor-widget-image{text-align:center}.elementor-widget-image a{display:inline-block}.elementor-widget-image a img[src$=\".svg\"]{width:48px}.elementor-widget-image img{vertical-align:middle;display:inline-block}<\/style>\t\t\t\t\t\t\t\t\t\t\t\t\t<a href=\"\/professions\/working-positions\/\">\n\t\t\t\t\t\t\t<img fetchpriority=\"high\" decoding=\"async\" width=\"300\" height=\"300\" src=\"https:\/\/www.fortischem.sk\/wp-content\/uploads\/2024\/02\/4-300x300.png\" class=\"attachment-medium size-medium wp-image-5066\" alt=\"\" srcset=\"https:\/\/www.fortischem.sk\/wp-content\/uploads\/2024\/02\/4-300x300.png 300w, https:\/\/www.fortischem.sk\/wp-content\/uploads\/2024\/02\/4-150x150.png 150w, https:\/\/www.fortischem.sk\/wp-content\/uploads\/2024\/02\/4.png 525w\" sizes=\"(max-width: 300px) 100vw, 300px\" \/>\t\t\t\t\t\t\t\t<\/a>\n\t\t\t\t\t\t\t\t\t\t\t\t\t\t\t<\/div>\n\t\t\t\t<\/div>\n\t\t\t\t<div class=\"elementor-element elementor-element-2caf1da1 elementor-widget elementor-widget-heading\" data-id=\"2caf1da1\" data-element_type=\"widget\" data-widget_type=\"heading.default\">\n\t\t\t\t<div class=\"elementor-widget-container\">\n\t\t\t<h2 class=\"elementor-heading-title elementor-size-default\"><a href=\"\/professions\/working-positions\/\">Worker positions<\/a><\/h2>\t\t<\/div>\n\t\t\t\t<\/div>\n\t\t\t\t\t<\/div>\n\t\t\t\t<\/div>\n\t\t<div class=\"elementor-element elementor-element-73e6df75 e-flex e-con-boxed e-con e-child\" data-id=\"73e6df75\" data-element_type=\"container\" data-settings=\"{&quot;container_type&quot;:&quot;flex&quot;,&quot;content_width&quot;:&quot;boxed&quot;}\">\n\t\t\t\t\t<div class=\"e-con-inner\">\n\t\t\t\t<div class=\"elementor-element elementor-element-3f7c81ca elementor-widget elementor-widget-image\" data-id=\"3f7c81ca\" data-element_type=\"widget\" data-widget_type=\"image.default\">\n\t\t\t\t<div class=\"elementor-widget-container\">\n\t\t\t\t\t\t\t\t\t\t\t\t\t\t\t\t<a href=\"\/professions\/technical-and-research-professions\/\">\n\t\t\t\t\t\t\t<img decoding=\"async\" width=\"300\" height=\"300\" src=\"https:\/\/www.fortischem.sk\/wp-content\/uploads\/2023\/05\/VHA7756-300x300.jpg\" class=\"attachment-medium size-medium wp-image-3192\" alt=\"\" srcset=\"https:\/\/www.fortischem.sk\/wp-content\/uploads\/2023\/05\/VHA7756-300x300.jpg 300w, https:\/\/www.fortischem.sk\/wp-content\/uploads\/2023\/05\/VHA7756-1024x1024.jpg 1024w, https:\/\/www.fortischem.sk\/wp-content\/uploads\/2023\/05\/VHA7756-150x150.jpg 150w, https:\/\/www.fortischem.sk\/wp-content\/uploads\/2023\/05\/VHA7756-768x769.jpg 768w, https:\/\/www.fortischem.sk\/wp-content\/uploads\/2023\/05\/VHA7756.jpg 1368w\" sizes=\"(max-width: 300px) 100vw, 300px\" \/>\t\t\t\t\t\t\t\t<\/a>\n\t\t\t\t\t\t\t\t\t\t\t\t\t\t\t<\/div>\n\t\t\t\t<\/div>\n\t\t\t\t<div class=\"elementor-element elementor-element-12129ff3 elementor-widget elementor-widget-heading\" data-id=\"12129ff3\" data-element_type=\"widget\" data-widget_type=\"heading.default\">\n\t\t\t\t<div class=\"elementor-widget-container\">\n\t\t\t<h2 class=\"elementor-heading-title elementor-size-default\"><a href=\"\/professions\/technical-and-research-professions\/\">Technical and research professions\n<\/a><\/h2>\t\t<\/div>\n\t\t\t\t<\/div>\n\t\t\t\t\t<\/div>\n\t\t\t\t<\/div>\n\t\t<div class=\"elementor-element elementor-element-d385375 e-flex e-con-boxed e-con e-child\" data-id=\"d385375\" data-element_type=\"container\" data-settings=\"{&quot;container_type&quot;:&quot;flex&quot;,&quot;content_width&quot;:&quot;boxed&quot;}\">\n\t\t\t\t\t<div class=\"e-con-inner\">\n\t\t\t\t<div class=\"elementor-element elementor-element-24b9bd17 elementor-widget elementor-widget-image\" data-id=\"24b9bd17\" data-element_type=\"widget\" data-widget_type=\"image.default\">\n\t\t\t\t<div class=\"elementor-widget-container\">\n\t\t\t\t\t\t\t\t\t\t\t\t\t\t\t\t<a href=\"\/profession\/administration-and-management\/\">\n\t\t\t\t\t\t\t<img decoding=\"async\" width=\"300\" height=\"300\" src=\"https:\/\/www.fortischem.sk\/wp-content\/uploads\/2023\/05\/shutterstock_1080612293-300x300.jpg\" class=\"attachment-medium size-medium wp-image-3193\" alt=\"\" srcset=\"https:\/\/www.fortischem.sk\/wp-content\/uploads\/2023\/05\/shutterstock_1080612293-300x300.jpg 300w, https:\/\/www.fortischem.sk\/wp-content\/uploads\/2023\/05\/shutterstock_1080612293-1024x1024.jpg 1024w, https:\/\/www.fortischem.sk\/wp-content\/uploads\/2023\/05\/shutterstock_1080612293-150x150.jpg 150w, https:\/\/www.fortischem.sk\/wp-content\/uploads\/2023\/05\/shutterstock_1080612293-768x768.jpg 768w, https:\/\/www.fortischem.sk\/wp-content\/uploads\/2023\/05\/shutterstock_1080612293-1536x1536.jpg 1536w, https:\/\/www.fortischem.sk\/wp-content\/uploads\/2023\/05\/shutterstock_1080612293-2048x2048.jpg 2048w\" sizes=\"(max-width: 300px) 100vw, 300px\" \/>\t\t\t\t\t\t\t\t<\/a>\n\t\t\t\t\t\t\t\t\t\t\t\t\t\t\t<\/div>\n\t\t\t\t<\/div>\n\t\t\t\t<div class=\"elementor-element elementor-element-76c47bb9 elementor-widget elementor-widget-heading\" data-id=\"76c47bb9\" data-element_type=\"widget\" data-widget_type=\"heading.default\">\n\t\t\t\t<div class=\"elementor-widget-container\">\n\t\t\t<h2 class=\"elementor-heading-title elementor-size-default\"><a href=\"\/profession\/administration-and-management\/\">Administration and Management\n<\/a><\/h2>\t\t<\/div>\n\t\t\t\t<\/div>\n\t\t\t\t\t<\/div>\n\t\t\t\t<\/div>\n\t\t<div class=\"elementor-element elementor-element-c19e84c e-flex e-con-boxed e-con e-child\" data-id=\"c19e84c\" data-element_type=\"container\" data-settings=\"{&quot;container_type&quot;:&quot;flex&quot;,&quot;content_width&quot;:&quot;boxed&quot;}\">\n\t\t\t\t\t<div class=\"e-con-inner\">\n\t\t\t\t<div class=\"elementor-element elementor-element-d6e6b30 elementor-widget elementor-widget-image\" data-id=\"d6e6b30\" data-element_type=\"widget\" data-widget_type=\"image.default\">\n\t\t\t\t<div class=\"elementor-widget-container\">\n\t\t\t\t\t\t\t\t\t\t\t\t\t\t\t\t<a href=\"https:\/\/www.fortischem.sk\/en\/graduate\/\">\n\t\t\t\t\t\t\t<img loading=\"lazy\" decoding=\"async\" width=\"300\" height=\"300\" src=\"https:\/\/www.fortischem.sk\/wp-content\/uploads\/2023\/06\/student-1-300x300.jpeg\" class=\"attachment-medium size-medium wp-image-3230\" alt=\"\" srcset=\"https:\/\/www.fortischem.sk\/wp-content\/uploads\/2023\/06\/student-1-300x300.jpeg 300w, https:\/\/www.fortischem.sk\/wp-content\/uploads\/2023\/06\/student-1-1024x1024.jpeg 1024w, https:\/\/www.fortischem.sk\/wp-content\/uploads\/2023\/06\/student-1-150x150.jpeg 150w, https:\/\/www.fortischem.sk\/wp-content\/uploads\/2023\/06\/student-1-768x768.jpeg 768w, https:\/\/www.fortischem.sk\/wp-content\/uploads\/2023\/06\/student-1.jpeg 1536w\" sizes=\"(max-width: 300px) 100vw, 300px\" \/>\t\t\t\t\t\t\t\t<\/a>\n\t\t\t\t\t\t\t\t\t\t\t\t\t\t\t<\/div>\n\t\t\t\t<\/div>\n\t\t\t\t<div class=\"elementor-element elementor-element-b9335f5 elementor-widget elementor-widget-heading\" data-id=\"b9335f5\" data-element_type=\"widget\" data-widget_type=\"heading.default\">\n\t\t\t\t<div class=\"elementor-widget-container\">\n\t\t\t<h2 class=\"elementor-heading-title elementor-size-default\"><a href=\"\/professions\/other\/\">Graduate<\/a><\/h2>\t\t<\/div>\n\t\t\t\t<\/div>\n\t\t\t\t\t<\/div>\n\t\t\t\t<\/div>\n\t\t\t\t\t<\/div>\n\t\t\t\t<\/div>\n\t\t<div class=\"elementor-element elementor-element-a61db3a e-flex e-con-boxed e-con e-parent\" data-id=\"a61db3a\" data-element_type=\"container\" data-settings=\"{&quot;container_type&quot;:&quot;flex&quot;,&quot;content_width&quot;:&quot;boxed&quot;}\" data-core-v316-plus=\"true\">\n\t\t\t\t\t<div class=\"e-con-inner\">\n\t\t\t\t<div class=\"elementor-element elementor-element-3b8e002 elementor-widget elementor-widget-text-editor\" data-id=\"3b8e002\" data-element_type=\"widget\" data-widget_type=\"text-editor.default\">\n\t\t\t\t<div class=\"elementor-widget-container\">\n\t\t\t\t\t\t\t<p><strong>As a stable employer, we offer our employees:<\/strong><\/p><ul><li>promising and interesting work<\/li><li>adaptation programme<\/li><li>wide space for your own self-realisation<\/li><li>sustainable development<\/li><li>the opportunity to work on your success and professional and career growth<\/li><li>work for an indefinite period<\/li><li>employee benefits programme<\/li><\/ul><p>If you want to join our team, you can contact us<\/p><ul><li><strong>by phone: 046\/5683265 or 046\/5683266<\/strong><\/li><li><strong>in writing: <\/strong>by sending your CV and a completed <a href=\"https:\/\/www.fortischem.sk\/sites\/fortischem.sk\/files\/dotaznik_uchadzaca_o_zamestnanie_0.pdf\" target=\"_blank\" rel=\"noopener\">Jobseeker&#8217;s Questionnaire<\/a> form <a href=\"https:\/\/www.fortischem.sk\/sites\/fortischem.sk\/files\/dotaznik_uchadzaca_o_zamestnanie_0.pdf\" target=\"_blank\" rel=\"noopener\">for inclusion in the database<\/a><ul><li><strong>by post to<\/strong> FORTISCHEM a. s., Human Resources Management Section, M. R. \u0160tef\u00e1nika 1, 972 71 Nov\u00e1ky<\/li><li><strong>by e-mail:<\/strong> <a href=\"mailto:personalne@fortischem.sk\">personalne@fortischem.sk<\/a><\/li><\/ul><\/li><\/ul><p>Your CV and the jobseeker questionnaire will be kept in the jobseeker database at the department. Human Resources Management Unit for a period of 1 year from the date of submission. If your profile attracts attention and you meet the requirements for a job, you will be invited to a selection interview. We reserve the right to choose.<\/p><div>FORTISCHEM a. s. automatically invites candidates who meet the requirements and who are listed in the Candidate Database to participate in the selection procedures for the positions to be filled. Your consent to the processing of your personal data is required for inclusion in the Candidate Database. You can give your consent by using the Consent to the Processing of Personal Data form (&#8220;Consent&#8221;).You can find the Consent form below on the website.<\/div><div>\u00a0<\/div><div>If you are interested in being included in the Candidate Database, please attach a completed and signed Consent Form to your CV.<\/div><div>\u00a0<\/div><div>You do not need to give your consent (and therefore do not need to fill in, sign and send it) if you only want to take part in the selection procedure for the job you are currently filling. The personal data of unsuccessful candidates who have not given their consent will be disposed of in accordance with Law No. 18\/2018 Coll. on the protection of personal data and on amendment and supplementation of certain acts.<\/div><div>\u00a0<\/div><div>All submitted CVs and questionnaires will be carefully considered. We reserve the right to respond only to applicants who meet our requirements.<\/div><div>\u00a0<\/div><p><strong>Consent to the processing of personal data:<\/strong><\/p><p>Pursuant to Article 6(1)(a) Regulation 2016\/679 of the European Parliament and of the Council on the protection of natural persons with regard to the processing of personal data and on the free movement of such data (hereinafter referred to as &#8220;Consent&#8221;), I grant consent to FORTISCHEM a. s. (hereinafter referred to as &#8220;Controller&#8221;) to process my personal data contained in my job application, CV and other documents and attached documents for the purpose of registration of job applicants for a period of 1 year from the date of granting consent. I declare that the personal data provided by me are true. I also declare that I am aware that the consent given may be withdrawn in writing at any time. If I revoke this consent, my personal data provided in this way must be deleted by the Controller without undue delay.<\/p>\t\t\t\t\t\t<\/div>\n\t\t\t\t<\/div>\n\t\t\t\t\t<\/div>\n\t\t\t\t<\/div>\n\t\t<div class=\"elementor-element elementor-element-56821897 e-flex e-con-boxed e-con e-parent\" data-id=\"56821897\" data-element_type=\"container\" data-settings=\"{&quot;background_background&quot;:&quot;classic&quot;,&quot;container_type&quot;:&quot;flex&quot;,&quot;content_width&quot;:&quot;boxed&quot;}\" data-core-v316-plus=\"true\">\n\t\t\t\t\t<div class=\"e-con-inner\">\n\t\t<div class=\"elementor-element elementor-element-265d8f38 e-con-full e-flex e-con e-child\" data-id=\"265d8f38\" data-element_type=\"container\" data-settings=\"{&quot;content_width&quot;:&quot;full&quot;,&quot;container_type&quot;:&quot;flex&quot;}\">\n\t\t\t\t<div class=\"elementor-element elementor-element-541fa9a elementor-align-center elementor-widget elementor-widget-button\" data-id=\"541fa9a\" data-element_type=\"widget\" data-widget_type=\"button.default\">\n\t\t\t\t<div class=\"elementor-widget-container\">\n\t\t\t\t\t<div class=\"elementor-button-wrapper\">\n\t\t\t<a class=\"elementor-button elementor-button-link elementor-size-sm\" href=\"\/wp-content\/uploads\/2023\/06\/Dotaznik-uchadzaca.doc\" target=\"_blank\">\n\t\t\t\t\t\t<span class=\"elementor-button-content-wrapper\">\n\t\t\t\t\t\t<span class=\"elementor-button-text\">CONTACT FORM<\/span>\n\t\t<\/span>\n\t\t\t\t\t<\/a>\n\t\t<\/div>\n\t\t\t\t<\/div>\n\t\t\t\t<\/div>\n\t\t\t\t<\/div>\n\t\t<div class=\"elementor-element elementor-element-22258b1 e-con-full e-flex e-con e-child\" data-id=\"22258b1\" data-element_type=\"container\" data-settings=\"{&quot;content_width&quot;:&quot;full&quot;,&quot;container_type&quot;:&quot;flex&quot;}\">\n\t\t\t\t<div class=\"elementor-element elementor-element-e9fab15 elementor-widget elementor-widget-heading\" data-id=\"e9fab15\" data-element_type=\"widget\" data-widget_type=\"heading.default\">\n\t\t\t\t<div class=\"elementor-widget-container\">\n\t\t\t<h4 class=\"elementor-heading-title elementor-size-default\">If you are interested in employment with our company, please contact us.<\/h4>\t\t<\/div>\n\t\t\t\t<\/div>\n\t\t\t\t<\/div>\n\t\t\t\t\t<\/div>\n\t\t\t\t<\/div>\n\t\t\t\t\t\t\t<\/div>\n\t\t","protected":false},"excerpt":{"rendered":"<p>\u00davodn\u00e9 Become our colleague As a company FORTISCHEM a. s. We have been writing our history since 2012 (former Nov\u00e1cke Chemical Plants, a. s.), but we started our history much earlier. We have profiled ourselves as a manufacturer of products for further processing in various industries. Become a member of our team of employees for [&hellip;]<\/p>\n","protected":false},"author":1,"featured_media":0,"parent":3405,"menu_order":0,"comment_status":"closed","ping_status":"closed","template":"","meta":{"_seopress_robots_primary_cat":"","footnotes":""},"class_list":["post-3446","page","type-page","status-publish","hentry"],"acf":[],"_links":{"self":[{"href":"https:\/\/www.fortischem.sk\/en\/wp-json\/wp\/v2\/pages\/3446","targetHints":{"allow":["GET"]}}],"collection":[{"href":"https:\/\/www.fortischem.sk\/en\/wp-json\/wp\/v2\/pages"}],"about":[{"href":"https:\/\/www.fortischem.sk\/en\/wp-json\/wp\/v2\/types\/page"}],"author":[{"embeddable":true,"href":"https:\/\/www.fortischem.sk\/en\/wp-json\/wp\/v2\/users\/1"}],"replies":[{"embeddable":true,"href":"https:\/\/www.fortischem.sk\/en\/wp-json\/wp\/v2\/comments?post=3446"}],"version-history":[{"count":21,"href":"https:\/\/www.fortischem.sk\/en\/wp-json\/wp\/v2\/pages\/3446\/revisions"}],"predecessor-version":[{"id":5904,"href":"https:\/\/www.fortischem.sk\/en\/wp-json\/wp\/v2\/pages\/3446\/revisions\/5904"}],"up":[{"embeddable":true,"href":"https:\/\/www.fortischem.sk\/en\/wp-json\/wp\/v2\/pages\/3405"}],"wp:attachment":[{"href":"https:\/\/www.fortischem.sk\/en\/wp-json\/wp\/v2\/media?parent=3446"}],"curies":[{"name":"wp","href":"https:\/\/api.w.org\/{rel}","templated":true}]}}