{"id":3409,"date":"2023-05-31T14:02:51","date_gmt":"2023-05-31T12:02:51","guid":{"rendered":"http:\/\/www.fortischem.sk\/applications\/"},"modified":"2023-06-16T13:56:13","modified_gmt":"2023-06-16T11:56:13","slug":"applications","status":"publish","type":"page","link":"https:\/\/www.fortischem.sk\/en\/products\/applications\/","title":{"rendered":"Applications"},"content":{"rendered":"\t\t<div data-elementor-type=\"wp-page\" data-elementor-id=\"3409\" class=\"elementor elementor-3409 elementor-2300\" data-elementor-post-type=\"page\">\n\t\t\t\t\t\t\t<div data-dce-background-image-url=\"https:\/\/www.fortischem.sk\/wp-content\/uploads\/2023\/05\/shutterstock_4611184-scaled.jpg\" class=\"elementor-element elementor-element-17b2531e e-con-full e-flex e-con e-parent\" data-id=\"17b2531e\" data-element_type=\"container\" data-settings=\"{&quot;content_width&quot;:&quot;full&quot;,&quot;background_background&quot;:&quot;classic&quot;,&quot;container_type&quot;:&quot;flex&quot;}\" data-e-bg-lazyload=\"\" data-core-v316-plus=\"true\">\n\t\t\t\t<\/div>\n\t\t<div class=\"elementor-element elementor-element-424fd919 e-flex e-con-boxed e-con e-parent\" data-id=\"424fd919\" data-element_type=\"container\" data-settings=\"{&quot;background_background&quot;:&quot;classic&quot;,&quot;container_type&quot;:&quot;flex&quot;,&quot;content_width&quot;:&quot;boxed&quot;}\" data-core-v316-plus=\"true\">\n\t\t\t\t\t<div class=\"e-con-inner\">\n\t\t<div class=\"elementor-element elementor-element-363763b2 e-flex e-con-boxed e-con e-parent\" data-id=\"363763b2\" data-element_type=\"container\" data-settings=\"{&quot;container_type&quot;:&quot;flex&quot;,&quot;content_width&quot;:&quot;boxed&quot;}\" data-core-v316-plus=\"true\">\n\t\t\t\t\t<div class=\"e-con-inner\">\n\t\t\t\t<div class=\"elementor-element elementor-element-6c4570ba elementor-widget elementor-widget-sp-breadcrumbs\" data-id=\"6c4570ba\" data-element_type=\"widget\" data-widget_type=\"sp-breadcrumbs.default\">\n\t\t\t\t<div class=\"elementor-widget-container\">\n\t\t\t<nav  aria-label=\"breadcrumb\"><ol class=\"breadcrumb\" itemscope itemtype=\"https:\/\/schema.org\/BreadcrumbList\"><li class=\"breadcrumb-item active\" aria-current=\"page\" itemprop=\"itemListElement\" itemscope itemtype=\"https:\/\/schema.org\/ListItem\"><span itemprop=\"name\">\u00davodn\u00e9<\/span><meta itemprop=\"position\" content=\"1\"><\/li><\/ol><\/nav>\t\t<\/div>\n\t\t\t\t<\/div>\n\t\t\t\t<div class=\"elementor-element elementor-element-25ef5e26 elementor-widget elementor-widget-heading\" data-id=\"25ef5e26\" data-element_type=\"widget\" data-widget_type=\"heading.default\">\n\t\t\t\t<div class=\"elementor-widget-container\">\n\t\t\t<style>\/*! elementor - v3.18.0 - 08-12-2023 *\/\n.elementor-heading-title{padding:0;margin:0;line-height:1}.elementor-widget-heading .elementor-heading-title[class*=elementor-size-]>a{color:inherit;font-size:inherit;line-height:inherit}.elementor-widget-heading .elementor-heading-title.elementor-size-small{font-size:15px}.elementor-widget-heading .elementor-heading-title.elementor-size-medium{font-size:19px}.elementor-widget-heading .elementor-heading-title.elementor-size-large{font-size:29px}.elementor-widget-heading .elementor-heading-title.elementor-size-xl{font-size:39px}.elementor-widget-heading .elementor-heading-title.elementor-size-xxl{font-size:59px}<\/style><h1 class=\"elementor-heading-title elementor-size-default\">Applications<\/h1>\t\t<\/div>\n\t\t\t\t<\/div>\n\t\t\t\t<div class=\"elementor-element elementor-element-66e63fdd elementor-widget elementor-widget-text-editor\" data-id=\"66e63fdd\" data-element_type=\"widget\" data-widget_type=\"text-editor.default\">\n\t\t\t\t<div class=\"elementor-widget-container\">\n\t\t\t<style>\/*! elementor - v3.18.0 - 08-12-2023 *\/\n.elementor-widget-text-editor.elementor-drop-cap-view-stacked .elementor-drop-cap{background-color:#69727d;color:#fff}.elementor-widget-text-editor.elementor-drop-cap-view-framed .elementor-drop-cap{color:#69727d;border:3px solid;background-color:transparent}.elementor-widget-text-editor:not(.elementor-drop-cap-view-default) .elementor-drop-cap{margin-top:8px}.elementor-widget-text-editor:not(.elementor-drop-cap-view-default) .elementor-drop-cap-letter{width:1em;height:1em}.elementor-widget-text-editor .elementor-drop-cap{float:left;text-align:center;line-height:1;font-size:50px}.elementor-widget-text-editor .elementor-drop-cap-letter{display:inline-block}<\/style>\t\t\t\t\t\t\t\t\t\t<\/div>\n\t\t\t\t<\/div>\n\t\t\t\t<div class=\"elementor-element elementor-element-4a05bb19 elementor-widget elementor-widget-dce-rawphp\" data-id=\"4a05bb19\" data-element_type=\"widget\" data-widget_type=\"dce-rawphp.default\">\n\t\t\t\t<div class=\"elementor-widget-container\">\n\t\t\t<!-- Dynamic PHP Raw --><ul class=\"forti-subcat-list\"><li class=\"forti-subcat-list__child\"><a href=\"https:\/\/www.fortischem.sk\/en\/aplikace\/desinfections-ph-adjustments\/\">Desinfections &amp; PH adjustments<\/a><\/li><li class=\"forti-subcat-list__child\"><a href=\"https:\/\/www.fortischem.sk\/en\/aplikace\/pharmacy-food\/\">Pharmacy &amp; Food<\/a><\/li><li class=\"forti-subcat-list__child\"><a href=\"https:\/\/www.fortischem.sk\/en\/aplikace\/metallurgy\/\">Metallurgy<\/a><\/li><li class=\"forti-subcat-list__child\"><a href=\"https:\/\/www.fortischem.sk\/en\/aplikace\/industrial-applications\/\">Industrial Applications<\/a><\/li><li class=\"forti-subcat-list__child\"><a href=\"https:\/\/www.fortischem.sk\/en\/aplikace\/construction-industry\/\">Construction Industry<\/a><\/li><li class=\"forti-subcat-list__child\"><a href=\"https:\/\/www.fortischem.sk\/en\/aplikace\/leather-wallpapers-and-floor-coveringsindustrial-applications\/\">Leather, wallpapers and floor coverings|Industrial applications<\/a><\/li><li class=\"forti-subcat-list__child\"><a href=\"https:\/\/www.fortischem.sk\/en\/aplikace\/leather-wallpapers-and-floor-coveringsindustrial-applications-en\/\">Leather, wallpapers and floor coverings|Industrial applications<\/a><\/li><li class=\"forti-subcat-list__child\"><a href=\"https:\/\/www.fortischem.sk\/en\/aplikace\/pvc-applications-en\/\">PVC applications<\/a><\/li><li class=\"forti-subcat-list__child\"><a href=\"https:\/\/www.fortischem.sk\/en\/aplikace\/pvc-applications-en-2\/\">PVC applications<\/a><\/li><li class=\"forti-subcat-list__child\"><a href=\"https:\/\/www.fortischem.sk\/en\/aplikace\/pvc-applications-en-3\/\">PVC applications<\/a><\/li><li class=\"forti-subcat-list__child\"><a href=\"https:\/\/www.fortischem.sk\/en\/aplikace\/pvc-applications-en-4\/\">PVC applications<\/a><\/li><li class=\"forti-subcat-list__child\"><a href=\"https:\/\/www.fortischem.sk\/en\/aplikace\/pvc-components-and-filmsindustrial-applications\/\">PVC COMPONENTS AND FILMS|Industrial applications<\/a><\/li><li class=\"forti-subcat-list__child\"><a href=\"https:\/\/www.fortischem.sk\/en\/aplikace\/automotive\/\">Automotive<\/a><\/li><li class=\"forti-subcat-list__child\"><a href=\"https:\/\/www.fortischem.sk\/en\/aplikace\/chemistry\/\">Chemistry<\/a><\/li><\/ul>\t\t<\/div>\n\t\t\t\t<\/div>\n\t\t\t\t\t<\/div>\n\t\t\t\t<\/div>\n\t\t\t\t\t<\/div>\n\t\t\t\t<\/div>\n\t\t<div data-dce-background-image-url=\"https:\/\/www.fortischem.sk\/wp-content\/uploads\/2023\/03\/show-image-13.jpg\" class=\"elementor-element elementor-element-41ffc5dc e-flex e-con-boxed e-con e-parent\" data-id=\"41ffc5dc\" data-element_type=\"container\" data-settings=\"{&quot;background_background&quot;:&quot;classic&quot;,&quot;container_type&quot;:&quot;flex&quot;,&quot;content_width&quot;:&quot;boxed&quot;}\" data-e-bg-lazyload=\"\" data-core-v316-plus=\"true\">\n\t\t\t\t\t<div class=\"e-con-inner\">\n\t\t<div class=\"elementor-element elementor-element-3e8240e9 e-flex e-con-boxed e-con e-parent\" data-id=\"3e8240e9\" data-element_type=\"container\" data-settings=\"{&quot;container_type&quot;:&quot;flex&quot;,&quot;content_width&quot;:&quot;boxed&quot;}\" data-core-v316-plus=\"true\">\n\t\t\t\t\t<div class=\"e-con-inner\">\n\t\t\t\t<div class=\"elementor-element elementor-element-38d4dca9 elementor-widget elementor-widget-text-editor\" data-id=\"38d4dca9\" data-element_type=\"widget\" data-widget_type=\"text-editor.default\">\n\t\t\t\t<div class=\"elementor-widget-container\">\n\t\t\t\t\t\t\t\t\t\t\t\t\t<\/div>\n\t\t\t\t<\/div>\n\t\t\t\t<div class=\"elementor-element elementor-element-7b2cfb90 elementor-widget elementor-widget-text-editor\" data-id=\"7b2cfb90\" data-element_type=\"widget\" data-widget_type=\"text-editor.default\">\n\t\t\t\t<div class=\"elementor-widget-container\">\n\t\t\t\t\t\t\t<p>If you require detailed product information, please do not hesitate to contact us <a href=\"https:\/\/www.fortischem.sk\/kontakt\/\"><br \/>\n  <strong><br \/>\n    <span style=\"text-decoration: underline;\">contact<\/span><br \/>\n  <\/strong><br \/>\n<\/a>.<\/p>\n\t\t\t\t\t\t<\/div>\n\t\t\t\t<\/div>\n\t\t\t\t\t<\/div>\n\t\t\t\t<\/div>\n\t\t\t\t\t<\/div>\n\t\t\t\t<\/div>\n\t\t\t\t\t\t\t<\/div>\n\t\t","protected":false},"excerpt":{"rendered":"<p>\u00davodn\u00ed Farm\u00e1cia a potraviny DEZINFEKCIA A \u00daPRAVA PH Metalurgia Stavebn\u00edctvo Ch\u00e9mia Automotive Priemyseln\u00e9 aplik\u00e1cie If you require detailed product information, please do not hesitate to contact us contact .<\/p>\n","protected":false},"author":1,"featured_media":0,"parent":3456,"menu_order":0,"comment_status":"closed","ping_status":"closed","template":"","meta":{"_seopress_robots_primary_cat":"","footnotes":""},"class_list":["post-3409","page","type-page","status-publish","hentry"],"acf":[],"_links":{"self":[{"href":"https:\/\/www.fortischem.sk\/en\/wp-json\/wp\/v2\/pages\/3409","targetHints":{"allow":["GET"]}}],"collection":[{"href":"https:\/\/www.fortischem.sk\/en\/wp-json\/wp\/v2\/pages"}],"about":[{"href":"https:\/\/www.fortischem.sk\/en\/wp-json\/wp\/v2\/types\/page"}],"author":[{"embeddable":true,"href":"https:\/\/www.fortischem.sk\/en\/wp-json\/wp\/v2\/users\/1"}],"replies":[{"embeddable":true,"href":"https:\/\/www.fortischem.sk\/en\/wp-json\/wp\/v2\/comments?post=3409"}],"version-history":[{"count":0,"href":"https:\/\/www.fortischem.sk\/en\/wp-json\/wp\/v2\/pages\/3409\/revisions"}],"up":[{"embeddable":true,"href":"https:\/\/www.fortischem.sk\/en\/wp-json\/wp\/v2\/pages\/3456"}],"wp:attachment":[{"href":"https:\/\/www.fortischem.sk\/en\/wp-json\/wp\/v2\/media?parent=3409"}],"curies":[{"name":"wp","href":"https:\/\/api.w.org\/{rel}","templated":true}]}}